{"id":8239,"date":"2021-05-03T09:13:07","date_gmt":"2021-05-03T07:13:07","guid":{"rendered":"https:\/\/www.svkst.unist.hr\/?page_id=8239"},"modified":"2023-10-27T14:25:29","modified_gmt":"2023-10-27T12:25:29","slug":"radionice","status":"publish","type":"page","link":"https:\/\/www.svkst.unist.hr\/index.php\/radionice\/","title":{"rendered":"Radionice"},"content":{"rendered":"\n<p><strong>Kako napisati zavr\u0161ni \/diplomski rad<\/strong><br><br>Radionica o pretra\u017eivanju i kori\u0161tenju informacija, s prakti\u010dnim savjetima za istra\u017eivanje i pisanje razli\u010ditih vrsta studentskih radova. Odr\u017eava se \u010detvrtkom od 12.00-13.30 h. <br>Prijavite se:<\/p>\n\n\n\n<p>[webba_booking service=&#8221;13&#8243;]&nbsp;<\/p>\n\n\n\n<p>Ukoliko imate problema s u\u010ditavanjem obrasca, podatke navedene u obrascu mo\u017eete poslati na mail&nbsp;<a href=\"mailto:edukacija@svkst.hr\">edukacija@svkst.hr<\/a>.<\/p>\n","protected":false},"excerpt":{"rendered":"<p>Kako napisati zavr\u0161ni \/diplomski rad Radionica o pretra\u017eivanju i kori\u0161tenju informacija, s prakti\u010dnim savjetima za istra\u017eivanje i pisanje razli\u010ditih vrsta studentskih radova. Odr\u017eava se \u010detvrtkom od 12.00-13.30 h. Prijavite se: [webba_booking service=&#8221;13&#8243;]&nbsp; Ukoliko imate problema s u\u010ditavanjem obrasca, podatke navedene u obrascu mo\u017eete poslati na mail&nbsp;edukacija@svkst.hr.<\/p>\n","protected":false},"author":5,"featured_media":0,"parent":0,"menu_order":0,"comment_status":"closed","ping_status":"closed","template":"","meta":{"spay_email":""},"acf":[],"yoast_head":"<!-- This site is optimized with the Yoast SEO plugin v17.8 - https:\/\/yoast.com\/wordpress\/plugins\/seo\/ -->\n<title>Radionice - Sveu\u010dili\u0161na knji\u017enica u Splitu<\/title>\n<meta name=\"description\" content=\"Kako napisati zavr\u0161ni \/diplomski radRadionica o pretra\u017eivanju i kori\u0161tenju informacija, s prakti\u010dnim savjetima za istra\u017eivanje i pisanje razli\u010ditih vrsta\" \/>\n<meta name=\"robots\" content=\"index, follow, max-snippet:-1, max-image-preview:large, max-video-preview:-1\" \/>\n<link rel=\"canonical\" href=\"https:\/\/www.svkst.unist.hr\/index.php\/radionice\/\" \/>\n<meta property=\"og:locale\" content=\"en_GB\" \/>\n<meta property=\"og:type\" content=\"article\" \/>\n<meta property=\"og:title\" content=\"Radionice - Sveu\u010dili\u0161na knji\u017enica u Splitu\" \/>\n<meta property=\"og:description\" content=\"Kako napisati zavr\u0161ni \/diplomski radRadionica o pretra\u017eivanju i kori\u0161tenju informacija, s prakti\u010dnim savjetima za istra\u017eivanje i pisanje razli\u010ditih vrsta\" \/>\n<meta property=\"og:url\" content=\"https:\/\/www.svkst.unist.hr\/index.php\/radionice\/\" \/>\n<meta property=\"og:site_name\" content=\"Sveu\u010dili\u0161na knji\u017enica u Splitu\" \/>\n<meta property=\"article:publisher\" content=\"https:\/\/www.facebook.com\/svkst.unist.hr\/\" \/>\n<meta property=\"article:modified_time\" content=\"2023-10-27T12:25:29+00:00\" \/>\n<meta name=\"twitter:card\" content=\"summary_large_image\" \/>\n<meta name=\"twitter:label1\" content=\"Estimated reading time\" \/>\n\t<meta name=\"twitter:data1\" content=\"1 minute\" \/>\n<script type=\"application\/ld+json\" class=\"yoast-schema-graph\">{\"@context\":\"https:\/\/schema.org\",\"@graph\":[{\"@type\":\"Organization\",\"@id\":\"https:\/\/www.svkst.unist.hr\/#organization\",\"name\":\"Sveu\\u010dili\\u0161na knji\\u017enica u Splitu\",\"url\":\"https:\/\/www.svkst.unist.hr\/\",\"sameAs\":[\"https:\/\/www.facebook.com\/svkst.unist.hr\/\"],\"logo\":{\"@type\":\"ImageObject\",\"@id\":\"https:\/\/www.svkst.unist.hr\/#logo\",\"inLanguage\":\"en-GB\",\"url\":\"https:\/\/i2.wp.com\/www.svkst.unist.hr\/wp-content\/uploads\/2018\/02\/sveucilisna_iskaznica_logo_tisak-1.png?fit=600%2C219&ssl=1\",\"contentUrl\":\"https:\/\/i2.wp.com\/www.svkst.unist.hr\/wp-content\/uploads\/2018\/02\/sveucilisna_iskaznica_logo_tisak-1.png?fit=600%2C219&ssl=1\",\"width\":600,\"height\":219,\"caption\":\"Sveu\\u010dili\\u0161na knji\\u017enica u Splitu\"},\"image\":{\"@id\":\"https:\/\/www.svkst.unist.hr\/#logo\"}},{\"@type\":\"WebSite\",\"@id\":\"https:\/\/www.svkst.unist.hr\/#website\",\"url\":\"https:\/\/www.svkst.unist.hr\/\",\"name\":\"Sveu\\u010dili\\u0161na knji\\u017enica u Splitu\",\"description\":\"\",\"publisher\":{\"@id\":\"https:\/\/www.svkst.unist.hr\/#organization\"},\"potentialAction\":[{\"@type\":\"SearchAction\",\"target\":{\"@type\":\"EntryPoint\",\"urlTemplate\":\"https:\/\/www.svkst.unist.hr\/?s={search_term_string}\"},\"query-input\":\"required name=search_term_string\"}],\"inLanguage\":\"en-GB\"},{\"@type\":\"WebPage\",\"@id\":\"https:\/\/www.svkst.unist.hr\/index.php\/radionice\/#webpage\",\"url\":\"https:\/\/www.svkst.unist.hr\/index.php\/radionice\/\",\"name\":\"Radionice - Sveu\\u010dili\\u0161na knji\\u017enica u Splitu\",\"isPartOf\":{\"@id\":\"https:\/\/www.svkst.unist.hr\/#website\"},\"datePublished\":\"2021-05-03T07:13:07+00:00\",\"dateModified\":\"2023-10-27T12:25:29+00:00\",\"description\":\"Kako napisati zavr\\u0161ni \/diplomski radRadionica o pretra\\u017eivanju i kori\\u0161tenju informacija, s prakti\\u010dnim savjetima za istra\\u017eivanje i pisanje razli\\u010ditih vrsta\",\"breadcrumb\":{\"@id\":\"https:\/\/www.svkst.unist.hr\/index.php\/radionice\/#breadcrumb\"},\"inLanguage\":\"en-GB\",\"potentialAction\":[{\"@type\":\"ReadAction\",\"target\":[\"https:\/\/www.svkst.unist.hr\/index.php\/radionice\/\"]}]},{\"@type\":\"BreadcrumbList\",\"@id\":\"https:\/\/www.svkst.unist.hr\/index.php\/radionice\/#breadcrumb\",\"itemListElement\":[{\"@type\":\"ListItem\",\"position\":1,\"name\":\"Home\",\"item\":\"https:\/\/www.svkst.unist.hr\/\"},{\"@type\":\"ListItem\",\"position\":2,\"name\":\"Radionice\"}]}]}<\/script>\n<!-- \/ Yoast SEO plugin. -->","yoast_head_json":{"title":"Radionice - Sveu\u010dili\u0161na knji\u017enica u Splitu","description":"Kako napisati zavr\u0161ni \/diplomski radRadionica o pretra\u017eivanju i kori\u0161tenju informacija, s prakti\u010dnim savjetima za istra\u017eivanje i pisanje razli\u010ditih vrsta","robots":{"index":"index","follow":"follow","max-snippet":"max-snippet:-1","max-image-preview":"max-image-preview:large","max-video-preview":"max-video-preview:-1"},"canonical":"https:\/\/www.svkst.unist.hr\/index.php\/radionice\/","og_locale":"en_GB","og_type":"article","og_title":"Radionice - Sveu\u010dili\u0161na knji\u017enica u Splitu","og_description":"Kako napisati zavr\u0161ni \/diplomski radRadionica o pretra\u017eivanju i kori\u0161tenju informacija, s prakti\u010dnim savjetima za istra\u017eivanje i pisanje razli\u010ditih vrsta","og_url":"https:\/\/www.svkst.unist.hr\/index.php\/radionice\/","og_site_name":"Sveu\u010dili\u0161na knji\u017enica u Splitu","article_publisher":"https:\/\/www.facebook.com\/svkst.unist.hr\/","article_modified_time":"2023-10-27T12:25:29+00:00","twitter_card":"summary_large_image","twitter_misc":{"Estimated reading time":"1 minute"},"schema":{"@context":"https:\/\/schema.org","@graph":[{"@type":"Organization","@id":"https:\/\/www.svkst.unist.hr\/#organization","name":"Sveu\u010dili\u0161na knji\u017enica u Splitu","url":"https:\/\/www.svkst.unist.hr\/","sameAs":["https:\/\/www.facebook.com\/svkst.unist.hr\/"],"logo":{"@type":"ImageObject","@id":"https:\/\/www.svkst.unist.hr\/#logo","inLanguage":"en-GB","url":"https:\/\/i2.wp.com\/www.svkst.unist.hr\/wp-content\/uploads\/2018\/02\/sveucilisna_iskaznica_logo_tisak-1.png?fit=600%2C219&ssl=1","contentUrl":"https:\/\/i2.wp.com\/www.svkst.unist.hr\/wp-content\/uploads\/2018\/02\/sveucilisna_iskaznica_logo_tisak-1.png?fit=600%2C219&ssl=1","width":600,"height":219,"caption":"Sveu\u010dili\u0161na knji\u017enica u Splitu"},"image":{"@id":"https:\/\/www.svkst.unist.hr\/#logo"}},{"@type":"WebSite","@id":"https:\/\/www.svkst.unist.hr\/#website","url":"https:\/\/www.svkst.unist.hr\/","name":"Sveu\u010dili\u0161na knji\u017enica u Splitu","description":"","publisher":{"@id":"https:\/\/www.svkst.unist.hr\/#organization"},"potentialAction":[{"@type":"SearchAction","target":{"@type":"EntryPoint","urlTemplate":"https:\/\/www.svkst.unist.hr\/?s={search_term_string}"},"query-input":"required name=search_term_string"}],"inLanguage":"en-GB"},{"@type":"WebPage","@id":"https:\/\/www.svkst.unist.hr\/index.php\/radionice\/#webpage","url":"https:\/\/www.svkst.unist.hr\/index.php\/radionice\/","name":"Radionice - Sveu\u010dili\u0161na knji\u017enica u Splitu","isPartOf":{"@id":"https:\/\/www.svkst.unist.hr\/#website"},"datePublished":"2021-05-03T07:13:07+00:00","dateModified":"2023-10-27T12:25:29+00:00","description":"Kako napisati zavr\u0161ni \/diplomski radRadionica o pretra\u017eivanju i kori\u0161tenju informacija, s prakti\u010dnim savjetima za istra\u017eivanje i pisanje razli\u010ditih vrsta","breadcrumb":{"@id":"https:\/\/www.svkst.unist.hr\/index.php\/radionice\/#breadcrumb"},"inLanguage":"en-GB","potentialAction":[{"@type":"ReadAction","target":["https:\/\/www.svkst.unist.hr\/index.php\/radionice\/"]}]},{"@type":"BreadcrumbList","@id":"https:\/\/www.svkst.unist.hr\/index.php\/radionice\/#breadcrumb","itemListElement":[{"@type":"ListItem","position":1,"name":"Home","item":"https:\/\/www.svkst.unist.hr\/"},{"@type":"ListItem","position":2,"name":"Radionice"}]}]}},"jetpack_shortlink":"https:\/\/wp.me\/Pan9Re-28T","_links":{"self":[{"href":"https:\/\/www.svkst.unist.hr\/index.php\/wp-json\/wp\/v2\/pages\/8239"}],"collection":[{"href":"https:\/\/www.svkst.unist.hr\/index.php\/wp-json\/wp\/v2\/pages"}],"about":[{"href":"https:\/\/www.svkst.unist.hr\/index.php\/wp-json\/wp\/v2\/types\/page"}],"author":[{"embeddable":true,"href":"https:\/\/www.svkst.unist.hr\/index.php\/wp-json\/wp\/v2\/users\/5"}],"replies":[{"embeddable":true,"href":"https:\/\/www.svkst.unist.hr\/index.php\/wp-json\/wp\/v2\/comments?post=8239"}],"version-history":[{"count":13,"href":"https:\/\/www.svkst.unist.hr\/index.php\/wp-json\/wp\/v2\/pages\/8239\/revisions"}],"predecessor-version":[{"id":14950,"href":"https:\/\/www.svkst.unist.hr\/index.php\/wp-json\/wp\/v2\/pages\/8239\/revisions\/14950"}],"wp:attachment":[{"href":"https:\/\/www.svkst.unist.hr\/index.php\/wp-json\/wp\/v2\/media?parent=8239"}],"curies":[{"name":"wp","href":"https:\/\/api.w.org\/{rel}","templated":true}]}}