{"id":698,"date":"2018-02-13T10:29:01","date_gmt":"2018-02-13T09:29:01","guid":{"rendered":"http:\/\/www.svkst.unist.hr\/?page_id=698"},"modified":"2025-01-30T14:48:51","modified_gmt":"2025-01-30T13:48:51","slug":"znanstveno-nastavno-osoblje","status":"publish","type":"page","link":"https:\/\/www.svkst.unist.hr\/index.php\/znanstveno-nastavno-osoblje\/","title":{"rendered":"ZNANSTVENO-NASTAVNO OSOBLJE"},"content":{"rendered":"\n<h3><a class=\"show_hide\" href=\"#a\">Upisi<\/a><\/h3>\n\n\n\n<div class=\"slidingDiv\">\n<p style=\"text-align: justify;\">Znanstveno-nastavno osoblje Sveu\u010dili\u0161ta u Splitu ima mogu\u0107nost kolektivnog i individualnog \u010dlanstvo u knji\u017enici.<br>Do gra\u0111e iz Sveu\u010dili\u0161ne knji\u017enice u Splitu mogu do\u0107i i <a href=\"https:\/\/www.svkst.unist.hr\/index.php\/usluge\/posudba-i-grada\/meduknjiznicna-posudba\/\">me\u0111uknji\u017eni\u010dnom posudbom<\/a>, posredovanjem knji\u017enice fakulteta na kojemu su zaposleni.<\/p>\n<\/a><\/div>\n\n\n\n<p><\/p>\n\n\n\n<h3><a href=\"https:\/\/www.svkst.unist.hr\/wp-content\/uploads\/2021\/09\/45-Godina-Sveucilista-u-Splitu.pdf\"><\/a><a class=\"show_hide\" href=\"#a\">Posudba<\/a><\/h3>\n\n\n\n<div class=\"slidingDiv\">\n<p style=\"text-align: justify;\">Znanstveno-nastavno osoblje s reguliranim godi\u0161njim \u010dlanstvom ostvaruje pravo na istodobnu vanjsku posudbu 2 naslova, odnosno 4 sveska, na razdoblje od 30 dana. Prije isteka, posudbeni se rok iznimno mo\u017ee produ\u017eiti ako gra\u0111u ne tra\u017ee drugi korisnici. Za odre\u0111enu gra\u0111u, kao i onu na listi \u010dekanja, mo\u017ee se odrediti kra\u0107i posudbeni rok. Ako se knjige ne vrate u dogovorenome roku, napla\u0107uje se zakasnina (<a href=\"https:\/\/www.svkst.unist.hr\/wp-content\/uploads\/2023\/01\/Cjenik-SVKST-euri.pdf\">Cjenik<\/a>).<br>&nbsp;<br>Sveu\u010dili\u0161na knji\u017enica nudi i mogu\u0107nost <a href=\"https:\/\/www.svkst.unist.hr\/index.php\/zahtjev-za-meduknjiznicnu-posudbu\/\">me\u0111uknji\u017eni\u010dne posudbe gra\u0111e<\/a> koju sama ne posjeduje. <br><br><a href=\"http:\/\/193.198.9.201\/cgi-bin\/wero.cgi?q=\">CROLIST Skupni katalog<\/a><\/p>\n<p>&nbsp;<\/p>\n<\/div>\n\n\n\n<h3><a class=\"show_hide\" href=\"#a\">Podr\u0161ka u radu, istra\u017eivanju i nastavi<\/a><\/h3>\n\n\n\n<div class=\"slidingDiv\">\n<p><strong>Podr\u0161ka u radu<\/strong><\/p>\n<p style=\"text-align: justify;\">Sveu\u010dili\u0161na knji\u017enica znanstveno-nastavnom osoblju Sveu\u010dili\u0161ta u Splitu nudi usluge bibliometrijskih istra\u017eivanja za potrebe napredovanja u zvanjima, prijava na projekte, stipendije i sl.\n<a href=\"https:\/\/www.svkst.unist.hr\/index.php\/bibliometrijska-potvrda-obrazac\/\">zahtjev<\/a> znanstvenika Knji\u017enica izdaje potvrdu o zastupljenosti i citiranosti njegovih radova. Za sve informacije mo\u017eete se javiti e-po\u0161tom na: <strong>bibliometrija@svkst.hr<\/strong><\/p>\n<br>\n<p><strong>Podr\u0161ka u istra\u017eivanju<\/strong><\/p>\n<p style=\"text-align: justify;\">Mo\u017eemo Vam pomo\u0107i u tematskom pretra\u017eivanju, tra\u017eenju ostalih informacijskih izvora, oblikovanju rada, njegovu objavljivanju i svim ostalim potrebnim koracima. Za sve informacije javite se informatorima na ulaznoj eta\u017ei ili e-po\u0161tom na: <strong>info@svkst.hr<\/strong><\/p>\n<br>\n<p><strong>Podr\u0161ka u nastavi<\/strong><\/p>\n<p style=\"text-align: justify;\">Edukacija korisnika jedna je od glavnih knji\u017eni\u010dnih zada\u0107a, a obavlja se individualno ili za skupine korisnika. Provode se orijentacijske radionice za snala\u017eenje u knji\u017enici, pretra\u017eivanje knji\u017eni\u010dnog kataloga i drugih informacijskih izvora (baza podataka). Edukativne radionice mogu se provesti na op\u0107oj ili stru\u010dno prilago\u0111enoj razini i unutar kolegija.<br>Za detaljne informacije obratite se e-po\u0161tom na: <strong>edukacija@svkst.hr<\/strong>\n<br>\n<br>\nKNJI\u017dNI\u010cNA EDUKACIJA ak. god. 2024\/2025 \u2013 radionice \n<br>\n<br>\n1. <strong>Jedinstveni identifikatori autora i vidljivost<\/strong>\n<br>Zna\u010dajke jedinstvenih identifikatora autora i istra\u017eiva\u010dkih profila, njihova va\u017enost u znanstvenoj komunikaciji i vidljivosti.\n<br>\nTrajanje: 45 minuta\n<br>\nDatumi odr\u017eavanja: po dogovoru\n<br>\nMjesto odr\u017eavanja: Info-edu u\u010dionica\n<br>\nPrijave: edukacija@svkst.hr\n<br>\n<br>\n2. <strong>Odabir \u010dasopisa za objavljivanje znanstvenog rada<\/strong>\n<br>\nKriteriji za procjenu kvalitete \u010dasopisa, smjernice i preporuke za odabir, razlikovanje predatorskih \u010dasopisa.\n<br>\nTrajanje: 60 minuta\n<br>\nDatumi odr\u017eavanja: po dogovoru\n<br>\nMjesto odr\u017eavanja: Info-edu u\u010dionica\n<br>\nPrijave: edukacija@svkst.hr\n<br>\n<br>\n3. <strong>Elektroni\u010dki izvori znanstvenih i stru\u010dnih informacija<\/strong>\n<br>\nPregled elektroni\u010dkih izvora, razlike u dostupnosti, odabir baze podataka i napredno pretra\u017eivanje.\n<br>\nTrajanje: 60 minuta\n<br>\nDatumi odr\u017eavanja: po dogovoru\n<br>\nMjesto odr\u017eavanja: Info-edu u\u010dionica\n<br>\nPrijave: edukacija@svkst.hr\n<br>\n<br>\n4. Knji\u017enica nudi <strong>novu uslugu znanstveno-nastavnom osoblju<\/strong> Sveu\u010dili\u0161ta u Splitu. <br>\n<br>Pru\u017eamo individualne savjete putem platforme Zoom u trajanju do 60 minuta. <br>\n<strong>Online konzultacije<\/strong> osmi\u0161ljene su kako bismo odgovorili na specifi\u010dne informacijske potrebe nastavnika i znanstvenika Sveu\u010dili\u0161ta u Splitu. <br>\n\u017delite li biti vidljiviji znanstvenoj zajednici, pretra\u017eiti citatne baze podataka, unijeti rad u repozitorij i sl., zaka\u017eite konzultacije u oblaku. Na <a href=\"https:\/\/calendly.com\/maticnasvkst\/zoom-znanstvenici?month=2025-02\">poveznici<\/a> odaberite jedan od ponu\u0111enih datuma, rezervirajte ga i ukratko opi\u0161ite temu konzultacija.\n<br>\nZa dodatne informacije ili upite, kontaktirajte nas na bibliometrija@svkst.hr\n<br>\n<\/p>\n<\/div>\n\n\n\n<h3><a class=\"show_hide\" href=\"#a\">Novosti o otvorenim i probnim pristupima bazama podataka<\/a><\/h3>\n\n\n\n<div class=\"slidingDiv\">\n<p style=\"text-align: justify;\"><a href=\"https:\/\/www.svkst.unist.hr\/index.php\/category\/novosti\/\">Pogledaj sve novosti<\/a>\n<br>Najnovije vijesti:<br><li id=\"category-posts-2\" class=\"widget cat-post-widget \"><ul id=\"category-posts-2-internal\" class=\"category-posts-internal\">\n<li class='cat-post-item'><div><a class=\"cat-post-title\" href=\"https:\/\/www.svkst.unist.hr\/index.php\/novosti\/otvoren-probni-pristup-manchester-university-press-e-books\/\" rel=\"bookmark\">Otvoren probni pristup: Manchester University Press e-books<\/a><\/div><\/li><li class='cat-post-item'><div><a class=\"cat-post-title\" href=\"https:\/\/www.svkst.unist.hr\/index.php\/novosti\/scite-ai-probni-pristup-dostupan-do-1-ozujka-2026\/\" rel=\"bookmark\">Scite.ai \u2013 probni pristup dostupan do 1. o\u017eujka 2026.<\/a><\/div><\/li><li class='cat-post-item'><div><a class=\"cat-post-title\" href=\"https:\/\/www.svkst.unist.hr\/index.php\/novosti\/online-radionica-za-hrvatske-autore-wiley-read-publish-2\/\" rel=\"bookmark\">Online radionica za hrvatske autore: Wiley Read &#038; Publish<\/a><\/div><\/li><li class='cat-post-item'><div><a class=\"cat-post-title\" href=\"https:\/\/www.svkst.unist.hr\/index.php\/novosti\/dostupni-apc-vauceri-za-objavu-radova-u-otvorenom-pristupu\/\" rel=\"bookmark\">Dostupni APC vau\u010deri za objavu radova u otvorenom pristupu<\/a><\/div><\/li><\/ul>\n<\/li>\n<\/p>\n<\/div>\n\n\n\n<h3><a class=\"show_hide\" href=\"#a\">Znanstvena produktivnost<\/a><\/h3>\n\n\n\n<div class=\"slidingDiv\">\n<p style=\"text-align: justify;\"><a href=\"https:\/\/www.svkst.unist.hr\/wp-content\/uploads\/2018\/11\/analiza0811.pdf\">Analiza znanstvene produktivnosti sastavnica i znanstvenika Sveu\u010dili\u0161ta u Splitu<\/a>\n<a href=\"https:\/\/www.svkst.unist.hr\/wp-content\/uploads\/2021\/09\/45-Godina-Sveucilista-u-Splitu.pdf\">Znanstvena produktivnost i utjecaj<\/a><\/p>\n<\/div>\n\n\n\n<h3><a class=\"show_hide\" href=\"#a\">Otvorena znanost<\/a><\/h3>\n\n\n\n<div class=\"slidingDiv\">\n<p style=\"text-align: justify;\"> U kontekstu otvorene znanosti, Sveu\u010dili\u0161na knji\u017enica u Splitu pru\u017ea podr\u0161ku za objavu rada u otvorenom pristupu, istra\u017eiva\u010dki podatke i repozitorije. <a href=\"https:\/\/www.svkst.unist.hr\/index.php\/otvorena-znanost\/#a\">Vi\u0161e <\/a> \n<\/p><p>&nbsp;<\/p>\n<\/div>\n\n\n\n<h3><a class=\"show_hide\" href=\"#a\">Upute<\/a><\/h3>\n\n\n\n<div class=\"slidingDiv\">\n<p style=\"text-align: justify;\"><a href=\"https:\/\/www.svkst.unist.hr\/wp-content\/uploads\/2018\/09\/ResearcherID_2017.pdf\">ResearcherID<\/a><br><a href=\"https:\/\/www.svkst.unist.hr\/wp-content\/uploads\/2018\/09\/Google_Znalac_profil_UNIST_1.pdf\">Google Znalac profil<\/a><\/p>\n<p> <\/p>\n<\/div>\n\n\n\n<h3><a class=\"show_hide\" href=\"#a\">\u010casopisi sastavnica Sveu\u010dili\u0161ta u Splitu &#8211; Journals published by the University of Split<\/a><\/h3>\n\n\n\n<div class=\"slidingDiv\">\n<p style=\"text-align: justify;\"><a href=\"https:\/\/www.svkst.unist.hr\/index.php\/casopisi-sveucilista-u-splitu\/\">\u010casopisi sastavnica Sveu\u010dili\u0161ta u Splitu &#8211; Journals published by the University of Split<\/a><\/p>\n<br>\n<\/div>\n","protected":false},"excerpt":{"rendered":"<p>Upisi Znanstveno-nastavno osoblje Sveu\u010dili\u0161ta u Splitu ima mogu\u0107nost kolektivnog i individualnog \u010dlanstvo u knji\u017enici.Do gra\u0111e iz Sveu\u010dili\u0161ne knji\u017enice u Splitu mogu do\u0107i i me\u0111uknji\u017eni\u010dnom posudbom, posredovanjem knji\u017enice fakulteta na kojemu su zaposleni. Posudba Znanstveno-nastavno osoblje s reguliranim godi\u0161njim \u010dlanstvom ostvaruje pravo na istodobnu vanjsku posudbu 2 naslova, odnosno 4 sveska, na razdoblje od 30 dana. [&hellip;]<\/p>\n","protected":false},"author":5,"featured_media":0,"parent":0,"menu_order":0,"comment_status":"closed","ping_status":"closed","template":"","meta":{"spay_email":""},"acf":[],"yoast_head":"<!-- This site is optimized with the Yoast SEO plugin v17.8 - https:\/\/yoast.com\/wordpress\/plugins\/seo\/ -->\n<title>ZNANSTVENO-NASTAVNO OSOBLJE - Sveu\u010dili\u0161na knji\u017enica u Splitu<\/title>\n<meta name=\"description\" content=\"Upisi Znanstveno-nastavno osoblje Sveu\u010dili\u0161ta u Splitu ima mogu\u0107nost kolektivnog i individualnog \u010dlanstvo u knji\u017enici.Do gra\u0111e iz Sveu\u010dili\u0161ne knji\u017enice u\" \/>\n<meta name=\"robots\" content=\"index, follow, max-snippet:-1, max-image-preview:large, max-video-preview:-1\" \/>\n<link rel=\"canonical\" href=\"https:\/\/www.svkst.unist.hr\/index.php\/znanstveno-nastavno-osoblje\/\" \/>\n<meta property=\"og:locale\" content=\"en_GB\" \/>\n<meta property=\"og:type\" content=\"article\" \/>\n<meta property=\"og:title\" content=\"ZNANSTVENO-NASTAVNO OSOBLJE - Sveu\u010dili\u0161na knji\u017enica u Splitu\" \/>\n<meta property=\"og:description\" content=\"Upisi Znanstveno-nastavno osoblje Sveu\u010dili\u0161ta u Splitu ima mogu\u0107nost kolektivnog i individualnog \u010dlanstvo u knji\u017enici.Do gra\u0111e iz Sveu\u010dili\u0161ne knji\u017enice u\" \/>\n<meta property=\"og:url\" content=\"https:\/\/www.svkst.unist.hr\/index.php\/znanstveno-nastavno-osoblje\/\" \/>\n<meta property=\"og:site_name\" content=\"Sveu\u010dili\u0161na knji\u017enica u Splitu\" \/>\n<meta property=\"article:publisher\" content=\"https:\/\/www.facebook.com\/svkst.unist.hr\/\" \/>\n<meta property=\"article:modified_time\" content=\"2025-01-30T13:48:51+00:00\" \/>\n<meta name=\"twitter:card\" content=\"summary_large_image\" \/>\n<meta name=\"twitter:label1\" content=\"Estimated reading time\" \/>\n\t<meta name=\"twitter:data1\" content=\"3 minutes\" \/>\n<script type=\"application\/ld+json\" class=\"yoast-schema-graph\">{\"@context\":\"https:\/\/schema.org\",\"@graph\":[{\"@type\":\"Organization\",\"@id\":\"https:\/\/www.svkst.unist.hr\/#organization\",\"name\":\"Sveu\\u010dili\\u0161na knji\\u017enica u Splitu\",\"url\":\"https:\/\/www.svkst.unist.hr\/\",\"sameAs\":[\"https:\/\/www.facebook.com\/svkst.unist.hr\/\"],\"logo\":{\"@type\":\"ImageObject\",\"@id\":\"https:\/\/www.svkst.unist.hr\/#logo\",\"inLanguage\":\"en-GB\",\"url\":\"https:\/\/i2.wp.com\/www.svkst.unist.hr\/wp-content\/uploads\/2018\/02\/sveucilisna_iskaznica_logo_tisak-1.png?fit=600%2C219&ssl=1\",\"contentUrl\":\"https:\/\/i2.wp.com\/www.svkst.unist.hr\/wp-content\/uploads\/2018\/02\/sveucilisna_iskaznica_logo_tisak-1.png?fit=600%2C219&ssl=1\",\"width\":600,\"height\":219,\"caption\":\"Sveu\\u010dili\\u0161na knji\\u017enica u Splitu\"},\"image\":{\"@id\":\"https:\/\/www.svkst.unist.hr\/#logo\"}},{\"@type\":\"WebSite\",\"@id\":\"https:\/\/www.svkst.unist.hr\/#website\",\"url\":\"https:\/\/www.svkst.unist.hr\/\",\"name\":\"Sveu\\u010dili\\u0161na knji\\u017enica u Splitu\",\"description\":\"\",\"publisher\":{\"@id\":\"https:\/\/www.svkst.unist.hr\/#organization\"},\"potentialAction\":[{\"@type\":\"SearchAction\",\"target\":{\"@type\":\"EntryPoint\",\"urlTemplate\":\"https:\/\/www.svkst.unist.hr\/?s={search_term_string}\"},\"query-input\":\"required name=search_term_string\"}],\"inLanguage\":\"en-GB\"},{\"@type\":\"WebPage\",\"@id\":\"https:\/\/www.svkst.unist.hr\/index.php\/znanstveno-nastavno-osoblje\/#webpage\",\"url\":\"https:\/\/www.svkst.unist.hr\/index.php\/znanstveno-nastavno-osoblje\/\",\"name\":\"ZNANSTVENO-NASTAVNO OSOBLJE - Sveu\\u010dili\\u0161na knji\\u017enica u Splitu\",\"isPartOf\":{\"@id\":\"https:\/\/www.svkst.unist.hr\/#website\"},\"datePublished\":\"2018-02-13T09:29:01+00:00\",\"dateModified\":\"2025-01-30T13:48:51+00:00\",\"description\":\"Upisi Znanstveno-nastavno osoblje Sveu\\u010dili\\u0161ta u Splitu ima mogu\\u0107nost kolektivnog i individualnog \\u010dlanstvo u knji\\u017enici.Do gra\\u0111e iz Sveu\\u010dili\\u0161ne knji\\u017enice u\",\"breadcrumb\":{\"@id\":\"https:\/\/www.svkst.unist.hr\/index.php\/znanstveno-nastavno-osoblje\/#breadcrumb\"},\"inLanguage\":\"en-GB\",\"potentialAction\":[{\"@type\":\"ReadAction\",\"target\":[\"https:\/\/www.svkst.unist.hr\/index.php\/znanstveno-nastavno-osoblje\/\"]}]},{\"@type\":\"BreadcrumbList\",\"@id\":\"https:\/\/www.svkst.unist.hr\/index.php\/znanstveno-nastavno-osoblje\/#breadcrumb\",\"itemListElement\":[{\"@type\":\"ListItem\",\"position\":1,\"name\":\"Home\",\"item\":\"https:\/\/www.svkst.unist.hr\/\"},{\"@type\":\"ListItem\",\"position\":2,\"name\":\"ZNANSTVENO-NASTAVNO OSOBLJE\"}]}]}<\/script>\n<!-- \/ Yoast SEO plugin. -->","yoast_head_json":{"title":"ZNANSTVENO-NASTAVNO OSOBLJE - Sveu\u010dili\u0161na knji\u017enica u Splitu","description":"Upisi Znanstveno-nastavno osoblje Sveu\u010dili\u0161ta u Splitu ima mogu\u0107nost kolektivnog i individualnog \u010dlanstvo u knji\u017enici.Do gra\u0111e iz Sveu\u010dili\u0161ne knji\u017enice u","robots":{"index":"index","follow":"follow","max-snippet":"max-snippet:-1","max-image-preview":"max-image-preview:large","max-video-preview":"max-video-preview:-1"},"canonical":"https:\/\/www.svkst.unist.hr\/index.php\/znanstveno-nastavno-osoblje\/","og_locale":"en_GB","og_type":"article","og_title":"ZNANSTVENO-NASTAVNO OSOBLJE - Sveu\u010dili\u0161na knji\u017enica u Splitu","og_description":"Upisi Znanstveno-nastavno osoblje Sveu\u010dili\u0161ta u Splitu ima mogu\u0107nost kolektivnog i individualnog \u010dlanstvo u knji\u017enici.Do gra\u0111e iz Sveu\u010dili\u0161ne knji\u017enice u","og_url":"https:\/\/www.svkst.unist.hr\/index.php\/znanstveno-nastavno-osoblje\/","og_site_name":"Sveu\u010dili\u0161na knji\u017enica u Splitu","article_publisher":"https:\/\/www.facebook.com\/svkst.unist.hr\/","article_modified_time":"2025-01-30T13:48:51+00:00","twitter_card":"summary_large_image","twitter_misc":{"Estimated reading time":"3 minutes"},"schema":{"@context":"https:\/\/schema.org","@graph":[{"@type":"Organization","@id":"https:\/\/www.svkst.unist.hr\/#organization","name":"Sveu\u010dili\u0161na knji\u017enica u Splitu","url":"https:\/\/www.svkst.unist.hr\/","sameAs":["https:\/\/www.facebook.com\/svkst.unist.hr\/"],"logo":{"@type":"ImageObject","@id":"https:\/\/www.svkst.unist.hr\/#logo","inLanguage":"en-GB","url":"https:\/\/i2.wp.com\/www.svkst.unist.hr\/wp-content\/uploads\/2018\/02\/sveucilisna_iskaznica_logo_tisak-1.png?fit=600%2C219&ssl=1","contentUrl":"https:\/\/i2.wp.com\/www.svkst.unist.hr\/wp-content\/uploads\/2018\/02\/sveucilisna_iskaznica_logo_tisak-1.png?fit=600%2C219&ssl=1","width":600,"height":219,"caption":"Sveu\u010dili\u0161na knji\u017enica u Splitu"},"image":{"@id":"https:\/\/www.svkst.unist.hr\/#logo"}},{"@type":"WebSite","@id":"https:\/\/www.svkst.unist.hr\/#website","url":"https:\/\/www.svkst.unist.hr\/","name":"Sveu\u010dili\u0161na knji\u017enica u Splitu","description":"","publisher":{"@id":"https:\/\/www.svkst.unist.hr\/#organization"},"potentialAction":[{"@type":"SearchAction","target":{"@type":"EntryPoint","urlTemplate":"https:\/\/www.svkst.unist.hr\/?s={search_term_string}"},"query-input":"required name=search_term_string"}],"inLanguage":"en-GB"},{"@type":"WebPage","@id":"https:\/\/www.svkst.unist.hr\/index.php\/znanstveno-nastavno-osoblje\/#webpage","url":"https:\/\/www.svkst.unist.hr\/index.php\/znanstveno-nastavno-osoblje\/","name":"ZNANSTVENO-NASTAVNO OSOBLJE - Sveu\u010dili\u0161na knji\u017enica u Splitu","isPartOf":{"@id":"https:\/\/www.svkst.unist.hr\/#website"},"datePublished":"2018-02-13T09:29:01+00:00","dateModified":"2025-01-30T13:48:51+00:00","description":"Upisi Znanstveno-nastavno osoblje Sveu\u010dili\u0161ta u Splitu ima mogu\u0107nost kolektivnog i individualnog \u010dlanstvo u knji\u017enici.Do gra\u0111e iz Sveu\u010dili\u0161ne knji\u017enice u","breadcrumb":{"@id":"https:\/\/www.svkst.unist.hr\/index.php\/znanstveno-nastavno-osoblje\/#breadcrumb"},"inLanguage":"en-GB","potentialAction":[{"@type":"ReadAction","target":["https:\/\/www.svkst.unist.hr\/index.php\/znanstveno-nastavno-osoblje\/"]}]},{"@type":"BreadcrumbList","@id":"https:\/\/www.svkst.unist.hr\/index.php\/znanstveno-nastavno-osoblje\/#breadcrumb","itemListElement":[{"@type":"ListItem","position":1,"name":"Home","item":"https:\/\/www.svkst.unist.hr\/"},{"@type":"ListItem","position":2,"name":"ZNANSTVENO-NASTAVNO OSOBLJE"}]}]}},"jetpack_shortlink":"https:\/\/wp.me\/Pan9Re-bg","_links":{"self":[{"href":"https:\/\/www.svkst.unist.hr\/index.php\/wp-json\/wp\/v2\/pages\/698"}],"collection":[{"href":"https:\/\/www.svkst.unist.hr\/index.php\/wp-json\/wp\/v2\/pages"}],"about":[{"href":"https:\/\/www.svkst.unist.hr\/index.php\/wp-json\/wp\/v2\/types\/page"}],"author":[{"embeddable":true,"href":"https:\/\/www.svkst.unist.hr\/index.php\/wp-json\/wp\/v2\/users\/5"}],"replies":[{"embeddable":true,"href":"https:\/\/www.svkst.unist.hr\/index.php\/wp-json\/wp\/v2\/comments?post=698"}],"version-history":[{"count":79,"href":"https:\/\/www.svkst.unist.hr\/index.php\/wp-json\/wp\/v2\/pages\/698\/revisions"}],"predecessor-version":[{"id":16517,"href":"https:\/\/www.svkst.unist.hr\/index.php\/wp-json\/wp\/v2\/pages\/698\/revisions\/16517"}],"wp:attachment":[{"href":"https:\/\/www.svkst.unist.hr\/index.php\/wp-json\/wp\/v2\/media?parent=698"}],"curies":[{"name":"wp","href":"https:\/\/api.w.org\/{rel}","templated":true}]}}