{"id":695,"date":"2018-02-13T10:27:37","date_gmt":"2018-02-13T09:27:37","guid":{"rendered":"http:\/\/www.svkst.unist.hr\/?page_id=695"},"modified":"2024-12-09T14:05:44","modified_gmt":"2024-12-09T13:05:44","slug":"studenti","status":"publish","type":"page","link":"https:\/\/www.svkst.unist.hr\/index.php\/studenti\/","title":{"rendered":"STUDENTI"},"content":{"rendered":"\n\n\n<div class=\"wp-block-columns\">\n<div class=\"wp-block-column\">\n<figure class=\"wp-block-image size-large\"><a href=\"https:\/\/www.svkst.unist.hr\/index.php\/usluge\/citaonice-grupni-rad\/\"><img data-attachment-id=\"1843\" data-permalink=\"https:\/\/www.svkst.unist.hr\/ucenje\/\" data-orig-file=\"https:\/\/www.svkst.unist.hr\/wp-content\/uploads\/2018\/06\/u\u010denje.jpg\" data-orig-size=\"463,652\" data-comments-opened=\"0\" data-image-meta=\"{&quot;aperture&quot;:&quot;0&quot;,&quot;credit&quot;:&quot;&quot;,&quot;camera&quot;:&quot;&quot;,&quot;caption&quot;:&quot;&quot;,&quot;created_timestamp&quot;:&quot;0&quot;,&quot;copyright&quot;:&quot;&quot;,&quot;focal_length&quot;:&quot;0&quot;,&quot;iso&quot;:&quot;0&quot;,&quot;shutter_speed&quot;:&quot;0&quot;,&quot;title&quot;:&quot;&quot;,&quot;orientation&quot;:&quot;0&quot;}\" data-image-title=\"u\u010denje\" data-image-description=\"\" data-image-caption=\"\" data-medium-file=\"https:\/\/www.svkst.unist.hr\/wp-content\/uploads\/2018\/06\/u\u010denje-213x300.jpg\" data-large-file=\"https:\/\/www.svkst.unist.hr\/wp-content\/uploads\/2018\/06\/u\u010denje.jpg\" loading=\"lazy\" width=\"463\" height=\"652\" src=\"https:\/\/www.svkst.unist.hr\/wp-content\/uploads\/2018\/06\/u\u010denje.jpg\" alt=\"\" class=\"wp-image-1843\" srcset=\"https:\/\/www.svkst.unist.hr\/wp-content\/uploads\/2018\/06\/u\u010denje.jpg 463w, https:\/\/www.svkst.unist.hr\/wp-content\/uploads\/2018\/06\/u\u010denje-213x300.jpg 213w\" sizes=\"(max-width: 463px) 100vw, 463px\" \/><\/a><\/figure>\n<\/div>\n\n\n\n<div class=\"wp-block-column\">\n<figure class=\"wp-block-image size-large\"><a href=\"https:\/\/www.svkst.unist.hr\/index.php\/usluge\/\"><img data-attachment-id=\"2169\" data-permalink=\"https:\/\/www.svkst.unist.hr\/index.php\/znanstveno-nastavno-osoblje\/attachment\/knjiznica-za-profesore\/\" data-orig-file=\"https:\/\/www.svkst.unist.hr\/wp-content\/uploads\/2018\/08\/Knji\u017enica-za-profesore.png\" data-orig-size=\"794,1123\" data-comments-opened=\"0\" data-image-meta=\"{&quot;aperture&quot;:&quot;0&quot;,&quot;credit&quot;:&quot;&quot;,&quot;camera&quot;:&quot;&quot;,&quot;caption&quot;:&quot;&quot;,&quot;created_timestamp&quot;:&quot;0&quot;,&quot;copyright&quot;:&quot;&quot;,&quot;focal_length&quot;:&quot;0&quot;,&quot;iso&quot;:&quot;0&quot;,&quot;shutter_speed&quot;:&quot;0&quot;,&quot;title&quot;:&quot;&quot;,&quot;orientation&quot;:&quot;0&quot;}\" data-image-title=\"Knji\u017enica za profesore\" data-image-description=\"\" data-image-caption=\"\" data-medium-file=\"https:\/\/www.svkst.unist.hr\/wp-content\/uploads\/2018\/08\/Knji\u017enica-za-profesore-212x300.png\" data-large-file=\"https:\/\/www.svkst.unist.hr\/wp-content\/uploads\/2018\/08\/Knji\u017enica-za-profesore-724x1024.png\" loading=\"lazy\" width=\"724\" height=\"1024\" src=\"https:\/\/www.svkst.unist.hr\/wp-content\/uploads\/2018\/08\/Knji\u017enica-za-profesore-724x1024.png\" alt=\"\" class=\"wp-image-2169\" srcset=\"https:\/\/www.svkst.unist.hr\/wp-content\/uploads\/2018\/08\/Knji\u017enica-za-profesore-724x1024.png 724w, https:\/\/www.svkst.unist.hr\/wp-content\/uploads\/2018\/08\/Knji\u017enica-za-profesore-212x300.png 212w, https:\/\/www.svkst.unist.hr\/wp-content\/uploads\/2018\/08\/Knji\u017enica-za-profesore-768x1086.png 768w, https:\/\/www.svkst.unist.hr\/wp-content\/uploads\/2018\/08\/Knji\u017enica-za-profesore.png 794w\" sizes=\"(max-width: 724px) 100vw, 724px\" \/><\/a><\/figure>\n<\/div>\n\n\n\n<div class=\"wp-block-column\">\n<figure class=\"wp-block-image size-large\"><a href=\"https:\/\/www.svkst.unist.hr\/index.php\/usluge\/citaonice-grupni-rad\/\"><img data-attachment-id=\"16341\" data-permalink=\"https:\/\/www.svkst.unist.hr\/index.php\/studenti\/attachment\/nocno-2\/\" data-orig-file=\"https:\/\/www.svkst.unist.hr\/wp-content\/uploads\/2024\/12\/nocno.jpg\" data-orig-size=\"547,773\" data-comments-opened=\"0\" data-image-meta=\"{&quot;aperture&quot;:&quot;0&quot;,&quot;credit&quot;:&quot;&quot;,&quot;camera&quot;:&quot;&quot;,&quot;caption&quot;:&quot;&quot;,&quot;created_timestamp&quot;:&quot;0&quot;,&quot;copyright&quot;:&quot;&quot;,&quot;focal_length&quot;:&quot;0&quot;,&quot;iso&quot;:&quot;0&quot;,&quot;shutter_speed&quot;:&quot;0&quot;,&quot;title&quot;:&quot;&quot;,&quot;orientation&quot;:&quot;0&quot;}\" data-image-title=\"nocno\" data-image-description=\"\" data-image-caption=\"\" data-medium-file=\"https:\/\/www.svkst.unist.hr\/wp-content\/uploads\/2024\/12\/nocno.jpg\" data-large-file=\"https:\/\/www.svkst.unist.hr\/wp-content\/uploads\/2024\/12\/nocno.jpg\" loading=\"lazy\" width=\"547\" height=\"773\" src=\"https:\/\/www.svkst.unist.hr\/wp-content\/uploads\/2024\/12\/nocno.jpg\" alt=\"\" class=\"wp-image-16341\"\/><\/a><\/figure>\n<\/div>\n<\/div>\n\n\n\n<h3><a class=\"show_hide\" href=\"#a\">Upisi<\/a><\/h3>\n\n\n\n<div class=\"slidingDiv\">\n<p style=\"text-align: justify;\">Studentima Sveu\u010dili\u0161ta u Splitu \u010dlanstvo u Sveu\u010dili\u0161noj knji\u017enici je <strong>besplatno<\/strong>. Pri prvom dolasku potrebno je aktivirati iksicu, te aktivaciju obnavljati po\u010detkom svake akademske godine.<br>\u010clanovima knji\u017enice na raspolaganju su prostor, oprema te razli\u010dite knji\u017eni\u010dne usluge.<\/p>\n<\/div>\n\n\n\n<h3><a class=\"show_hide\" href=\"#a\">Usluge za studente<\/a><\/h3>\n\n\n\n<div class=\"slidingDiv\">\n<p style=\"text-align: justify;\">Osim mogu\u0107nosti kori\u0161tenja razli\u010ditih \u010ditaonica, ra\u010dunala, interneta te raznovrsne knji\u017eni\u010dne gra\u0111e, korisnicima pru\u017eamo i pomo\u0107 pri pronala\u017eenju literature za sve vrste studentskih i drugih istra\u017eiva\u010dkih radova, \u0161to obuhva\u0107a: pomo\u0107 pri oblikovanju informacijskog upita, pomo\u0107 pri pretra\u017eivanju kataloga i baza podataka te pomo\u0107 pri vrednovanju informacijskih izvora. Isto tako, korisnicima mo\u017eemo pomo\u0107i i savjetom pri oblikovanju teme i strukturiranju rada te na\u010dinima citiranja, sastavljanju popisa kori\u0161tene literature i sl. Mo\u017eete nam se obratiti putem obrasca <a href=\"https:\/\/www.svkst.unist.hr\/index.php\/kontakt\/\">Pitajte nas<\/a> ili na chatu.<\/p>\n<p>Korisnicima je na raspolaganju i usluga <a href=\"https:\/\/www.svkst.unist.hr\/index.php\/usluge\/posudba-i-grada\/meduknjiznicna-posudba\/\">me\u0111uknji\u017eni\u010dne posudbe<\/a> \u2013 tj. posudba stru\u010dnih knjiga ili nabava \u010dlanaka koje Sveu\u010dili\u0161na knji\u017enica ne posjeduje iz drugih doma\u0107ih i inozemnih knji\u017enica.<\/p>\n<\/div>\n\n\n\n<h3><a class=\"show_hide\" href=\"#a\">Radionice<\/a><\/h3>\n\n\n\n<div class=\"slidingDiv\">\n<p style=\"text-align: justify;\">Tjedna radionica Kako napisati zavr\u0161ni ili diplomski rad<br>\nRadionica o pretra\u017eivanju i kori\u0161tenju informacija, s prakti\u010dnim savjetima za istra\u017eivanje i pisanje razli\u010ditih vrsta studentskih radova. Odr\u017eava se \u010detvrtkom: 12-13:30 h.\nPrijaviti se mo\u017eete <a href=\"https:\/\/www.svkst.unist.hr\/index.php\/radionice\/\">ovdje.<\/a> <\/p>\n<\/div>\n\n\n\n<h3><a class=\"show_hide\" href=\"#a\">\u010citaonice<\/a><\/h3>\n\n\n\n<div class=\"slidingDiv\">\n<p style=\"text-align: justify;\">&nbsp;<\/p>\n<h3>Tihi rad:<\/h3>\n<ul>\n<li>\u010citaonica na eta\u017ei -2\n<p style=\"text-align: justify;\">Sredi\u0161nja \u010ditaonica namijenjena tihom radu, u kojoj su studentima dostupne i knjige u otvorenom pristupu i veliki broj osobnih ra\u010dunala.<\/p>\n<p>Radno vrijeme<br>ponedjeljak \u2013 petak 8.00 \u2013 21.00<br>subota 9.00 \u2013 14.00<br>tel.: + 385 (0) 21 434 828<br>e-po\u0161ta: posudba@svkst.hr<\/p>\n<\/li>\n\n<li>\u010citaonica na eta\u017ei -1<\/li>\n<\/ul>\n\n<p>Pomo\u0107na \u010ditaonica namijenjena tihom radu studenata koji se koriste vlastitim materijalima za u\u010denje.<\/p>\n<ul>\n<li>\u010citaonica na eta\u017ei O (\u010ditaonica periodike)<\/li>\n<\/ul>\n<h3>Skupni rad:<\/h3>\n<p style=\"text-align: justify;\">Namjenjene za pripremu studentskih radova, projekata, grupno u\u010denje. Preporu\u010duje se rezervacija soba, a vrijeme kori\u0161tenja je ograni\u010deno na dva sata (mo\u017ee se produ\u017eiti ukoliko nema rezervacija).<\/p>\n<p><strong>Informacije i rezervacije na:<\/strong><br>\u2013 \u010ditaoni\u010dkom pultu (na eta\u017ei 0) i elektroni\u010dkom po\u0161tom info@svkst.hr<br>\u2013 telefon: + 385 (0) 21 434 808<\/p>\n<ul>\n<li>sobe za skupni rad (eta\u017ea -1)<br>2 sobe za grupe do 6 studenata<br>ra\u010dunalo, internet, wi-fi<br>ponedjeljak &#8211; petak 10.00 \u2013 21.00 te tijekom no\u0107nog rada uz rezervaciju<\/li>\n\n<li>sobe za skupni rad (eta\u017ea -2)<br>2 sobe za skupine do 6 studenata<br>ra\u010dunalo, projektor, internet, wi-fi<br>ponedjeljak &#8211; petak 8.00 \u2013 21.00 te subotom do 14.00 uz rezervaciju<\/li>\n<\/ul>\n\n<\/div>\n\n\n\n<h3><a class=\"show_hide\" href=\"#a\">No\u0107no u\u010denje<\/a><\/h3>\n\n\n\n<div class=\"slidingDiv\">\n<p style=\"text-align: justify;\">Radnim danima od 21.00 do 24.00 studentima su otvorene i dvije \u010ditaonice za no\u0107ni rad (na eta\u017eama 0 i -1). S obzirom na ograni\u010den broj mjesta, mjesto za rad potrebno je rezervirati na informacijskom pultu (eta\u017ea 0) ili telefonski na broj + 385 (0) 21 434-808.<br>Ako se planirate koristiti gra\u0111om iz Knji\u017enice, potrebno ju je zadu\u017eiti do 20.30.<br>U zgradu se mo\u017ee u\u0107i do 22.00.<\/p>\n<\/div>\n\n\n\n<h3><a class=\"show_hide\" href=\"#a\">Library guides for Marine fishery graduate study programme<\/a><\/h3>\n\n\n\n<div class=\"slidingDiv\">\n<p style=\"text-align: justify;\" <div=\"\" class=\"slidingDiv\">\n<\/p><p style=\"text-align: justify;\"><a href=\"http:\/\/subjectplus.svkst.hr\/sp\/subjects\/index.php\">Library guides for Marine fishery graduate study programme<\/a><\/p>\n<\/div><p><\/p>\n","protected":false},"excerpt":{"rendered":"<p>Upisi Studentima Sveu\u010dili\u0161ta u Splitu \u010dlanstvo u Sveu\u010dili\u0161noj knji\u017enici je besplatno. Pri prvom dolasku potrebno je aktivirati iksicu, te aktivaciju obnavljati po\u010detkom svake akademske godine.\u010clanovima knji\u017enice na raspolaganju su prostor, oprema te razli\u010dite knji\u017eni\u010dne usluge. Usluge za studente Osim mogu\u0107nosti kori\u0161tenja razli\u010ditih \u010ditaonica, ra\u010dunala, interneta te raznovrsne knji\u017eni\u010dne gra\u0111e, korisnicima pru\u017eamo i pomo\u0107 pri pronala\u017eenju [&hellip;]<\/p>\n","protected":false},"author":5,"featured_media":0,"parent":0,"menu_order":0,"comment_status":"closed","ping_status":"closed","template":"","meta":{"spay_email":""},"acf":[],"yoast_head":"<!-- This site is optimized with the Yoast SEO plugin v17.8 - https:\/\/yoast.com\/wordpress\/plugins\/seo\/ -->\n<title>STUDENTI - Sveu\u010dili\u0161na knji\u017enica u Splitu<\/title>\n<meta name=\"description\" content=\"Upisi Studentima Sveu\u010dili\u0161ta u Splitu \u010dlanstvo u Sveu\u010dili\u0161noj knji\u017enici je besplatno. Pri prvom dolasku potrebno je aktivirati iksicu, te aktivaciju\" \/>\n<meta name=\"robots\" content=\"index, follow, max-snippet:-1, max-image-preview:large, max-video-preview:-1\" \/>\n<link rel=\"canonical\" href=\"https:\/\/www.svkst.unist.hr\/index.php\/studenti\/\" \/>\n<meta property=\"og:locale\" content=\"en_GB\" \/>\n<meta property=\"og:type\" content=\"article\" \/>\n<meta property=\"og:title\" content=\"STUDENTI - Sveu\u010dili\u0161na knji\u017enica u Splitu\" \/>\n<meta property=\"og:description\" content=\"Upisi Studentima Sveu\u010dili\u0161ta u Splitu \u010dlanstvo u Sveu\u010dili\u0161noj knji\u017enici je besplatno. Pri prvom dolasku potrebno je aktivirati iksicu, te aktivaciju\" \/>\n<meta property=\"og:url\" content=\"https:\/\/www.svkst.unist.hr\/index.php\/studenti\/\" \/>\n<meta property=\"og:site_name\" content=\"Sveu\u010dili\u0161na knji\u017enica u Splitu\" \/>\n<meta property=\"article:publisher\" content=\"https:\/\/www.facebook.com\/svkst.unist.hr\/\" \/>\n<meta property=\"article:modified_time\" content=\"2024-12-09T13:05:44+00:00\" \/>\n<meta property=\"og:image\" content=\"https:\/\/www.svkst.unist.hr\/wp-content\/uploads\/2018\/06\/u\u010denje.jpg\" \/>\n<meta name=\"twitter:card\" content=\"summary_large_image\" \/>\n<meta name=\"twitter:label1\" content=\"Estimated reading time\" \/>\n\t<meta name=\"twitter:data1\" content=\"3 minutes\" \/>\n<script type=\"application\/ld+json\" class=\"yoast-schema-graph\">{\"@context\":\"https:\/\/schema.org\",\"@graph\":[{\"@type\":\"Organization\",\"@id\":\"https:\/\/www.svkst.unist.hr\/#organization\",\"name\":\"Sveu\\u010dili\\u0161na knji\\u017enica u Splitu\",\"url\":\"https:\/\/www.svkst.unist.hr\/\",\"sameAs\":[\"https:\/\/www.facebook.com\/svkst.unist.hr\/\"],\"logo\":{\"@type\":\"ImageObject\",\"@id\":\"https:\/\/www.svkst.unist.hr\/#logo\",\"inLanguage\":\"en-GB\",\"url\":\"https:\/\/i2.wp.com\/www.svkst.unist.hr\/wp-content\/uploads\/2018\/02\/sveucilisna_iskaznica_logo_tisak-1.png?fit=600%2C219&ssl=1\",\"contentUrl\":\"https:\/\/i2.wp.com\/www.svkst.unist.hr\/wp-content\/uploads\/2018\/02\/sveucilisna_iskaznica_logo_tisak-1.png?fit=600%2C219&ssl=1\",\"width\":600,\"height\":219,\"caption\":\"Sveu\\u010dili\\u0161na knji\\u017enica u Splitu\"},\"image\":{\"@id\":\"https:\/\/www.svkst.unist.hr\/#logo\"}},{\"@type\":\"WebSite\",\"@id\":\"https:\/\/www.svkst.unist.hr\/#website\",\"url\":\"https:\/\/www.svkst.unist.hr\/\",\"name\":\"Sveu\\u010dili\\u0161na knji\\u017enica u Splitu\",\"description\":\"\",\"publisher\":{\"@id\":\"https:\/\/www.svkst.unist.hr\/#organization\"},\"potentialAction\":[{\"@type\":\"SearchAction\",\"target\":{\"@type\":\"EntryPoint\",\"urlTemplate\":\"https:\/\/www.svkst.unist.hr\/?s={search_term_string}\"},\"query-input\":\"required name=search_term_string\"}],\"inLanguage\":\"en-GB\"},{\"@type\":\"ImageObject\",\"@id\":\"https:\/\/www.svkst.unist.hr\/index.php\/studenti\/#primaryimage\",\"inLanguage\":\"en-GB\",\"url\":\"https:\/\/www.svkst.unist.hr\/wp-content\/uploads\/2018\/06\/u\\u010denje.jpg\",\"contentUrl\":\"https:\/\/www.svkst.unist.hr\/wp-content\/uploads\/2018\/06\/u\\u010denje.jpg\",\"width\":463,\"height\":652},{\"@type\":\"WebPage\",\"@id\":\"https:\/\/www.svkst.unist.hr\/index.php\/studenti\/#webpage\",\"url\":\"https:\/\/www.svkst.unist.hr\/index.php\/studenti\/\",\"name\":\"STUDENTI - Sveu\\u010dili\\u0161na knji\\u017enica u Splitu\",\"isPartOf\":{\"@id\":\"https:\/\/www.svkst.unist.hr\/#website\"},\"primaryImageOfPage\":{\"@id\":\"https:\/\/www.svkst.unist.hr\/index.php\/studenti\/#primaryimage\"},\"datePublished\":\"2018-02-13T09:27:37+00:00\",\"dateModified\":\"2024-12-09T13:05:44+00:00\",\"description\":\"Upisi Studentima Sveu\\u010dili\\u0161ta u Splitu \\u010dlanstvo u Sveu\\u010dili\\u0161noj knji\\u017enici je besplatno. Pri prvom dolasku potrebno je aktivirati iksicu, te aktivaciju\",\"breadcrumb\":{\"@id\":\"https:\/\/www.svkst.unist.hr\/index.php\/studenti\/#breadcrumb\"},\"inLanguage\":\"en-GB\",\"potentialAction\":[{\"@type\":\"ReadAction\",\"target\":[\"https:\/\/www.svkst.unist.hr\/index.php\/studenti\/\"]}]},{\"@type\":\"BreadcrumbList\",\"@id\":\"https:\/\/www.svkst.unist.hr\/index.php\/studenti\/#breadcrumb\",\"itemListElement\":[{\"@type\":\"ListItem\",\"position\":1,\"name\":\"Home\",\"item\":\"https:\/\/www.svkst.unist.hr\/\"},{\"@type\":\"ListItem\",\"position\":2,\"name\":\"STUDENTI\"}]}]}<\/script>\n<!-- \/ Yoast SEO plugin. -->","yoast_head_json":{"title":"STUDENTI - Sveu\u010dili\u0161na knji\u017enica u Splitu","description":"Upisi Studentima Sveu\u010dili\u0161ta u Splitu \u010dlanstvo u Sveu\u010dili\u0161noj knji\u017enici je besplatno. Pri prvom dolasku potrebno je aktivirati iksicu, te aktivaciju","robots":{"index":"index","follow":"follow","max-snippet":"max-snippet:-1","max-image-preview":"max-image-preview:large","max-video-preview":"max-video-preview:-1"},"canonical":"https:\/\/www.svkst.unist.hr\/index.php\/studenti\/","og_locale":"en_GB","og_type":"article","og_title":"STUDENTI - Sveu\u010dili\u0161na knji\u017enica u Splitu","og_description":"Upisi Studentima Sveu\u010dili\u0161ta u Splitu \u010dlanstvo u Sveu\u010dili\u0161noj knji\u017enici je besplatno. Pri prvom dolasku potrebno je aktivirati iksicu, te aktivaciju","og_url":"https:\/\/www.svkst.unist.hr\/index.php\/studenti\/","og_site_name":"Sveu\u010dili\u0161na knji\u017enica u Splitu","article_publisher":"https:\/\/www.facebook.com\/svkst.unist.hr\/","article_modified_time":"2024-12-09T13:05:44+00:00","og_image":[{"url":"https:\/\/www.svkst.unist.hr\/wp-content\/uploads\/2018\/06\/u\u010denje.jpg"}],"twitter_card":"summary_large_image","twitter_misc":{"Estimated reading time":"3 minutes"},"schema":{"@context":"https:\/\/schema.org","@graph":[{"@type":"Organization","@id":"https:\/\/www.svkst.unist.hr\/#organization","name":"Sveu\u010dili\u0161na knji\u017enica u Splitu","url":"https:\/\/www.svkst.unist.hr\/","sameAs":["https:\/\/www.facebook.com\/svkst.unist.hr\/"],"logo":{"@type":"ImageObject","@id":"https:\/\/www.svkst.unist.hr\/#logo","inLanguage":"en-GB","url":"https:\/\/i2.wp.com\/www.svkst.unist.hr\/wp-content\/uploads\/2018\/02\/sveucilisna_iskaznica_logo_tisak-1.png?fit=600%2C219&ssl=1","contentUrl":"https:\/\/i2.wp.com\/www.svkst.unist.hr\/wp-content\/uploads\/2018\/02\/sveucilisna_iskaznica_logo_tisak-1.png?fit=600%2C219&ssl=1","width":600,"height":219,"caption":"Sveu\u010dili\u0161na knji\u017enica u Splitu"},"image":{"@id":"https:\/\/www.svkst.unist.hr\/#logo"}},{"@type":"WebSite","@id":"https:\/\/www.svkst.unist.hr\/#website","url":"https:\/\/www.svkst.unist.hr\/","name":"Sveu\u010dili\u0161na knji\u017enica u Splitu","description":"","publisher":{"@id":"https:\/\/www.svkst.unist.hr\/#organization"},"potentialAction":[{"@type":"SearchAction","target":{"@type":"EntryPoint","urlTemplate":"https:\/\/www.svkst.unist.hr\/?s={search_term_string}"},"query-input":"required name=search_term_string"}],"inLanguage":"en-GB"},{"@type":"ImageObject","@id":"https:\/\/www.svkst.unist.hr\/index.php\/studenti\/#primaryimage","inLanguage":"en-GB","url":"https:\/\/www.svkst.unist.hr\/wp-content\/uploads\/2018\/06\/u\u010denje.jpg","contentUrl":"https:\/\/www.svkst.unist.hr\/wp-content\/uploads\/2018\/06\/u\u010denje.jpg","width":463,"height":652},{"@type":"WebPage","@id":"https:\/\/www.svkst.unist.hr\/index.php\/studenti\/#webpage","url":"https:\/\/www.svkst.unist.hr\/index.php\/studenti\/","name":"STUDENTI - Sveu\u010dili\u0161na knji\u017enica u Splitu","isPartOf":{"@id":"https:\/\/www.svkst.unist.hr\/#website"},"primaryImageOfPage":{"@id":"https:\/\/www.svkst.unist.hr\/index.php\/studenti\/#primaryimage"},"datePublished":"2018-02-13T09:27:37+00:00","dateModified":"2024-12-09T13:05:44+00:00","description":"Upisi Studentima Sveu\u010dili\u0161ta u Splitu \u010dlanstvo u Sveu\u010dili\u0161noj knji\u017enici je besplatno. Pri prvom dolasku potrebno je aktivirati iksicu, te aktivaciju","breadcrumb":{"@id":"https:\/\/www.svkst.unist.hr\/index.php\/studenti\/#breadcrumb"},"inLanguage":"en-GB","potentialAction":[{"@type":"ReadAction","target":["https:\/\/www.svkst.unist.hr\/index.php\/studenti\/"]}]},{"@type":"BreadcrumbList","@id":"https:\/\/www.svkst.unist.hr\/index.php\/studenti\/#breadcrumb","itemListElement":[{"@type":"ListItem","position":1,"name":"Home","item":"https:\/\/www.svkst.unist.hr\/"},{"@type":"ListItem","position":2,"name":"STUDENTI"}]}]}},"jetpack_shortlink":"https:\/\/wp.me\/Pan9Re-bd","_links":{"self":[{"href":"https:\/\/www.svkst.unist.hr\/index.php\/wp-json\/wp\/v2\/pages\/695"}],"collection":[{"href":"https:\/\/www.svkst.unist.hr\/index.php\/wp-json\/wp\/v2\/pages"}],"about":[{"href":"https:\/\/www.svkst.unist.hr\/index.php\/wp-json\/wp\/v2\/types\/page"}],"author":[{"embeddable":true,"href":"https:\/\/www.svkst.unist.hr\/index.php\/wp-json\/wp\/v2\/users\/5"}],"replies":[{"embeddable":true,"href":"https:\/\/www.svkst.unist.hr\/index.php\/wp-json\/wp\/v2\/comments?post=695"}],"version-history":[{"count":60,"href":"https:\/\/www.svkst.unist.hr\/index.php\/wp-json\/wp\/v2\/pages\/695\/revisions"}],"predecessor-version":[{"id":16343,"href":"https:\/\/www.svkst.unist.hr\/index.php\/wp-json\/wp\/v2\/pages\/695\/revisions\/16343"}],"wp:attachment":[{"href":"https:\/\/www.svkst.unist.hr\/index.php\/wp-json\/wp\/v2\/media?parent=695"}],"curies":[{"name":"wp","href":"https:\/\/api.w.org\/{rel}","templated":true}]}}