{"id":6523,"date":"2020-12-07T12:32:24","date_gmt":"2020-12-07T11:32:24","guid":{"rendered":"http:\/\/www.svkst.unist.hr\/?page_id=6523"},"modified":"2024-07-10T12:06:00","modified_gmt":"2024-07-10T10:06:00","slug":"otvorena-znanost","status":"publish","type":"page","link":"https:\/\/www.svkst.unist.hr\/index.php\/otvorena-znanost\/","title":{"rendered":"Otvorena znanost"},"content":{"rendered":"\n<p class=\"has-text-align-justify\">Otvorena znanost predstavlja otvaranje cijelog istra\u017eiva\u010dkog procesa, odnosno provo\u0111enje znanosti na otvoren na\u010din, kojim se omogu\u0107uje sudjelovanje i kori\u0161tenje svih istra\u017eiva\u010dkih proizvoda na transparentan na\u010din. Istra\u017eiva\u010dki podatci, laboratorijske bilje\u0161ke i sami istra\u017eiva\u010dki procesi trebaju biti slobodno dostupni, pra\u0107eni uvjetima koji dopu\u0161taju ponovno kori\u0161tenje, ponovnu distribuciju i reprodukciju istra\u017eivanja. <br><br>Slije\u0111enjem na\u010dela otvorene znanosti osiguravamo unapre\u0111enje u\u010dinkovitosti istra\u017eivanja i novih otkri\u0107a, interdisciplinarnost istra\u017eivanja, znanstvenu strogost i ponovljivost, pobolj\u0161anje kvalitete znanstvene komunikacije te ekonomski i dru\u0161tveni utjecaj.<\/p>\n\n\n\n<p><a href=\"https:\/\/www.unist.hr\/Portals\/0\/adam\/Content\/MTFpN1gg7UWPtdTBDVky9A\/Image\/UNIST_Politika_otvorene_znanosti.pdf\" target=\"_blank\" rel=\"noreferrer noopener\">Politika otvorene znanosti Sveu\u010dili\u0161ta u Splitu<\/a>. <\/p>\n\n\n\n<p><br>Sveu\u010dili\u0161na knji\u017enica u Splitu olak\u0161ava doprinos otvorenoj znanosti pru\u017eaju\u0107i podr\u0161ku za: <br><br><\/p>\n\n\n\n<h3><a class=\"show_hide\" href=\"#a\">Objava rada u otvorenom pristupu<\/a><\/h3>\n\n\n\n<div class=\"slidingDiv\">\n<p class=\"has-text-align-justify\">Obuhva\u0107a odabir \u010dasopisa za objavu, besplatno objavljivanje \u010dlanka u otvorenom pristupu, autorska prava i uredni\u010dke politike, mogu\u0107nosti samoarhiviranja rada u institucijskom repozitoriju, ispunjavanje uvjeta za objavu rada unutar programa Obzor2020, na\u010din vrednovanja rada i sl.\n<br>Knji\u017eni\u010dari iz Sveu\u010dili\u0161ne knji\u017enice mogu vam pomo\u0107i u svim navedenim segmentima, ali i vi\u0161e. <br>\n<br>Korisno: <br><a href=\"https:\/\/www.svkst.unist.hr\/index.php\/novosti\/cambridge-university-press-besplatna-objava-znanstvenih-radova-hrvatskih-autora-u-otvorenom-pristupu-2\/\">Cambridge University Press \u2013 besplatna objava znanstvenih radova hrvatskih autora u otvorenom pristupu<\/a> <br><br>\n<\/p><\/div>\n\n\n\n<h3><a class=\"show_hide\" href=\"#a\">Istra\u017eiva\u010dki podatci<\/a><\/h3>\n\n\n\n<div class=\"slidingDiv\">\n<p class=\"has-text-align-justify\">\nIstra\u017eiva\u010dki podatci temelj su znanstvenih otkri\u0107a, dostignu\u0107a, pretpostavki i zaklju\u010daka, a u\u010dinkovito upravljanje njima iznimno je va\u017ean dio istra\u017eiva\u010dkog rada. Kvalitetno upravljanje i uspje\u0161no dijeljenje podrazumijeva se tijekom cijelog istra\u017eiva\u010dkoga ciklusa, a knji\u017enica pru\u017ea potporu:<\/p><br>\n<p class=\"has-text-align-justify\"><i>prije istra\u017eivanja<\/i><br>pretra\u017eivanje dostupnih setova podataka, pomo\u0107 pri izradi plana upravljanja istra\u017eiva\u010dkim podacima (DMP), rje\u0161enja za ispunjavanje zahtjeva za financiranje, odabir pravih rje\u0161enja za pohranu podataka, priprema za privatnost i pravni okvir, DMP-obuka<br><br>\n<i>tijekom istra\u017eivanja<\/i><br>\nimenovanje datoteka, verzioniranje, formati za trajnu pohranu podataka, metapodatci i dokumentacija <br><br>\n<i>nakon istra\u017eivanja<\/i><br>\nobjava podataka, dijeljenje podataka, definiranje prava kori\u0161tenja, osjetljivi i osobni podaci, informirana privola, trajna pohrana, citiranje. <\/p><br>\n<p class=\"has-text-align-justify\">Sveu\u010dili\u0161na knji\u017enica u Splitu, kao partner hrvatske RDA (<i>Research Data Alliance<\/i>) sudjelovala je u nizu aktivnosti s ciljem promicanja otvorenog dijeljenja podataka te pru\u017eanja podr\u0161ke istra\u017eiva\u010dima u upravljanju istra\u017eiva\u010dkim podacima. Osim navedenih korisnih izvora, odr\u017ean je niz mre\u017enih seminara vezanih uz upravljanje istra\u017eiva\u010dkim podatcima, koje mo\u017eete pogledati <a href=\"https:\/\/www.srce.unizg.hr\/rda\" target=\"_blank\" rel=\"noreferrer noopener\">ovdje<\/a>. <br><br>Korisno: <br><a href=\"https:\/\/urn.nsk.hr\/urn:nbn:hr:102:810090\" target=\"_blank\" rel=\"noreferrer noopener\">Istra\u017eiva\u010dki podaci &#8211; \u0161to s njima? : priru\u010dnik o upravljanju istra\u017eiva\u010dkim podacima <\/a><br>\n<br><a href=\"https:\/\/lms3.srce.hr\/moodle\/\" target=\"_blank\" rel=\"noreferrer noopener\">Online te\u010daj \u201eUpravljanje istra\u017eiva\u010dkim podacima\u201c (Kategorija \u201eTe\u010dajevi o platformama, alatima i dobrim praksama u \u017eivotnom ciklusu istra\u017eivanja\u201c)<\/a>\n<br><br><a href=\"https:\/\/www.srce.unizg.hr\/sites\/default\/files\/srce\/usluge\/podrska\/hrv-23thingsv1.1.pdf\" target=\"_blank\" rel=\"noreferrer noopener\">23 smjernice: podr\u0161ka za upravljanje istra\u017eiva\u010dkim podacima<\/a>\n<br><\/p><\/div>\n\n\n\n<h3><a class=\"show_hide\" href=\"#a\">Repozitorij<\/a><\/h3>\n\n\n\n<div class=\"slidingDiv\">\n<style>\ndetails > summary {\n  padding: 4px;\n  width: 400px;\n  background-color: #e4e8ea;\n  border: none;\n  cursor: pointer;\n  font-size: 18px;\n}\n<\/style>\n<p class=\"has-text-align-justify\"> <a href=\"https:\/\/repozitorij.svkst.unist.hr\/\">Digitalni repozitorij Sveu\u010dili\u0161ta u Splitu<\/a> okuplja, trajno pohranjuje i omogu\u0107uje slobodan pristup znanstvenim i stru\u010dnim radovima koji su nastali radom Sveu\u010dili\u0161ta u Splitu, odnosno radom sastavnica, djelatnika i studenata Sveu\u010dili\u0161ta. Podr\u0161ku za pohranu bilo koje vrste objekta mo\u017eete dobiti od knji\u017eni\u010dara u va\u0161oj ustanovi ili u Sveu\u010dili\u0161noj knji\u017enici u Splitu. \n<br><br><\/p><details><br>\n<summary>Vrste objekata koji se mogu pohraniti u repozitorij<\/summary>\n<li> zavr\u0161ni, diplomski i specijalisti\u010dki radovi (nastali zavr\u0161etkom preddiplomskog, diplomskog, poslijediplomskog specijalisti\u010dkog ili poslijediplomskog stru\u010dnog studija) <\/li>\n<li> umjetni\u010dki zavr\u0161ni i diplomski radovi (nastali zavr\u0161etkom preddiplomskog i diplomskog stru\u010dnog studija)<\/li>\n<li> disertacije i znanstveni magistarski radovi (nastali zavr\u0161etkom poslijediplomskog doktorskog ili poslijediplomskog znanstvenog studija) <\/li>\n<li> radovi objavljeni u \u010dasopisu (znanstveni ili stru\u010dni radovi u procesu objave- <i>preprint<\/i> ili objavljeni u \u010dasopisu)<\/li> \n<li> radovi objavljeni u zborniku (razne vrste radova objavljenih u zbornicima s konferencija)<\/li>\n<li> poglavlja u knjizi <\/li>\n<li> izlaganje na skupovima (mo\u017ee djelovati samostalno ili kao cjelina koja se povezuje s ostalim objektima, poput radova u zborniku) <\/li>\n<li> knjige<\/li> \n<li> slikovna gra\u0111a <\/li> \n<li> zvu\u010dna gra\u0111a <\/li> \n<li> audiovizualna gra\u0111a (dugi i kratki videozapisi u \u010dijem su stvaranju sudjelovali djelatnici ustanove vlasnika repozitorija) <\/li> \n<li> skupovi podataka (omogu\u0107ava dijeljenje skupova istra\u017eiva\u010dkih podataka sukladno FAIR na\u010delima &#8211; <i>findable, accessible, interoperable and reusable) <\/i><\/li><i>\n<li> obrazovni sadr\u017eaji (vje\u017ebe, simulacije, ankete, dijagrami, eksperimenti, demonstracije, baze pitanja i sl.) <\/li> \n<li>ostale vrste dokumenata (izvje\u0161taji: tehni\u010dki, interni, projektni, tehni\u010dka dokumentacija, projektni prijedlozi, elaborati i studije, planovi rada i sl.) <\/li>\n<p><\/p>\n<\/i><\/details><i>\n<br>\n<br>\n<\/i><\/div>\n\n\n\n<h3><a class=\"show_hide\" href=\"#a\">Radionice o otvorenoj znanosti za znanstveno-nastavno osoblje Sveu\u010dili\u0161ta<\/a><\/h3>\n\n\n\n<div class=\"slidingDiv\">\n<p class=\"has-text-align-justify\">\nRadionice o otvorenoj znanosti organiziraju se s ciljem poticanja otvorenog pristupa znanstvenim informacijama i osvje\u0161\u0107ivanja va\u017enosti istoga me\u0111u znanstveno-nastavnim osobljem Sveu\u010dili\u0161ta. Otvorena znanost pove\u0107ava transparentnost i povjerenje u znanost, vidljivost i utjecaj istra\u017eivanja te omogu\u0107uje nove suradnje i inovacije, \u0161to Sveu\u010dili\u0161te prepoznaje kao vrlo va\u017eno strate\u0161ko usmjerenje (Strategija Sveu\u010dili\u0161ta 2021. &#8211; 2025.). Sudionici su upoznati s temeljnim na\u010delima otvorene znanosti i otvorenog pristupa kao njezinog dijela. Uz prednosti otvorenog pristupa, sudionicima su predstavljene politike samoarhiviranja  \u010dasopisa u kojima objavljuju i upoznati su s repozitorijima vlastitih sastavnica i mogu\u0107nostima koje oni nude. Svaka je radionica prilago\u0111ena podru\u010dju znanosti u kojem djelatnici sastavnica djeluju. Samoarhiviranje, odnosno pohranjivanje vlastitih radova u institucijski repozitorij, prikazano je uz demonstraciju pohrane znanstvenog rada u institucijski repozitorij na primjerima radova s pojedina\u010dnih sastavnica. <br>\nOdr\u017eane radionice: \n<\/p><li>1.\tInstitucijski repozitorij. Odjel za studije mora, 24. velja\u010de 2021.<\/li>\n<li>2.\t<a href=\"https:\/\/urn.nsk.hr\/urn:nbn:hr:138:910013\">Otvorena znanost : na\u010dela i primjena.<\/a> Filozofski fakultet u Splitu, 30. lipnja 2021. <\/li>\n<li>3.\tOtvorna znanost. Sveu\u010dili\u0161ni odjel za zdravstvene studije, 21. listopada 2021.<\/li>\n<li>5.\tOtvorena znanost: radionica za knji\u017eni\u010dare. Kemijsko-tehnolo\u0161ki fakultet u Splitu, 25. listopada 2021. <\/li>\n<li>4.\t<a href=\"https:\/\/urn.nsk.hr\/urn:nbn:hr:227:076106\">Otvorena znanost.<\/a> Sveu\u010dili\u0161ni odjel za forenzi\u010dke znanosti, 27. listopada 2021.<\/li>\n<li>6.\t<a href=\"https:\/\/urn.nsk.hr\/urn:nbn:hr:123:214051\">Otvoreni pristup (OA).<\/a> Fakultet gra\u0111evinarstva, arhitekture i geodezije u Splitu, 9. studenog 2021. <\/li>\n<li>7.\t<a href=\"https:\/\/urn.nsk.hr\/urn:nbn:hr:171:141144\">Otvorena znanost : zeleni put.<\/a> Medicinski fakultet u Splitu, 17. studenog 2021. <\/li>\n<li>8.\t<a href=\"https:\/\/urn.nsk.hr\/urn:nbn:hr:124:307514\">Otvoreni pristup (OA).<\/a> Ekonomski fakultet u Splitu. 30, studenog 2021.<\/li>\n<li>9.\t<a href=\"https:\/\/urn.nsk.hr\/urn:nbn:hr:167:491815\">Otvoreni pristup (OA).<\/a> Kemijsko-tehnolo\u0161ki fakultet u Splitu, 9. prosinca 2021. <\/li>\n<li>10. <a href=\"https:\/\/urn.nsk.hr\/urn:nbn:hr:164:377649\">Otvoreni pristup (OA): radionica za nastavnike.<\/a>Pomorski fakultet u Splitu, 16. prosinca 2021.<\/li>\n<li>11. <a href=\"https:\/\/urn.nsk.hr\/urn:nbn:hr:179:896727\">Otvoreni pristup (OA).<\/a>Fakultet elektrotehnike, strojarstva i brodogradnje, 27. sije\u010dnja 2022.<\/li>\n<li>12. Otvoreni pristup (OA). Prirodoslovno-matemati\u010dki fakultet, 1. velja\u010de 2022.<\/li>\n<li>13. <a href=\"https:\/\/urn.nsk.hr\/urn:nbn:hr:202:123800\">Otvoreni pristup (OA).<\/a> Katoli\u010dki bogoslovni fakultet, 4. velja\u010de 2022.<\/li>\n<li>14. <a href=\"https:\/\/urn.nsk.hr\/urn:nbn:hr:221:775930\">Otvoreni pristup (OA).<\/a> Kineziolo\u0161ki fakultet, 8. velja\u010de 2022.<\/li>\n<li>15. <a href=\"https:\/\/urn.nsk.hr\/urn:nbn:hr:175:298677\">Otvoreni pristup (OA).<\/a> Umjetni\u010dka akademija, 17. velja\u010de 2022.<\/li>\n<li>16. <a href=\"https:\/\/urn.nsk.hr\/urn:nbn:hr:170:831733\">Otvoreni pristup (OA).<\/a> Pravni fakultet u Splitu, 24. velja\u010de 2022.<\/li>\n<br><br>\n<p><\/p><\/div>\n\n\n\n<p>Kontakt:<br><a href=\"mailto:otvorenaznanost@svkst.hr\">otvorenaznanost@svkst.hr<\/a><br><\/p>\n","protected":false},"excerpt":{"rendered":"<p>Otvorena znanost predstavlja otvaranje cijelog istra\u017eiva\u010dkog procesa, odnosno provo\u0111enje znanosti na otvoren na\u010din, kojim se omogu\u0107uje sudjelovanje i kori\u0161tenje svih istra\u017eiva\u010dkih proizvoda na transparentan na\u010din. Istra\u017eiva\u010dki podatci, laboratorijske bilje\u0161ke i sami istra\u017eiva\u010dki procesi trebaju biti slobodno dostupni, pra\u0107eni uvjetima koji dopu\u0161taju ponovno kori\u0161tenje, ponovnu distribuciju i reprodukciju istra\u017eivanja. Slije\u0111enjem na\u010dela otvorene znanosti osiguravamo unapre\u0111enje u\u010dinkovitosti [&hellip;]<\/p>\n","protected":false},"author":5,"featured_media":0,"parent":0,"menu_order":3,"comment_status":"closed","ping_status":"closed","template":"","meta":{"spay_email":""},"acf":[],"yoast_head":"<!-- This site is optimized with the Yoast SEO plugin v17.8 - https:\/\/yoast.com\/wordpress\/plugins\/seo\/ -->\n<title>Otvorena znanost - Sveu\u010dili\u0161na knji\u017enica u Splitu<\/title>\n<meta name=\"description\" content=\"Otvorena znanost predstavlja otvaranje cijelog istra\u017eiva\u010dkog procesa, odnosno provo\u0111enje znanosti na otvoren na\u010din, kojim se omogu\u0107uje sudjelovanje i\" \/>\n<meta name=\"robots\" content=\"index, follow, max-snippet:-1, max-image-preview:large, max-video-preview:-1\" \/>\n<link rel=\"canonical\" href=\"https:\/\/www.svkst.unist.hr\/index.php\/otvorena-znanost\/\" \/>\n<meta property=\"og:locale\" content=\"en_GB\" \/>\n<meta property=\"og:type\" content=\"article\" \/>\n<meta property=\"og:title\" content=\"Otvorena znanost - Sveu\u010dili\u0161na knji\u017enica u Splitu\" \/>\n<meta property=\"og:description\" content=\"Otvorena znanost predstavlja otvaranje cijelog istra\u017eiva\u010dkog procesa, odnosno provo\u0111enje znanosti na otvoren na\u010din, kojim se omogu\u0107uje sudjelovanje i\" \/>\n<meta property=\"og:url\" content=\"https:\/\/www.svkst.unist.hr\/index.php\/otvorena-znanost\/\" \/>\n<meta property=\"og:site_name\" content=\"Sveu\u010dili\u0161na knji\u017enica u Splitu\" \/>\n<meta property=\"article:publisher\" content=\"https:\/\/www.facebook.com\/svkst.unist.hr\/\" \/>\n<meta property=\"article:modified_time\" content=\"2024-07-10T10:06:00+00:00\" \/>\n<meta name=\"twitter:card\" content=\"summary_large_image\" \/>\n<meta name=\"twitter:label1\" content=\"Estimated reading time\" \/>\n\t<meta name=\"twitter:data1\" content=\"4 minutes\" \/>\n<script type=\"application\/ld+json\" class=\"yoast-schema-graph\">{\"@context\":\"https:\/\/schema.org\",\"@graph\":[{\"@type\":\"Organization\",\"@id\":\"https:\/\/www.svkst.unist.hr\/#organization\",\"name\":\"Sveu\\u010dili\\u0161na knji\\u017enica u Splitu\",\"url\":\"https:\/\/www.svkst.unist.hr\/\",\"sameAs\":[\"https:\/\/www.facebook.com\/svkst.unist.hr\/\"],\"logo\":{\"@type\":\"ImageObject\",\"@id\":\"https:\/\/www.svkst.unist.hr\/#logo\",\"inLanguage\":\"en-GB\",\"url\":\"https:\/\/i2.wp.com\/www.svkst.unist.hr\/wp-content\/uploads\/2018\/02\/sveucilisna_iskaznica_logo_tisak-1.png?fit=600%2C219&ssl=1\",\"contentUrl\":\"https:\/\/i2.wp.com\/www.svkst.unist.hr\/wp-content\/uploads\/2018\/02\/sveucilisna_iskaznica_logo_tisak-1.png?fit=600%2C219&ssl=1\",\"width\":600,\"height\":219,\"caption\":\"Sveu\\u010dili\\u0161na knji\\u017enica u Splitu\"},\"image\":{\"@id\":\"https:\/\/www.svkst.unist.hr\/#logo\"}},{\"@type\":\"WebSite\",\"@id\":\"https:\/\/www.svkst.unist.hr\/#website\",\"url\":\"https:\/\/www.svkst.unist.hr\/\",\"name\":\"Sveu\\u010dili\\u0161na knji\\u017enica u Splitu\",\"description\":\"\",\"publisher\":{\"@id\":\"https:\/\/www.svkst.unist.hr\/#organization\"},\"potentialAction\":[{\"@type\":\"SearchAction\",\"target\":{\"@type\":\"EntryPoint\",\"urlTemplate\":\"https:\/\/www.svkst.unist.hr\/?s={search_term_string}\"},\"query-input\":\"required name=search_term_string\"}],\"inLanguage\":\"en-GB\"},{\"@type\":\"WebPage\",\"@id\":\"https:\/\/www.svkst.unist.hr\/index.php\/otvorena-znanost\/#webpage\",\"url\":\"https:\/\/www.svkst.unist.hr\/index.php\/otvorena-znanost\/\",\"name\":\"Otvorena znanost - Sveu\\u010dili\\u0161na knji\\u017enica u Splitu\",\"isPartOf\":{\"@id\":\"https:\/\/www.svkst.unist.hr\/#website\"},\"datePublished\":\"2020-12-07T11:32:24+00:00\",\"dateModified\":\"2024-07-10T10:06:00+00:00\",\"description\":\"Otvorena znanost predstavlja otvaranje cijelog istra\\u017eiva\\u010dkog procesa, odnosno provo\\u0111enje znanosti na otvoren na\\u010din, kojim se omogu\\u0107uje sudjelovanje i\",\"breadcrumb\":{\"@id\":\"https:\/\/www.svkst.unist.hr\/index.php\/otvorena-znanost\/#breadcrumb\"},\"inLanguage\":\"en-GB\",\"potentialAction\":[{\"@type\":\"ReadAction\",\"target\":[\"https:\/\/www.svkst.unist.hr\/index.php\/otvorena-znanost\/\"]}]},{\"@type\":\"BreadcrumbList\",\"@id\":\"https:\/\/www.svkst.unist.hr\/index.php\/otvorena-znanost\/#breadcrumb\",\"itemListElement\":[{\"@type\":\"ListItem\",\"position\":1,\"name\":\"Home\",\"item\":\"https:\/\/www.svkst.unist.hr\/\"},{\"@type\":\"ListItem\",\"position\":2,\"name\":\"Otvorena znanost\"}]}]}<\/script>\n<!-- \/ Yoast SEO plugin. -->","yoast_head_json":{"title":"Otvorena znanost - Sveu\u010dili\u0161na knji\u017enica u Splitu","description":"Otvorena znanost predstavlja otvaranje cijelog istra\u017eiva\u010dkog procesa, odnosno provo\u0111enje znanosti na otvoren na\u010din, kojim se omogu\u0107uje sudjelovanje i","robots":{"index":"index","follow":"follow","max-snippet":"max-snippet:-1","max-image-preview":"max-image-preview:large","max-video-preview":"max-video-preview:-1"},"canonical":"https:\/\/www.svkst.unist.hr\/index.php\/otvorena-znanost\/","og_locale":"en_GB","og_type":"article","og_title":"Otvorena znanost - Sveu\u010dili\u0161na knji\u017enica u Splitu","og_description":"Otvorena znanost predstavlja otvaranje cijelog istra\u017eiva\u010dkog procesa, odnosno provo\u0111enje znanosti na otvoren na\u010din, kojim se omogu\u0107uje sudjelovanje i","og_url":"https:\/\/www.svkst.unist.hr\/index.php\/otvorena-znanost\/","og_site_name":"Sveu\u010dili\u0161na knji\u017enica u Splitu","article_publisher":"https:\/\/www.facebook.com\/svkst.unist.hr\/","article_modified_time":"2024-07-10T10:06:00+00:00","twitter_card":"summary_large_image","twitter_misc":{"Estimated reading time":"4 minutes"},"schema":{"@context":"https:\/\/schema.org","@graph":[{"@type":"Organization","@id":"https:\/\/www.svkst.unist.hr\/#organization","name":"Sveu\u010dili\u0161na knji\u017enica u Splitu","url":"https:\/\/www.svkst.unist.hr\/","sameAs":["https:\/\/www.facebook.com\/svkst.unist.hr\/"],"logo":{"@type":"ImageObject","@id":"https:\/\/www.svkst.unist.hr\/#logo","inLanguage":"en-GB","url":"https:\/\/i2.wp.com\/www.svkst.unist.hr\/wp-content\/uploads\/2018\/02\/sveucilisna_iskaznica_logo_tisak-1.png?fit=600%2C219&ssl=1","contentUrl":"https:\/\/i2.wp.com\/www.svkst.unist.hr\/wp-content\/uploads\/2018\/02\/sveucilisna_iskaznica_logo_tisak-1.png?fit=600%2C219&ssl=1","width":600,"height":219,"caption":"Sveu\u010dili\u0161na knji\u017enica u Splitu"},"image":{"@id":"https:\/\/www.svkst.unist.hr\/#logo"}},{"@type":"WebSite","@id":"https:\/\/www.svkst.unist.hr\/#website","url":"https:\/\/www.svkst.unist.hr\/","name":"Sveu\u010dili\u0161na knji\u017enica u Splitu","description":"","publisher":{"@id":"https:\/\/www.svkst.unist.hr\/#organization"},"potentialAction":[{"@type":"SearchAction","target":{"@type":"EntryPoint","urlTemplate":"https:\/\/www.svkst.unist.hr\/?s={search_term_string}"},"query-input":"required name=search_term_string"}],"inLanguage":"en-GB"},{"@type":"WebPage","@id":"https:\/\/www.svkst.unist.hr\/index.php\/otvorena-znanost\/#webpage","url":"https:\/\/www.svkst.unist.hr\/index.php\/otvorena-znanost\/","name":"Otvorena znanost - Sveu\u010dili\u0161na knji\u017enica u Splitu","isPartOf":{"@id":"https:\/\/www.svkst.unist.hr\/#website"},"datePublished":"2020-12-07T11:32:24+00:00","dateModified":"2024-07-10T10:06:00+00:00","description":"Otvorena znanost predstavlja otvaranje cijelog istra\u017eiva\u010dkog procesa, odnosno provo\u0111enje znanosti na otvoren na\u010din, kojim se omogu\u0107uje sudjelovanje i","breadcrumb":{"@id":"https:\/\/www.svkst.unist.hr\/index.php\/otvorena-znanost\/#breadcrumb"},"inLanguage":"en-GB","potentialAction":[{"@type":"ReadAction","target":["https:\/\/www.svkst.unist.hr\/index.php\/otvorena-znanost\/"]}]},{"@type":"BreadcrumbList","@id":"https:\/\/www.svkst.unist.hr\/index.php\/otvorena-znanost\/#breadcrumb","itemListElement":[{"@type":"ListItem","position":1,"name":"Home","item":"https:\/\/www.svkst.unist.hr\/"},{"@type":"ListItem","position":2,"name":"Otvorena znanost"}]}]}},"jetpack_shortlink":"https:\/\/wp.me\/Pan9Re-1Hd","_links":{"self":[{"href":"https:\/\/www.svkst.unist.hr\/index.php\/wp-json\/wp\/v2\/pages\/6523"}],"collection":[{"href":"https:\/\/www.svkst.unist.hr\/index.php\/wp-json\/wp\/v2\/pages"}],"about":[{"href":"https:\/\/www.svkst.unist.hr\/index.php\/wp-json\/wp\/v2\/types\/page"}],"author":[{"embeddable":true,"href":"https:\/\/www.svkst.unist.hr\/index.php\/wp-json\/wp\/v2\/users\/5"}],"replies":[{"embeddable":true,"href":"https:\/\/www.svkst.unist.hr\/index.php\/wp-json\/wp\/v2\/comments?post=6523"}],"version-history":[{"count":34,"href":"https:\/\/www.svkst.unist.hr\/index.php\/wp-json\/wp\/v2\/pages\/6523\/revisions"}],"predecessor-version":[{"id":15820,"href":"https:\/\/www.svkst.unist.hr\/index.php\/wp-json\/wp\/v2\/pages\/6523\/revisions\/15820"}],"wp:attachment":[{"href":"https:\/\/www.svkst.unist.hr\/index.php\/wp-json\/wp\/v2\/media?parent=6523"}],"curies":[{"name":"wp","href":"https:\/\/api.w.org\/{rel}","templated":true}]}}