{"id":6439,"date":"2020-11-13T11:45:11","date_gmt":"2020-11-13T10:45:11","guid":{"rendered":"http:\/\/www.svkst.unist.hr\/?page_id=6439"},"modified":"2025-11-10T13:01:12","modified_gmt":"2025-11-10T12:01:12","slug":"library-information-for-international-students","status":"publish","type":"page","link":"https:\/\/www.svkst.unist.hr\/index.php\/library-information-for-international-students\/","title":{"rendered":"Library Information for International Students"},"content":{"rendered":"\n<figure class=\"wp-block-image size-large\"><img data-attachment-id=\"6451\" data-permalink=\"https:\/\/www.svkst.unist.hr\/index.php\/library-information-for-international-students\/attachment\/international-students-library-2\/\" data-orig-file=\"https:\/\/www.svkst.unist.hr\/wp-content\/uploads\/2020\/11\/International-Students-Library-1.png\" data-orig-size=\"845,314\" data-comments-opened=\"0\" data-image-meta=\"{&quot;aperture&quot;:&quot;0&quot;,&quot;credit&quot;:&quot;&quot;,&quot;camera&quot;:&quot;&quot;,&quot;caption&quot;:&quot;&quot;,&quot;created_timestamp&quot;:&quot;0&quot;,&quot;copyright&quot;:&quot;&quot;,&quot;focal_length&quot;:&quot;0&quot;,&quot;iso&quot;:&quot;0&quot;,&quot;shutter_speed&quot;:&quot;0&quot;,&quot;title&quot;:&quot;&quot;,&quot;orientation&quot;:&quot;0&quot;}\" data-image-title=\"International Students Library\" data-image-description=\"\" data-image-caption=\"\" data-medium-file=\"https:\/\/www.svkst.unist.hr\/wp-content\/uploads\/2020\/11\/International-Students-Library-1-300x111.png\" data-large-file=\"https:\/\/www.svkst.unist.hr\/wp-content\/uploads\/2020\/11\/International-Students-Library-1.png\" loading=\"lazy\" width=\"845\" height=\"314\" src=\"https:\/\/www.svkst.unist.hr\/wp-content\/uploads\/2020\/11\/International-Students-Library-1.png\" alt=\"\" class=\"wp-image-6451\" srcset=\"https:\/\/www.svkst.unist.hr\/wp-content\/uploads\/2020\/11\/International-Students-Library-1.png 845w, https:\/\/www.svkst.unist.hr\/wp-content\/uploads\/2020\/11\/International-Students-Library-1-300x111.png 300w, https:\/\/www.svkst.unist.hr\/wp-content\/uploads\/2020\/11\/International-Students-Library-1-768x285.png 768w\" sizes=\"(max-width: 845px) 100vw, 845px\" \/><\/figure>\n\n\n\n<p><\/p>\n\n\n\n<h3><a class=\"show_hide\" href=\"#a\">Become a member<\/a><\/h3>\n\n\n\n<div class=\"slidingDiv\">\n<p style=\"text-align: justify;\">All currently registered students have access to the University library, with your X student card acting as your library card. Please fill in the <a href=\"https:\/\/www.svkst.unist.hr\/index.php\/library-registration-form\/\">form<\/a> to complete your registration.<\/p>\n<br>\n<\/div>\n\n\n\n<h3><a class=\"show_hide\" href=\"#a\">Study in the library<\/a><\/h3>\n\n\n\n<div class=\"slidingDiv\">\n<p style=\"text-align: justify;\">You can reserve an individual study space or a separate study room for individual or pair work <a href=https:\/\/www.svkst.unist.hr\/index.php\/rezervacija-za-skupni-rad-engleski\/\">here<\/a>.\nStudy room can be booked for a maximum of 3 hours (1 slot) per day.<br><br>\n1.\tSelect the slot you want to book<br>\n2.\tFill in your details below<br>\n3.\tConfirm and check your inbox for confirmation email<\/p>\n<br><br>\n<video width=\"420\" height=\"240\" controls=\"\">\n  <source src=\"https:\/\/www.svkst.unist.hr\/wp-content\/uploads\/2020\/11\/screen-recording-rezervacije.webm\"> <\/video> <br><br>\n<br>\n<\/div>\n\n\n\n<h3><a class=\"show_hide\" href=\"#a\">Order a book\/ journal<\/a><\/h3>\n\n\n\n<div class=\"slidingDiv\">\n<p style=\"text-align: justify;\">\n1.\tSearch the <a href=\"http:\/\/libar.svkst.unist.hr\/anew\/search.html\">Library Catalogue<\/a> and copy the Call Number (\u201cSignatura\u201d)<br> <br>\n<video width=\"420\" height=\"240\" controls=\"\">\n  <source src=\"https:\/\/www.svkst.unist.hr\/wp-content\/uploads\/2020\/11\/Catalogue_search_screen-recording-2.webm\"> <\/video> <br><br>\n2.\tComplete and send one of the online forms below <br><br>\n<a href=\"https:\/\/www.svkst.unist.hr\/index.php\/narudzbenica\/\">Order a book\/ journal (Library Use Only)<\/a><br>\n<a href=\"https:\/\/www.svkst.unist.hr\/index.php\/zahtjev-za-fotokopiranje\/\">Order a photocopy\/ scan of a book chapter or journal article<\/a>\n<\/p>\n<br>\n<\/div>\n\n\n\n<h3><a class=\"show_hide\" href=\"#a\">Information and research support<\/a><\/h3>\n\n\n\n<div class=\"slidingDiv\">\n<p style=\"text-align: justify;\">\n<a href=\"mailto:jmadunic@svkst.hr\">Liaison Librarian<\/a> can help you:<\/p><ul> <br>\n<li>access other library services<\/li>\n<li>search the Library Catalogue<\/li>\n<li>find related information for your assignment, dissertation or research project.<\/li><\/ul><br>\n<p><\/p>\n<br>\n<\/div>\n\n\n\n<p><\/p>\n","protected":false},"excerpt":{"rendered":"<p>Become a member All currently registered students have access to the University library, with your X student card acting as your library card. Please fill in the form to complete your registration. Study in the library You can reserve an individual study space or a separate study room for individual or pair work<\/p>\n","protected":false},"author":5,"featured_media":0,"parent":0,"menu_order":0,"comment_status":"closed","ping_status":"closed","template":"","meta":{"spay_email":""},"acf":[],"yoast_head":"<!-- This site is optimized with the Yoast SEO plugin v17.8 - https:\/\/yoast.com\/wordpress\/plugins\/seo\/ -->\n<title>Library Information for International Students - Sveu\u010dili\u0161na knji\u017enica u Splitu<\/title>\n<meta name=\"description\" content=\"Become a member All currently registered students have access to the University library, with your X student card acting as your library card. Please fill\" \/>\n<meta name=\"robots\" content=\"index, follow, max-snippet:-1, max-image-preview:large, max-video-preview:-1\" \/>\n<link rel=\"canonical\" href=\"https:\/\/www.svkst.unist.hr\/index.php\/library-information-for-international-students\/\" \/>\n<meta property=\"og:locale\" content=\"en_GB\" \/>\n<meta property=\"og:type\" content=\"article\" \/>\n<meta property=\"og:title\" content=\"Library Information for International Students - Sveu\u010dili\u0161na knji\u017enica u Splitu\" \/>\n<meta property=\"og:description\" content=\"Become a member All currently registered students have access to the University library, with your X student card acting as your library card. Please fill\" \/>\n<meta property=\"og:url\" content=\"https:\/\/www.svkst.unist.hr\/index.php\/library-information-for-international-students\/\" \/>\n<meta property=\"og:site_name\" content=\"Sveu\u010dili\u0161na knji\u017enica u Splitu\" \/>\n<meta property=\"article:publisher\" content=\"https:\/\/www.facebook.com\/svkst.unist.hr\/\" \/>\n<meta property=\"article:modified_time\" content=\"2025-11-10T12:01:12+00:00\" \/>\n<meta property=\"og:image\" content=\"http:\/\/www.svkst.unist.hr\/wp-content\/uploads\/2020\/11\/International-Students-Library-1.png\" \/>\n<meta name=\"twitter:card\" content=\"summary_large_image\" \/>\n<meta name=\"twitter:label1\" content=\"Estimated reading time\" \/>\n\t<meta name=\"twitter:data1\" content=\"1 minute\" \/>\n<script type=\"application\/ld+json\" class=\"yoast-schema-graph\">{\"@context\":\"https:\/\/schema.org\",\"@graph\":[{\"@type\":\"Organization\",\"@id\":\"https:\/\/www.svkst.unist.hr\/#organization\",\"name\":\"Sveu\\u010dili\\u0161na knji\\u017enica u Splitu\",\"url\":\"https:\/\/www.svkst.unist.hr\/\",\"sameAs\":[\"https:\/\/www.facebook.com\/svkst.unist.hr\/\"],\"logo\":{\"@type\":\"ImageObject\",\"@id\":\"https:\/\/www.svkst.unist.hr\/#logo\",\"inLanguage\":\"en-GB\",\"url\":\"https:\/\/i2.wp.com\/www.svkst.unist.hr\/wp-content\/uploads\/2018\/02\/sveucilisna_iskaznica_logo_tisak-1.png?fit=600%2C219&ssl=1\",\"contentUrl\":\"https:\/\/i2.wp.com\/www.svkst.unist.hr\/wp-content\/uploads\/2018\/02\/sveucilisna_iskaznica_logo_tisak-1.png?fit=600%2C219&ssl=1\",\"width\":600,\"height\":219,\"caption\":\"Sveu\\u010dili\\u0161na knji\\u017enica u Splitu\"},\"image\":{\"@id\":\"https:\/\/www.svkst.unist.hr\/#logo\"}},{\"@type\":\"WebSite\",\"@id\":\"https:\/\/www.svkst.unist.hr\/#website\",\"url\":\"https:\/\/www.svkst.unist.hr\/\",\"name\":\"Sveu\\u010dili\\u0161na knji\\u017enica u Splitu\",\"description\":\"\",\"publisher\":{\"@id\":\"https:\/\/www.svkst.unist.hr\/#organization\"},\"potentialAction\":[{\"@type\":\"SearchAction\",\"target\":{\"@type\":\"EntryPoint\",\"urlTemplate\":\"https:\/\/www.svkst.unist.hr\/?s={search_term_string}\"},\"query-input\":\"required name=search_term_string\"}],\"inLanguage\":\"en-GB\"},{\"@type\":\"ImageObject\",\"@id\":\"https:\/\/www.svkst.unist.hr\/index.php\/library-information-for-international-students\/#primaryimage\",\"inLanguage\":\"en-GB\",\"url\":\"http:\/\/www.svkst.unist.hr\/wp-content\/uploads\/2020\/11\/International-Students-Library-1.png\",\"contentUrl\":\"http:\/\/www.svkst.unist.hr\/wp-content\/uploads\/2020\/11\/International-Students-Library-1.png\"},{\"@type\":\"WebPage\",\"@id\":\"https:\/\/www.svkst.unist.hr\/index.php\/library-information-for-international-students\/#webpage\",\"url\":\"https:\/\/www.svkst.unist.hr\/index.php\/library-information-for-international-students\/\",\"name\":\"Library Information for International Students - Sveu\\u010dili\\u0161na knji\\u017enica u Splitu\",\"isPartOf\":{\"@id\":\"https:\/\/www.svkst.unist.hr\/#website\"},\"primaryImageOfPage\":{\"@id\":\"https:\/\/www.svkst.unist.hr\/index.php\/library-information-for-international-students\/#primaryimage\"},\"datePublished\":\"2020-11-13T10:45:11+00:00\",\"dateModified\":\"2025-11-10T12:01:12+00:00\",\"description\":\"Become a member All currently registered students have access to the University library, with your X student card acting as your library card. Please fill\",\"breadcrumb\":{\"@id\":\"https:\/\/www.svkst.unist.hr\/index.php\/library-information-for-international-students\/#breadcrumb\"},\"inLanguage\":\"en-GB\",\"potentialAction\":[{\"@type\":\"ReadAction\",\"target\":[\"https:\/\/www.svkst.unist.hr\/index.php\/library-information-for-international-students\/\"]}]},{\"@type\":\"BreadcrumbList\",\"@id\":\"https:\/\/www.svkst.unist.hr\/index.php\/library-information-for-international-students\/#breadcrumb\",\"itemListElement\":[{\"@type\":\"ListItem\",\"position\":1,\"name\":\"Home\",\"item\":\"https:\/\/www.svkst.unist.hr\/\"},{\"@type\":\"ListItem\",\"position\":2,\"name\":\"Library Information for International Students\"}]}]}<\/script>\n<!-- \/ Yoast SEO plugin. -->","yoast_head_json":{"title":"Library Information for International Students - Sveu\u010dili\u0161na knji\u017enica u Splitu","description":"Become a member All currently registered students have access to the University library, with your X student card acting as your library card. Please fill","robots":{"index":"index","follow":"follow","max-snippet":"max-snippet:-1","max-image-preview":"max-image-preview:large","max-video-preview":"max-video-preview:-1"},"canonical":"https:\/\/www.svkst.unist.hr\/index.php\/library-information-for-international-students\/","og_locale":"en_GB","og_type":"article","og_title":"Library Information for International Students - Sveu\u010dili\u0161na knji\u017enica u Splitu","og_description":"Become a member All currently registered students have access to the University library, with your X student card acting as your library card. Please fill","og_url":"https:\/\/www.svkst.unist.hr\/index.php\/library-information-for-international-students\/","og_site_name":"Sveu\u010dili\u0161na knji\u017enica u Splitu","article_publisher":"https:\/\/www.facebook.com\/svkst.unist.hr\/","article_modified_time":"2025-11-10T12:01:12+00:00","og_image":[{"url":"http:\/\/www.svkst.unist.hr\/wp-content\/uploads\/2020\/11\/International-Students-Library-1.png"}],"twitter_card":"summary_large_image","twitter_misc":{"Estimated reading time":"1 minute"},"schema":{"@context":"https:\/\/schema.org","@graph":[{"@type":"Organization","@id":"https:\/\/www.svkst.unist.hr\/#organization","name":"Sveu\u010dili\u0161na knji\u017enica u Splitu","url":"https:\/\/www.svkst.unist.hr\/","sameAs":["https:\/\/www.facebook.com\/svkst.unist.hr\/"],"logo":{"@type":"ImageObject","@id":"https:\/\/www.svkst.unist.hr\/#logo","inLanguage":"en-GB","url":"https:\/\/i2.wp.com\/www.svkst.unist.hr\/wp-content\/uploads\/2018\/02\/sveucilisna_iskaznica_logo_tisak-1.png?fit=600%2C219&ssl=1","contentUrl":"https:\/\/i2.wp.com\/www.svkst.unist.hr\/wp-content\/uploads\/2018\/02\/sveucilisna_iskaznica_logo_tisak-1.png?fit=600%2C219&ssl=1","width":600,"height":219,"caption":"Sveu\u010dili\u0161na knji\u017enica u Splitu"},"image":{"@id":"https:\/\/www.svkst.unist.hr\/#logo"}},{"@type":"WebSite","@id":"https:\/\/www.svkst.unist.hr\/#website","url":"https:\/\/www.svkst.unist.hr\/","name":"Sveu\u010dili\u0161na knji\u017enica u Splitu","description":"","publisher":{"@id":"https:\/\/www.svkst.unist.hr\/#organization"},"potentialAction":[{"@type":"SearchAction","target":{"@type":"EntryPoint","urlTemplate":"https:\/\/www.svkst.unist.hr\/?s={search_term_string}"},"query-input":"required name=search_term_string"}],"inLanguage":"en-GB"},{"@type":"ImageObject","@id":"https:\/\/www.svkst.unist.hr\/index.php\/library-information-for-international-students\/#primaryimage","inLanguage":"en-GB","url":"http:\/\/www.svkst.unist.hr\/wp-content\/uploads\/2020\/11\/International-Students-Library-1.png","contentUrl":"http:\/\/www.svkst.unist.hr\/wp-content\/uploads\/2020\/11\/International-Students-Library-1.png"},{"@type":"WebPage","@id":"https:\/\/www.svkst.unist.hr\/index.php\/library-information-for-international-students\/#webpage","url":"https:\/\/www.svkst.unist.hr\/index.php\/library-information-for-international-students\/","name":"Library Information for International Students - Sveu\u010dili\u0161na knji\u017enica u Splitu","isPartOf":{"@id":"https:\/\/www.svkst.unist.hr\/#website"},"primaryImageOfPage":{"@id":"https:\/\/www.svkst.unist.hr\/index.php\/library-information-for-international-students\/#primaryimage"},"datePublished":"2020-11-13T10:45:11+00:00","dateModified":"2025-11-10T12:01:12+00:00","description":"Become a member All currently registered students have access to the University library, with your X student card acting as your library card. Please fill","breadcrumb":{"@id":"https:\/\/www.svkst.unist.hr\/index.php\/library-information-for-international-students\/#breadcrumb"},"inLanguage":"en-GB","potentialAction":[{"@type":"ReadAction","target":["https:\/\/www.svkst.unist.hr\/index.php\/library-information-for-international-students\/"]}]},{"@type":"BreadcrumbList","@id":"https:\/\/www.svkst.unist.hr\/index.php\/library-information-for-international-students\/#breadcrumb","itemListElement":[{"@type":"ListItem","position":1,"name":"Home","item":"https:\/\/www.svkst.unist.hr\/"},{"@type":"ListItem","position":2,"name":"Library Information for International Students"}]}]}},"jetpack_shortlink":"https:\/\/wp.me\/Pan9Re-1FR","_links":{"self":[{"href":"https:\/\/www.svkst.unist.hr\/index.php\/wp-json\/wp\/v2\/pages\/6439"}],"collection":[{"href":"https:\/\/www.svkst.unist.hr\/index.php\/wp-json\/wp\/v2\/pages"}],"about":[{"href":"https:\/\/www.svkst.unist.hr\/index.php\/wp-json\/wp\/v2\/types\/page"}],"author":[{"embeddable":true,"href":"https:\/\/www.svkst.unist.hr\/index.php\/wp-json\/wp\/v2\/users\/5"}],"replies":[{"embeddable":true,"href":"https:\/\/www.svkst.unist.hr\/index.php\/wp-json\/wp\/v2\/comments?post=6439"}],"version-history":[{"count":18,"href":"https:\/\/www.svkst.unist.hr\/index.php\/wp-json\/wp\/v2\/pages\/6439\/revisions"}],"predecessor-version":[{"id":45269,"href":"https:\/\/www.svkst.unist.hr\/index.php\/wp-json\/wp\/v2\/pages\/6439\/revisions\/45269"}],"wp:attachment":[{"href":"https:\/\/www.svkst.unist.hr\/index.php\/wp-json\/wp\/v2\/media?parent=6439"}],"curies":[{"name":"wp","href":"https:\/\/api.w.org\/{rel}","templated":true}]}}