{"id":5845,"date":"2020-08-27T14:01:12","date_gmt":"2020-08-27T12:01:12","guid":{"rendered":"http:\/\/www.svkst.unist.hr\/?page_id=5845"},"modified":"2025-11-05T09:15:23","modified_gmt":"2025-11-05T08:15:23","slug":"online-rezervacije-i-formulari","status":"publish","type":"page","link":"https:\/\/www.svkst.unist.hr\/index.php\/online-rezervacije-i-formulari\/","title":{"rendered":"Mre\u017ene aplikacije za rezervaciju i obrasci"},"content":{"rendered":"\n<div class=\"wp-block-group alignwide\" id=\"rezervacije\"><div class=\"wp-block-group__inner-container\">\n<h3>Rezervacija soba za skupni rad<\/h3>\n\n\n\n<div class=\"wp-block-group alignwide\"><div class=\"wp-block-group__inner-container\">\n<div class=\"wp-block-columns\">\n<div class=\"wp-block-column\">\n<p class=\"rounded has-black-color has-text-color has-background\" style=\"width=50%; background-color:#e9e9e9\"><a href=\"https:\/\/www.svkst.unist.hr\/index.php\/rezervacija-za-skupni-rad\/\">Rezervacija soba za skupni rad<\/a><\/p>\n<\/div>\n<\/div>\n\n\n\n<h3>Radionice<\/h3>\n\n\n\n<p class=\"rounded has-black-color has-text-color has-background\" style=\"width=50%; background-color:#e9e9e9\"><a href=\"https:\/\/www.svkst.unist.hr\/index.php\/radionice\/\">Kako napisati zavr\u0161ni \/diplomski rad<\/a><\/p>\n<\/div><\/div>\n\n\n\n<p><\/p>\n<\/div><\/div>\n\n\n\n<div class=\"wp-block-group alignwide\"><div class=\"wp-block-group__inner-container\">\n<div class=\"wp-block-group alignwide\"><div class=\"wp-block-group__inner-container\">\n<br>\n<\/div><\/div>\n\n\n\n<h3>Kori\u0161tenje gra\u0111e<\/h3>\n\n\n\n<div class=\"wp-block-columns are-vertically-aligned-center\">\n<div class=\"wp-block-column is-vertically-aligned-center\">\n<p class=\"rounded has-black-color has-text-color has-background\" style=\"background-color:#d6e9f1\"><a href=\"https:\/\/www.svkst.unist.hr\/index.php\/narudzbenica\/\">Narud\u017eba knji\u017eni\u010dne gra\u0111e za kori\u0161tenje u \u010ditaonici<\/a><\/p>\n<\/div>\n\n\n\n<div class=\"wp-block-column is-vertically-aligned-center\">\n<p class=\"has-black-color has-text-color has-background\" style=\"background-color:#d6e9f1\"><a href=\"https:\/\/www.svkst.unist.hr\/index.php\/zahtjev-za-fotokopiranje\/\">Zahtjev za fotokopiranje i skeniranje<\/a><br><br><\/p>\n<\/div>\n\n\n\n<div class=\"wp-block-column is-vertically-aligned-center\">\n<p class=\"has-black-color has-text-color has-background\" style=\"background-color:#d6e9f1\"><a href=\"https:\/\/www.svkst.unist.hr\/index.php\/zahtjev-za-meduknjiznicnu-posudbu\/\">Me\u0111uknji\u017eni\u010dna posudba<\/a><br><br><br><\/p>\n<\/div>\n<\/div>\n<\/div><\/div>\n\n\n\n<h3>Kontakt i prijedlozi<\/h3>\n\n\n\n<div class=\"wp-block-columns are-vertically-aligned-top\">\n<div class=\"wp-block-column is-vertically-aligned-top\">\n<p class=\"has-black-color has-text-color has-background\" style=\"background-color:#e9e9e9\"><a href=\"https:\/\/www.svkst.unist.hr\/index.php\/kontakt\/\">Pitajte nas<\/a>\n<\/p>\n<\/div>\n\n\n\n<div class=\"wp-block-column is-vertically-aligned-top\">\n<p class=\"has-black-color has-text-color has-background\" style=\"background-color:#e9e9e9\"><a href=\"https:\/\/www.svkst.unist.hr\/index.php\/usluge\/posudba-i-grada\/prijedlog-za-nabavu\/\">Predlo\u017eite nabavu novog naslova<\/a><\/p>\n<\/div>\n<\/div>\n\n\n\n<h3>Darovanje gra\u0111e<\/h3>\n\n\n\n<div class=\"wp-block-group alignwide\"><div class=\"wp-block-group__inner-container\">\n<p class=\"has-black-color has-text-color has-background\" style=\"background-color:#d6e9f1\"><a href=\"https:\/\/www.svkst.unist.hr\/index.php\/darovanje-grade\/\"> Darovanje gra\u0111e <a href=\"https:\/\/www.svkst.unist.hr\/index.php\/darovanje-grade-obrazac\/\"> (obrazac)<\/a><\/p>\n<\/div><\/div>\n","protected":false},"excerpt":{"rendered":"<p>Kontakt i prijedlozi Pitajte nas Predlo\u017eite nabavu novog naslova Darovanje gra\u0111e<\/p>\n","protected":false},"author":5,"featured_media":0,"parent":0,"menu_order":0,"comment_status":"closed","ping_status":"closed","template":"","meta":{"spay_email":""},"acf":[],"yoast_head":"<!-- This site is optimized with the Yoast SEO plugin v17.8 - https:\/\/yoast.com\/wordpress\/plugins\/seo\/ -->\n<title>Mre\u017ene aplikacije za rezervaciju i obrasci - Sveu\u010dili\u0161na knji\u017enica u Splitu<\/title>\n<meta name=\"description\" content=\"Rezervacija soba za skupni rad Rezervacija soba za skupni rad Radionice Kako napisati zavr\u0161ni \/diplomski rad Kori\u0161tenje gra\u0111e Narud\u017eba knji\u017eni\u010dne gra\u0111e za\" \/>\n<meta name=\"robots\" content=\"index, follow, max-snippet:-1, max-image-preview:large, max-video-preview:-1\" \/>\n<link rel=\"canonical\" href=\"https:\/\/www.svkst.unist.hr\/index.php\/online-rezervacije-i-formulari\/\" \/>\n<meta property=\"og:locale\" content=\"en_GB\" \/>\n<meta property=\"og:type\" content=\"article\" \/>\n<meta property=\"og:title\" content=\"Mre\u017ene aplikacije za rezervaciju i obrasci - Sveu\u010dili\u0161na knji\u017enica u Splitu\" \/>\n<meta property=\"og:description\" content=\"Rezervacija soba za skupni rad Rezervacija soba za skupni rad Radionice Kako napisati zavr\u0161ni \/diplomski rad Kori\u0161tenje gra\u0111e Narud\u017eba knji\u017eni\u010dne gra\u0111e za\" \/>\n<meta property=\"og:url\" content=\"https:\/\/www.svkst.unist.hr\/index.php\/online-rezervacije-i-formulari\/\" \/>\n<meta property=\"og:site_name\" content=\"Sveu\u010dili\u0161na knji\u017enica u Splitu\" \/>\n<meta property=\"article:publisher\" content=\"https:\/\/www.facebook.com\/svkst.unist.hr\/\" \/>\n<meta property=\"article:modified_time\" content=\"2025-11-05T08:15:23+00:00\" \/>\n<meta name=\"twitter:card\" content=\"summary_large_image\" \/>\n<meta name=\"twitter:label1\" content=\"Estimated reading time\" \/>\n\t<meta name=\"twitter:data1\" content=\"1 minute\" \/>\n<script type=\"application\/ld+json\" class=\"yoast-schema-graph\">{\"@context\":\"https:\/\/schema.org\",\"@graph\":[{\"@type\":\"Organization\",\"@id\":\"https:\/\/www.svkst.unist.hr\/#organization\",\"name\":\"Sveu\\u010dili\\u0161na knji\\u017enica u Splitu\",\"url\":\"https:\/\/www.svkst.unist.hr\/\",\"sameAs\":[\"https:\/\/www.facebook.com\/svkst.unist.hr\/\"],\"logo\":{\"@type\":\"ImageObject\",\"@id\":\"https:\/\/www.svkst.unist.hr\/#logo\",\"inLanguage\":\"en-GB\",\"url\":\"https:\/\/i2.wp.com\/www.svkst.unist.hr\/wp-content\/uploads\/2018\/02\/sveucilisna_iskaznica_logo_tisak-1.png?fit=600%2C219&ssl=1\",\"contentUrl\":\"https:\/\/i2.wp.com\/www.svkst.unist.hr\/wp-content\/uploads\/2018\/02\/sveucilisna_iskaznica_logo_tisak-1.png?fit=600%2C219&ssl=1\",\"width\":600,\"height\":219,\"caption\":\"Sveu\\u010dili\\u0161na knji\\u017enica u Splitu\"},\"image\":{\"@id\":\"https:\/\/www.svkst.unist.hr\/#logo\"}},{\"@type\":\"WebSite\",\"@id\":\"https:\/\/www.svkst.unist.hr\/#website\",\"url\":\"https:\/\/www.svkst.unist.hr\/\",\"name\":\"Sveu\\u010dili\\u0161na knji\\u017enica u Splitu\",\"description\":\"\",\"publisher\":{\"@id\":\"https:\/\/www.svkst.unist.hr\/#organization\"},\"potentialAction\":[{\"@type\":\"SearchAction\",\"target\":{\"@type\":\"EntryPoint\",\"urlTemplate\":\"https:\/\/www.svkst.unist.hr\/?s={search_term_string}\"},\"query-input\":\"required name=search_term_string\"}],\"inLanguage\":\"en-GB\"},{\"@type\":\"WebPage\",\"@id\":\"https:\/\/www.svkst.unist.hr\/index.php\/online-rezervacije-i-formulari\/#webpage\",\"url\":\"https:\/\/www.svkst.unist.hr\/index.php\/online-rezervacije-i-formulari\/\",\"name\":\"Mre\\u017ene aplikacije za rezervaciju i obrasci - Sveu\\u010dili\\u0161na knji\\u017enica u Splitu\",\"isPartOf\":{\"@id\":\"https:\/\/www.svkst.unist.hr\/#website\"},\"datePublished\":\"2020-08-27T12:01:12+00:00\",\"dateModified\":\"2025-11-05T08:15:23+00:00\",\"description\":\"Rezervacija soba za skupni rad Rezervacija soba za skupni rad Radionice Kako napisati zavr\\u0161ni \/diplomski rad Kori\\u0161tenje gra\\u0111e Narud\\u017eba knji\\u017eni\\u010dne gra\\u0111e za\",\"breadcrumb\":{\"@id\":\"https:\/\/www.svkst.unist.hr\/index.php\/online-rezervacije-i-formulari\/#breadcrumb\"},\"inLanguage\":\"en-GB\",\"potentialAction\":[{\"@type\":\"ReadAction\",\"target\":[\"https:\/\/www.svkst.unist.hr\/index.php\/online-rezervacije-i-formulari\/\"]}]},{\"@type\":\"BreadcrumbList\",\"@id\":\"https:\/\/www.svkst.unist.hr\/index.php\/online-rezervacije-i-formulari\/#breadcrumb\",\"itemListElement\":[{\"@type\":\"ListItem\",\"position\":1,\"name\":\"Home\",\"item\":\"https:\/\/www.svkst.unist.hr\/\"},{\"@type\":\"ListItem\",\"position\":2,\"name\":\"Mre\\u017ene aplikacije za rezervaciju i obrasci\"}]}]}<\/script>\n<!-- \/ Yoast SEO plugin. -->","yoast_head_json":{"title":"Mre\u017ene aplikacije za rezervaciju i obrasci - Sveu\u010dili\u0161na knji\u017enica u Splitu","description":"Rezervacija soba za skupni rad Rezervacija soba za skupni rad Radionice Kako napisati zavr\u0161ni \/diplomski rad Kori\u0161tenje gra\u0111e Narud\u017eba knji\u017eni\u010dne gra\u0111e za","robots":{"index":"index","follow":"follow","max-snippet":"max-snippet:-1","max-image-preview":"max-image-preview:large","max-video-preview":"max-video-preview:-1"},"canonical":"https:\/\/www.svkst.unist.hr\/index.php\/online-rezervacije-i-formulari\/","og_locale":"en_GB","og_type":"article","og_title":"Mre\u017ene aplikacije za rezervaciju i obrasci - Sveu\u010dili\u0161na knji\u017enica u Splitu","og_description":"Rezervacija soba za skupni rad Rezervacija soba za skupni rad Radionice Kako napisati zavr\u0161ni \/diplomski rad Kori\u0161tenje gra\u0111e Narud\u017eba knji\u017eni\u010dne gra\u0111e za","og_url":"https:\/\/www.svkst.unist.hr\/index.php\/online-rezervacije-i-formulari\/","og_site_name":"Sveu\u010dili\u0161na knji\u017enica u Splitu","article_publisher":"https:\/\/www.facebook.com\/svkst.unist.hr\/","article_modified_time":"2025-11-05T08:15:23+00:00","twitter_card":"summary_large_image","twitter_misc":{"Estimated reading time":"1 minute"},"schema":{"@context":"https:\/\/schema.org","@graph":[{"@type":"Organization","@id":"https:\/\/www.svkst.unist.hr\/#organization","name":"Sveu\u010dili\u0161na knji\u017enica u Splitu","url":"https:\/\/www.svkst.unist.hr\/","sameAs":["https:\/\/www.facebook.com\/svkst.unist.hr\/"],"logo":{"@type":"ImageObject","@id":"https:\/\/www.svkst.unist.hr\/#logo","inLanguage":"en-GB","url":"https:\/\/i2.wp.com\/www.svkst.unist.hr\/wp-content\/uploads\/2018\/02\/sveucilisna_iskaznica_logo_tisak-1.png?fit=600%2C219&ssl=1","contentUrl":"https:\/\/i2.wp.com\/www.svkst.unist.hr\/wp-content\/uploads\/2018\/02\/sveucilisna_iskaznica_logo_tisak-1.png?fit=600%2C219&ssl=1","width":600,"height":219,"caption":"Sveu\u010dili\u0161na knji\u017enica u Splitu"},"image":{"@id":"https:\/\/www.svkst.unist.hr\/#logo"}},{"@type":"WebSite","@id":"https:\/\/www.svkst.unist.hr\/#website","url":"https:\/\/www.svkst.unist.hr\/","name":"Sveu\u010dili\u0161na knji\u017enica u Splitu","description":"","publisher":{"@id":"https:\/\/www.svkst.unist.hr\/#organization"},"potentialAction":[{"@type":"SearchAction","target":{"@type":"EntryPoint","urlTemplate":"https:\/\/www.svkst.unist.hr\/?s={search_term_string}"},"query-input":"required name=search_term_string"}],"inLanguage":"en-GB"},{"@type":"WebPage","@id":"https:\/\/www.svkst.unist.hr\/index.php\/online-rezervacije-i-formulari\/#webpage","url":"https:\/\/www.svkst.unist.hr\/index.php\/online-rezervacije-i-formulari\/","name":"Mre\u017ene aplikacije za rezervaciju i obrasci - Sveu\u010dili\u0161na knji\u017enica u Splitu","isPartOf":{"@id":"https:\/\/www.svkst.unist.hr\/#website"},"datePublished":"2020-08-27T12:01:12+00:00","dateModified":"2025-11-05T08:15:23+00:00","description":"Rezervacija soba za skupni rad Rezervacija soba za skupni rad Radionice Kako napisati zavr\u0161ni \/diplomski rad Kori\u0161tenje gra\u0111e Narud\u017eba knji\u017eni\u010dne gra\u0111e za","breadcrumb":{"@id":"https:\/\/www.svkst.unist.hr\/index.php\/online-rezervacije-i-formulari\/#breadcrumb"},"inLanguage":"en-GB","potentialAction":[{"@type":"ReadAction","target":["https:\/\/www.svkst.unist.hr\/index.php\/online-rezervacije-i-formulari\/"]}]},{"@type":"BreadcrumbList","@id":"https:\/\/www.svkst.unist.hr\/index.php\/online-rezervacije-i-formulari\/#breadcrumb","itemListElement":[{"@type":"ListItem","position":1,"name":"Home","item":"https:\/\/www.svkst.unist.hr\/"},{"@type":"ListItem","position":2,"name":"Mre\u017ene aplikacije za rezervaciju i obrasci"}]}]}},"jetpack_shortlink":"https:\/\/wp.me\/Pan9Re-1wh","_links":{"self":[{"href":"https:\/\/www.svkst.unist.hr\/index.php\/wp-json\/wp\/v2\/pages\/5845"}],"collection":[{"href":"https:\/\/www.svkst.unist.hr\/index.php\/wp-json\/wp\/v2\/pages"}],"about":[{"href":"https:\/\/www.svkst.unist.hr\/index.php\/wp-json\/wp\/v2\/types\/page"}],"author":[{"embeddable":true,"href":"https:\/\/www.svkst.unist.hr\/index.php\/wp-json\/wp\/v2\/users\/5"}],"replies":[{"embeddable":true,"href":"https:\/\/www.svkst.unist.hr\/index.php\/wp-json\/wp\/v2\/comments?post=5845"}],"version-history":[{"count":97,"href":"https:\/\/www.svkst.unist.hr\/index.php\/wp-json\/wp\/v2\/pages\/5845\/revisions"}],"predecessor-version":[{"id":45222,"href":"https:\/\/www.svkst.unist.hr\/index.php\/wp-json\/wp\/v2\/pages\/5845\/revisions\/45222"}],"wp:attachment":[{"href":"https:\/\/www.svkst.unist.hr\/index.php\/wp-json\/wp\/v2\/media?parent=5845"}],"curies":[{"name":"wp","href":"https:\/\/api.w.org\/{rel}","templated":true}]}}