{"id":5790,"date":"2020-08-25T09:56:00","date_gmt":"2020-08-25T07:56:00","guid":{"rendered":"http:\/\/www.svkst.unist.hr\/?page_id=5790"},"modified":"2025-05-15T15:04:09","modified_gmt":"2025-05-15T13:04:09","slug":"casopisi-sveucilista-u-splitu","status":"publish","type":"page","link":"https:\/\/www.svkst.unist.hr\/index.php\/casopisi-sveucilista-u-splitu\/","title":{"rendered":"\u010casopisi sastavnica Sveu\u010dili\u0161ta u Splitu &#8211;  Journals published by the University of Split"},"content":{"rendered":"\n<div class=\"wp-block-group\"><div class=\"wp-block-group__inner-container\">\n<div class=\"wp-block-group\"><div class=\"wp-block-group__inner-container\">\n<div class=\"wp-block-group\"><div class=\"wp-block-group__inner-container\">\n<figure class=\"wp-block-table is-style-regular\">\n<table class=\"has-subtle-light-gray-background-color has-fixed-layout has-background\" style=\"height: 2566px;\" width=\"840\">\n<thead>\n<tr>\n<th class=\"has-text-align-left\" data-align=\"left\"><strong>NAZIV \u010cASOPISA\/<br \/>IZDAVA\u010c<\/strong><\/th>\n<th class=\"has-text-align-center\" data-align=\"center\">ISSN<\/th>\n<th class=\"has-text-align-center\" data-align=\"center\">1. god. izla\u017eenja<\/th>\n<th class=\"has-text-align-center\" data-align=\"center\">U\u010destalost izla\u017eenja (godi\u0161nje)<\/th>\n<th class=\"has-text-align-center\" data-align=\"center\"><strong>SJR &#8211; <\/strong><a href=\"https:\/\/www.scimagojr.com\/\">Scimago Journal &amp; Country Rank<\/a><\/th>\n<\/tr>\n<\/thead>\n<tbody>\n<tr>\n<td class=\"has-text-align-left\" data-align=\"left\"><a href=\"https:\/\/hrcak.srce.hr\/amasd\" target=\"_blank\" rel=\"noreferrer noopener\">Acta Mathematica Spalatensia<\/a><br \/>Faculty of Science<br \/>Department of Mathematics<\/td>\n<td class=\"has-text-align-center\" data-align=\"center\">2623-6125<\/td>\n<td class=\"has-text-align-center\" data-align=\"center\">2018.<\/td>\n<td class=\"has-text-align-center\" data-align=\"center\">1<\/td>\n<td class=\"has-text-align-center\" data-align=\"center\">&#8212;\n<p>\u00a0<\/p>\n<p>\u00a0<\/p>\n<\/td>\n<\/tr>\n<tr>\n<td class=\"has-text-align-left\" data-align=\"left\"><a href=\"https:\/\/hrcak.srce.hr\/baglec\">Ba\u0161\u0107inski glasi: <\/a>Ju\u017enohrvatski etnomuzikolo\u0161ki<br \/>godi\u0161njak<br \/>Academy of Arts<\/td>\n<td class=\"has-text-align-center\" data-align=\"center\">1330-1128<br \/>2584-4509<\/td>\n<td class=\"has-text-align-center\" data-align=\"center\">1991.<\/td>\n<td class=\"has-text-align-center\" data-align=\"center\">1<\/td>\n<td class=\"has-text-align-center\" data-align=\"center\">&#8212;<\/td>\n<\/tr>\n<tr>\n<td class=\"has-text-align-left\" data-align=\"left\"><a href=\"https:\/\/hrcak.srce.hr\/crkva-u-svijetu\" target=\"_blank\" rel=\"noreferrer noopener\">Crkva u svijetu<\/a><br \/>Catholic Faculty of Theology<\/td>\n<td class=\"has-text-align-center\" data-align=\"center\">0352-4000<br \/>1848-9656<\/td>\n<td class=\"has-text-align-center\" data-align=\"center\">1966.<\/td>\n<td class=\"has-text-align-center\" data-align=\"center\">4<\/td>\n<td class=\"has-text-align-center\" data-align=\"center\"><a title=\"SCImago Journal &amp; Country Rank\" href=\"https:\/\/www.scimagojr.com\/journalsearch.php?q=21100199852&amp;tip=sid&amp;exact=no\"><img src=\"https:\/\/www.scimagojr.com\/journal_img.php?id=21100199852\" alt=\"SCImago Journal &amp; Country Rank\" border=\"0\" \/><\/a><\/td>\n<\/tr>\n<tr>\n<td class=\"has-text-align-left\" data-align=\"left\"><a href=\"https:\/\/hrcak.srce.hr\/cmj\" target=\"_blank\" rel=\"noreferrer noopener\">Croatian Medical Journal<\/a><br \/>University Schools of Medicine: Zagreb, Split, Rijeka<\/td>\n<td class=\"has-text-align-center\" data-align=\"center\">0353-9504<br \/>1332-8166<\/td>\n<td class=\"has-text-align-center\" data-align=\"center\">1992.<\/td>\n<td class=\"has-text-align-center\" data-align=\"center\">6<\/td>\n<td class=\"has-text-align-center\" data-align=\"center\"><a title=\"SCImago Journal &amp; Country Rank\" href=\"https:\/\/www.scimagojr.com\/journalsearch.php?q=29920&amp;tip=sid&amp;exact=no\"><img src=\"https:\/\/www.scimagojr.com\/journal_img.php?id=29920\" alt=\"SCImago Journal &amp; Country Rank\" border=\"0\" \/><\/a><\/td>\n<\/tr>\n<tr>\n<td class=\"has-text-align-left\" data-align=\"left\"><a href=\"https:\/\/crosscultural-korean.ffst.hr\/index.php\/ccsr\/\" target=\"_blank\" rel=\"noreferrer noopener\">Cross Cultural Studies Review<\/a><br \/>University of Split, Centre for Cross-Cultural and Korean Studies Faculty of Humanities and Social Sciences<\/td>\n<td class=\"has-text-align-center\" data-align=\"center\">2671-065X<\/td>\n<td class=\"has-text-align-center\" data-align=\"center\">2019.<\/td>\n<td class=\"has-text-align-center\" data-align=\"center\">1<\/td>\n<td class=\"has-text-align-center\" data-align=\"center\">&#8212;<\/td>\n<\/tr>\n<tr>\n<td class=\"has-text-align-left\" data-align=\"left\"><a href=\"http:\/\/hczz.ozs.unist.hr\/index.php\/hczz\" target=\"_blank\" rel=\"noreferrer noopener\">Hrvatski \u010dasopis zdravstvenih znanosti<\/a><br \/>Sveu\u010dili\u0161te u Splitu, Sveu\u010dili\u0161ni odjel zdravstvenih studija<\/td>\n<td class=\"has-text-align-center\" data-align=\"center\">2787-4761<\/td>\n<td class=\"has-text-align-center\" data-align=\"center\">2021.<\/td>\n<td class=\"has-text-align-center\" data-align=\"center\">&#8211;<\/td>\n<td class=\"has-text-align-center\" data-align=\"center\">&#8212;<\/td>\n<\/tr>\n<tr>\n<td class=\"has-text-align-left\" data-align=\"left\"><a href=\"https:\/\/hrcak.srce.hr\/ijem\" target=\"_blank\" rel=\"noreferrer noopener\">International Journal for Engineering Modelling<\/a><br \/>Faculty of Civil Engineering, Architecture and Geodesy<br \/>Faculty of Electrical Engineering, Mechanical Engineering and Naval Architecture<\/td>\n<td class=\"has-text-align-center\" data-align=\"center\">1330-1365<br \/>1849-8671<\/td>\n<td class=\"has-text-align-center\" data-align=\"center\">1993.<\/td>\n<td class=\"has-text-align-center\" data-align=\"center\">2<\/td>\n<td class=\"has-text-align-center\" data-align=\"center\"><a title=\"SCImago Journal &amp; Country Rank\" href=\"https:\/\/www.scimagojr.com\/journalsearch.php?q=26693&amp;tip=sid&amp;exact=no\"><img src=\"https:\/\/www.scimagojr.com\/journal_img.php?id=26693\" alt=\"SCImago Journal &amp; Country Rank\" border=\"0\" \/><\/a><\/td>\n<\/tr>\n<tr>\n<td class=\"has-text-align-left\" data-align=\"left\"><a href=\"https:\/\/hrcak.srce.hr\/jcomss\" target=\"_blank\" rel=\"noreferrer noopener\">Journal of Communications Software and Systems (JCOMSS)<\/a><br \/>Faculty of Electrical Engineering, Mechanical Engineering and Naval Architecture<\/td>\n<td class=\"has-text-align-center\" data-align=\"center\">1845-6421<br \/>1846-6079<\/td>\n<td class=\"has-text-align-center\" data-align=\"center\">2005.<\/td>\n<td class=\"has-text-align-center\" data-align=\"center\">4<\/td>\n<td class=\"has-text-align-center\" data-align=\"center\"><a title=\"SCImago Journal &amp; Country Rank\" href=\"https:\/\/www.scimagojr.com\/journalsearch.php?q=19900191968&amp;tip=sid&amp;exact=no\"><img src=\"https:\/\/www.scimagojr.com\/journal_img.php?id=19900191968\" alt=\"SCImago Journal &amp; Country Rank\" border=\"0\" \/><\/a><\/td>\n<\/tr>\n<tr>\n<td class=\"has-text-align-left\" data-align=\"left\"><a href=\"https:\/\/hrcak.srce.hr\/management\" target=\"_blank\" rel=\"noreferrer noopener\">Management &#8211; Journal of Contemporary Management Issues<\/a><br \/>Faculty of Economy<\/td>\n<td class=\"has-text-align-center\" data-align=\"center\">1331-0194<br \/>1846-3363<\/td>\n<td class=\"has-text-align-center\" data-align=\"center\">1996.<\/td>\n<td class=\"has-text-align-center\" data-align=\"center\">2<\/td>\n<td class=\"has-text-align-center\" data-align=\"center\"><a title=\"SCImago Journal &amp; Country Rank\" href=\"https:\/\/www.scimagojr.com\/journalsearch.php?q=21233&amp;tip=sid&amp;exact=no\"><img src=\"https:\/\/www.scimagojr.com\/journal_img.php?id=21233\" alt=\"SCImago Journal &amp; Country Rank\" border=\"0\" \/><\/a><\/td>\n<\/tr>\n<tr>\n<td class=\"has-text-align-left\" data-align=\"left\"><a href=\"https:\/\/hrcak.srce.hr\/sluzba-bozja\" target=\"_blank\" rel=\"noreferrer noopener\">Slu\u017eba Bo\u017eja : liturgijsko-pastoralna revija<\/a><br \/>Catholic Faculty of Theology<\/td>\n<td class=\"has-text-align-center\" data-align=\"center\">0037-7074<br \/>1849-1057<\/td>\n<td class=\"has-text-align-center\" data-align=\"center\">1960.<\/td>\n<td class=\"has-text-align-center\" data-align=\"center\">4<\/td>\n<td class=\"has-text-align-center\" data-align=\"center\">&#8212;<\/td>\n<\/tr>\n<tr>\n<td class=\"has-text-align-left\" data-align=\"left\"><a href=\"http:\/\/st-open.unist.hr\/index.php\/st-open\" target=\"_blank\" rel=\"noreferrer noopener\">ST Open<\/a> (overlay+ journal)<br \/>University of Split<\/td>\n<td class=\"has-text-align-center\" data-align=\"center\">2718-3734<\/td>\n<td class=\"has-text-align-center\" data-align=\"center\">2019.<\/td>\n<td class=\"has-text-align-center\" data-align=\"center\">kontinuirano, bez sve\u0161\u010di\u0107a<\/td>\n<td class=\"has-text-align-center\" data-align=\"center\">&#8212;\n<p>\u00a0<\/p>\n<p>\u00a0<\/p>\n<\/td>\n<\/tr>\n<tr>\n<td class=\"has-text-align-left\" data-align=\"left\"><a href=\"https:\/\/hrcak.srce.hr\/skolski-vjesnik\" target=\"_blank\" rel=\"noreferrer noopener\">\u0160kolski vjesnik &#8211; \u010dasopis za pedago\u0161ka i \u0161kolska pitanja<\/a><br \/>Faculty of Humanities and Social Sciences<\/td>\n<td class=\"has-text-align-center\" data-align=\"center\">0037-654X<br \/>1848-0756<\/td>\n<td class=\"has-text-align-center\" data-align=\"center\">1952.<\/td>\n<td class=\"has-text-align-center\" data-align=\"center\">2<\/td>\n<td class=\"has-text-align-center\" data-align=\"center\">&#8212;<\/td>\n<\/tr>\n<tr>\n<td class=\"has-text-align-left\" data-align=\"left\"><a href=\"https:\/\/hrcak.srce.hr\/radovi-pz\" target=\"_blank\" rel=\"noreferrer noopener\">Transactions on Maritime Science &#8211; ToMS<\/a><br \/>Faculty of Maritime Studies<\/td>\n<td class=\"has-text-align-center\" data-align=\"center\">1848-3305<br \/>1848-3313<\/td>\n<td class=\"has-text-align-center\" data-align=\"center\">2012.<\/td>\n<td class=\"has-text-align-center\" data-align=\"center\">2<\/td>\n<td class=\"has-text-align-center\" data-align=\"center\"><a title=\"SCImago Journal &amp; Country Rank\" href=\"https:\/\/www.scimagojr.com\/journalsearch.php?q=21100840720&amp;tip=sid&amp;exact=no\"><img src=\"https:\/\/www.scimagojr.com\/journal_img.php?id=21100840720\" alt=\"SCImago Journal &amp; Country Rank\" border=\"0\" \/><\/a><\/td>\n<\/tr>\n<tr>\n<td class=\"has-text-align-left\" data-align=\"left\"><a href=\"https:\/\/hrcak.srce.hr\/zbornik-ffst\" target=\"_blank\" rel=\"noreferrer noopener\">Zbornik radova Filozofskog fakulteta u Splitu<\/a><br \/>Faculty of Humanities and Social<\/td>\n<td class=\"has-text-align-center\" data-align=\"center\">1846-9426<br \/>2459-5128<\/td>\n<td class=\"has-text-align-center\" data-align=\"center\">2008.<\/td>\n<td class=\"has-text-align-center\" data-align=\"center\">1<\/td>\n<td class=\"has-text-align-center\" data-align=\"center\">\u00a0<\/td>\n<\/tr>\n<tr>\n<td class=\"has-text-align-left\" data-align=\"left\"><a href=\"https:\/\/hrcak.srce.hr\/zbornik-radova-pfs\" target=\"_blank\" rel=\"noreferrer noopener\">Zbornik radova Pravnog fakulteta u Splitu<\/a><br \/>Faculty of Law<\/td>\n<td class=\"has-text-align-center\" data-align=\"center\">0584-9063<br \/>1847-0459<\/td>\n<td class=\"has-text-align-center\" data-align=\"center\">1963.<\/td>\n<td class=\"has-text-align-center\" data-align=\"center\">4<\/td>\n<td class=\"has-text-align-center\" data-align=\"center\">&#8212;<\/td>\n<\/tr>\n<\/tbody>\n<\/table>\n<\/figure>\n<\/div><\/div>\n<\/div><\/div>\n\n\n\n<p><\/p>\n<\/div><\/div>\n","protected":false},"excerpt":{"rendered":"","protected":false},"author":4,"featured_media":0,"parent":0,"menu_order":0,"comment_status":"closed","ping_status":"closed","template":"","meta":{"spay_email":""},"acf":[],"yoast_head":"<!-- This site is optimized with the Yoast SEO plugin v17.8 - https:\/\/yoast.com\/wordpress\/plugins\/seo\/ -->\n<title>\u010casopisi sastavnica Sveu\u010dili\u0161ta u Splitu - Journals published by the University of Split - Sveu\u010dili\u0161na knji\u017enica u Splitu<\/title>\n<meta name=\"description\" content=\"NAZIV \u010cASOPISA\/IZDAVA\u010c ISSN 1. god. izla\u017eenja U\u010destalost izla\u017eenja (godi\u0161nje) SJR - Scimago Journal &amp; Country Rank Acta Mathematica SpalatensiaFaculty\" \/>\n<meta name=\"robots\" content=\"index, follow, max-snippet:-1, max-image-preview:large, max-video-preview:-1\" \/>\n<link rel=\"canonical\" href=\"https:\/\/www.svkst.unist.hr\/index.php\/casopisi-sveucilista-u-splitu\/\" \/>\n<meta property=\"og:locale\" content=\"en_GB\" \/>\n<meta property=\"og:type\" content=\"article\" \/>\n<meta property=\"og:title\" content=\"\u010casopisi sastavnica Sveu\u010dili\u0161ta u Splitu - Journals published by the University of Split - Sveu\u010dili\u0161na knji\u017enica u Splitu\" \/>\n<meta property=\"og:description\" content=\"NAZIV \u010cASOPISA\/IZDAVA\u010c ISSN 1. god. izla\u017eenja U\u010destalost izla\u017eenja (godi\u0161nje) SJR - Scimago Journal &amp; Country Rank Acta Mathematica SpalatensiaFaculty\" \/>\n<meta property=\"og:url\" content=\"https:\/\/www.svkst.unist.hr\/index.php\/casopisi-sveucilista-u-splitu\/\" \/>\n<meta property=\"og:site_name\" content=\"Sveu\u010dili\u0161na knji\u017enica u Splitu\" \/>\n<meta property=\"article:publisher\" content=\"https:\/\/www.facebook.com\/svkst.unist.hr\/\" \/>\n<meta property=\"article:modified_time\" content=\"2025-05-15T13:04:09+00:00\" \/>\n<meta property=\"og:image\" content=\"https:\/\/www.scimagojr.com\/journal_img.php?id=21100199852\" \/>\n<meta name=\"twitter:card\" content=\"summary_large_image\" \/>\n<meta name=\"twitter:label1\" content=\"Estimated reading time\" \/>\n\t<meta name=\"twitter:data1\" content=\"3 minutes\" \/>\n<script type=\"application\/ld+json\" class=\"yoast-schema-graph\">{\"@context\":\"https:\/\/schema.org\",\"@graph\":[{\"@type\":\"Organization\",\"@id\":\"https:\/\/www.svkst.unist.hr\/#organization\",\"name\":\"Sveu\\u010dili\\u0161na knji\\u017enica u Splitu\",\"url\":\"https:\/\/www.svkst.unist.hr\/\",\"sameAs\":[\"https:\/\/www.facebook.com\/svkst.unist.hr\/\"],\"logo\":{\"@type\":\"ImageObject\",\"@id\":\"https:\/\/www.svkst.unist.hr\/#logo\",\"inLanguage\":\"en-GB\",\"url\":\"https:\/\/i2.wp.com\/www.svkst.unist.hr\/wp-content\/uploads\/2018\/02\/sveucilisna_iskaznica_logo_tisak-1.png?fit=600%2C219&ssl=1\",\"contentUrl\":\"https:\/\/i2.wp.com\/www.svkst.unist.hr\/wp-content\/uploads\/2018\/02\/sveucilisna_iskaznica_logo_tisak-1.png?fit=600%2C219&ssl=1\",\"width\":600,\"height\":219,\"caption\":\"Sveu\\u010dili\\u0161na knji\\u017enica u Splitu\"},\"image\":{\"@id\":\"https:\/\/www.svkst.unist.hr\/#logo\"}},{\"@type\":\"WebSite\",\"@id\":\"https:\/\/www.svkst.unist.hr\/#website\",\"url\":\"https:\/\/www.svkst.unist.hr\/\",\"name\":\"Sveu\\u010dili\\u0161na knji\\u017enica u Splitu\",\"description\":\"\",\"publisher\":{\"@id\":\"https:\/\/www.svkst.unist.hr\/#organization\"},\"potentialAction\":[{\"@type\":\"SearchAction\",\"target\":{\"@type\":\"EntryPoint\",\"urlTemplate\":\"https:\/\/www.svkst.unist.hr\/?s={search_term_string}\"},\"query-input\":\"required name=search_term_string\"}],\"inLanguage\":\"en-GB\"},{\"@type\":\"ImageObject\",\"@id\":\"https:\/\/www.svkst.unist.hr\/index.php\/casopisi-sveucilista-u-splitu\/#primaryimage\",\"inLanguage\":\"en-GB\",\"url\":\"https:\/\/www.scimagojr.com\/journal_img.php?id=21100199852\",\"contentUrl\":\"https:\/\/www.scimagojr.com\/journal_img.php?id=21100199852\"},{\"@type\":\"WebPage\",\"@id\":\"https:\/\/www.svkst.unist.hr\/index.php\/casopisi-sveucilista-u-splitu\/#webpage\",\"url\":\"https:\/\/www.svkst.unist.hr\/index.php\/casopisi-sveucilista-u-splitu\/\",\"name\":\"\\u010casopisi sastavnica Sveu\\u010dili\\u0161ta u Splitu - Journals published by the University of Split - Sveu\\u010dili\\u0161na knji\\u017enica u Splitu\",\"isPartOf\":{\"@id\":\"https:\/\/www.svkst.unist.hr\/#website\"},\"primaryImageOfPage\":{\"@id\":\"https:\/\/www.svkst.unist.hr\/index.php\/casopisi-sveucilista-u-splitu\/#primaryimage\"},\"datePublished\":\"2020-08-25T07:56:00+00:00\",\"dateModified\":\"2025-05-15T13:04:09+00:00\",\"description\":\"NAZIV \\u010cASOPISA\/IZDAVA\\u010c ISSN 1. god. izla\\u017eenja U\\u010destalost izla\\u017eenja (godi\\u0161nje) SJR - Scimago Journal &amp; Country Rank Acta Mathematica SpalatensiaFaculty\",\"breadcrumb\":{\"@id\":\"https:\/\/www.svkst.unist.hr\/index.php\/casopisi-sveucilista-u-splitu\/#breadcrumb\"},\"inLanguage\":\"en-GB\",\"potentialAction\":[{\"@type\":\"ReadAction\",\"target\":[\"https:\/\/www.svkst.unist.hr\/index.php\/casopisi-sveucilista-u-splitu\/\"]}]},{\"@type\":\"BreadcrumbList\",\"@id\":\"https:\/\/www.svkst.unist.hr\/index.php\/casopisi-sveucilista-u-splitu\/#breadcrumb\",\"itemListElement\":[{\"@type\":\"ListItem\",\"position\":1,\"name\":\"Home\",\"item\":\"https:\/\/www.svkst.unist.hr\/\"},{\"@type\":\"ListItem\",\"position\":2,\"name\":\"\\u010casopisi sastavnica Sveu\\u010dili\\u0161ta u Splitu &#8211; Journals published by the University of Split\"}]}]}<\/script>\n<!-- \/ Yoast SEO plugin. -->","yoast_head_json":{"title":"\u010casopisi sastavnica Sveu\u010dili\u0161ta u Splitu - Journals published by the University of Split - Sveu\u010dili\u0161na knji\u017enica u Splitu","description":"NAZIV \u010cASOPISA\/IZDAVA\u010c ISSN 1. god. izla\u017eenja U\u010destalost izla\u017eenja (godi\u0161nje) SJR - Scimago Journal &amp; Country Rank Acta Mathematica SpalatensiaFaculty","robots":{"index":"index","follow":"follow","max-snippet":"max-snippet:-1","max-image-preview":"max-image-preview:large","max-video-preview":"max-video-preview:-1"},"canonical":"https:\/\/www.svkst.unist.hr\/index.php\/casopisi-sveucilista-u-splitu\/","og_locale":"en_GB","og_type":"article","og_title":"\u010casopisi sastavnica Sveu\u010dili\u0161ta u Splitu - Journals published by the University of Split - Sveu\u010dili\u0161na knji\u017enica u Splitu","og_description":"NAZIV \u010cASOPISA\/IZDAVA\u010c ISSN 1. god. izla\u017eenja U\u010destalost izla\u017eenja (godi\u0161nje) SJR - Scimago Journal &amp; Country Rank Acta Mathematica SpalatensiaFaculty","og_url":"https:\/\/www.svkst.unist.hr\/index.php\/casopisi-sveucilista-u-splitu\/","og_site_name":"Sveu\u010dili\u0161na knji\u017enica u Splitu","article_publisher":"https:\/\/www.facebook.com\/svkst.unist.hr\/","article_modified_time":"2025-05-15T13:04:09+00:00","og_image":[{"url":"https:\/\/www.scimagojr.com\/journal_img.php?id=21100199852"}],"twitter_card":"summary_large_image","twitter_misc":{"Estimated reading time":"3 minutes"},"schema":{"@context":"https:\/\/schema.org","@graph":[{"@type":"Organization","@id":"https:\/\/www.svkst.unist.hr\/#organization","name":"Sveu\u010dili\u0161na knji\u017enica u Splitu","url":"https:\/\/www.svkst.unist.hr\/","sameAs":["https:\/\/www.facebook.com\/svkst.unist.hr\/"],"logo":{"@type":"ImageObject","@id":"https:\/\/www.svkst.unist.hr\/#logo","inLanguage":"en-GB","url":"https:\/\/i2.wp.com\/www.svkst.unist.hr\/wp-content\/uploads\/2018\/02\/sveucilisna_iskaznica_logo_tisak-1.png?fit=600%2C219&ssl=1","contentUrl":"https:\/\/i2.wp.com\/www.svkst.unist.hr\/wp-content\/uploads\/2018\/02\/sveucilisna_iskaznica_logo_tisak-1.png?fit=600%2C219&ssl=1","width":600,"height":219,"caption":"Sveu\u010dili\u0161na knji\u017enica u Splitu"},"image":{"@id":"https:\/\/www.svkst.unist.hr\/#logo"}},{"@type":"WebSite","@id":"https:\/\/www.svkst.unist.hr\/#website","url":"https:\/\/www.svkst.unist.hr\/","name":"Sveu\u010dili\u0161na knji\u017enica u Splitu","description":"","publisher":{"@id":"https:\/\/www.svkst.unist.hr\/#organization"},"potentialAction":[{"@type":"SearchAction","target":{"@type":"EntryPoint","urlTemplate":"https:\/\/www.svkst.unist.hr\/?s={search_term_string}"},"query-input":"required name=search_term_string"}],"inLanguage":"en-GB"},{"@type":"ImageObject","@id":"https:\/\/www.svkst.unist.hr\/index.php\/casopisi-sveucilista-u-splitu\/#primaryimage","inLanguage":"en-GB","url":"https:\/\/www.scimagojr.com\/journal_img.php?id=21100199852","contentUrl":"https:\/\/www.scimagojr.com\/journal_img.php?id=21100199852"},{"@type":"WebPage","@id":"https:\/\/www.svkst.unist.hr\/index.php\/casopisi-sveucilista-u-splitu\/#webpage","url":"https:\/\/www.svkst.unist.hr\/index.php\/casopisi-sveucilista-u-splitu\/","name":"\u010casopisi sastavnica Sveu\u010dili\u0161ta u Splitu - Journals published by the University of Split - Sveu\u010dili\u0161na knji\u017enica u Splitu","isPartOf":{"@id":"https:\/\/www.svkst.unist.hr\/#website"},"primaryImageOfPage":{"@id":"https:\/\/www.svkst.unist.hr\/index.php\/casopisi-sveucilista-u-splitu\/#primaryimage"},"datePublished":"2020-08-25T07:56:00+00:00","dateModified":"2025-05-15T13:04:09+00:00","description":"NAZIV \u010cASOPISA\/IZDAVA\u010c ISSN 1. god. izla\u017eenja U\u010destalost izla\u017eenja (godi\u0161nje) SJR - Scimago Journal &amp; Country Rank Acta Mathematica SpalatensiaFaculty","breadcrumb":{"@id":"https:\/\/www.svkst.unist.hr\/index.php\/casopisi-sveucilista-u-splitu\/#breadcrumb"},"inLanguage":"en-GB","potentialAction":[{"@type":"ReadAction","target":["https:\/\/www.svkst.unist.hr\/index.php\/casopisi-sveucilista-u-splitu\/"]}]},{"@type":"BreadcrumbList","@id":"https:\/\/www.svkst.unist.hr\/index.php\/casopisi-sveucilista-u-splitu\/#breadcrumb","itemListElement":[{"@type":"ListItem","position":1,"name":"Home","item":"https:\/\/www.svkst.unist.hr\/"},{"@type":"ListItem","position":2,"name":"\u010casopisi sastavnica Sveu\u010dili\u0161ta u Splitu &#8211; Journals published by the University of Split"}]}]}},"jetpack_shortlink":"https:\/\/wp.me\/Pan9Re-1vo","_links":{"self":[{"href":"https:\/\/www.svkst.unist.hr\/index.php\/wp-json\/wp\/v2\/pages\/5790"}],"collection":[{"href":"https:\/\/www.svkst.unist.hr\/index.php\/wp-json\/wp\/v2\/pages"}],"about":[{"href":"https:\/\/www.svkst.unist.hr\/index.php\/wp-json\/wp\/v2\/types\/page"}],"author":[{"embeddable":true,"href":"https:\/\/www.svkst.unist.hr\/index.php\/wp-json\/wp\/v2\/users\/4"}],"replies":[{"embeddable":true,"href":"https:\/\/www.svkst.unist.hr\/index.php\/wp-json\/wp\/v2\/comments?post=5790"}],"version-history":[{"count":24,"href":"https:\/\/www.svkst.unist.hr\/index.php\/wp-json\/wp\/v2\/pages\/5790\/revisions"}],"predecessor-version":[{"id":17016,"href":"https:\/\/www.svkst.unist.hr\/index.php\/wp-json\/wp\/v2\/pages\/5790\/revisions\/17016"}],"wp:attachment":[{"href":"https:\/\/www.svkst.unist.hr\/index.php\/wp-json\/wp\/v2\/media?parent=5790"}],"curies":[{"name":"wp","href":"https:\/\/api.w.org\/{rel}","templated":true}]}}