{"id":5644,"date":"2020-08-12T12:14:16","date_gmt":"2020-08-12T10:14:16","guid":{"rendered":"http:\/\/www.svkst.unist.hr\/?page_id=5644"},"modified":"2026-01-20T08:52:04","modified_gmt":"2026-01-20T07:52:04","slug":"knjiznica-od-a-do-z","status":"publish","type":"page","link":"https:\/\/www.svkst.unist.hr\/index.php\/knjiznica-od-a-do-z\/","title":{"rendered":"Knji\u017enica od A do \u017d!"},"content":{"rendered":"\n<p>Popis usluga i ostalih informacija koje se odnose na Sveu\u010dili\u0161nu knji\u017enicu u Splitu.<br>Za sva dodatna pitanja obratite se na <a href=\"https:\/\/www.svkst.unist.hr\/index.php\/pitajte-nas\/\" target=\"_blank\" rel=\"noreferrer noopener\">Pitajte <\/a><a rel=\"noreferrer noopener\" href=\"https:\/\/www.svkst.unist.hr\/index.php\/pitajte-nas\/\" target=\"_blank\">nas<\/a>!<\/p>\n\n\n\n<div class=\"wp-block-group\"><div class=\"wp-block-group__inner-container\">\n<figure class=\"wp-block-image size-large\"><img data-attachment-id=\"5658\" data-permalink=\"https:\/\/www.svkst.unist.hr\/index.php\/knjiznica-od-a-do-z\/attachment\/knjiznica-od-a-do-z1\/\" data-orig-file=\"https:\/\/www.svkst.unist.hr\/wp-content\/uploads\/2020\/08\/Knji\u017enica-od-A-do-\u017d1.png\" data-orig-size=\"748,179\" data-comments-opened=\"0\" data-image-meta=\"{&quot;aperture&quot;:&quot;0&quot;,&quot;credit&quot;:&quot;&quot;,&quot;camera&quot;:&quot;&quot;,&quot;caption&quot;:&quot;&quot;,&quot;created_timestamp&quot;:&quot;0&quot;,&quot;copyright&quot;:&quot;&quot;,&quot;focal_length&quot;:&quot;0&quot;,&quot;iso&quot;:&quot;0&quot;,&quot;shutter_speed&quot;:&quot;0&quot;,&quot;title&quot;:&quot;&quot;,&quot;orientation&quot;:&quot;0&quot;}\" data-image-title=\"Knji\u017enica-od-A-do-\u017d1\" data-image-description=\"\" data-image-caption=\"\" data-medium-file=\"https:\/\/www.svkst.unist.hr\/wp-content\/uploads\/2020\/08\/Knji\u017enica-od-A-do-\u017d1-300x72.png\" data-large-file=\"https:\/\/www.svkst.unist.hr\/wp-content\/uploads\/2020\/08\/Knji\u017enica-od-A-do-\u017d1.png\" loading=\"lazy\" width=\"748\" height=\"179\" src=\"https:\/\/www.svkst.unist.hr\/wp-content\/uploads\/2020\/08\/Knji\u017enica-od-A-do-\u017d1.png\" alt=\"\" class=\"wp-image-5658\" srcset=\"https:\/\/www.svkst.unist.hr\/wp-content\/uploads\/2020\/08\/Knji\u017enica-od-A-do-\u017d1.png 748w, https:\/\/www.svkst.unist.hr\/wp-content\/uploads\/2020\/08\/Knji\u017enica-od-A-do-\u017d1-300x72.png 300w\" sizes=\"(max-width: 748px) 100vw, 748px\" \/><\/figure>\n<\/div><\/div>\n\n\n\n<p>A<\/p>\n\n\n\n<p><a href=\"https:\/\/www.svkst.unist.hr\/index.php\/rezervacija-mjesta-u-citaonici\/\" target=\"_blank\" rel=\"noreferrer noopener\">Aplikacija za <\/a><a href=\"https:\/\/www.svkst.unist.hr\/index.php\/rezervacija-mjesta-u-citaonici\/\" target=\"_blank\" rel=\"noreferrer noopener\">rezervaciju <\/a><a href=\"https:\/\/www.svkst.unist.hr\/index.php\/rezervacija-mjesta-u-citaonici\/\" target=\"_blank\" rel=\"noreferrer noopener\">\u010ditaoni\u010dkih mjesta<\/a><\/p>\n\n\n\n<p>B<\/p>\n\n\n\n<div class=\"wp-block-group\"><div class=\"wp-block-group__inner-container\">\n<p><a href=\"https:\/\/www.svkst.unist.hr\/index.php\/usluge\/bibliometrijske-usluge\/\" target=\"_blank\" rel=\"noreferrer noopener\">Bibliometrijske <\/a><a href=\"https:\/\/www.svkst.unist.hr\/index.php\/usluge\/bibliometrijske-usluge\/\" target=\"_blank\" rel=\"noreferrer noopener\">usluge<\/a><\/p>\n<\/div><\/div>\n\n\n\n<p>C<\/p>\n\n\n\n<p><a rel=\"noreferrer noopener\" href=\"https:\/\/www.svkst.unist.hr\/index.php\/nakladnistvo\/#c\" target=\"_blank\">CIP <\/a><a href=\"https:\/\/www.svkst.unist.hr\/index.php\/nakladnistvo\/#c\" target=\"_blank\" rel=\"noreferrer noopener\">slu\u017eba<\/a><\/p>\n\n\n\n<p>D<\/p>\n\n\n\n<p><a rel=\"noreferrer noopener\" href=\"https:\/\/repozitorij.svkst.unist.hr\/\" target=\"_blank\">Dabar <\/a>(Repozitorij Sveu\u010dili\u0161ta u Splitu)<\/p>\n\n\n\n<p><a rel=\"noreferrer noopener\" href=\"http:\/\/dalmatica.svkst.hr\/\" target=\"_blank\">Digitalizirana gra\u0111a<\/a> (novine i \u010dasopisi iz fonda knji\u017enice)<\/p>\n\n\n\n<p><a href=\"https:\/\/www.svkst.unist.hr\/index.php\/o-knjiznici\/sluzbeni-dokumenti\/#a\" target=\"_blank\" rel=\"noreferrer noopener\">Dokumenti<\/a> (zakoni, pravilnici, natje\u010daji)<\/p>\n\n\n\n<p>E<\/p>\n\n\n\n<p><a href=\"https:\/\/www.svkst.unist.hr\/index.php\/baze-podataka\/\" target=\"_blank\" rel=\"noreferrer noopener\">Elektroni\u010dki izvori <\/a>(pristup bazama podataka)<\/p>\n\n\n\n<p>F<\/p>\n\n\n\n<p><a rel=\"noreferrer noopener\" href=\"https:\/\/www.svkst.unist.hr\/index.php\/usluge\/fotokopiranje-skeniranje-fotografiranje\/#a\" target=\"_blank\">Fotokopiranje, <\/a><a href=\"https:\/\/www.svkst.unist.hr\/index.php\/usluge\/fotokopiranje-skeniranje-fotografiranje\/#a\" target=\"_blank\" rel=\"noreferrer noopener\">skeniranje <\/a><a rel=\"noreferrer noopener\" href=\"https:\/\/www.svkst.unist.hr\/index.php\/usluge\/fotokopiranje-skeniranje-fotografiranje\/#a\" target=\"_blank\">i fotografiranje<\/a><\/p>\n\n\n\n<p>I<\/p>\n\n\n\n<p><a href=\"https:\/\/www.svkst.unist.hr\/wp-content\/uploads\/2026\/01\/Imenik_20260120.pdf\">Imenik djelatnika SVKST<\/a><\/p>\n\n\n\n<p><a rel=\"noreferrer noopener\" href=\"https:\/\/www.svkst.unist.hr\/index.php\/usluge\/informacijske-usluge\/\" target=\"_blank\">Informacijske usluge<\/a> <\/p>\n\n\n\n<p><a href=\"https:\/\/www.svkst.unist.hr\/index.php\/o-knjiznici\/izdanja-sveucilisne-knjiznice-u-splitu\/\" target=\"_blank\" rel=\"noreferrer noopener\">Izdanja Sveu\u010dili\u0161ne knji\u017enice u Splitu<\/a><\/p>\n\n\n\n<p><a href=\"https:\/\/www.svkst.unist.hr\/index.php\/izlozbe-pi-predavanja\/\" target=\"_blank\" rel=\"noreferrer noopener\">Izlo\u017ebe, predavanja, <\/a><a href=\"https:\/\/www.svkst.unist.hr\/index.php\/izlozbe-pi-predavanja\/\" target=\"_blank\" rel=\"noreferrer noopener\">radionice<\/a><\/p>\n\n\n\n<p>K<\/p>\n\n\n\n<p><a href=\"https:\/\/libar.svkst.unist.hr\/anew\/search.html\" target=\"_blank\" rel=\"noreferrer noopener\">Katalog Sveu\u010dili\u0161ne knji\u017enice u Splitu<\/a> <\/p>\n\n\n\n<p><a rel=\"noreferrer noopener\" href=\"https:\/\/www.svkst.unist.hr\/index.php\/nakladnistvo\/#a\" target=\"_blank\">Klasifikacija \u010dlanaka prema <\/a><a href=\"https:\/\/www.svkst.unist.hr\/index.php\/nakladnistvo\/#a\" target=\"_blank\" rel=\"noreferrer noopener\">na\u010delima <\/a><a rel=\"noreferrer noopener\" href=\"https:\/\/www.svkst.unist.hr\/index.php\/nakladnistvo\/#a\" target=\"_blank\">Univerzalne decimalne klasifikacije<\/a><\/p>\n\n\n\n<p><a href=\"https:\/\/www.svkst.unist.hr\/index.php\/o-knjiznici\/djelatnici\/\" target=\"_blank\" rel=\"noreferrer noopener\">Kontakt<\/a><\/p>\n\n\n\n<p><a href=\"https:\/\/www.svkst.unist.hr\/index.php\/bastina\/restauracija-i-konzervacija\/\" target=\"_blank\" rel=\"noreferrer noopener\">Konzervacija i restauracija<\/a><\/p>\n\n\n\n<p><a href=\"https:\/\/www.svkst.unist.hr\/index.php\/usluge\/korisnici-s-posebnim-potrebama\/\" target=\"_blank\" rel=\"noreferrer noopener\">Korisnici s posebnim <\/a><a href=\"https:\/\/www.svkst.unist.hr\/index.php\/usluge\/korisnici-s-posebnim-potrebama\/\" target=\"_blank\" rel=\"noreferrer noopener\">potrebama <\/a>(usluge)<\/p>\n\n\n\n<p>M<\/p>\n\n\n\n<p><a href=\"https:\/\/www.svkst.unist.hr\/index.php\/zahtjev-za-meduknjiznicnu-posudbu\/\" target=\"_blank\" rel=\"noreferrer noopener\">Me\u0111uknji\u017eni\u010dna posudb<\/a><a rel=\"noreferrer noopener\" href=\"https:\/\/www.svkst.unist.hr\/index.php\/usluge\/posudba-i-grada\/meduknjiznicna-posudba\/\" target=\"_blank\">a<\/a><\/p>\n\n\n\n<p><a href=\"https:\/\/www.svkst.unist.hr\/index.php\/sluzba-za-istrazivanje-i-razvoj-nova\/\" target=\"_blank\" rel=\"noreferrer noopener\">Mati\u010dna slu\u017eba za istra\u017eivanje i razvoj<\/a><\/p>\n\n\n\n<p>N<\/p>\n\n\n\n<p><a href=\"https:\/\/www.svkst.unist.hr\/index.php\/narudzbenica\/\" target=\"_blank\" rel=\"noreferrer noopener\">Narud\u017eba knji\u017eni\u010dne gra\u0111e za \u010ditaonicu<\/a><\/p>\n\n\n\n<p><a rel=\"noreferrer noopener\" href=\"https:\/\/www.svkst.unist.hr\/index.php\/usluge\/citaonice-grupni-rad\/#a\" target=\"_blank\">No\u0107ni rad <\/a><a href=\"https:\/\/www.svkst.unist.hr\/index.php\/usluge\/citaonice-grupni-rad\/#a\" target=\"_blank\" rel=\"noreferrer noopener\">SVKST<\/a><\/p>\n\n\n\n<p><a href=\"https:\/\/www.svkst.unist.hr\/index.php\/category\/novosti\/\" target=\"_blank\" rel=\"noreferrer noopener\">Novosti<\/a><\/p>\n\n\n\n<p>P<\/p>\n\n\n\n<p><a href=\"https:\/\/www.svkst.unist.hr\/index.php\/pitajte-nas\/\" target=\"_blank\" rel=\"noreferrer noopener\">Pitajte <\/a><a href=\"https:\/\/www.svkst.unist.hr\/index.php\/pitajte-nas\/\" target=\"_blank\" rel=\"noreferrer noopener\">nas &#8230; <\/a><\/p>\n\n\n\n<p><a rel=\"noreferrer noopener\" href=\"https:\/\/www.svkst.unist.hr\/index.php\/usluge\/posudba-i-grada\/#a\" target=\"_blank\">Posudba <\/a><a href=\"https:\/\/www.svkst.unist.hr\/index.php\/usluge\/posudba-i-grada\/#a\" target=\"_blank\" rel=\"noreferrer noopener\">gra\u0111e<\/a><\/p>\n\n\n\n<p><a href=\"https:\/\/www.svkst.unist.hr\/index.php\/usluge\/posudba-i-grada\/prijedlog-za-nabavu\/\" target=\"_blank\" rel=\"noreferrer noopener\">Prijedlog <\/a><a rel=\"noreferrer noopener\" href=\"https:\/\/www.svkst.unist.hr\/index.php\/usluge\/posudba-i-grada\/prijedlog-za-nabavu\/\" target=\"_blank\">za nabavu<\/a> (obrazac)<\/p>\n\n\n\n<p>R<\/p>\n\n\n\n<p><a rel=\"noreferrer noopener\" href=\"https:\/\/www.svkst.unist.hr\/index.php\/o-knjiznici\/djelatnici\/\" target=\"_blank\">Radno vrijeme<\/a><\/p>\n\n\n\n<p><a href=\"https:\/\/www.svkst.unist.hr\/index.php\/usluge\/posudba-i-grada\/#a\" target=\"_blank\" rel=\"noreferrer noopener\">Rezervacija <\/a><a href=\"https:\/\/www.svkst.unist.hr\/index.php\/usluge\/posudba-i-grada\/#a\" target=\"_blank\" rel=\"noreferrer noopener\">gra\u0111e<\/a><\/p>\n\n\n\n<p><a rel=\"noreferrer noopener\" href=\"https:\/\/www.svkst.unist.hr\/index.php\/usluge\/citaonice-grupni-rad\/#a\" target=\"_blank\">Rezervacija i kori\u0161tenje soba za <\/a><a href=\"https:\/\/www.svkst.unist.hr\/index.php\/usluge\/citaonice-grupni-rad\/#a\" target=\"_blank\" rel=\"noreferrer noopener\">grupni <\/a><a rel=\"noreferrer noopener\" href=\"https:\/\/www.svkst.unist.hr\/index.php\/usluge\/citaonice-grupni-rad\/#a\" target=\"_blank\">rad<\/a><\/p>\n\n\n\n<p>S<\/p>\n\n\n\n<p><a href=\"https:\/\/www.svkst.unist.hr\/index.php\/novosti\/novo-skeniranje-na-zahtjev\/\" target=\"_blank\" rel=\"noreferrer noopener\">Skeniranje na <\/a><a href=\"https:\/\/www.svkst.unist.hr\/index.php\/novosti\/novo-skeniranje-na-zahtjev\/\" target=\"_blank\" rel=\"noreferrer noopener\">zahtjev<\/a><\/p>\n\n\n\n<p><a href=\"https:\/\/www.svkst.unist.hr\/index.php\/bastina\/specijalne-zbirke\/\" target=\"_blank\" rel=\"noreferrer noopener\">Specijalne <\/a><a href=\"https:\/\/www.svkst.unist.hr\/index.php\/bastina\/specijalne-zbirke\/\" target=\"_blank\" rel=\"noreferrer noopener\">zbirke <\/a>(Zbirka starih knjiga i rukopisa; Kartografska zbirka; Glazbena zbirka; Grafi\u010dka zbirka)<\/p>\n\n\n\n<p><a href=\"https:\/\/www.svkst.unist.hr\/index.php\/sustavno-pretrazivanje-nova-usluga-u-knjiznici\/\">Sustavno pretra\u017eivanje literature <\/a><\/p>\n\n\n\n<p>U<\/p>\n\n\n\n<p><a href=\"https:\/\/www.svkst.unist.hr\/index.php\/usluge\/upisi\/#a\" target=\"_blank\" rel=\"noreferrer noopener\">Upisi<\/a> (Tko se mo\u017ee u\u010dlaniti u knji\u017enicu; \u0160to je potrebno za upis?)<\/p>\n\n\n\n<p><a href=\"https:\/\/www.svkst.unist.hr\/index.php\/sluzba-za-istrazivanje-i-razvoj-nova\/\" target=\"_blank\" rel=\"noreferrer noopener\">Usluge za knji\u017eni\u010dare<\/a><\/p>\n\n\n\n<p><a href=\"https:\/\/www.svkst.unist.hr\/index.php\/nakladnistvo\/\" target=\"_blank\" rel=\"noreferrer noopener\">Usluge za <\/a><a href=\"https:\/\/www.svkst.unist.hr\/index.php\/nakladnistvo\/\" target=\"_blank\" rel=\"noreferrer noopener\">nakladnike<\/a><\/p>\n\n\n\n<p><a rel=\"noreferrer noopener\" href=\"https:\/\/www.svkst.unist.hr\/index.php\/studenti\/\" target=\"_blank\">Usluge za <\/a><a href=\"https:\/\/www.svkst.unist.hr\/index.php\/studenti\/\" target=\"_blank\" rel=\"noreferrer noopener\">studente <\/a><\/p>\n\n\n\n<p><a href=\"https:\/\/www.svkst.unist.hr\/index.php\/znanstveno-nastavno-osoblje\/\" target=\"_blank\" rel=\"noreferrer noopener\">Usluge <\/a><a href=\"https:\/\/www.svkst.unist.hr\/index.php\/znanstveno-nastavno-osoblje\/\" target=\"_blank\" rel=\"noreferrer noopener\">za znanstvenike<\/a><\/p>\n\n\n\n<p>Z<\/p>\n\n\n\n<p><a href=\"https:\/\/www.svkst.unist.hr\/index.php\/znanstveno-nastavno-osoblje\/bibliometrijska-potvrda\/\" target=\"_blank\" rel=\"noreferrer noopener\">Zahtjev za izdavanjem potvrda o faktoru odjeka (IF) pojedinog \u010dasopisa za odre\u0111enu godinu<\/a> (obrazac)<\/p>\n\n\n\n<p><a rel=\"noreferrer noopener\" href=\"https:\/\/www.svkst.unist.hr\/index.php\/znanstveno-nastavno-osoblje\/bibliometrijska-potvrda\/\" target=\"_blank\">Zahtjev za izdavanje potvrda o zastupljenosti <\/a><a href=\"https:\/\/www.svkst.unist.hr\/index.php\/znanstveno-nastavno-osoblje\/bibliometrijska-potvrda\/\" target=\"_blank\" rel=\"noreferrer noopener\">\u010dasopisa <\/a><a rel=\"noreferrer noopener\" href=\"https:\/\/www.svkst.unist.hr\/index.php\/znanstveno-nastavno-osoblje\/bibliometrijska-potvrda\/\" target=\"_blank\">za potrebe \u010dasopisa za odre\u0111enu godinu<\/a> (obrazac)<\/p>\n\n\n\n<p><a rel=\"noreferrer noopener\" href=\"https:\/\/www.svkst.unist.hr\/index.php\/znanstveno-nastavno-osoblje\/bibliometrijska-potvrda\/\" target=\"_blank\">Zahtjev za tra\u017eenje potvrda o zastupljenosti i <\/a><a href=\"https:\/\/www.svkst.unist.hr\/index.php\/znanstveno-nastavno-osoblje\/bibliometrijska-potvrda\/\" target=\"_blank\" rel=\"noreferrer noopener\">citiranosti <\/a><a rel=\"noreferrer noopener\" href=\"https:\/\/www.svkst.unist.hr\/index.php\/znanstveno-nastavno-osoblje\/bibliometrijska-potvrda\/\" target=\"_blank\">znanstvenika<\/a> (obrazac)<\/p>\n","protected":false},"excerpt":{"rendered":"<p>Popis usluga i ostalih informacija koje se odnose na Sveu\u010dili\u0161nu knji\u017enicu u Splitu.Za sva dodatna pitanja obratite se na Pitajte nas! A Aplikacija za rezervaciju \u010ditaoni\u010dkih mjesta B C CIP slu\u017eba D Dabar (Repozitorij Sveu\u010dili\u0161ta u Splitu) Digitalizirana gra\u0111a (novine i \u010dasopisi iz fonda knji\u017enice) Dokumenti (zakoni, pravilnici, natje\u010daji) E Elektroni\u010dki izvori (pristup bazama podataka) [&hellip;]<\/p>\n","protected":false},"author":4,"featured_media":0,"parent":0,"menu_order":0,"comment_status":"closed","ping_status":"closed","template":"","meta":{"spay_email":""},"acf":[],"yoast_head":"<!-- This site is optimized with the Yoast SEO plugin v17.8 - https:\/\/yoast.com\/wordpress\/plugins\/seo\/ -->\n<title>Knji\u017enica od A do \u017d! - Sveu\u010dili\u0161na knji\u017enica u Splitu<\/title>\n<meta name=\"description\" content=\"Popis usluga i ostalih informacija koje se odnose na Sveu\u010dili\u0161nu knji\u017enicu u Splitu.Za sva dodatna pitanja obratite se na Pitajte nas! A Aplikacija za\" \/>\n<meta name=\"robots\" content=\"index, follow, max-snippet:-1, max-image-preview:large, max-video-preview:-1\" \/>\n<link rel=\"canonical\" href=\"https:\/\/www.svkst.unist.hr\/index.php\/knjiznica-od-a-do-z\/\" \/>\n<meta property=\"og:locale\" content=\"en_GB\" \/>\n<meta property=\"og:type\" content=\"article\" \/>\n<meta property=\"og:title\" content=\"Knji\u017enica od A do \u017d! - Sveu\u010dili\u0161na knji\u017enica u Splitu\" \/>\n<meta property=\"og:description\" content=\"Popis usluga i ostalih informacija koje se odnose na Sveu\u010dili\u0161nu knji\u017enicu u Splitu.Za sva dodatna pitanja obratite se na Pitajte nas! A Aplikacija za\" \/>\n<meta property=\"og:url\" content=\"https:\/\/www.svkst.unist.hr\/index.php\/knjiznica-od-a-do-z\/\" \/>\n<meta property=\"og:site_name\" content=\"Sveu\u010dili\u0161na knji\u017enica u Splitu\" \/>\n<meta property=\"article:publisher\" content=\"https:\/\/www.facebook.com\/svkst.unist.hr\/\" \/>\n<meta property=\"article:modified_time\" content=\"2026-01-20T07:52:04+00:00\" \/>\n<meta property=\"og:image\" content=\"http:\/\/www.svkst.unist.hr\/wp-content\/uploads\/2020\/08\/Knji\u017enica-od-A-do-\u017d1.png\" \/>\n<meta name=\"twitter:card\" content=\"summary_large_image\" \/>\n<meta name=\"twitter:label1\" content=\"Estimated reading time\" \/>\n\t<meta name=\"twitter:data1\" content=\"2 minutes\" \/>\n<script type=\"application\/ld+json\" class=\"yoast-schema-graph\">{\"@context\":\"https:\/\/schema.org\",\"@graph\":[{\"@type\":\"Organization\",\"@id\":\"https:\/\/www.svkst.unist.hr\/#organization\",\"name\":\"Sveu\\u010dili\\u0161na knji\\u017enica u Splitu\",\"url\":\"https:\/\/www.svkst.unist.hr\/\",\"sameAs\":[\"https:\/\/www.facebook.com\/svkst.unist.hr\/\"],\"logo\":{\"@type\":\"ImageObject\",\"@id\":\"https:\/\/www.svkst.unist.hr\/#logo\",\"inLanguage\":\"en-GB\",\"url\":\"https:\/\/i2.wp.com\/www.svkst.unist.hr\/wp-content\/uploads\/2018\/02\/sveucilisna_iskaznica_logo_tisak-1.png?fit=600%2C219&ssl=1\",\"contentUrl\":\"https:\/\/i2.wp.com\/www.svkst.unist.hr\/wp-content\/uploads\/2018\/02\/sveucilisna_iskaznica_logo_tisak-1.png?fit=600%2C219&ssl=1\",\"width\":600,\"height\":219,\"caption\":\"Sveu\\u010dili\\u0161na knji\\u017enica u Splitu\"},\"image\":{\"@id\":\"https:\/\/www.svkst.unist.hr\/#logo\"}},{\"@type\":\"WebSite\",\"@id\":\"https:\/\/www.svkst.unist.hr\/#website\",\"url\":\"https:\/\/www.svkst.unist.hr\/\",\"name\":\"Sveu\\u010dili\\u0161na knji\\u017enica u Splitu\",\"description\":\"\",\"publisher\":{\"@id\":\"https:\/\/www.svkst.unist.hr\/#organization\"},\"potentialAction\":[{\"@type\":\"SearchAction\",\"target\":{\"@type\":\"EntryPoint\",\"urlTemplate\":\"https:\/\/www.svkst.unist.hr\/?s={search_term_string}\"},\"query-input\":\"required name=search_term_string\"}],\"inLanguage\":\"en-GB\"},{\"@type\":\"ImageObject\",\"@id\":\"https:\/\/www.svkst.unist.hr\/index.php\/knjiznica-od-a-do-z\/#primaryimage\",\"inLanguage\":\"en-GB\",\"url\":\"http:\/\/www.svkst.unist.hr\/wp-content\/uploads\/2020\/08\/Knji\\u017enica-od-A-do-\\u017d1.png\",\"contentUrl\":\"http:\/\/www.svkst.unist.hr\/wp-content\/uploads\/2020\/08\/Knji\\u017enica-od-A-do-\\u017d1.png\"},{\"@type\":\"WebPage\",\"@id\":\"https:\/\/www.svkst.unist.hr\/index.php\/knjiznica-od-a-do-z\/#webpage\",\"url\":\"https:\/\/www.svkst.unist.hr\/index.php\/knjiznica-od-a-do-z\/\",\"name\":\"Knji\\u017enica od A do \\u017d! - Sveu\\u010dili\\u0161na knji\\u017enica u Splitu\",\"isPartOf\":{\"@id\":\"https:\/\/www.svkst.unist.hr\/#website\"},\"primaryImageOfPage\":{\"@id\":\"https:\/\/www.svkst.unist.hr\/index.php\/knjiznica-od-a-do-z\/#primaryimage\"},\"datePublished\":\"2020-08-12T10:14:16+00:00\",\"dateModified\":\"2026-01-20T07:52:04+00:00\",\"description\":\"Popis usluga i ostalih informacija koje se odnose na Sveu\\u010dili\\u0161nu knji\\u017enicu u Splitu.Za sva dodatna pitanja obratite se na Pitajte nas! A Aplikacija za\",\"breadcrumb\":{\"@id\":\"https:\/\/www.svkst.unist.hr\/index.php\/knjiznica-od-a-do-z\/#breadcrumb\"},\"inLanguage\":\"en-GB\",\"potentialAction\":[{\"@type\":\"ReadAction\",\"target\":[\"https:\/\/www.svkst.unist.hr\/index.php\/knjiznica-od-a-do-z\/\"]}]},{\"@type\":\"BreadcrumbList\",\"@id\":\"https:\/\/www.svkst.unist.hr\/index.php\/knjiznica-od-a-do-z\/#breadcrumb\",\"itemListElement\":[{\"@type\":\"ListItem\",\"position\":1,\"name\":\"Home\",\"item\":\"https:\/\/www.svkst.unist.hr\/\"},{\"@type\":\"ListItem\",\"position\":2,\"name\":\"Knji\\u017enica od A do \\u017d!\"}]}]}<\/script>\n<!-- \/ Yoast SEO plugin. -->","yoast_head_json":{"title":"Knji\u017enica od A do \u017d! - Sveu\u010dili\u0161na knji\u017enica u Splitu","description":"Popis usluga i ostalih informacija koje se odnose na Sveu\u010dili\u0161nu knji\u017enicu u Splitu.Za sva dodatna pitanja obratite se na Pitajte nas! A Aplikacija za","robots":{"index":"index","follow":"follow","max-snippet":"max-snippet:-1","max-image-preview":"max-image-preview:large","max-video-preview":"max-video-preview:-1"},"canonical":"https:\/\/www.svkst.unist.hr\/index.php\/knjiznica-od-a-do-z\/","og_locale":"en_GB","og_type":"article","og_title":"Knji\u017enica od A do \u017d! - Sveu\u010dili\u0161na knji\u017enica u Splitu","og_description":"Popis usluga i ostalih informacija koje se odnose na Sveu\u010dili\u0161nu knji\u017enicu u Splitu.Za sva dodatna pitanja obratite se na Pitajte nas! A Aplikacija za","og_url":"https:\/\/www.svkst.unist.hr\/index.php\/knjiznica-od-a-do-z\/","og_site_name":"Sveu\u010dili\u0161na knji\u017enica u Splitu","article_publisher":"https:\/\/www.facebook.com\/svkst.unist.hr\/","article_modified_time":"2026-01-20T07:52:04+00:00","og_image":[{"url":"http:\/\/www.svkst.unist.hr\/wp-content\/uploads\/2020\/08\/Knji\u017enica-od-A-do-\u017d1.png"}],"twitter_card":"summary_large_image","twitter_misc":{"Estimated reading time":"2 minutes"},"schema":{"@context":"https:\/\/schema.org","@graph":[{"@type":"Organization","@id":"https:\/\/www.svkst.unist.hr\/#organization","name":"Sveu\u010dili\u0161na knji\u017enica u Splitu","url":"https:\/\/www.svkst.unist.hr\/","sameAs":["https:\/\/www.facebook.com\/svkst.unist.hr\/"],"logo":{"@type":"ImageObject","@id":"https:\/\/www.svkst.unist.hr\/#logo","inLanguage":"en-GB","url":"https:\/\/i2.wp.com\/www.svkst.unist.hr\/wp-content\/uploads\/2018\/02\/sveucilisna_iskaznica_logo_tisak-1.png?fit=600%2C219&ssl=1","contentUrl":"https:\/\/i2.wp.com\/www.svkst.unist.hr\/wp-content\/uploads\/2018\/02\/sveucilisna_iskaznica_logo_tisak-1.png?fit=600%2C219&ssl=1","width":600,"height":219,"caption":"Sveu\u010dili\u0161na knji\u017enica u Splitu"},"image":{"@id":"https:\/\/www.svkst.unist.hr\/#logo"}},{"@type":"WebSite","@id":"https:\/\/www.svkst.unist.hr\/#website","url":"https:\/\/www.svkst.unist.hr\/","name":"Sveu\u010dili\u0161na knji\u017enica u Splitu","description":"","publisher":{"@id":"https:\/\/www.svkst.unist.hr\/#organization"},"potentialAction":[{"@type":"SearchAction","target":{"@type":"EntryPoint","urlTemplate":"https:\/\/www.svkst.unist.hr\/?s={search_term_string}"},"query-input":"required name=search_term_string"}],"inLanguage":"en-GB"},{"@type":"ImageObject","@id":"https:\/\/www.svkst.unist.hr\/index.php\/knjiznica-od-a-do-z\/#primaryimage","inLanguage":"en-GB","url":"http:\/\/www.svkst.unist.hr\/wp-content\/uploads\/2020\/08\/Knji\u017enica-od-A-do-\u017d1.png","contentUrl":"http:\/\/www.svkst.unist.hr\/wp-content\/uploads\/2020\/08\/Knji\u017enica-od-A-do-\u017d1.png"},{"@type":"WebPage","@id":"https:\/\/www.svkst.unist.hr\/index.php\/knjiznica-od-a-do-z\/#webpage","url":"https:\/\/www.svkst.unist.hr\/index.php\/knjiznica-od-a-do-z\/","name":"Knji\u017enica od A do \u017d! - Sveu\u010dili\u0161na knji\u017enica u Splitu","isPartOf":{"@id":"https:\/\/www.svkst.unist.hr\/#website"},"primaryImageOfPage":{"@id":"https:\/\/www.svkst.unist.hr\/index.php\/knjiznica-od-a-do-z\/#primaryimage"},"datePublished":"2020-08-12T10:14:16+00:00","dateModified":"2026-01-20T07:52:04+00:00","description":"Popis usluga i ostalih informacija koje se odnose na Sveu\u010dili\u0161nu knji\u017enicu u Splitu.Za sva dodatna pitanja obratite se na Pitajte nas! A Aplikacija za","breadcrumb":{"@id":"https:\/\/www.svkst.unist.hr\/index.php\/knjiznica-od-a-do-z\/#breadcrumb"},"inLanguage":"en-GB","potentialAction":[{"@type":"ReadAction","target":["https:\/\/www.svkst.unist.hr\/index.php\/knjiznica-od-a-do-z\/"]}]},{"@type":"BreadcrumbList","@id":"https:\/\/www.svkst.unist.hr\/index.php\/knjiznica-od-a-do-z\/#breadcrumb","itemListElement":[{"@type":"ListItem","position":1,"name":"Home","item":"https:\/\/www.svkst.unist.hr\/"},{"@type":"ListItem","position":2,"name":"Knji\u017enica od A do \u017d!"}]}]}},"jetpack_shortlink":"https:\/\/wp.me\/Pan9Re-1t2","_links":{"self":[{"href":"https:\/\/www.svkst.unist.hr\/index.php\/wp-json\/wp\/v2\/pages\/5644"}],"collection":[{"href":"https:\/\/www.svkst.unist.hr\/index.php\/wp-json\/wp\/v2\/pages"}],"about":[{"href":"https:\/\/www.svkst.unist.hr\/index.php\/wp-json\/wp\/v2\/types\/page"}],"author":[{"embeddable":true,"href":"https:\/\/www.svkst.unist.hr\/index.php\/wp-json\/wp\/v2\/users\/4"}],"replies":[{"embeddable":true,"href":"https:\/\/www.svkst.unist.hr\/index.php\/wp-json\/wp\/v2\/comments?post=5644"}],"version-history":[{"count":42,"href":"https:\/\/www.svkst.unist.hr\/index.php\/wp-json\/wp\/v2\/pages\/5644\/revisions"}],"predecessor-version":[{"id":45456,"href":"https:\/\/www.svkst.unist.hr\/index.php\/wp-json\/wp\/v2\/pages\/5644\/revisions\/45456"}],"wp:attachment":[{"href":"https:\/\/www.svkst.unist.hr\/index.php\/wp-json\/wp\/v2\/media?parent=5644"}],"curies":[{"name":"wp","href":"https:\/\/api.w.org\/{rel}","templated":true}]}}