{"id":308,"date":"2018-01-25T12:56:41","date_gmt":"2018-01-25T11:56:41","guid":{"rendered":"http:\/\/www.svkst.unist.hr\/?page_id=308"},"modified":"2024-11-28T08:00:14","modified_gmt":"2024-11-28T07:00:14","slug":"digitalizacija","status":"publish","type":"page","link":"https:\/\/www.svkst.unist.hr\/index.php\/bastina\/digitalizacija\/","title":{"rendered":"Digitalizacija"},"content":{"rendered":"\n<p class=\"has-text-align-justify\">Digitalizacija knji\u017eni\u010dne gra\u0111e postala je obvezna metoda u suvremenim knji\u017enicama kojom se omogu\u0107ava javni, otvoren i slobodan mre\u017eni pristup razli\u010ditim sadr\u017eajima da bi se zadovoljile rastu\u0107e potrebe razli\u010ditih korisni\u010dkih zajednica. Ona omogu\u0107ava pro\u0161irenje knji\u017eni\u010dnog fonda, ali i kreiranje novih usluga i sadr\u017eaja, pove\u0107ava dostupnost knji\u017eni\u010dnoj gra\u0111i iz vlastita doma, ali je i oblik preventivne za\u0161tite rijetke, krhke i osjetljive stare gra\u0111e i njena dugoro\u010dnog o\u010duvanja.<\/p>\n\n\n\n<p class=\"has-text-align-justify\">Digitalizacijski programi ne podrazumijevaju samo izradu digitalnih ina\u010dica analognih dokumenata (na papiru, mikrofilmu, filmu kompakt diskovima, video, i sl.), nego i na\u010dine organiziranja i upravljanja gra\u0111om u skladu sa suvremenim knji\u017eni\u010dnim i informati\u010dkim standardima, koja \u0107e omogu\u0107iti njenu \u0161iroke uporabu za potrebe znanstvenih istra\u017eivanja, obrazovanja, provo\u0111enja slobodnog vremena.<\/p>\n\n\n\n<p class=\"has-text-align-justify\">Zbog cjelovitosti i o\u010duvanosti zbirka starih splitskih novina u Sveu\u010dili\u0161noj knji\u017enici upisana je u Registar kulturnih dobara Ministarstva kulture Republike Hrvatske. Stare splitske novine va\u017ene su za rekonstrukciju i razumijevanje politi\u010dke povijesti jer su u razdoblju njihova izla\u017eenja bile jedini javni mediji pa su zna\u010dajno utjecale na formiranje javnog mijenja, a time i na politi\u010dka zbivanja. Novinska zbirka vrijedan je dio fonda Sveu\u010dili\u0161ne knji\u017enice u Splitu ne samo zbog uloge koju su imali pojedini naslovi na politi\u010dke ljude i doga\u0111aje, nego i zato \u0161to su pojedini naslovi i brojevi i jedini sa\u010duvani primjerci. <\/p>\n\n\n\n<p class=\"has-text-align-justify\">Lo\u0161a kvaliteta novinskog papira i neprikladni uvjeti u kojim su se novine \u010duvale do preseljenja knji\u017enice 2009. godine u novu zgradu znatno su utjecale na stanje novinske zbirke, stoga se po\u010delo s izradom digitalne zbirke.<br><br>Ste\u010dena iskustva, znanje i vje\u0161tine, uz razvoj informati\u010dke infrastrukture te stabilan na\u010din financiranja potrebni su za ostvarivanje plana digitalizacije vrijedne i rijetke gra\u0111e (inkunabula, plakata, razglednica, kartografske gra\u0111e, audio i video gra\u0111e) te stvaranja tematskih zbiraka i virtualnih izlo\u017eaba u suradnji s ba\u0161tinskim, obrazovnim i znanstvenim institucijama u regiji.<\/p>\n\n\n\n<p><strong>Projekti digitalizacije: <\/strong><\/p>\n\n\n\n<p><strong>Dalmatica <br><\/strong>Na mre\u017enom portalu <a href=\"https:\/\/library.foi.hr\/zbirka\/index.php?H=sks\">digitalizirane ba\u0161tine Sveu\u010dili\u0161ne knji\u017enice u Splitu<\/a> javno je dostupno vi\u0161e novinskih naslova. Mogu\u0107e je pretra\u017eivanje metapodataka i cjelovitog teksta te slobodno preuzimanje preslika i njihova uporaba uz navo\u0111enje izvora s kojih je preuzeta te povezivanje s vanjskim izvorima.<\/p>\n\n\n\n<p class=\"has-text-align-justify\"><strong>Digitalizacije splitskih humoristi\u010dnih listova (ST-HUM) <\/strong><br>Sveu\u010dili\u0161na knji\u017enica u Splitu zavr\u0161ila je projekt digitalizacije splitskih humoristi\u010dnih listova iz za\u0161ti\u0107enog fonda periodike (ST-HUM) uz financijsku potporu Ministarstva kulture i medija te Splitsko-dalmatinske \u017eupanije.<br>Projektom digitalizacije posredno je za\u0161ti\u0107ena gra\u0111a jedinstvene lokalno-kulturolo\u0161ke vrijednosti te se pove\u0107ala njezina dostupnost i vidljivost. Knji\u017enica svoje korisnike i \u0161iru javnost postupkom digitalizacije gra\u0111e poti\u010de na daljnje istra\u017eivanje hrvatske pisane ba\u0161tine, posebno splitske.<br>Digitalizirane Ba\u0107ine letke i novine mo\u017eete pregledati i pretra\u017eiti&nbsp;<a href=\"https:\/\/library.foi.hr\/zbirka\/sks\" target=\"_blank\" rel=\"noreferrer noopener\">ovdje.<\/a> <\/p>\n","protected":false},"excerpt":{"rendered":"<p>Digitalizacija knji\u017eni\u010dne gra\u0111e postala je obvezna metoda u suvremenim knji\u017enicama kojom se omogu\u0107ava javni, otvoren i slobodan mre\u017eni pristup razli\u010ditim sadr\u017eajima da bi se zadovoljile rastu\u0107e potrebe razli\u010ditih korisni\u010dkih zajednica. Ona omogu\u0107ava pro\u0161irenje knji\u017eni\u010dnog fonda, ali i kreiranje novih usluga i sadr\u017eaja, pove\u0107ava dostupnost knji\u017eni\u010dnoj gra\u0111i iz vlastita doma, ali je i oblik preventivne za\u0161tite [&hellip;]<\/p>\n","protected":false},"author":4,"featured_media":0,"parent":300,"menu_order":3,"comment_status":"closed","ping_status":"closed","template":"","meta":{"spay_email":""},"acf":[],"yoast_head":"<!-- This site is optimized with the Yoast SEO plugin v17.8 - https:\/\/yoast.com\/wordpress\/plugins\/seo\/ -->\n<title>Digitalizacija - Sveu\u010dili\u0161na knji\u017enica u Splitu<\/title>\n<meta name=\"description\" content=\"Digitalizacija knji\u017eni\u010dne gra\u0111e postala je obvezna metoda u suvremenim knji\u017enicama kojom se omogu\u0107ava javni, otvoren i slobodan mre\u017eni pristup razli\u010ditim\" \/>\n<meta name=\"robots\" content=\"index, follow, max-snippet:-1, max-image-preview:large, max-video-preview:-1\" \/>\n<link rel=\"canonical\" href=\"https:\/\/www.svkst.unist.hr\/index.php\/bastina\/digitalizacija\/\" \/>\n<meta property=\"og:locale\" content=\"en_GB\" \/>\n<meta property=\"og:type\" content=\"article\" \/>\n<meta property=\"og:title\" content=\"Digitalizacija - Sveu\u010dili\u0161na knji\u017enica u Splitu\" \/>\n<meta property=\"og:description\" content=\"Digitalizacija knji\u017eni\u010dne gra\u0111e postala je obvezna metoda u suvremenim knji\u017enicama kojom se omogu\u0107ava javni, otvoren i slobodan mre\u017eni pristup razli\u010ditim\" \/>\n<meta property=\"og:url\" content=\"https:\/\/www.svkst.unist.hr\/index.php\/bastina\/digitalizacija\/\" \/>\n<meta property=\"og:site_name\" content=\"Sveu\u010dili\u0161na knji\u017enica u Splitu\" \/>\n<meta property=\"article:publisher\" content=\"https:\/\/www.facebook.com\/svkst.unist.hr\/\" \/>\n<meta property=\"article:modified_time\" content=\"2024-11-28T07:00:14+00:00\" \/>\n<meta name=\"twitter:card\" content=\"summary_large_image\" \/>\n<meta name=\"twitter:label1\" content=\"Estimated reading time\" \/>\n\t<meta name=\"twitter:data1\" content=\"2 minutes\" \/>\n<script type=\"application\/ld+json\" class=\"yoast-schema-graph\">{\"@context\":\"https:\/\/schema.org\",\"@graph\":[{\"@type\":\"Organization\",\"@id\":\"https:\/\/www.svkst.unist.hr\/#organization\",\"name\":\"Sveu\\u010dili\\u0161na knji\\u017enica u Splitu\",\"url\":\"https:\/\/www.svkst.unist.hr\/\",\"sameAs\":[\"https:\/\/www.facebook.com\/svkst.unist.hr\/\"],\"logo\":{\"@type\":\"ImageObject\",\"@id\":\"https:\/\/www.svkst.unist.hr\/#logo\",\"inLanguage\":\"en-GB\",\"url\":\"https:\/\/i2.wp.com\/www.svkst.unist.hr\/wp-content\/uploads\/2018\/02\/sveucilisna_iskaznica_logo_tisak-1.png?fit=600%2C219&ssl=1\",\"contentUrl\":\"https:\/\/i2.wp.com\/www.svkst.unist.hr\/wp-content\/uploads\/2018\/02\/sveucilisna_iskaznica_logo_tisak-1.png?fit=600%2C219&ssl=1\",\"width\":600,\"height\":219,\"caption\":\"Sveu\\u010dili\\u0161na knji\\u017enica u Splitu\"},\"image\":{\"@id\":\"https:\/\/www.svkst.unist.hr\/#logo\"}},{\"@type\":\"WebSite\",\"@id\":\"https:\/\/www.svkst.unist.hr\/#website\",\"url\":\"https:\/\/www.svkst.unist.hr\/\",\"name\":\"Sveu\\u010dili\\u0161na knji\\u017enica u Splitu\",\"description\":\"\",\"publisher\":{\"@id\":\"https:\/\/www.svkst.unist.hr\/#organization\"},\"potentialAction\":[{\"@type\":\"SearchAction\",\"target\":{\"@type\":\"EntryPoint\",\"urlTemplate\":\"https:\/\/www.svkst.unist.hr\/?s={search_term_string}\"},\"query-input\":\"required name=search_term_string\"}],\"inLanguage\":\"en-GB\"},{\"@type\":\"WebPage\",\"@id\":\"https:\/\/www.svkst.unist.hr\/index.php\/bastina\/digitalizacija\/#webpage\",\"url\":\"https:\/\/www.svkst.unist.hr\/index.php\/bastina\/digitalizacija\/\",\"name\":\"Digitalizacija - Sveu\\u010dili\\u0161na knji\\u017enica u Splitu\",\"isPartOf\":{\"@id\":\"https:\/\/www.svkst.unist.hr\/#website\"},\"datePublished\":\"2018-01-25T11:56:41+00:00\",\"dateModified\":\"2024-11-28T07:00:14+00:00\",\"description\":\"Digitalizacija knji\\u017eni\\u010dne gra\\u0111e postala je obvezna metoda u suvremenim knji\\u017enicama kojom se omogu\\u0107ava javni, otvoren i slobodan mre\\u017eni pristup razli\\u010ditim\",\"breadcrumb\":{\"@id\":\"https:\/\/www.svkst.unist.hr\/index.php\/bastina\/digitalizacija\/#breadcrumb\"},\"inLanguage\":\"en-GB\",\"potentialAction\":[{\"@type\":\"ReadAction\",\"target\":[\"https:\/\/www.svkst.unist.hr\/index.php\/bastina\/digitalizacija\/\"]}]},{\"@type\":\"BreadcrumbList\",\"@id\":\"https:\/\/www.svkst.unist.hr\/index.php\/bastina\/digitalizacija\/#breadcrumb\",\"itemListElement\":[{\"@type\":\"ListItem\",\"position\":1,\"name\":\"Home\",\"item\":\"https:\/\/www.svkst.unist.hr\/\"},{\"@type\":\"ListItem\",\"position\":2,\"name\":\"BA\\u0160TINA\",\"item\":\"https:\/\/www.svkst.unist.hr\/index.php\/bastina\/\"},{\"@type\":\"ListItem\",\"position\":3,\"name\":\"Digitalizacija\"}]}]}<\/script>\n<!-- \/ Yoast SEO plugin. -->","yoast_head_json":{"title":"Digitalizacija - Sveu\u010dili\u0161na knji\u017enica u Splitu","description":"Digitalizacija knji\u017eni\u010dne gra\u0111e postala je obvezna metoda u suvremenim knji\u017enicama kojom se omogu\u0107ava javni, otvoren i slobodan mre\u017eni pristup razli\u010ditim","robots":{"index":"index","follow":"follow","max-snippet":"max-snippet:-1","max-image-preview":"max-image-preview:large","max-video-preview":"max-video-preview:-1"},"canonical":"https:\/\/www.svkst.unist.hr\/index.php\/bastina\/digitalizacija\/","og_locale":"en_GB","og_type":"article","og_title":"Digitalizacija - Sveu\u010dili\u0161na knji\u017enica u Splitu","og_description":"Digitalizacija knji\u017eni\u010dne gra\u0111e postala je obvezna metoda u suvremenim knji\u017enicama kojom se omogu\u0107ava javni, otvoren i slobodan mre\u017eni pristup razli\u010ditim","og_url":"https:\/\/www.svkst.unist.hr\/index.php\/bastina\/digitalizacija\/","og_site_name":"Sveu\u010dili\u0161na knji\u017enica u Splitu","article_publisher":"https:\/\/www.facebook.com\/svkst.unist.hr\/","article_modified_time":"2024-11-28T07:00:14+00:00","twitter_card":"summary_large_image","twitter_misc":{"Estimated reading time":"2 minutes"},"schema":{"@context":"https:\/\/schema.org","@graph":[{"@type":"Organization","@id":"https:\/\/www.svkst.unist.hr\/#organization","name":"Sveu\u010dili\u0161na knji\u017enica u Splitu","url":"https:\/\/www.svkst.unist.hr\/","sameAs":["https:\/\/www.facebook.com\/svkst.unist.hr\/"],"logo":{"@type":"ImageObject","@id":"https:\/\/www.svkst.unist.hr\/#logo","inLanguage":"en-GB","url":"https:\/\/i2.wp.com\/www.svkst.unist.hr\/wp-content\/uploads\/2018\/02\/sveucilisna_iskaznica_logo_tisak-1.png?fit=600%2C219&ssl=1","contentUrl":"https:\/\/i2.wp.com\/www.svkst.unist.hr\/wp-content\/uploads\/2018\/02\/sveucilisna_iskaznica_logo_tisak-1.png?fit=600%2C219&ssl=1","width":600,"height":219,"caption":"Sveu\u010dili\u0161na knji\u017enica u Splitu"},"image":{"@id":"https:\/\/www.svkst.unist.hr\/#logo"}},{"@type":"WebSite","@id":"https:\/\/www.svkst.unist.hr\/#website","url":"https:\/\/www.svkst.unist.hr\/","name":"Sveu\u010dili\u0161na knji\u017enica u Splitu","description":"","publisher":{"@id":"https:\/\/www.svkst.unist.hr\/#organization"},"potentialAction":[{"@type":"SearchAction","target":{"@type":"EntryPoint","urlTemplate":"https:\/\/www.svkst.unist.hr\/?s={search_term_string}"},"query-input":"required name=search_term_string"}],"inLanguage":"en-GB"},{"@type":"WebPage","@id":"https:\/\/www.svkst.unist.hr\/index.php\/bastina\/digitalizacija\/#webpage","url":"https:\/\/www.svkst.unist.hr\/index.php\/bastina\/digitalizacija\/","name":"Digitalizacija - Sveu\u010dili\u0161na knji\u017enica u Splitu","isPartOf":{"@id":"https:\/\/www.svkst.unist.hr\/#website"},"datePublished":"2018-01-25T11:56:41+00:00","dateModified":"2024-11-28T07:00:14+00:00","description":"Digitalizacija knji\u017eni\u010dne gra\u0111e postala je obvezna metoda u suvremenim knji\u017enicama kojom se omogu\u0107ava javni, otvoren i slobodan mre\u017eni pristup razli\u010ditim","breadcrumb":{"@id":"https:\/\/www.svkst.unist.hr\/index.php\/bastina\/digitalizacija\/#breadcrumb"},"inLanguage":"en-GB","potentialAction":[{"@type":"ReadAction","target":["https:\/\/www.svkst.unist.hr\/index.php\/bastina\/digitalizacija\/"]}]},{"@type":"BreadcrumbList","@id":"https:\/\/www.svkst.unist.hr\/index.php\/bastina\/digitalizacija\/#breadcrumb","itemListElement":[{"@type":"ListItem","position":1,"name":"Home","item":"https:\/\/www.svkst.unist.hr\/"},{"@type":"ListItem","position":2,"name":"BA\u0160TINA","item":"https:\/\/www.svkst.unist.hr\/index.php\/bastina\/"},{"@type":"ListItem","position":3,"name":"Digitalizacija"}]}]}},"jetpack_shortlink":"https:\/\/wp.me\/Pan9Re-4Y","_links":{"self":[{"href":"https:\/\/www.svkst.unist.hr\/index.php\/wp-json\/wp\/v2\/pages\/308"}],"collection":[{"href":"https:\/\/www.svkst.unist.hr\/index.php\/wp-json\/wp\/v2\/pages"}],"about":[{"href":"https:\/\/www.svkst.unist.hr\/index.php\/wp-json\/wp\/v2\/types\/page"}],"author":[{"embeddable":true,"href":"https:\/\/www.svkst.unist.hr\/index.php\/wp-json\/wp\/v2\/users\/4"}],"replies":[{"embeddable":true,"href":"https:\/\/www.svkst.unist.hr\/index.php\/wp-json\/wp\/v2\/comments?post=308"}],"version-history":[{"count":10,"href":"https:\/\/www.svkst.unist.hr\/index.php\/wp-json\/wp\/v2\/pages\/308\/revisions"}],"predecessor-version":[{"id":16238,"href":"https:\/\/www.svkst.unist.hr\/index.php\/wp-json\/wp\/v2\/pages\/308\/revisions\/16238"}],"up":[{"embeddable":true,"href":"https:\/\/www.svkst.unist.hr\/index.php\/wp-json\/wp\/v2\/pages\/300"}],"wp:attachment":[{"href":"https:\/\/www.svkst.unist.hr\/index.php\/wp-json\/wp\/v2\/media?parent=308"}],"curies":[{"name":"wp","href":"https:\/\/api.w.org\/{rel}","templated":true}]}}