{"id":303,"date":"2018-01-25T12:55:35","date_gmt":"2018-01-25T11:55:35","guid":{"rendered":"http:\/\/www.svkst.unist.hr\/?page_id=303"},"modified":"2018-09-20T12:41:23","modified_gmt":"2018-09-20T11:41:23","slug":"specijalne-zbirke","status":"publish","type":"page","link":"https:\/\/www.svkst.unist.hr\/index.php\/bastina\/specijalne-zbirke\/","title":{"rendered":"Specijalne zbirke"},"content":{"rendered":"<p style=\"text-align: justify;\">Jo\u0161 od osnutka Gradske biblioteke 1903. godine postojala je jasna vizija da se za zbirku Dalmatica, uz tiskanu gra\u0111u op\u0107enito, prikupljaju rukopisi, stare knjige (od 1450. do 1850.), kartografska i notna gra\u0111a te grafike. Danas je ta gra\u0111a sadr\u017eana u zbirkama Odjela specijalnih zbirki (Zbirke gra\u0111e posebne vrste), koji je  smje\u0161ten na eta\u017ei -2, lijevo od izlaza iz dizala. Informacije o gra\u0111i dostupne su putem kataloga \u2013 elektroni\u010dkog (Crolist), listi\u0107nog, kao i na upit.<\/p>\n<p style=\"text-align: justify;\">\nNapominjemo, na osnovi tog fonda nastali su brojni radovi \u2013 stru\u010dni i znanstveni \u010dlanci, diplomski, magistarski i doktorski radovi te knjige, o \u010demu svjedo\u010di bogata dokumentacija o gra\u0111i Odjela s citiranim signaturama zbirki.<br \/>\nPosjetite nas i odaberite temu za jedan od svojih radova ili projekata!<br \/>\nUkoliko nemate namjeru istra\u017eivati gra\u0111u, ve\u0107 se samo upoznati s dokumentima minulih vremena i prostora, obogatiti svoje spoznaje te se odmoriti od svakodnevnih sadr\u017eaja razgledavaju\u0107i neku od tematskih izlo\u017ebi Odjela. <\/p>\n<p>Snimanje gra\u0111e u svrhu znanstvenog i stru\u010dnog rada obavlja se prema dogovoru.<br \/>\n&nbsp;<\/p>\n<p style=\"text-align: justify;\">\n<strong>Radno vrijeme:<\/strong><br \/>\nponedjeljak \u2013 petak  8.00 \u2013 15.00 sati<br \/>\ntel.:+ 385 (0) 21 434 830<br \/>\ne-po\u0161ta: mihaela.kovacic@svkst.hr<\/p>\n<p>&nbsp;<\/p>\n<h3><a href=\"#a\" class=\"show_hide\">Zbirka starih knjiga i rukopisa<\/a><\/h3>\n<div class=\"slidingDiv\">\n<p style=\"text-align: justify;\">Zbirka sakuplja, \u010duva, obra\u0111uje i daje na kori\u0161tenje bogati fond rukopisa nastalih od 13. do 20. stolje\u0107a te brojne rijetke i stare knjige na hrvatskom, latinskom, talijanskom, francuskom i njema\u010dkom jeziku.<br \/>\nOd autora spomenimo tek Marka Maruli\u0107a, Marina Dr\u017ei\u0107a, Ivana Gunduli\u0107a, Andriju Ka\u010di\u0107a Mio\u0161i\u0107a, Matiju Divkovi\u0107a, Franu Petrisa, Marina Getaldi\u0107a, Ivana Luci\u0107a, Ru\u0111era Bo\u0161kovi\u0107a, Jakova Mikalju i mnoge druge.\n<\/p>\n<p>&nbsp;\n<\/p><\/div>\n<h3><a href=\"#a\" class=\"show_hide\">Kartografska zbirka<\/a><\/h3>\n<div class=\"slidingDiv\">\n<p style=\"text-align: justify;\">\nbroji 3000 jedinica kartografske gra\u0111e. Oznaka gra\u0111e je K i pripadaju\u0107i broj. <\/p>\n<p>&nbsp;\n<\/p><\/div>\n<h3><a href=\"#a\" class=\"show_hide\">Glazbena zbirka<\/a><\/h3>\n<div class=\"slidingDiv\">\n<p style=\"text-align: justify;\">\nbroji 7000 jedinica (tiskana notna gra\u0111a, CD, audio kasete, gramofonske plo\u010de. Oznaka gra\u0111e je N, CD, AU i pripadaju\u0107i broj. <\/p>\n<p>&nbsp;\n<\/p><\/div>\n<h3><a href=\"#a\" class=\"show_hide\">Grafi\u010dka zbirka<\/a><\/h3>\n<div class=\"slidingDiv\">\n<p style=\"text-align: justify;\">\nbroji 5000 jedinica gra\u0111e likovno dokumentarnog zna\u010daja (grafi\u010dke mape, grafike, crte\u017ei, akvareli, fotografije &#8230;). Oznaka gra\u0111e je Gr i pripadaju\u0107i broj.<\/p>\n<p>&nbsp;\n<\/p><\/div>\n","protected":false},"excerpt":{"rendered":"<p>Jo\u0161 od osnutka Gradske biblioteke 1903. godine postojala je jasna vizija da se za zbirku Dalmatica, uz tiskanu gra\u0111u op\u0107enito, prikupljaju rukopisi, stare knjige (od 1450. do 1850.), kartografska i notna gra\u0111a te grafike. Danas je ta gra\u0111a sadr\u017eana u zbirkama Odjela specijalnih zbirki (Zbirke gra\u0111e posebne vrste), koji je smje\u0161ten na eta\u017ei -2, lijevo [&hellip;]<\/p>\n","protected":false},"author":4,"featured_media":0,"parent":300,"menu_order":1,"comment_status":"closed","ping_status":"closed","template":"","meta":{"spay_email":""},"acf":[],"yoast_head":"<!-- This site is optimized with the Yoast SEO plugin v17.8 - https:\/\/yoast.com\/wordpress\/plugins\/seo\/ -->\n<title>Specijalne zbirke - Sveu\u010dili\u0161na knji\u017enica u Splitu<\/title>\n<meta name=\"description\" content=\"Jo\u0161 od osnutka Gradske biblioteke 1903. godine postojala je jasna vizija da se za zbirku Dalmatica, uz tiskanu gra\u0111u op\u0107enito, prikupljaju rukopisi, stare\" \/>\n<meta name=\"robots\" content=\"index, follow, max-snippet:-1, max-image-preview:large, max-video-preview:-1\" \/>\n<link rel=\"canonical\" href=\"https:\/\/www.svkst.unist.hr\/index.php\/bastina\/specijalne-zbirke\/\" \/>\n<meta property=\"og:locale\" content=\"en_GB\" \/>\n<meta property=\"og:type\" content=\"article\" \/>\n<meta property=\"og:title\" content=\"Specijalne zbirke - Sveu\u010dili\u0161na knji\u017enica u Splitu\" \/>\n<meta property=\"og:description\" content=\"Jo\u0161 od osnutka Gradske biblioteke 1903. godine postojala je jasna vizija da se za zbirku Dalmatica, uz tiskanu gra\u0111u op\u0107enito, prikupljaju rukopisi, stare\" \/>\n<meta property=\"og:url\" content=\"https:\/\/www.svkst.unist.hr\/index.php\/bastina\/specijalne-zbirke\/\" \/>\n<meta property=\"og:site_name\" content=\"Sveu\u010dili\u0161na knji\u017enica u Splitu\" \/>\n<meta property=\"article:publisher\" content=\"https:\/\/www.facebook.com\/svkst.unist.hr\/\" \/>\n<meta property=\"article:modified_time\" content=\"2018-09-20T11:41:23+00:00\" \/>\n<meta name=\"twitter:card\" content=\"summary_large_image\" \/>\n<meta name=\"twitter:label1\" content=\"Estimated reading time\" \/>\n\t<meta name=\"twitter:data1\" content=\"2 minutes\" \/>\n<script type=\"application\/ld+json\" class=\"yoast-schema-graph\">{\"@context\":\"https:\/\/schema.org\",\"@graph\":[{\"@type\":\"Organization\",\"@id\":\"https:\/\/www.svkst.unist.hr\/#organization\",\"name\":\"Sveu\\u010dili\\u0161na knji\\u017enica u Splitu\",\"url\":\"https:\/\/www.svkst.unist.hr\/\",\"sameAs\":[\"https:\/\/www.facebook.com\/svkst.unist.hr\/\"],\"logo\":{\"@type\":\"ImageObject\",\"@id\":\"https:\/\/www.svkst.unist.hr\/#logo\",\"inLanguage\":\"en-GB\",\"url\":\"https:\/\/i2.wp.com\/www.svkst.unist.hr\/wp-content\/uploads\/2018\/02\/sveucilisna_iskaznica_logo_tisak-1.png?fit=600%2C219&ssl=1\",\"contentUrl\":\"https:\/\/i2.wp.com\/www.svkst.unist.hr\/wp-content\/uploads\/2018\/02\/sveucilisna_iskaznica_logo_tisak-1.png?fit=600%2C219&ssl=1\",\"width\":600,\"height\":219,\"caption\":\"Sveu\\u010dili\\u0161na knji\\u017enica u Splitu\"},\"image\":{\"@id\":\"https:\/\/www.svkst.unist.hr\/#logo\"}},{\"@type\":\"WebSite\",\"@id\":\"https:\/\/www.svkst.unist.hr\/#website\",\"url\":\"https:\/\/www.svkst.unist.hr\/\",\"name\":\"Sveu\\u010dili\\u0161na knji\\u017enica u Splitu\",\"description\":\"\",\"publisher\":{\"@id\":\"https:\/\/www.svkst.unist.hr\/#organization\"},\"potentialAction\":[{\"@type\":\"SearchAction\",\"target\":{\"@type\":\"EntryPoint\",\"urlTemplate\":\"https:\/\/www.svkst.unist.hr\/?s={search_term_string}\"},\"query-input\":\"required name=search_term_string\"}],\"inLanguage\":\"en-GB\"},{\"@type\":\"WebPage\",\"@id\":\"https:\/\/www.svkst.unist.hr\/index.php\/bastina\/specijalne-zbirke\/#webpage\",\"url\":\"https:\/\/www.svkst.unist.hr\/index.php\/bastina\/specijalne-zbirke\/\",\"name\":\"Specijalne zbirke - Sveu\\u010dili\\u0161na knji\\u017enica u Splitu\",\"isPartOf\":{\"@id\":\"https:\/\/www.svkst.unist.hr\/#website\"},\"datePublished\":\"2018-01-25T11:55:35+00:00\",\"dateModified\":\"2018-09-20T11:41:23+00:00\",\"description\":\"Jo\\u0161 od osnutka Gradske biblioteke 1903. godine postojala je jasna vizija da se za zbirku Dalmatica, uz tiskanu gra\\u0111u op\\u0107enito, prikupljaju rukopisi, stare\",\"breadcrumb\":{\"@id\":\"https:\/\/www.svkst.unist.hr\/index.php\/bastina\/specijalne-zbirke\/#breadcrumb\"},\"inLanguage\":\"en-GB\",\"potentialAction\":[{\"@type\":\"ReadAction\",\"target\":[\"https:\/\/www.svkst.unist.hr\/index.php\/bastina\/specijalne-zbirke\/\"]}]},{\"@type\":\"BreadcrumbList\",\"@id\":\"https:\/\/www.svkst.unist.hr\/index.php\/bastina\/specijalne-zbirke\/#breadcrumb\",\"itemListElement\":[{\"@type\":\"ListItem\",\"position\":1,\"name\":\"Home\",\"item\":\"https:\/\/www.svkst.unist.hr\/\"},{\"@type\":\"ListItem\",\"position\":2,\"name\":\"BA\\u0160TINA\",\"item\":\"https:\/\/www.svkst.unist.hr\/index.php\/bastina\/\"},{\"@type\":\"ListItem\",\"position\":3,\"name\":\"Specijalne zbirke\"}]}]}<\/script>\n<!-- \/ Yoast SEO plugin. -->","yoast_head_json":{"title":"Specijalne zbirke - Sveu\u010dili\u0161na knji\u017enica u Splitu","description":"Jo\u0161 od osnutka Gradske biblioteke 1903. godine postojala je jasna vizija da se za zbirku Dalmatica, uz tiskanu gra\u0111u op\u0107enito, prikupljaju rukopisi, stare","robots":{"index":"index","follow":"follow","max-snippet":"max-snippet:-1","max-image-preview":"max-image-preview:large","max-video-preview":"max-video-preview:-1"},"canonical":"https:\/\/www.svkst.unist.hr\/index.php\/bastina\/specijalne-zbirke\/","og_locale":"en_GB","og_type":"article","og_title":"Specijalne zbirke - Sveu\u010dili\u0161na knji\u017enica u Splitu","og_description":"Jo\u0161 od osnutka Gradske biblioteke 1903. godine postojala je jasna vizija da se za zbirku Dalmatica, uz tiskanu gra\u0111u op\u0107enito, prikupljaju rukopisi, stare","og_url":"https:\/\/www.svkst.unist.hr\/index.php\/bastina\/specijalne-zbirke\/","og_site_name":"Sveu\u010dili\u0161na knji\u017enica u Splitu","article_publisher":"https:\/\/www.facebook.com\/svkst.unist.hr\/","article_modified_time":"2018-09-20T11:41:23+00:00","twitter_card":"summary_large_image","twitter_misc":{"Estimated reading time":"2 minutes"},"schema":{"@context":"https:\/\/schema.org","@graph":[{"@type":"Organization","@id":"https:\/\/www.svkst.unist.hr\/#organization","name":"Sveu\u010dili\u0161na knji\u017enica u Splitu","url":"https:\/\/www.svkst.unist.hr\/","sameAs":["https:\/\/www.facebook.com\/svkst.unist.hr\/"],"logo":{"@type":"ImageObject","@id":"https:\/\/www.svkst.unist.hr\/#logo","inLanguage":"en-GB","url":"https:\/\/i2.wp.com\/www.svkst.unist.hr\/wp-content\/uploads\/2018\/02\/sveucilisna_iskaznica_logo_tisak-1.png?fit=600%2C219&ssl=1","contentUrl":"https:\/\/i2.wp.com\/www.svkst.unist.hr\/wp-content\/uploads\/2018\/02\/sveucilisna_iskaznica_logo_tisak-1.png?fit=600%2C219&ssl=1","width":600,"height":219,"caption":"Sveu\u010dili\u0161na knji\u017enica u Splitu"},"image":{"@id":"https:\/\/www.svkst.unist.hr\/#logo"}},{"@type":"WebSite","@id":"https:\/\/www.svkst.unist.hr\/#website","url":"https:\/\/www.svkst.unist.hr\/","name":"Sveu\u010dili\u0161na knji\u017enica u Splitu","description":"","publisher":{"@id":"https:\/\/www.svkst.unist.hr\/#organization"},"potentialAction":[{"@type":"SearchAction","target":{"@type":"EntryPoint","urlTemplate":"https:\/\/www.svkst.unist.hr\/?s={search_term_string}"},"query-input":"required name=search_term_string"}],"inLanguage":"en-GB"},{"@type":"WebPage","@id":"https:\/\/www.svkst.unist.hr\/index.php\/bastina\/specijalne-zbirke\/#webpage","url":"https:\/\/www.svkst.unist.hr\/index.php\/bastina\/specijalne-zbirke\/","name":"Specijalne zbirke - Sveu\u010dili\u0161na knji\u017enica u Splitu","isPartOf":{"@id":"https:\/\/www.svkst.unist.hr\/#website"},"datePublished":"2018-01-25T11:55:35+00:00","dateModified":"2018-09-20T11:41:23+00:00","description":"Jo\u0161 od osnutka Gradske biblioteke 1903. godine postojala je jasna vizija da se za zbirku Dalmatica, uz tiskanu gra\u0111u op\u0107enito, prikupljaju rukopisi, stare","breadcrumb":{"@id":"https:\/\/www.svkst.unist.hr\/index.php\/bastina\/specijalne-zbirke\/#breadcrumb"},"inLanguage":"en-GB","potentialAction":[{"@type":"ReadAction","target":["https:\/\/www.svkst.unist.hr\/index.php\/bastina\/specijalne-zbirke\/"]}]},{"@type":"BreadcrumbList","@id":"https:\/\/www.svkst.unist.hr\/index.php\/bastina\/specijalne-zbirke\/#breadcrumb","itemListElement":[{"@type":"ListItem","position":1,"name":"Home","item":"https:\/\/www.svkst.unist.hr\/"},{"@type":"ListItem","position":2,"name":"BA\u0160TINA","item":"https:\/\/www.svkst.unist.hr\/index.php\/bastina\/"},{"@type":"ListItem","position":3,"name":"Specijalne zbirke"}]}]}},"jetpack_shortlink":"https:\/\/wp.me\/Pan9Re-4T","_links":{"self":[{"href":"https:\/\/www.svkst.unist.hr\/index.php\/wp-json\/wp\/v2\/pages\/303"}],"collection":[{"href":"https:\/\/www.svkst.unist.hr\/index.php\/wp-json\/wp\/v2\/pages"}],"about":[{"href":"https:\/\/www.svkst.unist.hr\/index.php\/wp-json\/wp\/v2\/types\/page"}],"author":[{"embeddable":true,"href":"https:\/\/www.svkst.unist.hr\/index.php\/wp-json\/wp\/v2\/users\/4"}],"replies":[{"embeddable":true,"href":"https:\/\/www.svkst.unist.hr\/index.php\/wp-json\/wp\/v2\/comments?post=303"}],"version-history":[{"count":23,"href":"https:\/\/www.svkst.unist.hr\/index.php\/wp-json\/wp\/v2\/pages\/303\/revisions"}],"predecessor-version":[{"id":821,"href":"https:\/\/www.svkst.unist.hr\/index.php\/wp-json\/wp\/v2\/pages\/303\/revisions\/821"}],"up":[{"embeddable":true,"href":"https:\/\/www.svkst.unist.hr\/index.php\/wp-json\/wp\/v2\/pages\/300"}],"wp:attachment":[{"href":"https:\/\/www.svkst.unist.hr\/index.php\/wp-json\/wp\/v2\/media?parent=303"}],"curies":[{"name":"wp","href":"https:\/\/api.w.org\/{rel}","templated":true}]}}