{"id":286,"date":"2018-01-25T12:50:27","date_gmt":"2018-01-25T11:50:27","guid":{"rendered":"http:\/\/www.svkst.unist.hr\/?page_id=286"},"modified":"2019-01-23T15:26:25","modified_gmt":"2019-01-23T14:26:25","slug":"izlozbe-pi-predavanja","status":"publish","type":"page","link":"https:\/\/www.svkst.unist.hr\/index.php\/izlozbe-pi-predavanja\/","title":{"rendered":"IZLO\u017dBE I PREDAVANJA"},"content":{"rendered":"<p><a href=\"https:\/\/www.svkst.unist.hr\/wp-content\/uploads\/2018\/09\/za-izlozbe_predavanja.png\"><img data-attachment-id=\"2794\" data-permalink=\"https:\/\/www.svkst.unist.hr\/index.php\/izlozbe-pi-predavanja\/attachment\/za-izlozbe_predavanja\/\" data-orig-file=\"https:\/\/www.svkst.unist.hr\/wp-content\/uploads\/2018\/09\/za-izlozbe_predavanja.png\" data-orig-size=\"1129,261\" data-comments-opened=\"0\" data-image-meta=\"{&quot;aperture&quot;:&quot;0&quot;,&quot;credit&quot;:&quot;&quot;,&quot;camera&quot;:&quot;&quot;,&quot;caption&quot;:&quot;&quot;,&quot;created_timestamp&quot;:&quot;0&quot;,&quot;copyright&quot;:&quot;&quot;,&quot;focal_length&quot;:&quot;0&quot;,&quot;iso&quot;:&quot;0&quot;,&quot;shutter_speed&quot;:&quot;0&quot;,&quot;title&quot;:&quot;&quot;,&quot;orientation&quot;:&quot;0&quot;}\" data-image-title=\"za izlozbe_predavanja\" data-image-description=\"\" data-image-caption=\"\" data-medium-file=\"https:\/\/www.svkst.unist.hr\/wp-content\/uploads\/2018\/09\/za-izlozbe_predavanja-300x69.png\" data-large-file=\"https:\/\/www.svkst.unist.hr\/wp-content\/uploads\/2018\/09\/za-izlozbe_predavanja-1024x237.png\" loading=\"lazy\" src=\"https:\/\/www.svkst.unist.hr\/wp-content\/uploads\/2018\/09\/za-izlozbe_predavanja.png\" alt=\"\" width=\"1129\" height=\"261\" class=\"alignnone size-full wp-image-2794\" srcset=\"https:\/\/www.svkst.unist.hr\/wp-content\/uploads\/2018\/09\/za-izlozbe_predavanja.png 1129w, https:\/\/www.svkst.unist.hr\/wp-content\/uploads\/2018\/09\/za-izlozbe_predavanja-300x69.png 300w, https:\/\/www.svkst.unist.hr\/wp-content\/uploads\/2018\/09\/za-izlozbe_predavanja-768x178.png 768w, https:\/\/www.svkst.unist.hr\/wp-content\/uploads\/2018\/09\/za-izlozbe_predavanja-1024x237.png 1024w\" sizes=\"(max-width: 1129px) 100vw, 1129px\" \/><\/a><\/p>\n<table style=\"background-color: #e4e8ea;\" width=\"100%\">\n<tbody>\n<tr>\n<td width=\"50%\">\n<h3><a href=\"https:\/\/www.svkst.unist.hr\/index.php\/category\/galerija\/izlozbe-2\/\"><span style=\"color: #3a3a3a;\">Izlo\u017ebe<\/span><\/a><\/h3>\n<\/td>\n<\/tr>\n<\/tbody>\n<\/table>\n<table style=\"background-color: #e4e8ea;\" width=\"100%\">\n<tbody>\n<tr>\n<td width=\"50%\">\n<h3><a href=\"https:\/\/www.svkst.unist.hr\/index.php\/category\/galerija\/predavanja\/\"><span style=\"color: #3a3a3a;\">Predavanja<\/span><\/a><\/h3>\n<\/td>\n<\/tr>\n<\/tbody>\n<\/table>\n<table style=\"background-color: #e4e8ea;\" width=\"100%\">\n<tbody>\n<tr>\n<td width=\"50%\">\n<h3><a href=\"https:\/\/www.svkst.unist.hr\/index.php\/category\/galerija\/radionice\/\"><span style=\"color: #3a3a3a;\">Radionice<\/span><\/a><\/h3>\n<\/td>\n<\/tr>\n<\/tbody>\n<\/table>\n","protected":false},"excerpt":{"rendered":"<p>Izlo\u017ebe Predavanja Radionice<\/p>\n","protected":false},"author":4,"featured_media":0,"parent":0,"menu_order":0,"comment_status":"closed","ping_status":"closed","template":"","meta":{"spay_email":""},"acf":[],"yoast_head":"<!-- This site is optimized with the Yoast SEO plugin v17.8 - https:\/\/yoast.com\/wordpress\/plugins\/seo\/ -->\n<title>IZLO\u017dBE I PREDAVANJA - Sveu\u010dili\u0161na knji\u017enica u Splitu<\/title>\n<meta name=\"description\" content=\"Izlo\u017ebe     Predavanja     Radionice\" \/>\n<meta name=\"robots\" content=\"index, follow, max-snippet:-1, max-image-preview:large, max-video-preview:-1\" \/>\n<link rel=\"canonical\" href=\"https:\/\/www.svkst.unist.hr\/index.php\/izlozbe-pi-predavanja\/\" \/>\n<meta property=\"og:locale\" content=\"en_GB\" \/>\n<meta property=\"og:type\" content=\"article\" \/>\n<meta property=\"og:title\" content=\"IZLO\u017dBE I PREDAVANJA - Sveu\u010dili\u0161na knji\u017enica u Splitu\" \/>\n<meta property=\"og:description\" content=\"Izlo\u017ebe     Predavanja     Radionice\" \/>\n<meta property=\"og:url\" content=\"https:\/\/www.svkst.unist.hr\/index.php\/izlozbe-pi-predavanja\/\" \/>\n<meta property=\"og:site_name\" content=\"Sveu\u010dili\u0161na knji\u017enica u Splitu\" \/>\n<meta property=\"article:publisher\" content=\"https:\/\/www.facebook.com\/svkst.unist.hr\/\" \/>\n<meta property=\"article:modified_time\" content=\"2019-01-23T14:26:25+00:00\" \/>\n<meta property=\"og:image\" content=\"http:\/\/www.svkst.unist.hr\/wp-content\/uploads\/2018\/09\/za-izlozbe_predavanja.png\" \/>\n<meta name=\"twitter:card\" content=\"summary_large_image\" \/>\n<script type=\"application\/ld+json\" class=\"yoast-schema-graph\">{\"@context\":\"https:\/\/schema.org\",\"@graph\":[{\"@type\":\"Organization\",\"@id\":\"https:\/\/www.svkst.unist.hr\/#organization\",\"name\":\"Sveu\\u010dili\\u0161na knji\\u017enica u Splitu\",\"url\":\"https:\/\/www.svkst.unist.hr\/\",\"sameAs\":[\"https:\/\/www.facebook.com\/svkst.unist.hr\/\"],\"logo\":{\"@type\":\"ImageObject\",\"@id\":\"https:\/\/www.svkst.unist.hr\/#logo\",\"inLanguage\":\"en-GB\",\"url\":\"https:\/\/i2.wp.com\/www.svkst.unist.hr\/wp-content\/uploads\/2018\/02\/sveucilisna_iskaznica_logo_tisak-1.png?fit=600%2C219&ssl=1\",\"contentUrl\":\"https:\/\/i2.wp.com\/www.svkst.unist.hr\/wp-content\/uploads\/2018\/02\/sveucilisna_iskaznica_logo_tisak-1.png?fit=600%2C219&ssl=1\",\"width\":600,\"height\":219,\"caption\":\"Sveu\\u010dili\\u0161na knji\\u017enica u Splitu\"},\"image\":{\"@id\":\"https:\/\/www.svkst.unist.hr\/#logo\"}},{\"@type\":\"WebSite\",\"@id\":\"https:\/\/www.svkst.unist.hr\/#website\",\"url\":\"https:\/\/www.svkst.unist.hr\/\",\"name\":\"Sveu\\u010dili\\u0161na knji\\u017enica u Splitu\",\"description\":\"\",\"publisher\":{\"@id\":\"https:\/\/www.svkst.unist.hr\/#organization\"},\"potentialAction\":[{\"@type\":\"SearchAction\",\"target\":{\"@type\":\"EntryPoint\",\"urlTemplate\":\"https:\/\/www.svkst.unist.hr\/?s={search_term_string}\"},\"query-input\":\"required name=search_term_string\"}],\"inLanguage\":\"en-GB\"},{\"@type\":\"ImageObject\",\"@id\":\"https:\/\/www.svkst.unist.hr\/index.php\/izlozbe-pi-predavanja\/#primaryimage\",\"inLanguage\":\"en-GB\",\"url\":\"http:\/\/www.svkst.unist.hr\/wp-content\/uploads\/2018\/09\/za-izlozbe_predavanja.png\",\"contentUrl\":\"http:\/\/www.svkst.unist.hr\/wp-content\/uploads\/2018\/09\/za-izlozbe_predavanja.png\"},{\"@type\":\"WebPage\",\"@id\":\"https:\/\/www.svkst.unist.hr\/index.php\/izlozbe-pi-predavanja\/#webpage\",\"url\":\"https:\/\/www.svkst.unist.hr\/index.php\/izlozbe-pi-predavanja\/\",\"name\":\"IZLO\\u017dBE I PREDAVANJA - Sveu\\u010dili\\u0161na knji\\u017enica u Splitu\",\"isPartOf\":{\"@id\":\"https:\/\/www.svkst.unist.hr\/#website\"},\"primaryImageOfPage\":{\"@id\":\"https:\/\/www.svkst.unist.hr\/index.php\/izlozbe-pi-predavanja\/#primaryimage\"},\"datePublished\":\"2018-01-25T11:50:27+00:00\",\"dateModified\":\"2019-01-23T14:26:25+00:00\",\"description\":\"Izlo\\u017ebe Predavanja Radionice\",\"breadcrumb\":{\"@id\":\"https:\/\/www.svkst.unist.hr\/index.php\/izlozbe-pi-predavanja\/#breadcrumb\"},\"inLanguage\":\"en-GB\",\"potentialAction\":[{\"@type\":\"ReadAction\",\"target\":[\"https:\/\/www.svkst.unist.hr\/index.php\/izlozbe-pi-predavanja\/\"]}]},{\"@type\":\"BreadcrumbList\",\"@id\":\"https:\/\/www.svkst.unist.hr\/index.php\/izlozbe-pi-predavanja\/#breadcrumb\",\"itemListElement\":[{\"@type\":\"ListItem\",\"position\":1,\"name\":\"Home\",\"item\":\"https:\/\/www.svkst.unist.hr\/\"},{\"@type\":\"ListItem\",\"position\":2,\"name\":\"IZLO\\u017dBE I PREDAVANJA\"}]}]}<\/script>\n<!-- \/ Yoast SEO plugin. -->","yoast_head_json":{"title":"IZLO\u017dBE I PREDAVANJA - Sveu\u010dili\u0161na knji\u017enica u Splitu","description":"Izlo\u017ebe     Predavanja     Radionice","robots":{"index":"index","follow":"follow","max-snippet":"max-snippet:-1","max-image-preview":"max-image-preview:large","max-video-preview":"max-video-preview:-1"},"canonical":"https:\/\/www.svkst.unist.hr\/index.php\/izlozbe-pi-predavanja\/","og_locale":"en_GB","og_type":"article","og_title":"IZLO\u017dBE I PREDAVANJA - Sveu\u010dili\u0161na knji\u017enica u Splitu","og_description":"Izlo\u017ebe     Predavanja     Radionice","og_url":"https:\/\/www.svkst.unist.hr\/index.php\/izlozbe-pi-predavanja\/","og_site_name":"Sveu\u010dili\u0161na knji\u017enica u Splitu","article_publisher":"https:\/\/www.facebook.com\/svkst.unist.hr\/","article_modified_time":"2019-01-23T14:26:25+00:00","og_image":[{"url":"http:\/\/www.svkst.unist.hr\/wp-content\/uploads\/2018\/09\/za-izlozbe_predavanja.png"}],"twitter_card":"summary_large_image","schema":{"@context":"https:\/\/schema.org","@graph":[{"@type":"Organization","@id":"https:\/\/www.svkst.unist.hr\/#organization","name":"Sveu\u010dili\u0161na knji\u017enica u Splitu","url":"https:\/\/www.svkst.unist.hr\/","sameAs":["https:\/\/www.facebook.com\/svkst.unist.hr\/"],"logo":{"@type":"ImageObject","@id":"https:\/\/www.svkst.unist.hr\/#logo","inLanguage":"en-GB","url":"https:\/\/i2.wp.com\/www.svkst.unist.hr\/wp-content\/uploads\/2018\/02\/sveucilisna_iskaznica_logo_tisak-1.png?fit=600%2C219&ssl=1","contentUrl":"https:\/\/i2.wp.com\/www.svkst.unist.hr\/wp-content\/uploads\/2018\/02\/sveucilisna_iskaznica_logo_tisak-1.png?fit=600%2C219&ssl=1","width":600,"height":219,"caption":"Sveu\u010dili\u0161na knji\u017enica u Splitu"},"image":{"@id":"https:\/\/www.svkst.unist.hr\/#logo"}},{"@type":"WebSite","@id":"https:\/\/www.svkst.unist.hr\/#website","url":"https:\/\/www.svkst.unist.hr\/","name":"Sveu\u010dili\u0161na knji\u017enica u Splitu","description":"","publisher":{"@id":"https:\/\/www.svkst.unist.hr\/#organization"},"potentialAction":[{"@type":"SearchAction","target":{"@type":"EntryPoint","urlTemplate":"https:\/\/www.svkst.unist.hr\/?s={search_term_string}"},"query-input":"required name=search_term_string"}],"inLanguage":"en-GB"},{"@type":"ImageObject","@id":"https:\/\/www.svkst.unist.hr\/index.php\/izlozbe-pi-predavanja\/#primaryimage","inLanguage":"en-GB","url":"http:\/\/www.svkst.unist.hr\/wp-content\/uploads\/2018\/09\/za-izlozbe_predavanja.png","contentUrl":"http:\/\/www.svkst.unist.hr\/wp-content\/uploads\/2018\/09\/za-izlozbe_predavanja.png"},{"@type":"WebPage","@id":"https:\/\/www.svkst.unist.hr\/index.php\/izlozbe-pi-predavanja\/#webpage","url":"https:\/\/www.svkst.unist.hr\/index.php\/izlozbe-pi-predavanja\/","name":"IZLO\u017dBE I PREDAVANJA - Sveu\u010dili\u0161na knji\u017enica u Splitu","isPartOf":{"@id":"https:\/\/www.svkst.unist.hr\/#website"},"primaryImageOfPage":{"@id":"https:\/\/www.svkst.unist.hr\/index.php\/izlozbe-pi-predavanja\/#primaryimage"},"datePublished":"2018-01-25T11:50:27+00:00","dateModified":"2019-01-23T14:26:25+00:00","description":"Izlo\u017ebe Predavanja Radionice","breadcrumb":{"@id":"https:\/\/www.svkst.unist.hr\/index.php\/izlozbe-pi-predavanja\/#breadcrumb"},"inLanguage":"en-GB","potentialAction":[{"@type":"ReadAction","target":["https:\/\/www.svkst.unist.hr\/index.php\/izlozbe-pi-predavanja\/"]}]},{"@type":"BreadcrumbList","@id":"https:\/\/www.svkst.unist.hr\/index.php\/izlozbe-pi-predavanja\/#breadcrumb","itemListElement":[{"@type":"ListItem","position":1,"name":"Home","item":"https:\/\/www.svkst.unist.hr\/"},{"@type":"ListItem","position":2,"name":"IZLO\u017dBE I PREDAVANJA"}]}]}},"jetpack_shortlink":"https:\/\/wp.me\/Pan9Re-4C","_links":{"self":[{"href":"https:\/\/www.svkst.unist.hr\/index.php\/wp-json\/wp\/v2\/pages\/286"}],"collection":[{"href":"https:\/\/www.svkst.unist.hr\/index.php\/wp-json\/wp\/v2\/pages"}],"about":[{"href":"https:\/\/www.svkst.unist.hr\/index.php\/wp-json\/wp\/v2\/types\/page"}],"author":[{"embeddable":true,"href":"https:\/\/www.svkst.unist.hr\/index.php\/wp-json\/wp\/v2\/users\/4"}],"replies":[{"embeddable":true,"href":"https:\/\/www.svkst.unist.hr\/index.php\/wp-json\/wp\/v2\/comments?post=286"}],"version-history":[{"count":30,"href":"https:\/\/www.svkst.unist.hr\/index.php\/wp-json\/wp\/v2\/pages\/286\/revisions"}],"predecessor-version":[{"id":3583,"href":"https:\/\/www.svkst.unist.hr\/index.php\/wp-json\/wp\/v2\/pages\/286\/revisions\/3583"}],"wp:attachment":[{"href":"https:\/\/www.svkst.unist.hr\/index.php\/wp-json\/wp\/v2\/media?parent=286"}],"curies":[{"name":"wp","href":"https:\/\/api.w.org\/{rel}","templated":true}]}}