{"id":279,"date":"2018-01-25T12:49:13","date_gmt":"2018-01-25T11:49:13","guid":{"rendered":"http:\/\/www.svkst.unist.hr\/?page_id=279"},"modified":"2025-12-03T14:28:46","modified_gmt":"2025-12-03T13:28:46","slug":"citaonice-grupni-rad","status":"publish","type":"page","link":"https:\/\/www.svkst.unist.hr\/index.php\/usluge\/citaonice-grupni-rad\/","title":{"rendered":"\u010citaonice, skupni rad"},"content":{"rendered":"<h3><a class=\"show_hide\" href=\"#a\">\u010citaonice<\/a><\/h3>\n<div class=\"slidingDiv\">\n<p>Knji\u017enica raspola\u017ee \u010ditaonicama (s ukupno 379 mjesta): na ulaznoj eta\u017ei (eta\u017ea 0), na eta\u017ei -1, \u00a0te velikom \u010ditaonicom i malom ra\u010dunalnom u\u010dionicom na eta\u017ei -2.\u00a0 U svim je prostorima dostupan <em>wi-fi<\/em>, a korisnicima je na raspolaganju i 86 ra\u010dunala, od kojih su dva za slabovidne i jedan za slijepe osobe. \u010citaonice su namijenjene korisnicima za tihi rad.<br \/>\nU sklopu \u010ditaonica na eta\u017eama -1 i -2\u00a0 smje\u0161tene su sobe za skupni rad.<\/p>\n<p>U velikoj \u010ditaonici (na eta\u017ei -2) korisnicima je dostupno i preko 10000 knjiga u slobodnom pristupu, raspore\u0111enih prema znanstvenim podru\u010djima.<\/p>\n<p>Ve\u0107inu knji\u017eni\u010dne gra\u0111e potrebno je naru\u010diti iz zatvorenog spremi\u0161ta ispunjavanjem <a href=\"https:\/\/www.svkst.unist.hr\/index.php\/narudzbenica\/\">mre\u017enog obrasca<\/a>, e-po\u0161tom ili osobno na posudbenom pultu u velikoj \u010ditaonici.<\/p>\n<p><strong>Radno vrijeme<\/strong><br \/>\nponedjeljak \u2013 petak 8.00 \u2013 21.00<br \/>\nsubota 9.00 \u2013 14.00<br \/>\ntel.: + 385 (0) 21 434 828<br \/>\ne-po\u0161ta: posudba@svkst.hr<\/p>\n<\/div>\n<h3><a class=\"show_hide\" href=\"#a\">Sobe za skupni rad<\/a><\/h3>\n<div class=\"slidingDiv\">\n<p>Sobe za skupni rad namijenjene su studentima za pripremu studentskih radova, projekata i prezentacija. Najvi\u0161e se 4 osobe istodobno mogu koristiti prostorijom, a vrijeme boravka ograni\u010deno je na tri sata. Iste osobe smiju rezervirati samo jedan termin dnevno.<br \/>\nSobu za skupni rad potrebno je rezervirati putem <a href=\"https:\/\/www.svkst.unist.hr\/index.php\/rezervacija-za-skupni-rad\/\">mre\u017enog obrasca<\/a>, a pri dolasku preuzeti klju\u010d na informacijskom pultu na ulaznoj eta\u017ei.<\/p>\n<ul>\n<li><strong>sobe za skupni rad (eta\u017ea -1)<\/strong><br \/>\n2 sobe (br. 1 i 2)<br \/>\nra\u010dunalo, internet, wi-fi<br \/>\n8.00 \u2013 21.00 pon-pet, 9.00-13.30 sub<\/li>\n<\/ul>\n<ul>\n<li><strong>sobe za grupni rad (eta\u017ea -2)<\/strong><br \/>\n2 sobe (br. 3 i 4)<br \/>\nra\u010dunalo, projektor, internet, wi-fi<br \/>\n8.00 \u2013 21.00 pon-pet, 9.00-13.30 sub<\/li>\n<\/ul>\n<\/div>\n<h3><a class=\"show_hide\" href=\"#a\">\u010citaonica za no\u0107ni rad<\/a><\/h3>\n<div class=\"slidingDiv\">\n<p>\u010citaonica za no\u0107ni rad obuhva\u0107a \u010ditaonice \u00a0na ulaznoj eta\u017ei (0) i eta\u017ei -1. Korisnici koji se planiraju koristiti \u010ditaonicom za no\u0107ni rad mogu ulaziti najkasnije do 21:30. Planiraju li se tijekom no\u0107nog rada koristiti i knji\u017eni\u010dnom gra\u0111om, trebaju je zadu\u017eiti na posudbenom pultu (eta\u017ea -2) najkasnije do 20:30. <a href=\"https:\/\/www.svkst.unist.hr\/index.php\/rezervacija-mjesta-u-citaonici\/\">weba<\/a><\/p>\n<p><strong>Radno vrijeme<\/strong><br \/>\nponedjeljak \u2013 petak:\u00a0 21:00 \u2013 24:00<br \/>\nPrethodne predbilje\u017ebe nisu potrebne!<\/p>\n<p id=\"citaonica_ponasanje\" align=\"justify\">\n<\/div>\n","protected":false},"excerpt":{"rendered":"<p>\u010citaonice Knji\u017enica raspola\u017ee \u010ditaonicama (s ukupno 379 mjesta): na ulaznoj eta\u017ei (eta\u017ea 0), na eta\u017ei -1, \u00a0te velikom \u010ditaonicom i malom ra\u010dunalnom u\u010dionicom na eta\u017ei -2.\u00a0 U svim je prostorima dostupan wi-fi, a korisnicima je na raspolaganju i 86 ra\u010dunala, od kojih su dva za slabovidne i jedan za slijepe osobe. \u010citaonice su namijenjene korisnicima [&hellip;]<\/p>\n","protected":false},"author":4,"featured_media":0,"parent":269,"menu_order":5,"comment_status":"closed","ping_status":"closed","template":"","meta":{"spay_email":""},"acf":[],"yoast_head":"<!-- This site is optimized with the Yoast SEO plugin v17.8 - https:\/\/yoast.com\/wordpress\/plugins\/seo\/ -->\n<title>\u010citaonice, skupni rad - Sveu\u010dili\u0161na knji\u017enica u Splitu<\/title>\n<meta name=\"description\" content=\"\u010citaonice Knji\u017enica raspola\u017ee \u010ditaonicama (s ukupno 379 mjesta): na ulaznoj eta\u017ei (eta\u017ea 0), na eta\u017ei -1, \u00a0te velikom \u010ditaonicom i malom ra\u010dunalnom\" \/>\n<meta name=\"robots\" content=\"index, follow, max-snippet:-1, max-image-preview:large, max-video-preview:-1\" \/>\n<link rel=\"canonical\" href=\"https:\/\/www.svkst.unist.hr\/index.php\/usluge\/citaonice-grupni-rad\/\" \/>\n<meta property=\"og:locale\" content=\"en_GB\" \/>\n<meta property=\"og:type\" content=\"article\" \/>\n<meta property=\"og:title\" content=\"\u010citaonice, skupni rad - Sveu\u010dili\u0161na knji\u017enica u Splitu\" \/>\n<meta property=\"og:description\" content=\"\u010citaonice Knji\u017enica raspola\u017ee \u010ditaonicama (s ukupno 379 mjesta): na ulaznoj eta\u017ei (eta\u017ea 0), na eta\u017ei -1, \u00a0te velikom \u010ditaonicom i malom ra\u010dunalnom\" \/>\n<meta property=\"og:url\" content=\"https:\/\/www.svkst.unist.hr\/index.php\/usluge\/citaonice-grupni-rad\/\" \/>\n<meta property=\"og:site_name\" content=\"Sveu\u010dili\u0161na knji\u017enica u Splitu\" \/>\n<meta property=\"article:publisher\" content=\"https:\/\/www.facebook.com\/svkst.unist.hr\/\" \/>\n<meta property=\"article:modified_time\" content=\"2025-12-03T13:28:46+00:00\" \/>\n<meta name=\"twitter:card\" content=\"summary_large_image\" \/>\n<meta name=\"twitter:label1\" content=\"Estimated reading time\" \/>\n\t<meta name=\"twitter:data1\" content=\"2 minutes\" \/>\n<script type=\"application\/ld+json\" class=\"yoast-schema-graph\">{\"@context\":\"https:\/\/schema.org\",\"@graph\":[{\"@type\":\"Organization\",\"@id\":\"https:\/\/www.svkst.unist.hr\/#organization\",\"name\":\"Sveu\\u010dili\\u0161na knji\\u017enica u Splitu\",\"url\":\"https:\/\/www.svkst.unist.hr\/\",\"sameAs\":[\"https:\/\/www.facebook.com\/svkst.unist.hr\/\"],\"logo\":{\"@type\":\"ImageObject\",\"@id\":\"https:\/\/www.svkst.unist.hr\/#logo\",\"inLanguage\":\"en-GB\",\"url\":\"https:\/\/i2.wp.com\/www.svkst.unist.hr\/wp-content\/uploads\/2018\/02\/sveucilisna_iskaznica_logo_tisak-1.png?fit=600%2C219&ssl=1\",\"contentUrl\":\"https:\/\/i2.wp.com\/www.svkst.unist.hr\/wp-content\/uploads\/2018\/02\/sveucilisna_iskaznica_logo_tisak-1.png?fit=600%2C219&ssl=1\",\"width\":600,\"height\":219,\"caption\":\"Sveu\\u010dili\\u0161na knji\\u017enica u Splitu\"},\"image\":{\"@id\":\"https:\/\/www.svkst.unist.hr\/#logo\"}},{\"@type\":\"WebSite\",\"@id\":\"https:\/\/www.svkst.unist.hr\/#website\",\"url\":\"https:\/\/www.svkst.unist.hr\/\",\"name\":\"Sveu\\u010dili\\u0161na knji\\u017enica u Splitu\",\"description\":\"\",\"publisher\":{\"@id\":\"https:\/\/www.svkst.unist.hr\/#organization\"},\"potentialAction\":[{\"@type\":\"SearchAction\",\"target\":{\"@type\":\"EntryPoint\",\"urlTemplate\":\"https:\/\/www.svkst.unist.hr\/?s={search_term_string}\"},\"query-input\":\"required name=search_term_string\"}],\"inLanguage\":\"en-GB\"},{\"@type\":\"WebPage\",\"@id\":\"https:\/\/www.svkst.unist.hr\/index.php\/usluge\/citaonice-grupni-rad\/#webpage\",\"url\":\"https:\/\/www.svkst.unist.hr\/index.php\/usluge\/citaonice-grupni-rad\/\",\"name\":\"\\u010citaonice, skupni rad - Sveu\\u010dili\\u0161na knji\\u017enica u Splitu\",\"isPartOf\":{\"@id\":\"https:\/\/www.svkst.unist.hr\/#website\"},\"datePublished\":\"2018-01-25T11:49:13+00:00\",\"dateModified\":\"2025-12-03T13:28:46+00:00\",\"description\":\"\\u010citaonice Knji\\u017enica raspola\\u017ee \\u010ditaonicama (s ukupno 379 mjesta): na ulaznoj eta\\u017ei (eta\\u017ea 0), na eta\\u017ei -1, \\u00a0te velikom \\u010ditaonicom i malom ra\\u010dunalnom\",\"breadcrumb\":{\"@id\":\"https:\/\/www.svkst.unist.hr\/index.php\/usluge\/citaonice-grupni-rad\/#breadcrumb\"},\"inLanguage\":\"en-GB\",\"potentialAction\":[{\"@type\":\"ReadAction\",\"target\":[\"https:\/\/www.svkst.unist.hr\/index.php\/usluge\/citaonice-grupni-rad\/\"]}]},{\"@type\":\"BreadcrumbList\",\"@id\":\"https:\/\/www.svkst.unist.hr\/index.php\/usluge\/citaonice-grupni-rad\/#breadcrumb\",\"itemListElement\":[{\"@type\":\"ListItem\",\"position\":1,\"name\":\"Home\",\"item\":\"https:\/\/www.svkst.unist.hr\/\"},{\"@type\":\"ListItem\",\"position\":2,\"name\":\"USLUGE\",\"item\":\"https:\/\/www.svkst.unist.hr\/index.php\/usluge\/\"},{\"@type\":\"ListItem\",\"position\":3,\"name\":\"\\u010citaonice, skupni rad\"}]}]}<\/script>\n<!-- \/ Yoast SEO plugin. -->","yoast_head_json":{"title":"\u010citaonice, skupni rad - Sveu\u010dili\u0161na knji\u017enica u Splitu","description":"\u010citaonice Knji\u017enica raspola\u017ee \u010ditaonicama (s ukupno 379 mjesta): na ulaznoj eta\u017ei (eta\u017ea 0), na eta\u017ei -1, \u00a0te velikom \u010ditaonicom i malom ra\u010dunalnom","robots":{"index":"index","follow":"follow","max-snippet":"max-snippet:-1","max-image-preview":"max-image-preview:large","max-video-preview":"max-video-preview:-1"},"canonical":"https:\/\/www.svkst.unist.hr\/index.php\/usluge\/citaonice-grupni-rad\/","og_locale":"en_GB","og_type":"article","og_title":"\u010citaonice, skupni rad - Sveu\u010dili\u0161na knji\u017enica u Splitu","og_description":"\u010citaonice Knji\u017enica raspola\u017ee \u010ditaonicama (s ukupno 379 mjesta): na ulaznoj eta\u017ei (eta\u017ea 0), na eta\u017ei -1, \u00a0te velikom \u010ditaonicom i malom ra\u010dunalnom","og_url":"https:\/\/www.svkst.unist.hr\/index.php\/usluge\/citaonice-grupni-rad\/","og_site_name":"Sveu\u010dili\u0161na knji\u017enica u Splitu","article_publisher":"https:\/\/www.facebook.com\/svkst.unist.hr\/","article_modified_time":"2025-12-03T13:28:46+00:00","twitter_card":"summary_large_image","twitter_misc":{"Estimated reading time":"2 minutes"},"schema":{"@context":"https:\/\/schema.org","@graph":[{"@type":"Organization","@id":"https:\/\/www.svkst.unist.hr\/#organization","name":"Sveu\u010dili\u0161na knji\u017enica u Splitu","url":"https:\/\/www.svkst.unist.hr\/","sameAs":["https:\/\/www.facebook.com\/svkst.unist.hr\/"],"logo":{"@type":"ImageObject","@id":"https:\/\/www.svkst.unist.hr\/#logo","inLanguage":"en-GB","url":"https:\/\/i2.wp.com\/www.svkst.unist.hr\/wp-content\/uploads\/2018\/02\/sveucilisna_iskaznica_logo_tisak-1.png?fit=600%2C219&ssl=1","contentUrl":"https:\/\/i2.wp.com\/www.svkst.unist.hr\/wp-content\/uploads\/2018\/02\/sveucilisna_iskaznica_logo_tisak-1.png?fit=600%2C219&ssl=1","width":600,"height":219,"caption":"Sveu\u010dili\u0161na knji\u017enica u Splitu"},"image":{"@id":"https:\/\/www.svkst.unist.hr\/#logo"}},{"@type":"WebSite","@id":"https:\/\/www.svkst.unist.hr\/#website","url":"https:\/\/www.svkst.unist.hr\/","name":"Sveu\u010dili\u0161na knji\u017enica u Splitu","description":"","publisher":{"@id":"https:\/\/www.svkst.unist.hr\/#organization"},"potentialAction":[{"@type":"SearchAction","target":{"@type":"EntryPoint","urlTemplate":"https:\/\/www.svkst.unist.hr\/?s={search_term_string}"},"query-input":"required name=search_term_string"}],"inLanguage":"en-GB"},{"@type":"WebPage","@id":"https:\/\/www.svkst.unist.hr\/index.php\/usluge\/citaonice-grupni-rad\/#webpage","url":"https:\/\/www.svkst.unist.hr\/index.php\/usluge\/citaonice-grupni-rad\/","name":"\u010citaonice, skupni rad - Sveu\u010dili\u0161na knji\u017enica u Splitu","isPartOf":{"@id":"https:\/\/www.svkst.unist.hr\/#website"},"datePublished":"2018-01-25T11:49:13+00:00","dateModified":"2025-12-03T13:28:46+00:00","description":"\u010citaonice Knji\u017enica raspola\u017ee \u010ditaonicama (s ukupno 379 mjesta): na ulaznoj eta\u017ei (eta\u017ea 0), na eta\u017ei -1, \u00a0te velikom \u010ditaonicom i malom ra\u010dunalnom","breadcrumb":{"@id":"https:\/\/www.svkst.unist.hr\/index.php\/usluge\/citaonice-grupni-rad\/#breadcrumb"},"inLanguage":"en-GB","potentialAction":[{"@type":"ReadAction","target":["https:\/\/www.svkst.unist.hr\/index.php\/usluge\/citaonice-grupni-rad\/"]}]},{"@type":"BreadcrumbList","@id":"https:\/\/www.svkst.unist.hr\/index.php\/usluge\/citaonice-grupni-rad\/#breadcrumb","itemListElement":[{"@type":"ListItem","position":1,"name":"Home","item":"https:\/\/www.svkst.unist.hr\/"},{"@type":"ListItem","position":2,"name":"USLUGE","item":"https:\/\/www.svkst.unist.hr\/index.php\/usluge\/"},{"@type":"ListItem","position":3,"name":"\u010citaonice, skupni rad"}]}]}},"jetpack_shortlink":"https:\/\/wp.me\/Pan9Re-4v","_links":{"self":[{"href":"https:\/\/www.svkst.unist.hr\/index.php\/wp-json\/wp\/v2\/pages\/279"}],"collection":[{"href":"https:\/\/www.svkst.unist.hr\/index.php\/wp-json\/wp\/v2\/pages"}],"about":[{"href":"https:\/\/www.svkst.unist.hr\/index.php\/wp-json\/wp\/v2\/types\/page"}],"author":[{"embeddable":true,"href":"https:\/\/www.svkst.unist.hr\/index.php\/wp-json\/wp\/v2\/users\/4"}],"replies":[{"embeddable":true,"href":"https:\/\/www.svkst.unist.hr\/index.php\/wp-json\/wp\/v2\/comments?post=279"}],"version-history":[{"count":48,"href":"https:\/\/www.svkst.unist.hr\/index.php\/wp-json\/wp\/v2\/pages\/279\/revisions"}],"predecessor-version":[{"id":45341,"href":"https:\/\/www.svkst.unist.hr\/index.php\/wp-json\/wp\/v2\/pages\/279\/revisions\/45341"}],"up":[{"embeddable":true,"href":"https:\/\/www.svkst.unist.hr\/index.php\/wp-json\/wp\/v2\/pages\/269"}],"wp:attachment":[{"href":"https:\/\/www.svkst.unist.hr\/index.php\/wp-json\/wp\/v2\/media?parent=279"}],"curies":[{"name":"wp","href":"https:\/\/api.w.org\/{rel}","templated":true}]}}