{"id":2776,"date":"2018-09-07T12:42:10","date_gmt":"2018-09-07T11:42:10","guid":{"rendered":"http:\/\/www.svkst.unist.hr\/?page_id=2776"},"modified":"2025-11-03T14:13:03","modified_gmt":"2025-11-03T13:13:03","slug":"bibliometrijske-usluge","status":"publish","type":"page","link":"https:\/\/www.svkst.unist.hr\/index.php\/usluge\/bibliometrijske-usluge\/","title":{"rendered":"Bibliometrijske usluge"},"content":{"rendered":"<p style=\"text-align: justify;\">Prema <a href=\"https:\/\/narodne-novine.nn.hr\/clanci\/sluzbeni\/2017_03_28_652.html\" target=\"_blank\" rel=\"noopener noreferrer\">Pravilniku o uvjetima za izbor u znanstvena zvanja Nacionalnog vije\u0107a za znanost<\/a> (NN 123\/03, 105\/04, 174\/04 i 28\/17), Sveu\u010dili\u0161na knji\u017enica u Splitu svojim korisnicima nudi bibliometrijske usluge za potrebe napredovanja u zvanjima, prijava na projekte, stipendije, doktorske studije i sl.<\/p>\n<p style=\"text-align: justify;\">Na zahtjev korisnika te uvidom u baze podataka kojima Sveu\u010dili\u0161na knji\u017enica ima pristup izdaju se sljede\u0107e potvrde:<\/p>\n<ul>\n<li><a href=\"https:\/\/www.svkst.unist.hr\/index.php\/bibliometrijska-potvrda-obrazac\/\">potvrda o zastupljenosti i citiranosti radova znanstvenika\/ce u relevantnim bazama podataka<\/a><\/li>\n<li><a href=\"https:\/\/www.svkst.unist.hr\/index.php\/zastupljenosti-casopisa-obrazac\/\">potvrda o zastupljenosti \u010dasopisa u bazama podataka za potrebe uredni\u0161tva doma\u0107ih, znanstvenih i stru\u010dnih \u010dasopisa<\/a><\/li>\n<\/ul>\n<p style=\"text-align: justify;\">Podnositelj zahtjeva prethodno treba a\u017eurirati popis radova u Hrvatskoj znanstvenoj bibliografiji \u2013 <a href=\"http:\/\/bib.irb.hr\/index.html\">CROSBI <\/a>, kako je navedeno u <a href=\"https:\/\/narodne-novine.nn.hr\/clanci\/sluzbeni\/2017_03_28_652.html\">Pravilniku<\/a>. Preporu\u010dljivo je da otvore javni profil na Google Znalcu (<a href=\"https:\/\/www.svkst.unist.hr\/wp-content\/uploads\/2018\/09\/Google_Znalac_profil_UNIST_1.pdf\" target=\"_blank\" rel=\"noopener noreferrer\">upute za izradu profila<\/a>) te izrade jedinstvene identifikatore ResearcherID (<a href=\"https:\/\/www.svkst.unist.hr\/wp-content\/uploads\/2018\/09\/ResearcherID_2017.pdf\" target=\"_blank\" rel=\"noopener noreferrer\">upute za izradu profila<\/a>) i ORCID . Tako\u0111er je potrebno navesti ina\u010dice imena pod kojima su objavljivali radove (djevoja\u010dko prezime, kombinacija prezimena i sl.).<\/p>\n<p style=\"text-align: justify;\">Potvrde \u0107e biti izra\u0111ene u roku od 6 radnih dana. Potvrdu mo\u017eete zatra\u017eiti u knji\u017enici va\u0161e ustanove kao i u Sveu\u010dili\u0161noj knji\u017enici u Splitu.<\/p>\n<p><strong>Kontakt:<\/strong><br \/>+385 21 434 842 (Irena Urem, vi\u0161a knji\u017e.)<br \/>+385 21 434 822 (Ana Matija\u0161evi\u0107 Reni\u0107, dipl. knji\u017e.)<br \/>+385 21 434 886 (Mirta Mato\u0161i\u0107, knji\u017e. savjetnica)<br \/><a href=\"mailto:bibliometrija@svkst.hr\" target=\"_blank\" rel=\"noopener noreferrer\">bibliometrija@svkst.hr<\/a><\/p>\n<h3><a class=\"show_hide\" href=\"#a\">Popis knji\u017eni\u010dara po ustanovama<\/a><\/h3>\n<div class=\"slidingDiv\">\n<p style=\"text-align: justify;\">1. Knji\u017enica Ekonomskog fakulteta: Ivana Gizdi\u0107, prof. info. znanosti<br \/>e-mail: igizdic@efst.hr<\/p>\n<p style=\"text-align: justify;\">2. Knji\u017enica Fakulteta gra\u0111evinarstva, arhitekture i geodezije: Dijana Erceg, dipl. ing. gra\u0111., dipl. knji\u017e.<br \/>e-mail: derceg@gradst.hr<\/p>\n<p style=\"text-align: justify;\">3. Knji\u017enica Filozofskog fakulteta: dr. sc. Snje\u017eana Dimzov, knji\u017eni\u010darska savjetnica<br \/>e-mail:zana@ffst.hr\u00a0<\/p>\n<p style=\"text-align: justify;\">4. Knji\u017enica Pravnog fakulteta: mr. sc. Ivona Matas, dipl. knji\u017e.<br \/>e-mail: ivona.matas@pravst.hr<\/p>\n<p style=\"text-align: justify;\">5. Knji\u017enica Prirodoslovno \u2013 matemati\u010dkog fakulteta: Ivana Ljubi\u0107, vi\u0161a knji\u017eni\u010darka<br \/>e-mail: iljubic@pmfst.hr<\/p>\n<p style=\"text-align: justify;\">6. Knji\u017enica Kemijsko \u2013 tehnolo\u0161kog fakulteta: Maja Donkov, dipl. knji\u017e.<br \/>e-mail:\u00a0majaf@ktf-split.hr<\/p>\n<p style=\"text-align: justify;\">7. Knji\u017enica Kineziolo\u0161kog fakulteta: Jasna Afri\u0107, dipl. knji\u017e.<br \/>e-mail: jafric@kifst.hr<\/p>\n<p style=\"text-align: justify;\">8. Knji\u017enica Medicinskog fakulteta: dr. sc. Danira Matijaca, dipl. knji\u017e.<br \/>e-mail: dmatijac@mefst.hr<\/p>\n<p style=\"text-align: justify;\">9. Knji\u017enica Umjetni\u010dke akademije: \u017dana Siminiati Violi\u0107, vi\u0161a knji\u017eni\u010darka\u00a0<br \/>e-mail: zana@umas.hr<\/p>\n<p style=\"text-align: justify;\">10. Knji\u017enica Katoli\u010dkog bogoslovnog fakulteta: Ivana Milo\u0161evi\u0107, dipl. knji\u017e.<br \/>e-mail: knjiznica@kbf-st.hr<\/p>\n<p style=\"text-align: justify;\">11. Knji\u017enica Fakulteta elektrotehnike, strojarstva i brodogradnje: Barbara Konjevod, dipl. knji\u017e.<\/p>\n<p>e-mail: luciana.brstilo@fesb.hr<\/p>\n<p>12. Knji\u017enica Pomorskog fakulteta: Katarina Brekalo, knji\u017eni\u010dar<\/p>\n<p>e-mail: kbrekalo@pfst.hr\u00a0<\/p>\n<\/div>\n\n\n<p>U slu\u010daju odsutnosti kolegica iz visoko\u0161kolskih knji\u017enica Sveu\u010dili\u0161ta u Splitu, obratite se Sveu\u010dili\u0161noj knji\u017enici u Splitu na bibliometrija@svkst.hr.<\/p>\n","protected":false},"excerpt":{"rendered":"<p>Prema Pravilniku o uvjetima za izbor u znanstvena zvanja Nacionalnog vije\u0107a za znanost (NN 123\/03, 105\/04, 174\/04 i 28\/17), Sveu\u010dili\u0161na knji\u017enica u Splitu svojim korisnicima nudi bibliometrijske usluge za potrebe napredovanja u zvanjima, prijava na projekte, stipendije, doktorske studije i sl. Na zahtjev korisnika te uvidom u baze podataka kojima Sveu\u010dili\u0161na knji\u017enica ima pristup izdaju [&hellip;]<\/p>\n","protected":false},"author":5,"featured_media":0,"parent":269,"menu_order":0,"comment_status":"closed","ping_status":"closed","template":"","meta":{"spay_email":""},"acf":[],"yoast_head":"<!-- This site is optimized with the Yoast SEO plugin v17.8 - https:\/\/yoast.com\/wordpress\/plugins\/seo\/ -->\n<title>Bibliometrijske usluge - Sveu\u010dili\u0161na knji\u017enica u Splitu<\/title>\n<meta name=\"description\" content=\"Prema Pravilniku o uvjetima za izbor u znanstvena zvanja Nacionalnog vije\u0107a za znanost (NN 123\/03, 105\/04, 174\/04 i 28\/17), Sveu\u010dili\u0161na knji\u017enica u Splitu\" \/>\n<meta name=\"robots\" content=\"index, follow, max-snippet:-1, max-image-preview:large, max-video-preview:-1\" \/>\n<link rel=\"canonical\" href=\"https:\/\/www.svkst.unist.hr\/index.php\/usluge\/bibliometrijske-usluge\/\" \/>\n<meta property=\"og:locale\" content=\"en_GB\" \/>\n<meta property=\"og:type\" content=\"article\" \/>\n<meta property=\"og:title\" content=\"Bibliometrijske usluge - Sveu\u010dili\u0161na knji\u017enica u Splitu\" \/>\n<meta property=\"og:description\" content=\"Prema Pravilniku o uvjetima za izbor u znanstvena zvanja Nacionalnog vije\u0107a za znanost (NN 123\/03, 105\/04, 174\/04 i 28\/17), Sveu\u010dili\u0161na knji\u017enica u Splitu\" \/>\n<meta property=\"og:url\" content=\"https:\/\/www.svkst.unist.hr\/index.php\/usluge\/bibliometrijske-usluge\/\" \/>\n<meta property=\"og:site_name\" content=\"Sveu\u010dili\u0161na knji\u017enica u Splitu\" \/>\n<meta property=\"article:publisher\" content=\"https:\/\/www.facebook.com\/svkst.unist.hr\/\" \/>\n<meta property=\"article:modified_time\" content=\"2025-11-03T13:13:03+00:00\" \/>\n<meta name=\"twitter:card\" content=\"summary_large_image\" \/>\n<meta name=\"twitter:label1\" content=\"Estimated reading time\" \/>\n\t<meta name=\"twitter:data1\" content=\"2 minutes\" \/>\n<script type=\"application\/ld+json\" class=\"yoast-schema-graph\">{\"@context\":\"https:\/\/schema.org\",\"@graph\":[{\"@type\":\"Organization\",\"@id\":\"https:\/\/www.svkst.unist.hr\/#organization\",\"name\":\"Sveu\\u010dili\\u0161na knji\\u017enica u Splitu\",\"url\":\"https:\/\/www.svkst.unist.hr\/\",\"sameAs\":[\"https:\/\/www.facebook.com\/svkst.unist.hr\/\"],\"logo\":{\"@type\":\"ImageObject\",\"@id\":\"https:\/\/www.svkst.unist.hr\/#logo\",\"inLanguage\":\"en-GB\",\"url\":\"https:\/\/i2.wp.com\/www.svkst.unist.hr\/wp-content\/uploads\/2018\/02\/sveucilisna_iskaznica_logo_tisak-1.png?fit=600%2C219&ssl=1\",\"contentUrl\":\"https:\/\/i2.wp.com\/www.svkst.unist.hr\/wp-content\/uploads\/2018\/02\/sveucilisna_iskaznica_logo_tisak-1.png?fit=600%2C219&ssl=1\",\"width\":600,\"height\":219,\"caption\":\"Sveu\\u010dili\\u0161na knji\\u017enica u Splitu\"},\"image\":{\"@id\":\"https:\/\/www.svkst.unist.hr\/#logo\"}},{\"@type\":\"WebSite\",\"@id\":\"https:\/\/www.svkst.unist.hr\/#website\",\"url\":\"https:\/\/www.svkst.unist.hr\/\",\"name\":\"Sveu\\u010dili\\u0161na knji\\u017enica u Splitu\",\"description\":\"\",\"publisher\":{\"@id\":\"https:\/\/www.svkst.unist.hr\/#organization\"},\"potentialAction\":[{\"@type\":\"SearchAction\",\"target\":{\"@type\":\"EntryPoint\",\"urlTemplate\":\"https:\/\/www.svkst.unist.hr\/?s={search_term_string}\"},\"query-input\":\"required name=search_term_string\"}],\"inLanguage\":\"en-GB\"},{\"@type\":\"WebPage\",\"@id\":\"https:\/\/www.svkst.unist.hr\/index.php\/usluge\/bibliometrijske-usluge\/#webpage\",\"url\":\"https:\/\/www.svkst.unist.hr\/index.php\/usluge\/bibliometrijske-usluge\/\",\"name\":\"Bibliometrijske usluge - Sveu\\u010dili\\u0161na knji\\u017enica u Splitu\",\"isPartOf\":{\"@id\":\"https:\/\/www.svkst.unist.hr\/#website\"},\"datePublished\":\"2018-09-07T11:42:10+00:00\",\"dateModified\":\"2025-11-03T13:13:03+00:00\",\"description\":\"Prema Pravilniku o uvjetima za izbor u znanstvena zvanja Nacionalnog vije\\u0107a za znanost (NN 123\/03, 105\/04, 174\/04 i 28\/17), Sveu\\u010dili\\u0161na knji\\u017enica u Splitu\",\"breadcrumb\":{\"@id\":\"https:\/\/www.svkst.unist.hr\/index.php\/usluge\/bibliometrijske-usluge\/#breadcrumb\"},\"inLanguage\":\"en-GB\",\"potentialAction\":[{\"@type\":\"ReadAction\",\"target\":[\"https:\/\/www.svkst.unist.hr\/index.php\/usluge\/bibliometrijske-usluge\/\"]}]},{\"@type\":\"BreadcrumbList\",\"@id\":\"https:\/\/www.svkst.unist.hr\/index.php\/usluge\/bibliometrijske-usluge\/#breadcrumb\",\"itemListElement\":[{\"@type\":\"ListItem\",\"position\":1,\"name\":\"Home\",\"item\":\"https:\/\/www.svkst.unist.hr\/\"},{\"@type\":\"ListItem\",\"position\":2,\"name\":\"USLUGE\",\"item\":\"https:\/\/www.svkst.unist.hr\/index.php\/usluge\/\"},{\"@type\":\"ListItem\",\"position\":3,\"name\":\"Bibliometrijske usluge\"}]}]}<\/script>\n<!-- \/ Yoast SEO plugin. -->","yoast_head_json":{"title":"Bibliometrijske usluge - Sveu\u010dili\u0161na knji\u017enica u Splitu","description":"Prema Pravilniku o uvjetima za izbor u znanstvena zvanja Nacionalnog vije\u0107a za znanost (NN 123\/03, 105\/04, 174\/04 i 28\/17), Sveu\u010dili\u0161na knji\u017enica u Splitu","robots":{"index":"index","follow":"follow","max-snippet":"max-snippet:-1","max-image-preview":"max-image-preview:large","max-video-preview":"max-video-preview:-1"},"canonical":"https:\/\/www.svkst.unist.hr\/index.php\/usluge\/bibliometrijske-usluge\/","og_locale":"en_GB","og_type":"article","og_title":"Bibliometrijske usluge - Sveu\u010dili\u0161na knji\u017enica u Splitu","og_description":"Prema Pravilniku o uvjetima za izbor u znanstvena zvanja Nacionalnog vije\u0107a za znanost (NN 123\/03, 105\/04, 174\/04 i 28\/17), Sveu\u010dili\u0161na knji\u017enica u Splitu","og_url":"https:\/\/www.svkst.unist.hr\/index.php\/usluge\/bibliometrijske-usluge\/","og_site_name":"Sveu\u010dili\u0161na knji\u017enica u Splitu","article_publisher":"https:\/\/www.facebook.com\/svkst.unist.hr\/","article_modified_time":"2025-11-03T13:13:03+00:00","twitter_card":"summary_large_image","twitter_misc":{"Estimated reading time":"2 minutes"},"schema":{"@context":"https:\/\/schema.org","@graph":[{"@type":"Organization","@id":"https:\/\/www.svkst.unist.hr\/#organization","name":"Sveu\u010dili\u0161na knji\u017enica u Splitu","url":"https:\/\/www.svkst.unist.hr\/","sameAs":["https:\/\/www.facebook.com\/svkst.unist.hr\/"],"logo":{"@type":"ImageObject","@id":"https:\/\/www.svkst.unist.hr\/#logo","inLanguage":"en-GB","url":"https:\/\/i2.wp.com\/www.svkst.unist.hr\/wp-content\/uploads\/2018\/02\/sveucilisna_iskaznica_logo_tisak-1.png?fit=600%2C219&ssl=1","contentUrl":"https:\/\/i2.wp.com\/www.svkst.unist.hr\/wp-content\/uploads\/2018\/02\/sveucilisna_iskaznica_logo_tisak-1.png?fit=600%2C219&ssl=1","width":600,"height":219,"caption":"Sveu\u010dili\u0161na knji\u017enica u Splitu"},"image":{"@id":"https:\/\/www.svkst.unist.hr\/#logo"}},{"@type":"WebSite","@id":"https:\/\/www.svkst.unist.hr\/#website","url":"https:\/\/www.svkst.unist.hr\/","name":"Sveu\u010dili\u0161na knji\u017enica u Splitu","description":"","publisher":{"@id":"https:\/\/www.svkst.unist.hr\/#organization"},"potentialAction":[{"@type":"SearchAction","target":{"@type":"EntryPoint","urlTemplate":"https:\/\/www.svkst.unist.hr\/?s={search_term_string}"},"query-input":"required name=search_term_string"}],"inLanguage":"en-GB"},{"@type":"WebPage","@id":"https:\/\/www.svkst.unist.hr\/index.php\/usluge\/bibliometrijske-usluge\/#webpage","url":"https:\/\/www.svkst.unist.hr\/index.php\/usluge\/bibliometrijske-usluge\/","name":"Bibliometrijske usluge - Sveu\u010dili\u0161na knji\u017enica u Splitu","isPartOf":{"@id":"https:\/\/www.svkst.unist.hr\/#website"},"datePublished":"2018-09-07T11:42:10+00:00","dateModified":"2025-11-03T13:13:03+00:00","description":"Prema Pravilniku o uvjetima za izbor u znanstvena zvanja Nacionalnog vije\u0107a za znanost (NN 123\/03, 105\/04, 174\/04 i 28\/17), Sveu\u010dili\u0161na knji\u017enica u Splitu","breadcrumb":{"@id":"https:\/\/www.svkst.unist.hr\/index.php\/usluge\/bibliometrijske-usluge\/#breadcrumb"},"inLanguage":"en-GB","potentialAction":[{"@type":"ReadAction","target":["https:\/\/www.svkst.unist.hr\/index.php\/usluge\/bibliometrijske-usluge\/"]}]},{"@type":"BreadcrumbList","@id":"https:\/\/www.svkst.unist.hr\/index.php\/usluge\/bibliometrijske-usluge\/#breadcrumb","itemListElement":[{"@type":"ListItem","position":1,"name":"Home","item":"https:\/\/www.svkst.unist.hr\/"},{"@type":"ListItem","position":2,"name":"USLUGE","item":"https:\/\/www.svkst.unist.hr\/index.php\/usluge\/"},{"@type":"ListItem","position":3,"name":"Bibliometrijske usluge"}]}]}},"jetpack_shortlink":"https:\/\/wp.me\/Pan9Re-IM","_links":{"self":[{"href":"https:\/\/www.svkst.unist.hr\/index.php\/wp-json\/wp\/v2\/pages\/2776"}],"collection":[{"href":"https:\/\/www.svkst.unist.hr\/index.php\/wp-json\/wp\/v2\/pages"}],"about":[{"href":"https:\/\/www.svkst.unist.hr\/index.php\/wp-json\/wp\/v2\/types\/page"}],"author":[{"embeddable":true,"href":"https:\/\/www.svkst.unist.hr\/index.php\/wp-json\/wp\/v2\/users\/5"}],"replies":[{"embeddable":true,"href":"https:\/\/www.svkst.unist.hr\/index.php\/wp-json\/wp\/v2\/comments?post=2776"}],"version-history":[{"count":41,"href":"https:\/\/www.svkst.unist.hr\/index.php\/wp-json\/wp\/v2\/pages\/2776\/revisions"}],"predecessor-version":[{"id":45198,"href":"https:\/\/www.svkst.unist.hr\/index.php\/wp-json\/wp\/v2\/pages\/2776\/revisions\/45198"}],"up":[{"embeddable":true,"href":"https:\/\/www.svkst.unist.hr\/index.php\/wp-json\/wp\/v2\/pages\/269"}],"wp:attachment":[{"href":"https:\/\/www.svkst.unist.hr\/index.php\/wp-json\/wp\/v2\/media?parent=2776"}],"curies":[{"name":"wp","href":"https:\/\/api.w.org\/{rel}","templated":true}]}}