{"id":277,"date":"2018-01-25T12:48:24","date_gmt":"2018-01-25T11:48:24","guid":{"rendered":"http:\/\/www.svkst.unist.hr\/?page_id=277"},"modified":"2026-03-09T08:44:40","modified_gmt":"2026-03-09T07:44:40","slug":"fotokopiranje-skeniranje-fotografiranje","status":"publish","type":"page","link":"https:\/\/www.svkst.unist.hr\/index.php\/usluge\/fotokopiranje-skeniranje-fotografiranje\/","title":{"rendered":"Fotokopiranje, skeniranje, fotografiranje"},"content":{"rendered":"\n<p class=\"has-text-align-justify\">\u010clanovi Sveu\u010dili\u0161ne knji\u017enice u Splitu mogu zatra\u017eiti fotokopiju ili sken \u010dlanka ili pojedinog poglavlja iz knjige. Molimo da zahtjevi za skeniranje ili fotokopiranje ne obuhva\u0107aju vi\u0161e od 5 izvora tjedno te da ukupan broj stranica ne prelazi 60 za skeniranje ili 100 za fotokopiranje. Cijena fotokopija iznosi 0,07 EUR po stranici. Gra\u0111a se skenira ili fotokopira na zahtjev korisnika isklju\u010divo za privatno i nekomercijalno kori\u0161tenje.<br><a rel=\"noreferrer noopener\" href=\"https:\/\/www.svkst.unist.hr\/index.php\/zahtjev-za-fotokopiranje\/\" target=\"_blank\">Zahtjev za fotokopiranje ili skeniranje<\/a><br><\/p>\n<br>\n\n\n<h3><a class=\"show_hide\" href=\"#a\">Reproduciranje knji\u017eni\u010dne gra\u0111e<\/a><\/h3>\n<div class=\"slidingDiv\">\n<p style=\"text-align: justify;\">Korisnici mogu zatra\u017eiti fotokopiranje, skeniranje i fotografiranje knjiga i druge gra\u0111e iz fonda Sveu\u010dili\u0161ne knji\u017enice.<br \/>Umno\u017eavanje knji\u017eni\u010dne gra\u0111e obavlja se u skladu sa <a href=\"http:\/\/www.nn.hr\/clanci\/sluzbeno\/2003\/2399.htm\">Zakonom o autorskom pravu (NN 167\/03)<\/a> i <a href=\"http:\/\/www.nn.hr\/clanci\/sluzbeno\/2005\/1001.htm\">Pravilnikom o za\u0161titi knji\u017eni\u010dne gra\u0111e (NN 52\/05)<\/a>, a odobrava se samo za vlastite potrebe.<br \/>Zahtjevi se podnose na posebnim obrascima koji su dostupni na mre\u017enim stranicama i u knji\u017enici. Usluga se napla\u0107uje prema knji\u017eni\u010dnom <a href=\"https:\/\/www.svkst.unist.hr\/wp-content\/uploads\/2025\/07\/CJENIK-KNJIZNICNIH-USLUGA-2025.pdf\">cjeniku<\/a>. Zahtjevi se mogu odbiti ako je gra\u0111a previ\u0161e o\u0161te\u0107ena, krhka ili prevelika za reproduciranje s postoje\u0107om opremom.<br \/>Ako imate pitanja u vezi s uslugama reproduciranja, molimo, kontaktirajte nas na <strong>info@svkst.hr<\/strong>.<\/p>\n<\/div>\n<h3><a class=\"show_hide\" href=\"#a\">Fotokopiranje<\/a><\/h3>\n<div class=\"slidingDiv\">\n<p style=\"text-align: justify;\">Dopu\u0161teno je kopiranje samo pojedinih dijelova knjiga ili \u010dasopisa. Gra\u0111u kopira knji\u017eni\u010dno osoblje, a usluga se, osim u iznimnim slu\u010dajevima, obavlja u roku od jednog radnog dana. Realizaciju zahtjeva mo\u017eete provjeriti na <strong>tel. + 385 (0) 21 434 808<\/strong>. Preslike iz knjiga preuzimaju se na ulaznom info-pultu, a iz \u010dasopisa u \u010ditaonici periodike.<\/p>\n<p>Ne kopira se sljede\u0107a gra\u0111a:<\/p>\n<ul>\n<li>gra\u0111a iz zbirki posebne vrste,<\/li>\n<li>novinski fond,<\/li>\n<li>restaurirana gra\u0111a,<\/li>\n<li>knjige tiskane prije 1900. godine,<\/li>\n<li>rje\u010dnici, zemljopisne karte, atlasi,<\/li>\n<li>publikacije velikog formata,<\/li>\n<li>krhka ili o\u0161te\u0107ena gra\u0111a,<\/li>\n<li>\u010dvrsto uvezani svesci,<\/li>\n<li>sva gra\u0111a \u010dije fizi\u010dko stanje ili ostali razlozi ne dopu\u0161taju fotokopiranje.<\/li>\n<\/ul>\n<p>Navedena gra\u0111a mo\u017ee se skenirati na odjelu za digitalizaciju.<\/p>\n<\/div>\n<h3><a class=\"show_hide\" href=\"#a\">Skeniranje<\/a><\/h3>\n<div class=\"slidingDiv\">\n<p style=\"text-align: justify;\">Knji\u017enica korisnicima omogu\u0107uje samostalno skeniranje na plo\u0161nim skenerima formata A4 ili A3 koji se nalaze u velikoj \u010ditaonici na eta\u017ei -2 te u \u010ditaonici periodike na ulaznoj eta\u017ei. Prije skeniranja potrebno je gra\u0111u pokazati knji\u017eni\u010dnom osoblju i zatra\u017eiti odobrenje. Skenirati se mogu samo dijelovi publikacija. Skeniranje stare, o\u0161te\u0107ene i osjetljive gra\u0111e mo\u017ee obavljati samo knji\u017eni\u010dno osoblje.<\/p>\n<p><strong>Skeniranje na zahtjev<\/strong><\/p>\n<p style=\"text-align: justify;\">Mogu\u0107e je skeniranje jednog \u010dlanka, poglavlja ili dijela knjige po osobi, i to isklju\u010divo za studijske ili znanstvene potrebe. S obzirom na ograni\u010denost kapaciteta, napominjemo da uslugu mo\u017eete o\u010dekivati u roku od 5 radnih dana.<br \/><a href=\"https:\/\/www.svkst.unist.hr\/index.php\/zahtjev-za-fotokopiranje\/\">Zahtjev za fotokopiranje ili skeniranje\u00a0<\/a><\/p>\n<\/div>\n<h3><a class=\"show_hide\" href=\"#a\">Fotografiranje<\/a><\/h3>\n<div class=\"slidingDiv\">\n<p style=\"text-align: justify;\">Korisnici koji \u017eele fotografije visoke razlu\u010divosti, mogu se obratite knji\u017eni\u010dnom osoblju.<\/p>\n<\/div>\n<h3><a class=\"show_hide\" href=\"#a\">Tiskanje<\/a><\/h3>\n<div class=\"slidingDiv\">\n<p style=\"text-align: justify;\">\u00a0<\/p>\n<p>\u2022 Tiskanje na lokalnom pisa\u010du<\/p>\n<p>Tiskanje se mo\u017ee obaviti s ra\u010dunala na ulaznom pultu bez prijave tijekom cijelog radnog vremena. Cijena crno-bijelog ispisa A4 (jednostrano ili obostrano) iznosi 0,07 EUR po stranici, dok cijena ispisa u boji 0,30 EUR po stranici.<\/p>\n<\/div>\n\n\n<p><\/p>\n","protected":false},"excerpt":{"rendered":"<p>\u010clanovi Sveu\u010dili\u0161ne knji\u017enice u Splitu mogu zatra\u017eiti fotokopiju ili sken \u010dlanka ili pojedinog poglavlja iz knjige. Molimo da zahtjevi za skeniranje ili fotokopiranje ne obuhva\u0107aju vi\u0161e od 5 izvora tjedno te da ukupan broj stranica ne prelazi 60 za skeniranje ili 100 za fotokopiranje. Cijena fotokopija iznosi 0,07 EUR po stranici. Gra\u0111a se skenira ili [&hellip;]<\/p>\n","protected":false},"author":4,"featured_media":0,"parent":269,"menu_order":4,"comment_status":"closed","ping_status":"closed","template":"","meta":{"spay_email":""},"acf":[],"yoast_head":"<!-- This site is optimized with the Yoast SEO plugin v17.8 - https:\/\/yoast.com\/wordpress\/plugins\/seo\/ -->\n<title>Fotokopiranje, skeniranje, fotografiranje - Sveu\u010dili\u0161na knji\u017enica u Splitu<\/title>\n<meta name=\"description\" content=\"\u010clanovi Sveu\u010dili\u0161ne knji\u017enice u Splitu mogu zatra\u017eiti fotokopiju ili sken \u010dlanka ili pojedinog poglavlja iz knjige. Molimo da zahtjevi za skeniranje ili\" \/>\n<meta name=\"robots\" content=\"index, follow, max-snippet:-1, max-image-preview:large, max-video-preview:-1\" \/>\n<link rel=\"canonical\" href=\"https:\/\/www.svkst.unist.hr\/index.php\/usluge\/fotokopiranje-skeniranje-fotografiranje\/\" \/>\n<meta property=\"og:locale\" content=\"en_GB\" \/>\n<meta property=\"og:type\" content=\"article\" \/>\n<meta property=\"og:title\" content=\"Fotokopiranje, skeniranje, fotografiranje - Sveu\u010dili\u0161na knji\u017enica u Splitu\" \/>\n<meta property=\"og:description\" content=\"\u010clanovi Sveu\u010dili\u0161ne knji\u017enice u Splitu mogu zatra\u017eiti fotokopiju ili sken \u010dlanka ili pojedinog poglavlja iz knjige. Molimo da zahtjevi za skeniranje ili\" \/>\n<meta property=\"og:url\" content=\"https:\/\/www.svkst.unist.hr\/index.php\/usluge\/fotokopiranje-skeniranje-fotografiranje\/\" \/>\n<meta property=\"og:site_name\" content=\"Sveu\u010dili\u0161na knji\u017enica u Splitu\" \/>\n<meta property=\"article:publisher\" content=\"https:\/\/www.facebook.com\/svkst.unist.hr\/\" \/>\n<meta property=\"article:modified_time\" content=\"2026-03-09T07:44:40+00:00\" \/>\n<meta name=\"twitter:card\" content=\"summary_large_image\" \/>\n<meta name=\"twitter:label1\" content=\"Estimated reading time\" \/>\n\t<meta name=\"twitter:data1\" content=\"2 minutes\" \/>\n<script type=\"application\/ld+json\" class=\"yoast-schema-graph\">{\"@context\":\"https:\/\/schema.org\",\"@graph\":[{\"@type\":\"Organization\",\"@id\":\"https:\/\/www.svkst.unist.hr\/#organization\",\"name\":\"Sveu\\u010dili\\u0161na knji\\u017enica u Splitu\",\"url\":\"https:\/\/www.svkst.unist.hr\/\",\"sameAs\":[\"https:\/\/www.facebook.com\/svkst.unist.hr\/\"],\"logo\":{\"@type\":\"ImageObject\",\"@id\":\"https:\/\/www.svkst.unist.hr\/#logo\",\"inLanguage\":\"en-GB\",\"url\":\"https:\/\/i2.wp.com\/www.svkst.unist.hr\/wp-content\/uploads\/2018\/02\/sveucilisna_iskaznica_logo_tisak-1.png?fit=600%2C219&ssl=1\",\"contentUrl\":\"https:\/\/i2.wp.com\/www.svkst.unist.hr\/wp-content\/uploads\/2018\/02\/sveucilisna_iskaznica_logo_tisak-1.png?fit=600%2C219&ssl=1\",\"width\":600,\"height\":219,\"caption\":\"Sveu\\u010dili\\u0161na knji\\u017enica u Splitu\"},\"image\":{\"@id\":\"https:\/\/www.svkst.unist.hr\/#logo\"}},{\"@type\":\"WebSite\",\"@id\":\"https:\/\/www.svkst.unist.hr\/#website\",\"url\":\"https:\/\/www.svkst.unist.hr\/\",\"name\":\"Sveu\\u010dili\\u0161na knji\\u017enica u Splitu\",\"description\":\"\",\"publisher\":{\"@id\":\"https:\/\/www.svkst.unist.hr\/#organization\"},\"potentialAction\":[{\"@type\":\"SearchAction\",\"target\":{\"@type\":\"EntryPoint\",\"urlTemplate\":\"https:\/\/www.svkst.unist.hr\/?s={search_term_string}\"},\"query-input\":\"required name=search_term_string\"}],\"inLanguage\":\"en-GB\"},{\"@type\":\"WebPage\",\"@id\":\"https:\/\/www.svkst.unist.hr\/index.php\/usluge\/fotokopiranje-skeniranje-fotografiranje\/#webpage\",\"url\":\"https:\/\/www.svkst.unist.hr\/index.php\/usluge\/fotokopiranje-skeniranje-fotografiranje\/\",\"name\":\"Fotokopiranje, skeniranje, fotografiranje - Sveu\\u010dili\\u0161na knji\\u017enica u Splitu\",\"isPartOf\":{\"@id\":\"https:\/\/www.svkst.unist.hr\/#website\"},\"datePublished\":\"2018-01-25T11:48:24+00:00\",\"dateModified\":\"2026-03-09T07:44:40+00:00\",\"description\":\"\\u010clanovi Sveu\\u010dili\\u0161ne knji\\u017enice u Splitu mogu zatra\\u017eiti fotokopiju ili sken \\u010dlanka ili pojedinog poglavlja iz knjige. Molimo da zahtjevi za skeniranje ili\",\"breadcrumb\":{\"@id\":\"https:\/\/www.svkst.unist.hr\/index.php\/usluge\/fotokopiranje-skeniranje-fotografiranje\/#breadcrumb\"},\"inLanguage\":\"en-GB\",\"potentialAction\":[{\"@type\":\"ReadAction\",\"target\":[\"https:\/\/www.svkst.unist.hr\/index.php\/usluge\/fotokopiranje-skeniranje-fotografiranje\/\"]}]},{\"@type\":\"BreadcrumbList\",\"@id\":\"https:\/\/www.svkst.unist.hr\/index.php\/usluge\/fotokopiranje-skeniranje-fotografiranje\/#breadcrumb\",\"itemListElement\":[{\"@type\":\"ListItem\",\"position\":1,\"name\":\"Home\",\"item\":\"https:\/\/www.svkst.unist.hr\/\"},{\"@type\":\"ListItem\",\"position\":2,\"name\":\"USLUGE\",\"item\":\"https:\/\/www.svkst.unist.hr\/index.php\/usluge\/\"},{\"@type\":\"ListItem\",\"position\":3,\"name\":\"Fotokopiranje, skeniranje, fotografiranje\"}]}]}<\/script>\n<!-- \/ Yoast SEO plugin. -->","yoast_head_json":{"title":"Fotokopiranje, skeniranje, fotografiranje - Sveu\u010dili\u0161na knji\u017enica u Splitu","description":"\u010clanovi Sveu\u010dili\u0161ne knji\u017enice u Splitu mogu zatra\u017eiti fotokopiju ili sken \u010dlanka ili pojedinog poglavlja iz knjige. Molimo da zahtjevi za skeniranje ili","robots":{"index":"index","follow":"follow","max-snippet":"max-snippet:-1","max-image-preview":"max-image-preview:large","max-video-preview":"max-video-preview:-1"},"canonical":"https:\/\/www.svkst.unist.hr\/index.php\/usluge\/fotokopiranje-skeniranje-fotografiranje\/","og_locale":"en_GB","og_type":"article","og_title":"Fotokopiranje, skeniranje, fotografiranje - Sveu\u010dili\u0161na knji\u017enica u Splitu","og_description":"\u010clanovi Sveu\u010dili\u0161ne knji\u017enice u Splitu mogu zatra\u017eiti fotokopiju ili sken \u010dlanka ili pojedinog poglavlja iz knjige. Molimo da zahtjevi za skeniranje ili","og_url":"https:\/\/www.svkst.unist.hr\/index.php\/usluge\/fotokopiranje-skeniranje-fotografiranje\/","og_site_name":"Sveu\u010dili\u0161na knji\u017enica u Splitu","article_publisher":"https:\/\/www.facebook.com\/svkst.unist.hr\/","article_modified_time":"2026-03-09T07:44:40+00:00","twitter_card":"summary_large_image","twitter_misc":{"Estimated reading time":"2 minutes"},"schema":{"@context":"https:\/\/schema.org","@graph":[{"@type":"Organization","@id":"https:\/\/www.svkst.unist.hr\/#organization","name":"Sveu\u010dili\u0161na knji\u017enica u Splitu","url":"https:\/\/www.svkst.unist.hr\/","sameAs":["https:\/\/www.facebook.com\/svkst.unist.hr\/"],"logo":{"@type":"ImageObject","@id":"https:\/\/www.svkst.unist.hr\/#logo","inLanguage":"en-GB","url":"https:\/\/i2.wp.com\/www.svkst.unist.hr\/wp-content\/uploads\/2018\/02\/sveucilisna_iskaznica_logo_tisak-1.png?fit=600%2C219&ssl=1","contentUrl":"https:\/\/i2.wp.com\/www.svkst.unist.hr\/wp-content\/uploads\/2018\/02\/sveucilisna_iskaznica_logo_tisak-1.png?fit=600%2C219&ssl=1","width":600,"height":219,"caption":"Sveu\u010dili\u0161na knji\u017enica u Splitu"},"image":{"@id":"https:\/\/www.svkst.unist.hr\/#logo"}},{"@type":"WebSite","@id":"https:\/\/www.svkst.unist.hr\/#website","url":"https:\/\/www.svkst.unist.hr\/","name":"Sveu\u010dili\u0161na knji\u017enica u Splitu","description":"","publisher":{"@id":"https:\/\/www.svkst.unist.hr\/#organization"},"potentialAction":[{"@type":"SearchAction","target":{"@type":"EntryPoint","urlTemplate":"https:\/\/www.svkst.unist.hr\/?s={search_term_string}"},"query-input":"required name=search_term_string"}],"inLanguage":"en-GB"},{"@type":"WebPage","@id":"https:\/\/www.svkst.unist.hr\/index.php\/usluge\/fotokopiranje-skeniranje-fotografiranje\/#webpage","url":"https:\/\/www.svkst.unist.hr\/index.php\/usluge\/fotokopiranje-skeniranje-fotografiranje\/","name":"Fotokopiranje, skeniranje, fotografiranje - Sveu\u010dili\u0161na knji\u017enica u Splitu","isPartOf":{"@id":"https:\/\/www.svkst.unist.hr\/#website"},"datePublished":"2018-01-25T11:48:24+00:00","dateModified":"2026-03-09T07:44:40+00:00","description":"\u010clanovi Sveu\u010dili\u0161ne knji\u017enice u Splitu mogu zatra\u017eiti fotokopiju ili sken \u010dlanka ili pojedinog poglavlja iz knjige. Molimo da zahtjevi za skeniranje ili","breadcrumb":{"@id":"https:\/\/www.svkst.unist.hr\/index.php\/usluge\/fotokopiranje-skeniranje-fotografiranje\/#breadcrumb"},"inLanguage":"en-GB","potentialAction":[{"@type":"ReadAction","target":["https:\/\/www.svkst.unist.hr\/index.php\/usluge\/fotokopiranje-skeniranje-fotografiranje\/"]}]},{"@type":"BreadcrumbList","@id":"https:\/\/www.svkst.unist.hr\/index.php\/usluge\/fotokopiranje-skeniranje-fotografiranje\/#breadcrumb","itemListElement":[{"@type":"ListItem","position":1,"name":"Home","item":"https:\/\/www.svkst.unist.hr\/"},{"@type":"ListItem","position":2,"name":"USLUGE","item":"https:\/\/www.svkst.unist.hr\/index.php\/usluge\/"},{"@type":"ListItem","position":3,"name":"Fotokopiranje, skeniranje, fotografiranje"}]}]}},"jetpack_shortlink":"https:\/\/wp.me\/Pan9Re-4t","_links":{"self":[{"href":"https:\/\/www.svkst.unist.hr\/index.php\/wp-json\/wp\/v2\/pages\/277"}],"collection":[{"href":"https:\/\/www.svkst.unist.hr\/index.php\/wp-json\/wp\/v2\/pages"}],"about":[{"href":"https:\/\/www.svkst.unist.hr\/index.php\/wp-json\/wp\/v2\/types\/page"}],"author":[{"embeddable":true,"href":"https:\/\/www.svkst.unist.hr\/index.php\/wp-json\/wp\/v2\/users\/4"}],"replies":[{"embeddable":true,"href":"https:\/\/www.svkst.unist.hr\/index.php\/wp-json\/wp\/v2\/comments?post=277"}],"version-history":[{"count":33,"href":"https:\/\/www.svkst.unist.hr\/index.php\/wp-json\/wp\/v2\/pages\/277\/revisions"}],"predecessor-version":[{"id":45626,"href":"https:\/\/www.svkst.unist.hr\/index.php\/wp-json\/wp\/v2\/pages\/277\/revisions\/45626"}],"up":[{"embeddable":true,"href":"https:\/\/www.svkst.unist.hr\/index.php\/wp-json\/wp\/v2\/pages\/269"}],"wp:attachment":[{"href":"https:\/\/www.svkst.unist.hr\/index.php\/wp-json\/wp\/v2\/media?parent=277"}],"curies":[{"name":"wp","href":"https:\/\/api.w.org\/{rel}","templated":true}]}}