{"id":275,"date":"2018-01-25T12:47:20","date_gmt":"2018-01-25T11:47:20","guid":{"rendered":"http:\/\/www.svkst.unist.hr\/?page_id=275"},"modified":"2026-02-26T11:49:56","modified_gmt":"2026-02-26T10:49:56","slug":"informacijske-usluge","status":"publish","type":"page","link":"https:\/\/www.svkst.unist.hr\/index.php\/usluge\/informacijske-usluge\/","title":{"rendered":"Informacijske usluge"},"content":{"rendered":"<p style=\"text-align: justify;\">Sveu\u010dili\u0161na knji\u017enica u Splitu svojim korisnicima pru\u017ea niz informacijskih usluga.<br \/>Ponajprije, nudimo odgovore na jednostavne upite o mogu\u0107nosti pristupa i na\u010dinima kori\u0161tenja knji\u017eni\u010dne gra\u0111e \u2013 na informacijskom pultu (eta\u017ea 0) i \u010ditaoni\u010dkom posudbenom pultu (eta\u017ea -2) u samoj Knji\u017enici te telefonski pozivom na broj <strong>+385 (0) 21 434-808<\/strong> ili e-po\u0161tom: <strong>info@svkst.hr<\/strong>.<\/p>\n<h3><a class=\"show_hide\" href=\"#a\">Studentski i istra\u017eiva\u010dki radovi<\/a><\/h3>\n<div class=\"slidingDiv\">\n<p style=\"text-align: justify;\">Isto tako, pru\u017eamo pomo\u0107 pri pronala\u017eenju literature za sve vrste studentskih i drugih istra\u017eiva\u010dkih radova, \u0161to obuhva\u0107a:<\/p>\n<ul>\n<li>pomo\u0107 pri oblikovanju informacijskog upita (odabir klju\u010dnih rije\u010di za pretra\u017eivanje)<\/li>\n<li>pomo\u0107 pri pretra\u017eivanju kataloga Sveu\u010dili\u0161ne knji\u017enice i kataloga drugih knji\u017enica<\/li>\n<li>pomo\u0107 pri tra\u017eenju online dostupnih znanstvenih \u010dlanaka u razli\u010ditim doma\u0107im i stranim bazama podataka i portalima znanstvenih<br \/>\u010dasopisa<\/li>\n<li>pomo\u0107 pri vrednovanju informacijskih izvora<\/li>\n<\/ul>\n<p style=\"text-align: justify;\">Nadalje, korisnicima mo\u017eemo pomo\u0107i i savjetom u oblikovanju teme i strukturiranju rada te na\u010dinima citiranja, sastavljanju popisa kori\u0161tene literature i sl.<br \/>Pomo\u0107 pri pronala\u017eenju literature pru\u017eaju specijalizirani dipl. knji\u017eni\u010dari tzv. informatori, koji su smje\u0161teni u uredu na ulaznoj eta\u017ei (u blizini dizala) ili na pultu (blizu dizala) u velikoj \u010ditaonici. S informatorima se mo\u017ee kontaktirati i telefonski pozivom na brojeve <strong>+385 (0) 21 434-817<\/strong> ili <strong>+385 (0) 21 434-850<\/strong> i putem mre\u017ene usluge <a href=\"https:\/\/www.svkst.unist.hr\/index.php\/pitajte-nas\/\">Pitajte nas<\/a>.<\/p>\n<\/div>\n<h3><a class=\"show_hide\" href=\"#a\">Edukacija korisnika \u2013 informacijska pismenost<\/a><\/h3>\n<div class=\"slidingDiv\">\n<p><strong>KNJI\u017dNI\u010cNA EDUKACIJA ak. god. 2025\/2026 \u2013 radionice <\/strong><\/p>\n<p><strong>Orijentacija u knji\u017enici <\/strong><\/p>\n<p>Osnove kori\u0161tenja knji\u017enice \u2013 usluge, izvori, vrste gra\u0111e i opreme koje su na raspolaganju studentima, dogovaranje konzultacija s informatorom.<br \/>Trajanje: 45 minuta<br \/>Datumi odr\u017eavanja: po dogovoru<br \/>Mjesto odr\u017eavanja: Info-edu u\u010dionica<br \/>Prijave: <a href=\"mailto:edukacija@svkst.hr\">edukacija@svkst.hr<\/a><\/p>\n<p><strong>Pisanje zavr\u0161nog \/ diplomskog rada <\/strong><\/p>\n<p>Pretra\u017eivanje literature, kriti\u010dko vrednovanje i citiranje informacijskih izvora.<br \/>Trajanje: 90 minuta<br \/>Datumi odr\u017eavanja: tjedno u ljetnom i zimskom semestru<br \/>Mjesto odr\u017eavanja: Info-edu u\u010dionica<br \/>Prijave: <a href=\"mailto:edukacija@svkst.hr\">edukacija@svkst.hr<\/a><\/p>\n<p><strong>Kori\u0161tenje posebnih informacijskih izvora<\/strong><\/p>\n<p>Pretra\u017eivanje i kori\u0161tenje novinskih zbirki, arhivskih materijala, efemerne gra\u0111e (posteri, leci, razglednice i sli\u010dno).<br \/>Trajanje: 60 minuta<br \/>Datumi odr\u017eavanja: po dogovoru<br \/>Mjesto odr\u017eavanja: Info-edu u\u010dionica, \u010citaonica Odjela specijalnih zbirki<br \/>Prijave: <a href=\"mailto:edukacija@svkst.hr\">edukacija@svkst.hr<\/a><\/p>\n<p><strong>Informacijska pismenost i studiranje<\/strong><\/p>\n<p>Vje\u0161tine informacijske pismenosti koje olak\u0161avaju studiranje \u2013 kriti\u010dko vrednovanje informacija, na\u010dini citiranja, akademska \u010destitost.<br \/>Trajanje: 90 minuta<br \/>Datumi odr\u017eavanja: po dogovoru<br \/>Mjesto odr\u017eavanja: Info-edu u\u010dionica<br \/>Prijave: <a href=\"mailto:edukacija@svkst.hr\">edukacija@svkst.hr<\/a><\/p>\n<p><strong>Radionice za srednjo\u0161kolske u\u010denike <\/strong><\/p>\n<p>Osnovni elementi informacijske pismenosti potrebni u\u010denicima koji rade na specifi\u010dnom \u0161kolskom projektu.\u00a0<br \/>Trajanje: 90 minuta<br \/>Datumi odr\u017eavanja: po dogovoru s predmetnim nastavnikom<br \/>Mjesto odr\u017eavanja: Info-edu u\u010dionica<br \/>Prijave: <a href=\"mailto:edukacija@svkst.hr\">edukacija@svkst.hr<\/a><\/p>\n<p><strong>Jedinstveni identifikatori autora i vidljivost<\/strong><\/p>\n<p>Zna\u010dajke jedinstvenih identifikatora autora i istra\u017eiva\u010dkih profila, njihova va\u017enost u znanstvenoj komunikaciji i vidljivosti.<br \/>Trajanje: 45 minuta<br \/>Datumi odr\u017eavanja: po dogovoru<br \/>Mjesto odr\u017eavanja: Info-edu u\u010dionica<br \/>Prijave: <a href=\"mailto:edukacija@svkst.hr\">edukacija@svkst.hr<\/a><\/p>\n<p><strong>Odabir \u010dasopisa za objavljivanje znanstvenog rada<\/strong><\/p>\n<p>Kriteriji za procjenu kvalitete \u010dasopisa, smjernice i preporuke za odabir, razlikovanje predatorskih \u010dasopisa.\u00a0\u00a0<br \/>Trajanje: 60 minuta<br \/>Datumi odr\u017eavanja: po dogovoru<br \/>Mjesto odr\u017eavanja: Info-edu u\u010dionica<br \/>Prijave: <a href=\"mailto:edukacija@svkst.hr\">edukacija@svkst.hr<\/a><\/p>\n<p><strong>Elektroni\u010dki izvori znanstvenih i stru\u010dnih informacija<\/strong><\/p>\n<p>Pregled elektroni\u010dkih izvora, razlike u dostupnosti, odabir baze podataka i napredno pretra\u017eivanje.<br \/>Trajanje: 60 minuta<br \/>Datumi odr\u017eavanja: po dogovoru<br \/>Mjesto odr\u017eavanja: Info-edu u\u010dionica<br \/>Prijave: <a href=\"mailto:edukacija@svkst.hr\">edukacija@svkst.hr<\/a><\/p>\n<p>Individualno savjetovanje i pomo\u0107 u kori\u0161tenju informacijskih izvora i bibliografskih alata zatra\u017eite na <a href=\"mailto:edukacija@svkst.hr\">edukacija@svkst.hr<\/a><\/p>\n<\/div>\n\n\n<p><\/p>\n","protected":false},"excerpt":{"rendered":"<p>Sveu\u010dili\u0161na knji\u017enica u Splitu svojim korisnicima pru\u017ea niz informacijskih usluga.Ponajprije, nudimo odgovore na jednostavne upite o mogu\u0107nosti pristupa i na\u010dinima kori\u0161tenja knji\u017eni\u010dne gra\u0111e \u2013 na informacijskom pultu (eta\u017ea 0) i \u010ditaoni\u010dkom posudbenom pultu (eta\u017ea -2) u samoj Knji\u017enici te telefonski pozivom na broj +385 (0) 21 434-808 ili e-po\u0161tom: info@svkst.hr. Studentski i istra\u017eiva\u010dki radovi Isto [&hellip;]<\/p>\n","protected":false},"author":4,"featured_media":0,"parent":269,"menu_order":3,"comment_status":"closed","ping_status":"closed","template":"","meta":{"spay_email":""},"acf":[],"yoast_head":"<!-- This site is optimized with the Yoast SEO plugin v17.8 - https:\/\/yoast.com\/wordpress\/plugins\/seo\/ -->\n<title>Informacijske usluge - Sveu\u010dili\u0161na knji\u017enica u Splitu<\/title>\n<meta name=\"description\" content=\"Sveu\u010dili\u0161na knji\u017enica u Splitu svojim korisnicima pru\u017ea niz informacijskih usluga.Ponajprije, nudimo odgovore na jednostavne upite o mogu\u0107nosti pristupa i\" \/>\n<meta name=\"robots\" content=\"index, follow, max-snippet:-1, max-image-preview:large, max-video-preview:-1\" \/>\n<link rel=\"canonical\" href=\"https:\/\/www.svkst.unist.hr\/index.php\/usluge\/informacijske-usluge\/\" \/>\n<meta property=\"og:locale\" content=\"en_GB\" \/>\n<meta property=\"og:type\" content=\"article\" \/>\n<meta property=\"og:title\" content=\"Informacijske usluge - Sveu\u010dili\u0161na knji\u017enica u Splitu\" \/>\n<meta property=\"og:description\" content=\"Sveu\u010dili\u0161na knji\u017enica u Splitu svojim korisnicima pru\u017ea niz informacijskih usluga.Ponajprije, nudimo odgovore na jednostavne upite o mogu\u0107nosti pristupa i\" \/>\n<meta property=\"og:url\" content=\"https:\/\/www.svkst.unist.hr\/index.php\/usluge\/informacijske-usluge\/\" \/>\n<meta property=\"og:site_name\" content=\"Sveu\u010dili\u0161na knji\u017enica u Splitu\" \/>\n<meta property=\"article:publisher\" content=\"https:\/\/www.facebook.com\/svkst.unist.hr\/\" \/>\n<meta property=\"article:modified_time\" content=\"2026-02-26T10:49:56+00:00\" \/>\n<meta name=\"twitter:card\" content=\"summary_large_image\" \/>\n<meta name=\"twitter:label1\" content=\"Estimated reading time\" \/>\n\t<meta name=\"twitter:data1\" content=\"3 minutes\" \/>\n<script type=\"application\/ld+json\" class=\"yoast-schema-graph\">{\"@context\":\"https:\/\/schema.org\",\"@graph\":[{\"@type\":\"Organization\",\"@id\":\"https:\/\/www.svkst.unist.hr\/#organization\",\"name\":\"Sveu\\u010dili\\u0161na knji\\u017enica u Splitu\",\"url\":\"https:\/\/www.svkst.unist.hr\/\",\"sameAs\":[\"https:\/\/www.facebook.com\/svkst.unist.hr\/\"],\"logo\":{\"@type\":\"ImageObject\",\"@id\":\"https:\/\/www.svkst.unist.hr\/#logo\",\"inLanguage\":\"en-GB\",\"url\":\"https:\/\/i2.wp.com\/www.svkst.unist.hr\/wp-content\/uploads\/2018\/02\/sveucilisna_iskaznica_logo_tisak-1.png?fit=600%2C219&ssl=1\",\"contentUrl\":\"https:\/\/i2.wp.com\/www.svkst.unist.hr\/wp-content\/uploads\/2018\/02\/sveucilisna_iskaznica_logo_tisak-1.png?fit=600%2C219&ssl=1\",\"width\":600,\"height\":219,\"caption\":\"Sveu\\u010dili\\u0161na knji\\u017enica u Splitu\"},\"image\":{\"@id\":\"https:\/\/www.svkst.unist.hr\/#logo\"}},{\"@type\":\"WebSite\",\"@id\":\"https:\/\/www.svkst.unist.hr\/#website\",\"url\":\"https:\/\/www.svkst.unist.hr\/\",\"name\":\"Sveu\\u010dili\\u0161na knji\\u017enica u Splitu\",\"description\":\"\",\"publisher\":{\"@id\":\"https:\/\/www.svkst.unist.hr\/#organization\"},\"potentialAction\":[{\"@type\":\"SearchAction\",\"target\":{\"@type\":\"EntryPoint\",\"urlTemplate\":\"https:\/\/www.svkst.unist.hr\/?s={search_term_string}\"},\"query-input\":\"required name=search_term_string\"}],\"inLanguage\":\"en-GB\"},{\"@type\":\"WebPage\",\"@id\":\"https:\/\/www.svkst.unist.hr\/index.php\/usluge\/informacijske-usluge\/#webpage\",\"url\":\"https:\/\/www.svkst.unist.hr\/index.php\/usluge\/informacijske-usluge\/\",\"name\":\"Informacijske usluge - Sveu\\u010dili\\u0161na knji\\u017enica u Splitu\",\"isPartOf\":{\"@id\":\"https:\/\/www.svkst.unist.hr\/#website\"},\"datePublished\":\"2018-01-25T11:47:20+00:00\",\"dateModified\":\"2026-02-26T10:49:56+00:00\",\"description\":\"Sveu\\u010dili\\u0161na knji\\u017enica u Splitu svojim korisnicima pru\\u017ea niz informacijskih usluga.Ponajprije, nudimo odgovore na jednostavne upite o mogu\\u0107nosti pristupa i\",\"breadcrumb\":{\"@id\":\"https:\/\/www.svkst.unist.hr\/index.php\/usluge\/informacijske-usluge\/#breadcrumb\"},\"inLanguage\":\"en-GB\",\"potentialAction\":[{\"@type\":\"ReadAction\",\"target\":[\"https:\/\/www.svkst.unist.hr\/index.php\/usluge\/informacijske-usluge\/\"]}]},{\"@type\":\"BreadcrumbList\",\"@id\":\"https:\/\/www.svkst.unist.hr\/index.php\/usluge\/informacijske-usluge\/#breadcrumb\",\"itemListElement\":[{\"@type\":\"ListItem\",\"position\":1,\"name\":\"Home\",\"item\":\"https:\/\/www.svkst.unist.hr\/\"},{\"@type\":\"ListItem\",\"position\":2,\"name\":\"USLUGE\",\"item\":\"https:\/\/www.svkst.unist.hr\/index.php\/usluge\/\"},{\"@type\":\"ListItem\",\"position\":3,\"name\":\"Informacijske usluge\"}]}]}<\/script>\n<!-- \/ Yoast SEO plugin. -->","yoast_head_json":{"title":"Informacijske usluge - Sveu\u010dili\u0161na knji\u017enica u Splitu","description":"Sveu\u010dili\u0161na knji\u017enica u Splitu svojim korisnicima pru\u017ea niz informacijskih usluga.Ponajprije, nudimo odgovore na jednostavne upite o mogu\u0107nosti pristupa i","robots":{"index":"index","follow":"follow","max-snippet":"max-snippet:-1","max-image-preview":"max-image-preview:large","max-video-preview":"max-video-preview:-1"},"canonical":"https:\/\/www.svkst.unist.hr\/index.php\/usluge\/informacijske-usluge\/","og_locale":"en_GB","og_type":"article","og_title":"Informacijske usluge - Sveu\u010dili\u0161na knji\u017enica u Splitu","og_description":"Sveu\u010dili\u0161na knji\u017enica u Splitu svojim korisnicima pru\u017ea niz informacijskih usluga.Ponajprije, nudimo odgovore na jednostavne upite o mogu\u0107nosti pristupa i","og_url":"https:\/\/www.svkst.unist.hr\/index.php\/usluge\/informacijske-usluge\/","og_site_name":"Sveu\u010dili\u0161na knji\u017enica u Splitu","article_publisher":"https:\/\/www.facebook.com\/svkst.unist.hr\/","article_modified_time":"2026-02-26T10:49:56+00:00","twitter_card":"summary_large_image","twitter_misc":{"Estimated reading time":"3 minutes"},"schema":{"@context":"https:\/\/schema.org","@graph":[{"@type":"Organization","@id":"https:\/\/www.svkst.unist.hr\/#organization","name":"Sveu\u010dili\u0161na knji\u017enica u Splitu","url":"https:\/\/www.svkst.unist.hr\/","sameAs":["https:\/\/www.facebook.com\/svkst.unist.hr\/"],"logo":{"@type":"ImageObject","@id":"https:\/\/www.svkst.unist.hr\/#logo","inLanguage":"en-GB","url":"https:\/\/i2.wp.com\/www.svkst.unist.hr\/wp-content\/uploads\/2018\/02\/sveucilisna_iskaznica_logo_tisak-1.png?fit=600%2C219&ssl=1","contentUrl":"https:\/\/i2.wp.com\/www.svkst.unist.hr\/wp-content\/uploads\/2018\/02\/sveucilisna_iskaznica_logo_tisak-1.png?fit=600%2C219&ssl=1","width":600,"height":219,"caption":"Sveu\u010dili\u0161na knji\u017enica u Splitu"},"image":{"@id":"https:\/\/www.svkst.unist.hr\/#logo"}},{"@type":"WebSite","@id":"https:\/\/www.svkst.unist.hr\/#website","url":"https:\/\/www.svkst.unist.hr\/","name":"Sveu\u010dili\u0161na knji\u017enica u Splitu","description":"","publisher":{"@id":"https:\/\/www.svkst.unist.hr\/#organization"},"potentialAction":[{"@type":"SearchAction","target":{"@type":"EntryPoint","urlTemplate":"https:\/\/www.svkst.unist.hr\/?s={search_term_string}"},"query-input":"required name=search_term_string"}],"inLanguage":"en-GB"},{"@type":"WebPage","@id":"https:\/\/www.svkst.unist.hr\/index.php\/usluge\/informacijske-usluge\/#webpage","url":"https:\/\/www.svkst.unist.hr\/index.php\/usluge\/informacijske-usluge\/","name":"Informacijske usluge - Sveu\u010dili\u0161na knji\u017enica u Splitu","isPartOf":{"@id":"https:\/\/www.svkst.unist.hr\/#website"},"datePublished":"2018-01-25T11:47:20+00:00","dateModified":"2026-02-26T10:49:56+00:00","description":"Sveu\u010dili\u0161na knji\u017enica u Splitu svojim korisnicima pru\u017ea niz informacijskih usluga.Ponajprije, nudimo odgovore na jednostavne upite o mogu\u0107nosti pristupa i","breadcrumb":{"@id":"https:\/\/www.svkst.unist.hr\/index.php\/usluge\/informacijske-usluge\/#breadcrumb"},"inLanguage":"en-GB","potentialAction":[{"@type":"ReadAction","target":["https:\/\/www.svkst.unist.hr\/index.php\/usluge\/informacijske-usluge\/"]}]},{"@type":"BreadcrumbList","@id":"https:\/\/www.svkst.unist.hr\/index.php\/usluge\/informacijske-usluge\/#breadcrumb","itemListElement":[{"@type":"ListItem","position":1,"name":"Home","item":"https:\/\/www.svkst.unist.hr\/"},{"@type":"ListItem","position":2,"name":"USLUGE","item":"https:\/\/www.svkst.unist.hr\/index.php\/usluge\/"},{"@type":"ListItem","position":3,"name":"Informacijske usluge"}]}]}},"jetpack_shortlink":"https:\/\/wp.me\/Pan9Re-4r","_links":{"self":[{"href":"https:\/\/www.svkst.unist.hr\/index.php\/wp-json\/wp\/v2\/pages\/275"}],"collection":[{"href":"https:\/\/www.svkst.unist.hr\/index.php\/wp-json\/wp\/v2\/pages"}],"about":[{"href":"https:\/\/www.svkst.unist.hr\/index.php\/wp-json\/wp\/v2\/types\/page"}],"author":[{"embeddable":true,"href":"https:\/\/www.svkst.unist.hr\/index.php\/wp-json\/wp\/v2\/users\/4"}],"replies":[{"embeddable":true,"href":"https:\/\/www.svkst.unist.hr\/index.php\/wp-json\/wp\/v2\/comments?post=275"}],"version-history":[{"count":29,"href":"https:\/\/www.svkst.unist.hr\/index.php\/wp-json\/wp\/v2\/pages\/275\/revisions"}],"predecessor-version":[{"id":45585,"href":"https:\/\/www.svkst.unist.hr\/index.php\/wp-json\/wp\/v2\/pages\/275\/revisions\/45585"}],"up":[{"embeddable":true,"href":"https:\/\/www.svkst.unist.hr\/index.php\/wp-json\/wp\/v2\/pages\/269"}],"wp:attachment":[{"href":"https:\/\/www.svkst.unist.hr\/index.php\/wp-json\/wp\/v2\/media?parent=275"}],"curies":[{"name":"wp","href":"https:\/\/api.w.org\/{rel}","templated":true}]}}