{"id":2706,"date":"2018-09-04T13:36:45","date_gmt":"2018-09-04T12:36:45","guid":{"rendered":"http:\/\/www.svkst.unist.hr\/?page_id=2706"},"modified":"2021-11-30T14:00:05","modified_gmt":"2021-11-30T13:00:05","slug":"narudzbenica","status":"publish","type":"page","link":"https:\/\/www.svkst.unist.hr\/index.php\/narudzbenica\/","title":{"rendered":"Narud\u017eba knji\u017eni\u010dne gra\u0111e za \u010ditaonicu"},"content":{"rendered":"<div role=\"form\" class=\"wpcf7\" id=\"wpcf7-f2705-o1\" lang=\"en-GB\" dir=\"ltr\">\n<div class=\"screen-reader-response\"><p role=\"status\" aria-live=\"polite\" aria-atomic=\"true\"><\/p> <ul><\/ul><\/div>\n<form action=\"\/index.php\/wp-json\/wp\/v2\/pages\/2706#wpcf7-f2705-o1\" method=\"post\" class=\"wpcf7-form init\" novalidate=\"novalidate\" data-status=\"init\">\n<div style=\"display: none;\">\n<input type=\"hidden\" name=\"_wpcf7\" value=\"2705\" \/>\n<input type=\"hidden\" name=\"_wpcf7_version\" value=\"5.5.3\" \/>\n<input type=\"hidden\" name=\"_wpcf7_locale\" value=\"en_GB\" \/>\n<input type=\"hidden\" name=\"_wpcf7_unit_tag\" value=\"wpcf7-f2705-o1\" \/>\n<input type=\"hidden\" name=\"_wpcf7_container_post\" value=\"0\" \/>\n<input type=\"hidden\" name=\"_wpcf7_posted_data_hash\" value=\"\" \/>\n<input type=\"hidden\" name=\"_wpcf7cf_hidden_group_fields\" value=\"\" \/>\n<input type=\"hidden\" name=\"_wpcf7cf_hidden_groups\" value=\"\" \/>\n<input type=\"hidden\" name=\"_wpcf7cf_visible_groups\" value=\"\" \/>\n<input type=\"hidden\" name=\"_wpcf7cf_repeaters\" value=\"[]\" \/>\n<input type=\"hidden\" name=\"_wpcf7cf_steps\" value=\"{}\" \/>\n<input type=\"hidden\" name=\"_wpcf7cf_options\" value=\"{&quot;form_id&quot;:2705,&quot;conditions&quot;:[{&quot;then_field&quot;:&quot;knjiga&quot;,&quot;and_rules&quot;:[{&quot;if_field&quot;:&quot;vrsta&quot;,&quot;operator&quot;:&quot;equals&quot;,&quot;if_value&quot;:&quot;Knjige&quot;}]},{&quot;then_field&quot;:&quot;novine&quot;,&quot;and_rules&quot;:[{&quot;if_field&quot;:&quot;vrsta&quot;,&quot;operator&quot;:&quot;equals&quot;,&quot;if_value&quot;:&quot;Novine ili \\u010dasopisi&quot;}]}],&quot;settings&quot;:{&quot;animation&quot;:&quot;yes&quot;,&quot;animation_intime&quot;:200,&quot;animation_outtime&quot;:200,&quot;conditions_ui&quot;:&quot;normal&quot;,&quot;notice_dismissed&quot;:false,&quot;notice_dismissed_rollback-cf7-5.4.2&quot;:true}}\" \/>\n<\/div>\n<p>Ovo je online obrazac za narud\u017ebu knji\u017eni\u010dne gra\u0111e koja \u0107e se koristi u \u010ditaonici. Ispunjeni obrazac dobit \u0107ete na e-po\u0161tansku adresu koju ste ovdje naveli, a naru\u010deno \u0107ete mo\u0107i preuzeti na ozna\u010denim mjestima na ulaznoj eta\u017ei.<br \/>\n<b>VA\u017dNO!<\/b> Istodobno mo\u017eete imati zadu\u017eeno 5 svezaka knjiga. Nove knjige mo\u017eete naru\u010diti tek kad su prethodne razdu\u017eene. Imajte na umu da \u0107e od trenutka vra\u0107anja do razdu\u017eenja pro\u0107i 3 dana jer se vra\u0107ene knjige smje\u0161taju u karantenu.<br \/>\n&nbsp<\/p>\n<p>Vrsta gra\u0111e za narud\u017ebu *<br \/>\n<span class=\"wpcf7-form-control-wrap vrsta\"><span class=\"wpcf7-form-control wpcf7-radio\"><span class=\"wpcf7-list-item first\"><input type=\"radio\" name=\"vrsta\" value=\"Knjige\" \/><span class=\"wpcf7-list-item-label\">Knjige<\/span><\/span><span class=\"wpcf7-list-item last\"><input type=\"radio\" name=\"vrsta\" value=\"Novine ili \u010dasopisi\" \/><span class=\"wpcf7-list-item-label\">Novine ili \u010dasopisi<\/span><\/span><\/span><\/span> <\/p>\n<div data-id=\"knjiga\" data-orig_data_id=\"knjiga\"  data-class=\"wpcf7cf_group\">\n<p>Mogu\u0107e imati zadu\u017eeno do 5 svezaka<\/p>\n<p>Signatura *<br \/>\n    <span class=\"wpcf7-form-control-wrap signaturan\"><input type=\"text\" name=\"signaturan\" value=\"\" size=\"40\" class=\"wpcf7-form-control wpcf7-text wpcf7-validates-as-required\" aria-required=\"true\" aria-invalid=\"false\" \/><\/span> <\/p>\n<p>Autor *<br \/>\n    <span class=\"wpcf7-form-control-wrap autor\"><input type=\"text\" name=\"autor\" value=\"\" size=\"40\" class=\"wpcf7-form-control wpcf7-text wpcf7-validates-as-required\" aria-required=\"true\" aria-invalid=\"false\" \/><\/span> <\/p>\n<p>Naslov knjige *<br \/>\n    <span class=\"wpcf7-form-control-wrap naslovk\"><input type=\"text\" name=\"naslovk\" value=\"\" size=\"40\" class=\"wpcf7-form-control wpcf7-text wpcf7-validates-as-required\" aria-required=\"true\" aria-invalid=\"false\" \/><\/span>\n<\/p><\/div>\n<div data-id=\"novine\" data-orig_data_id=\"novine\"  data-class=\"wpcf7cf_group\">\n<p>Mogu\u0107e dnevno naru\u010diti 3 sveska<\/p>\n<p>Signatura *<br \/>\n    <span class=\"wpcf7-form-control-wrap signaturak\"><input type=\"text\" name=\"signaturak\" value=\"\" size=\"40\" class=\"wpcf7-form-control wpcf7-text wpcf7-validates-as-required\" aria-required=\"true\" aria-invalid=\"false\" \/><\/span> <\/p>\n<p>God. i br. (ili datum za novine) *<br \/>\n    <span class=\"wpcf7-form-control-wrap godina\"><input type=\"text\" name=\"godina\" value=\"\" size=\"40\" class=\"wpcf7-form-control wpcf7-text wpcf7-validates-as-required\" aria-required=\"true\" aria-invalid=\"false\" \/><\/span> <\/p>\n<p>Naziv novina ili \u010dasopisa *<br \/>\n    <span class=\"wpcf7-form-control-wrap naslovn\"><input type=\"text\" name=\"naslovn\" value=\"\" size=\"40\" class=\"wpcf7-form-control wpcf7-text wpcf7-validates-as-required\" aria-required=\"true\" aria-invalid=\"false\" \/><\/span>\n<\/p><\/div>\n<p>Korisnik (ime i prezime) *<br \/>\n    <span class=\"wpcf7-form-control-wrap korisnik\"><input type=\"text\" name=\"korisnik\" value=\"\" size=\"40\" class=\"wpcf7-form-control wpcf7-text wpcf7-validates-as-required\" aria-required=\"true\" aria-invalid=\"false\" \/><\/span> <\/p>\n<p>\u010clanski broj *<br \/>\n    <span class=\"wpcf7-form-control-wrap broj\"><input type=\"text\" name=\"broj\" value=\"\" size=\"40\" class=\"wpcf7-form-control wpcf7-text wpcf7-validates-as-required\" aria-required=\"true\" aria-invalid=\"false\" \/><\/span> <\/p>\n<p>Broj tel.\/ mobitela *<br \/>\n    <span class=\"wpcf7-form-control-wrap mobitel\"><input type=\"text\" name=\"mobitel\" value=\"\" size=\"40\" class=\"wpcf7-form-control wpcf7-text wpcf7-validates-as-required\" aria-required=\"true\" aria-invalid=\"false\" \/><\/span> <\/p>\n<p>E-mail *<br \/>\n    <span class=\"wpcf7-form-control-wrap email\"><input type=\"email\" name=\"email\" value=\"\" size=\"40\" class=\"wpcf7-form-control wpcf7-text wpcf7-email wpcf7-validates-as-required wpcf7-validates-as-email\" aria-required=\"true\" aria-invalid=\"false\" \/><\/span> <\/p>\n<p><span class=\"wpcf7-form-control-wrap privola\"><span class=\"wpcf7-form-control wpcf7-checkbox wpcf7-validates-as-required\"><span class=\"wpcf7-list-item first last\"><input type=\"checkbox\" name=\"privola[]\" value=\"Poznati su mi prava i du\u017enosti \u010dlana Sveu\u010dili\u0161ne knji\u017enice te ih u svemu prihva\u0107am.\" \/><span class=\"wpcf7-list-item-label\">Poznati su mi prava i du\u017enosti \u010dlana Sveu\u010dili\u0161ne knji\u017enice te ih u svemu prihva\u0107am.<\/span><\/span><\/span><\/span><\/p>\n<p><input type=\"submit\" value=\"Po\u0161alji\" class=\"wpcf7-form-control has-spinner wpcf7-submit\" \/><\/p>\n<p style=\"display: none !important;\"><label>&#916;<textarea name=\"_wpcf7_ak_hp_textarea\" cols=\"45\" rows=\"8\" maxlength=\"100\"><\/textarea><\/label><input type=\"hidden\" id=\"ak_js_1\" name=\"_wpcf7_ak_js\" value=\"6\"\/><script>document.getElementById( \"ak_js_1\" ).setAttribute( \"value\", ( new Date() ).getTime() );<\/script><\/p><div class=\"wpcf7-response-output\" aria-hidden=\"true\"><\/div><\/form><\/div>\n\n\n<p>Ako imate pote\u0161ko\u0107a s u\u010ditavanjem ovog obrasca, molimo da zahtjev s tra\u017eenim podatcima e-mailom po\u0161aljete na:\u00a0pomocni@svkst.hr<\/p>\n","protected":false},"excerpt":{"rendered":"<p>Ako imate pote\u0161ko\u0107a s u\u010ditavanjem ovog obrasca, molimo da zahtjev s tra\u017eenim podatcima e-mailom po\u0161aljete na:\u00a0pomocni@svkst.hr<\/p>\n","protected":false},"author":5,"featured_media":0,"parent":0,"menu_order":0,"comment_status":"closed","ping_status":"closed","template":"","meta":{"spay_email":""},"acf":[],"yoast_head":"<!-- This site is optimized with the Yoast SEO plugin v17.8 - https:\/\/yoast.com\/wordpress\/plugins\/seo\/ -->\n<title>Narud\u017eba knji\u017eni\u010dne gra\u0111e za \u010ditaonicu - Sveu\u010dili\u0161na knji\u017enica u Splitu<\/title>\n<meta name=\"description\" content=\"Ako imate pote\u0161ko\u0107a s u\u010ditavanjem ovog obrasca, molimo da zahtjev s tra\u017eenim podatcima e-mailom po\u0161aljete na:\u00a0pomocni@svkst.hr\" \/>\n<meta name=\"robots\" content=\"index, follow, max-snippet:-1, max-image-preview:large, max-video-preview:-1\" \/>\n<link rel=\"canonical\" href=\"https:\/\/www.svkst.unist.hr\/index.php\/narudzbenica\/\" \/>\n<meta property=\"og:locale\" content=\"en_GB\" \/>\n<meta property=\"og:type\" content=\"article\" \/>\n<meta property=\"og:title\" content=\"Narud\u017eba knji\u017eni\u010dne gra\u0111e za \u010ditaonicu - Sveu\u010dili\u0161na knji\u017enica u Splitu\" \/>\n<meta property=\"og:description\" content=\"Ako imate pote\u0161ko\u0107a s u\u010ditavanjem ovog obrasca, molimo da zahtjev s tra\u017eenim podatcima e-mailom po\u0161aljete na:\u00a0pomocni@svkst.hr\" \/>\n<meta property=\"og:url\" content=\"https:\/\/www.svkst.unist.hr\/index.php\/narudzbenica\/\" \/>\n<meta property=\"og:site_name\" content=\"Sveu\u010dili\u0161na knji\u017enica u Splitu\" \/>\n<meta property=\"article:publisher\" content=\"https:\/\/www.facebook.com\/svkst.unist.hr\/\" \/>\n<meta property=\"article:modified_time\" content=\"2021-11-30T13:00:05+00:00\" \/>\n<meta name=\"twitter:card\" content=\"summary_large_image\" \/>\n<meta name=\"twitter:label1\" content=\"Estimated reading time\" \/>\n\t<meta name=\"twitter:data1\" content=\"1 minute\" \/>\n<script type=\"application\/ld+json\" class=\"yoast-schema-graph\">{\"@context\":\"https:\/\/schema.org\",\"@graph\":[{\"@type\":\"Organization\",\"@id\":\"https:\/\/www.svkst.unist.hr\/#organization\",\"name\":\"Sveu\\u010dili\\u0161na knji\\u017enica u Splitu\",\"url\":\"https:\/\/www.svkst.unist.hr\/\",\"sameAs\":[\"https:\/\/www.facebook.com\/svkst.unist.hr\/\"],\"logo\":{\"@type\":\"ImageObject\",\"@id\":\"https:\/\/www.svkst.unist.hr\/#logo\",\"inLanguage\":\"en-GB\",\"url\":\"https:\/\/i2.wp.com\/www.svkst.unist.hr\/wp-content\/uploads\/2018\/02\/sveucilisna_iskaznica_logo_tisak-1.png?fit=600%2C219&ssl=1\",\"contentUrl\":\"https:\/\/i2.wp.com\/www.svkst.unist.hr\/wp-content\/uploads\/2018\/02\/sveucilisna_iskaznica_logo_tisak-1.png?fit=600%2C219&ssl=1\",\"width\":600,\"height\":219,\"caption\":\"Sveu\\u010dili\\u0161na knji\\u017enica u Splitu\"},\"image\":{\"@id\":\"https:\/\/www.svkst.unist.hr\/#logo\"}},{\"@type\":\"WebSite\",\"@id\":\"https:\/\/www.svkst.unist.hr\/#website\",\"url\":\"https:\/\/www.svkst.unist.hr\/\",\"name\":\"Sveu\\u010dili\\u0161na knji\\u017enica u Splitu\",\"description\":\"\",\"publisher\":{\"@id\":\"https:\/\/www.svkst.unist.hr\/#organization\"},\"potentialAction\":[{\"@type\":\"SearchAction\",\"target\":{\"@type\":\"EntryPoint\",\"urlTemplate\":\"https:\/\/www.svkst.unist.hr\/?s={search_term_string}\"},\"query-input\":\"required name=search_term_string\"}],\"inLanguage\":\"en-GB\"},{\"@type\":\"WebPage\",\"@id\":\"https:\/\/www.svkst.unist.hr\/index.php\/narudzbenica\/#webpage\",\"url\":\"https:\/\/www.svkst.unist.hr\/index.php\/narudzbenica\/\",\"name\":\"Narud\\u017eba knji\\u017eni\\u010dne gra\\u0111e za \\u010ditaonicu - Sveu\\u010dili\\u0161na knji\\u017enica u Splitu\",\"isPartOf\":{\"@id\":\"https:\/\/www.svkst.unist.hr\/#website\"},\"datePublished\":\"2018-09-04T12:36:45+00:00\",\"dateModified\":\"2021-11-30T13:00:05+00:00\",\"description\":\"Ako imate pote\\u0161ko\\u0107a s u\\u010ditavanjem ovog obrasca, molimo da zahtjev s tra\\u017eenim podatcima e-mailom po\\u0161aljete na:\\u00a0pomocni@svkst.hr\",\"breadcrumb\":{\"@id\":\"https:\/\/www.svkst.unist.hr\/index.php\/narudzbenica\/#breadcrumb\"},\"inLanguage\":\"en-GB\",\"potentialAction\":[{\"@type\":\"ReadAction\",\"target\":[\"https:\/\/www.svkst.unist.hr\/index.php\/narudzbenica\/\"]}]},{\"@type\":\"BreadcrumbList\",\"@id\":\"https:\/\/www.svkst.unist.hr\/index.php\/narudzbenica\/#breadcrumb\",\"itemListElement\":[{\"@type\":\"ListItem\",\"position\":1,\"name\":\"Home\",\"item\":\"https:\/\/www.svkst.unist.hr\/\"},{\"@type\":\"ListItem\",\"position\":2,\"name\":\"Narud\\u017eba knji\\u017eni\\u010dne gra\\u0111e za \\u010ditaonicu\"}]}]}<\/script>\n<!-- \/ Yoast SEO plugin. -->","yoast_head_json":{"title":"Narud\u017eba knji\u017eni\u010dne gra\u0111e za \u010ditaonicu - Sveu\u010dili\u0161na knji\u017enica u Splitu","description":"Ako imate pote\u0161ko\u0107a s u\u010ditavanjem ovog obrasca, molimo da zahtjev s tra\u017eenim podatcima e-mailom po\u0161aljete na:\u00a0pomocni@svkst.hr","robots":{"index":"index","follow":"follow","max-snippet":"max-snippet:-1","max-image-preview":"max-image-preview:large","max-video-preview":"max-video-preview:-1"},"canonical":"https:\/\/www.svkst.unist.hr\/index.php\/narudzbenica\/","og_locale":"en_GB","og_type":"article","og_title":"Narud\u017eba knji\u017eni\u010dne gra\u0111e za \u010ditaonicu - Sveu\u010dili\u0161na knji\u017enica u Splitu","og_description":"Ako imate pote\u0161ko\u0107a s u\u010ditavanjem ovog obrasca, molimo da zahtjev s tra\u017eenim podatcima e-mailom po\u0161aljete na:\u00a0pomocni@svkst.hr","og_url":"https:\/\/www.svkst.unist.hr\/index.php\/narudzbenica\/","og_site_name":"Sveu\u010dili\u0161na knji\u017enica u Splitu","article_publisher":"https:\/\/www.facebook.com\/svkst.unist.hr\/","article_modified_time":"2021-11-30T13:00:05+00:00","twitter_card":"summary_large_image","twitter_misc":{"Estimated reading time":"1 minute"},"schema":{"@context":"https:\/\/schema.org","@graph":[{"@type":"Organization","@id":"https:\/\/www.svkst.unist.hr\/#organization","name":"Sveu\u010dili\u0161na knji\u017enica u Splitu","url":"https:\/\/www.svkst.unist.hr\/","sameAs":["https:\/\/www.facebook.com\/svkst.unist.hr\/"],"logo":{"@type":"ImageObject","@id":"https:\/\/www.svkst.unist.hr\/#logo","inLanguage":"en-GB","url":"https:\/\/i2.wp.com\/www.svkst.unist.hr\/wp-content\/uploads\/2018\/02\/sveucilisna_iskaznica_logo_tisak-1.png?fit=600%2C219&ssl=1","contentUrl":"https:\/\/i2.wp.com\/www.svkst.unist.hr\/wp-content\/uploads\/2018\/02\/sveucilisna_iskaznica_logo_tisak-1.png?fit=600%2C219&ssl=1","width":600,"height":219,"caption":"Sveu\u010dili\u0161na knji\u017enica u Splitu"},"image":{"@id":"https:\/\/www.svkst.unist.hr\/#logo"}},{"@type":"WebSite","@id":"https:\/\/www.svkst.unist.hr\/#website","url":"https:\/\/www.svkst.unist.hr\/","name":"Sveu\u010dili\u0161na knji\u017enica u Splitu","description":"","publisher":{"@id":"https:\/\/www.svkst.unist.hr\/#organization"},"potentialAction":[{"@type":"SearchAction","target":{"@type":"EntryPoint","urlTemplate":"https:\/\/www.svkst.unist.hr\/?s={search_term_string}"},"query-input":"required name=search_term_string"}],"inLanguage":"en-GB"},{"@type":"WebPage","@id":"https:\/\/www.svkst.unist.hr\/index.php\/narudzbenica\/#webpage","url":"https:\/\/www.svkst.unist.hr\/index.php\/narudzbenica\/","name":"Narud\u017eba knji\u017eni\u010dne gra\u0111e za \u010ditaonicu - Sveu\u010dili\u0161na knji\u017enica u Splitu","isPartOf":{"@id":"https:\/\/www.svkst.unist.hr\/#website"},"datePublished":"2018-09-04T12:36:45+00:00","dateModified":"2021-11-30T13:00:05+00:00","description":"Ako imate pote\u0161ko\u0107a s u\u010ditavanjem ovog obrasca, molimo da zahtjev s tra\u017eenim podatcima e-mailom po\u0161aljete na:\u00a0pomocni@svkst.hr","breadcrumb":{"@id":"https:\/\/www.svkst.unist.hr\/index.php\/narudzbenica\/#breadcrumb"},"inLanguage":"en-GB","potentialAction":[{"@type":"ReadAction","target":["https:\/\/www.svkst.unist.hr\/index.php\/narudzbenica\/"]}]},{"@type":"BreadcrumbList","@id":"https:\/\/www.svkst.unist.hr\/index.php\/narudzbenica\/#breadcrumb","itemListElement":[{"@type":"ListItem","position":1,"name":"Home","item":"https:\/\/www.svkst.unist.hr\/"},{"@type":"ListItem","position":2,"name":"Narud\u017eba knji\u017eni\u010dne gra\u0111e za \u010ditaonicu"}]}]}},"jetpack_shortlink":"https:\/\/wp.me\/Pan9Re-HE","_links":{"self":[{"href":"https:\/\/www.svkst.unist.hr\/index.php\/wp-json\/wp\/v2\/pages\/2706"}],"collection":[{"href":"https:\/\/www.svkst.unist.hr\/index.php\/wp-json\/wp\/v2\/pages"}],"about":[{"href":"https:\/\/www.svkst.unist.hr\/index.php\/wp-json\/wp\/v2\/types\/page"}],"author":[{"embeddable":true,"href":"https:\/\/www.svkst.unist.hr\/index.php\/wp-json\/wp\/v2\/users\/5"}],"replies":[{"embeddable":true,"href":"https:\/\/www.svkst.unist.hr\/index.php\/wp-json\/wp\/v2\/comments?post=2706"}],"version-history":[{"count":8,"href":"https:\/\/www.svkst.unist.hr\/index.php\/wp-json\/wp\/v2\/pages\/2706\/revisions"}],"predecessor-version":[{"id":12441,"href":"https:\/\/www.svkst.unist.hr\/index.php\/wp-json\/wp\/v2\/pages\/2706\/revisions\/12441"}],"wp:attachment":[{"href":"https:\/\/www.svkst.unist.hr\/index.php\/wp-json\/wp\/v2\/media?parent=2706"}],"curies":[{"name":"wp","href":"https:\/\/api.w.org\/{rel}","templated":true}]}}