{"id":269,"date":"2018-01-25T12:45:36","date_gmt":"2018-01-25T11:45:36","guid":{"rendered":"http:\/\/www.svkst.unist.hr\/?page_id=269"},"modified":"2025-06-06T10:13:01","modified_gmt":"2025-06-06T08:13:01","slug":"usluge","status":"publish","type":"page","link":"https:\/\/www.svkst.unist.hr\/index.php\/usluge\/","title":{"rendered":"USLUGE"},"content":{"rendered":"<p><img data-attachment-id=\"1224\" data-permalink=\"https:\/\/www.svkst.unist.hr\/index.php\/usluge\/attachment\/dsc_3677\/\" data-orig-file=\"https:\/\/www.svkst.unist.hr\/wp-content\/uploads\/2018\/03\/DSC_3677-e1520496901660.jpg\" data-orig-size=\"80,121\" data-comments-opened=\"0\" data-image-meta=\"{&quot;aperture&quot;:&quot;4.5&quot;,&quot;credit&quot;:&quot;Branko Bralic     brankobralic@g&quot;,&quot;camera&quot;:&quot;NIKON D7100&quot;,&quot;caption&quot;:&quot;&quot;,&quot;created_timestamp&quot;:&quot;1418033100&quot;,&quot;copyright&quot;:&quot;&quot;,&quot;focal_length&quot;:&quot;24&quot;,&quot;iso&quot;:&quot;400&quot;,&quot;shutter_speed&quot;:&quot;0.0125&quot;,&quot;title&quot;:&quot;&quot;,&quot;orientation&quot;:&quot;1&quot;}\" data-image-title=\"DSC_3677\" data-image-description=\"\" data-image-caption=\"\" data-medium-file=\"https:\/\/www.svkst.unist.hr\/wp-content\/uploads\/2018\/03\/DSC_3677-199x300.jpg\" data-large-file=\"https:\/\/www.svkst.unist.hr\/wp-content\/uploads\/2018\/03\/DSC_3677-680x1024.jpg\" loading=\"lazy\" class=\"aligncenter wp-image-1224\" src=\"https:\/\/www.svkst.unist.hr\/wp-content\/uploads\/2018\/03\/skupna-duga.png\" alt=\"\" width=\"1131\" height=\"267\"><\/p>\n<table style=\"background-color: #e4e8ea;\" width=\"100%\">\n<tbody>\n<tr>\n<td width=\"50%\">\n<h3><a href=\"https:\/\/www.svkst.unist.hr\/index.php\/usluge\/upisi\/\"><span style=\"color: #3a3a3a;\">Upisi<\/span><\/a><\/h3>\n<\/td>\n<\/tr>\n<\/tbody>\n<\/table>\n<table style=\"background-color: #e4e8ea;\" width=\"100%\">\n<tbody>\n<tr>\n<td width=\"50%\">\n<h3><a href=\"https:\/\/www.svkst.unist.hr\/index.php\/usluge\/posudba-i-grada\/\"><span style=\"color: #3a3a3a;\">Posudba i kori\u0161tenje<\/span><\/a><\/h3>\n<\/td>\n<\/tr>\n<\/tbody>\n<\/table>\n<table style=\"background-color: #e4e8ea;\" width=\"100%\">\n<tbody>\n<tr>\n<td width=\"50%\">\n<h3><a href=\"https:\/\/www.svkst.unist.hr\/index.php\/usluge\/informacijske-usluge\/\"><span style=\"color: #3a3a3a;\">Informacijske usluge<\/span><\/a><\/h3>\n<\/td>\n<\/tr>\n<\/tbody>\n<\/table>\n<table style=\"background-color: #e4e8ea;\" width=\"100%\">\n<tbody>\n<tr>\n<td width=\"50%\">\n<h3><a href=\"https:\/\/www.svkst.unist.hr\/index.php\/usluge\/bibliometrijske-usluge\/\"><span style=\"color: #3a3a3a;\">Bibliometrijske usluge<\/span><\/a><\/h3>\n<\/td>\n<\/tr>\n<\/tbody>\n<\/table>\n<table style=\"background-color: #e4e8ea;\" width=\"100%\">\n<tbody>\n<tr>\n<td width=\"50%\">\n<h3><a href=\"https:\/\/www.svkst.unist.hr\/index.php\/sustavno-pretrazivanje-nova-usluga-u-knjiznici\/\"><span style=\"color: #3a3a3a;\">Sustavno pretra\u017eivanje literature<\/span><\/a><\/h3>\n<\/td>\n<\/tr>\n<\/tbody>\n<\/table>\n<table style=\"background-color: #e4e8ea;\" width=\"100%\">\n<tbody>\n<tr>\n<td width=\"50%\">\n<h3><a href=\"https:\/\/www.svkst.unist.hr\/index.php\/usluge\/korisnici-s-posebnim-potrebama\/\"><span style=\"color: #3a3a3a;\">Korisnici s posebnim potrebama<\/span><\/a><\/h3>\n<\/td>\n<\/tr>\n<\/tbody>\n<\/table>\n<table style=\"background-color: #e4e8ea;\" width=\"100%\">\n<tbody>\n<tr>\n<td width=\"50%\">\n<h3><a href=\"https:\/\/www.svkst.unist.hr\/index.php\/usluge\/fotokopiranje-skeniranje-fotografiranje\/\"><span style=\"color: #3a3a3a;\">Fotokopiranje, skeniranje i fotografiranje<\/span><\/a><\/h3>\n<\/td>\n<\/tr>\n<\/tbody>\n<\/table>\n<table style=\"background-color: #e4e8ea;\" width=\"100%\">\n<tbody>\n<tr>\n<td width=\"50%\">\n<h3><a href=\"https:\/\/www.svkst.unist.hr\/index.php\/usluge\/citaonice-grupni-rad\/\"><span style=\"color: #3a3a3a;\">\u010citaonice, grupni rad<\/span><\/a><\/h3>\n<\/td>\n<\/tr>\n<\/tbody>\n<\/table>\n","protected":false},"excerpt":{"rendered":"<p>Upisi Posudba i kori\u0161tenje Informacijske usluge Bibliometrijske usluge Sustavno pretra\u017eivanje literature Korisnici s posebnim potrebama Fotokopiranje, skeniranje i fotografiranje \u010citaonice, grupni rad<\/p>\n","protected":false},"author":4,"featured_media":0,"parent":0,"menu_order":0,"comment_status":"closed","ping_status":"closed","template":"","meta":{"spay_email":""},"acf":[],"yoast_head":"<!-- This site is optimized with the Yoast SEO plugin v17.8 - https:\/\/yoast.com\/wordpress\/plugins\/seo\/ -->\n<title>USLUGE - Sveu\u010dili\u0161na knji\u017enica u Splitu<\/title>\n<meta name=\"description\" content=\"Upisi Posudba i kori\u0161tenje Informacijske usluge Bibliometrijske usluge Sustavno pretra\u017eivanje literature Korisnici s posebnim potrebama Fotokopiranje,\" \/>\n<meta name=\"robots\" content=\"index, follow, max-snippet:-1, max-image-preview:large, max-video-preview:-1\" \/>\n<link rel=\"canonical\" href=\"https:\/\/www.svkst.unist.hr\/index.php\/usluge\/\" \/>\n<meta property=\"og:locale\" content=\"en_GB\" \/>\n<meta property=\"og:type\" content=\"article\" \/>\n<meta property=\"og:title\" content=\"USLUGE - Sveu\u010dili\u0161na knji\u017enica u Splitu\" \/>\n<meta property=\"og:description\" content=\"Upisi Posudba i kori\u0161tenje Informacijske usluge Bibliometrijske usluge Sustavno pretra\u017eivanje literature Korisnici s posebnim potrebama Fotokopiranje,\" \/>\n<meta property=\"og:url\" content=\"https:\/\/www.svkst.unist.hr\/index.php\/usluge\/\" \/>\n<meta property=\"og:site_name\" content=\"Sveu\u010dili\u0161na knji\u017enica u Splitu\" \/>\n<meta property=\"article:publisher\" content=\"https:\/\/www.facebook.com\/svkst.unist.hr\/\" \/>\n<meta property=\"article:modified_time\" content=\"2025-06-06T08:13:01+00:00\" \/>\n<meta property=\"og:image\" content=\"http:\/\/www.svkst.unist.hr\/wp-content\/uploads\/2018\/03\/skupna-duga.png\" \/>\n<meta name=\"twitter:card\" content=\"summary_large_image\" \/>\n<meta name=\"twitter:label1\" content=\"Estimated reading time\" \/>\n\t<meta name=\"twitter:data1\" content=\"1 minute\" \/>\n<script type=\"application\/ld+json\" class=\"yoast-schema-graph\">{\"@context\":\"https:\/\/schema.org\",\"@graph\":[{\"@type\":\"Organization\",\"@id\":\"https:\/\/www.svkst.unist.hr\/#organization\",\"name\":\"Sveu\\u010dili\\u0161na knji\\u017enica u Splitu\",\"url\":\"https:\/\/www.svkst.unist.hr\/\",\"sameAs\":[\"https:\/\/www.facebook.com\/svkst.unist.hr\/\"],\"logo\":{\"@type\":\"ImageObject\",\"@id\":\"https:\/\/www.svkst.unist.hr\/#logo\",\"inLanguage\":\"en-GB\",\"url\":\"https:\/\/i2.wp.com\/www.svkst.unist.hr\/wp-content\/uploads\/2018\/02\/sveucilisna_iskaznica_logo_tisak-1.png?fit=600%2C219&ssl=1\",\"contentUrl\":\"https:\/\/i2.wp.com\/www.svkst.unist.hr\/wp-content\/uploads\/2018\/02\/sveucilisna_iskaznica_logo_tisak-1.png?fit=600%2C219&ssl=1\",\"width\":600,\"height\":219,\"caption\":\"Sveu\\u010dili\\u0161na knji\\u017enica u Splitu\"},\"image\":{\"@id\":\"https:\/\/www.svkst.unist.hr\/#logo\"}},{\"@type\":\"WebSite\",\"@id\":\"https:\/\/www.svkst.unist.hr\/#website\",\"url\":\"https:\/\/www.svkst.unist.hr\/\",\"name\":\"Sveu\\u010dili\\u0161na knji\\u017enica u Splitu\",\"description\":\"\",\"publisher\":{\"@id\":\"https:\/\/www.svkst.unist.hr\/#organization\"},\"potentialAction\":[{\"@type\":\"SearchAction\",\"target\":{\"@type\":\"EntryPoint\",\"urlTemplate\":\"https:\/\/www.svkst.unist.hr\/?s={search_term_string}\"},\"query-input\":\"required name=search_term_string\"}],\"inLanguage\":\"en-GB\"},{\"@type\":\"ImageObject\",\"@id\":\"https:\/\/www.svkst.unist.hr\/index.php\/usluge\/#primaryimage\",\"inLanguage\":\"en-GB\",\"url\":\"http:\/\/www.svkst.unist.hr\/wp-content\/uploads\/2018\/03\/skupna-duga.png\",\"contentUrl\":\"http:\/\/www.svkst.unist.hr\/wp-content\/uploads\/2018\/03\/skupna-duga.png\"},{\"@type\":\"WebPage\",\"@id\":\"https:\/\/www.svkst.unist.hr\/index.php\/usluge\/#webpage\",\"url\":\"https:\/\/www.svkst.unist.hr\/index.php\/usluge\/\",\"name\":\"USLUGE - Sveu\\u010dili\\u0161na knji\\u017enica u Splitu\",\"isPartOf\":{\"@id\":\"https:\/\/www.svkst.unist.hr\/#website\"},\"primaryImageOfPage\":{\"@id\":\"https:\/\/www.svkst.unist.hr\/index.php\/usluge\/#primaryimage\"},\"datePublished\":\"2018-01-25T11:45:36+00:00\",\"dateModified\":\"2025-06-06T08:13:01+00:00\",\"description\":\"Upisi Posudba i kori\\u0161tenje Informacijske usluge Bibliometrijske usluge Sustavno pretra\\u017eivanje literature Korisnici s posebnim potrebama Fotokopiranje,\",\"breadcrumb\":{\"@id\":\"https:\/\/www.svkst.unist.hr\/index.php\/usluge\/#breadcrumb\"},\"inLanguage\":\"en-GB\",\"potentialAction\":[{\"@type\":\"ReadAction\",\"target\":[\"https:\/\/www.svkst.unist.hr\/index.php\/usluge\/\"]}]},{\"@type\":\"BreadcrumbList\",\"@id\":\"https:\/\/www.svkst.unist.hr\/index.php\/usluge\/#breadcrumb\",\"itemListElement\":[{\"@type\":\"ListItem\",\"position\":1,\"name\":\"Home\",\"item\":\"https:\/\/www.svkst.unist.hr\/\"},{\"@type\":\"ListItem\",\"position\":2,\"name\":\"USLUGE\"}]}]}<\/script>\n<!-- \/ Yoast SEO plugin. -->","yoast_head_json":{"title":"USLUGE - Sveu\u010dili\u0161na knji\u017enica u Splitu","description":"Upisi Posudba i kori\u0161tenje Informacijske usluge Bibliometrijske usluge Sustavno pretra\u017eivanje literature Korisnici s posebnim potrebama Fotokopiranje,","robots":{"index":"index","follow":"follow","max-snippet":"max-snippet:-1","max-image-preview":"max-image-preview:large","max-video-preview":"max-video-preview:-1"},"canonical":"https:\/\/www.svkst.unist.hr\/index.php\/usluge\/","og_locale":"en_GB","og_type":"article","og_title":"USLUGE - Sveu\u010dili\u0161na knji\u017enica u Splitu","og_description":"Upisi Posudba i kori\u0161tenje Informacijske usluge Bibliometrijske usluge Sustavno pretra\u017eivanje literature Korisnici s posebnim potrebama Fotokopiranje,","og_url":"https:\/\/www.svkst.unist.hr\/index.php\/usluge\/","og_site_name":"Sveu\u010dili\u0161na knji\u017enica u Splitu","article_publisher":"https:\/\/www.facebook.com\/svkst.unist.hr\/","article_modified_time":"2025-06-06T08:13:01+00:00","og_image":[{"url":"http:\/\/www.svkst.unist.hr\/wp-content\/uploads\/2018\/03\/skupna-duga.png"}],"twitter_card":"summary_large_image","twitter_misc":{"Estimated reading time":"1 minute"},"schema":{"@context":"https:\/\/schema.org","@graph":[{"@type":"Organization","@id":"https:\/\/www.svkst.unist.hr\/#organization","name":"Sveu\u010dili\u0161na knji\u017enica u Splitu","url":"https:\/\/www.svkst.unist.hr\/","sameAs":["https:\/\/www.facebook.com\/svkst.unist.hr\/"],"logo":{"@type":"ImageObject","@id":"https:\/\/www.svkst.unist.hr\/#logo","inLanguage":"en-GB","url":"https:\/\/i2.wp.com\/www.svkst.unist.hr\/wp-content\/uploads\/2018\/02\/sveucilisna_iskaznica_logo_tisak-1.png?fit=600%2C219&ssl=1","contentUrl":"https:\/\/i2.wp.com\/www.svkst.unist.hr\/wp-content\/uploads\/2018\/02\/sveucilisna_iskaznica_logo_tisak-1.png?fit=600%2C219&ssl=1","width":600,"height":219,"caption":"Sveu\u010dili\u0161na knji\u017enica u Splitu"},"image":{"@id":"https:\/\/www.svkst.unist.hr\/#logo"}},{"@type":"WebSite","@id":"https:\/\/www.svkst.unist.hr\/#website","url":"https:\/\/www.svkst.unist.hr\/","name":"Sveu\u010dili\u0161na knji\u017enica u Splitu","description":"","publisher":{"@id":"https:\/\/www.svkst.unist.hr\/#organization"},"potentialAction":[{"@type":"SearchAction","target":{"@type":"EntryPoint","urlTemplate":"https:\/\/www.svkst.unist.hr\/?s={search_term_string}"},"query-input":"required name=search_term_string"}],"inLanguage":"en-GB"},{"@type":"ImageObject","@id":"https:\/\/www.svkst.unist.hr\/index.php\/usluge\/#primaryimage","inLanguage":"en-GB","url":"http:\/\/www.svkst.unist.hr\/wp-content\/uploads\/2018\/03\/skupna-duga.png","contentUrl":"http:\/\/www.svkst.unist.hr\/wp-content\/uploads\/2018\/03\/skupna-duga.png"},{"@type":"WebPage","@id":"https:\/\/www.svkst.unist.hr\/index.php\/usluge\/#webpage","url":"https:\/\/www.svkst.unist.hr\/index.php\/usluge\/","name":"USLUGE - Sveu\u010dili\u0161na knji\u017enica u Splitu","isPartOf":{"@id":"https:\/\/www.svkst.unist.hr\/#website"},"primaryImageOfPage":{"@id":"https:\/\/www.svkst.unist.hr\/index.php\/usluge\/#primaryimage"},"datePublished":"2018-01-25T11:45:36+00:00","dateModified":"2025-06-06T08:13:01+00:00","description":"Upisi Posudba i kori\u0161tenje Informacijske usluge Bibliometrijske usluge Sustavno pretra\u017eivanje literature Korisnici s posebnim potrebama Fotokopiranje,","breadcrumb":{"@id":"https:\/\/www.svkst.unist.hr\/index.php\/usluge\/#breadcrumb"},"inLanguage":"en-GB","potentialAction":[{"@type":"ReadAction","target":["https:\/\/www.svkst.unist.hr\/index.php\/usluge\/"]}]},{"@type":"BreadcrumbList","@id":"https:\/\/www.svkst.unist.hr\/index.php\/usluge\/#breadcrumb","itemListElement":[{"@type":"ListItem","position":1,"name":"Home","item":"https:\/\/www.svkst.unist.hr\/"},{"@type":"ListItem","position":2,"name":"USLUGE"}]}]}},"jetpack_shortlink":"https:\/\/wp.me\/Pan9Re-4l","_links":{"self":[{"href":"https:\/\/www.svkst.unist.hr\/index.php\/wp-json\/wp\/v2\/pages\/269"}],"collection":[{"href":"https:\/\/www.svkst.unist.hr\/index.php\/wp-json\/wp\/v2\/pages"}],"about":[{"href":"https:\/\/www.svkst.unist.hr\/index.php\/wp-json\/wp\/v2\/types\/page"}],"author":[{"embeddable":true,"href":"https:\/\/www.svkst.unist.hr\/index.php\/wp-json\/wp\/v2\/users\/4"}],"replies":[{"embeddable":true,"href":"https:\/\/www.svkst.unist.hr\/index.php\/wp-json\/wp\/v2\/comments?post=269"}],"version-history":[{"count":22,"href":"https:\/\/www.svkst.unist.hr\/index.php\/wp-json\/wp\/v2\/pages\/269\/revisions"}],"predecessor-version":[{"id":45108,"href":"https:\/\/www.svkst.unist.hr\/index.php\/wp-json\/wp\/v2\/pages\/269\/revisions\/45108"}],"wp:attachment":[{"href":"https:\/\/www.svkst.unist.hr\/index.php\/wp-json\/wp\/v2\/media?parent=269"}],"curies":[{"name":"wp","href":"https:\/\/api.w.org\/{rel}","templated":true}]}}