{"id":249,"date":"2018-01-25T12:37:09","date_gmt":"2018-01-25T11:37:09","guid":{"rendered":"http:\/\/www.svkst.unist.hr\/?page_id=249"},"modified":"2026-01-20T08:55:18","modified_gmt":"2026-01-20T07:55:18","slug":"djelatnici","status":"publish","type":"page","link":"https:\/\/www.svkst.unist.hr\/index.php\/o-knjiznici\/djelatnici\/","title":{"rendered":"Kontakt"},"content":{"rendered":"\n<table cellspacing=\"5\" cellpadding=\"5\" border=\"0\">\n<tbody>\n<tr>\n<td><p><strong>Radno vrijeme knji\u017enice:<\/strong><\/p>\n<p>Radnim danom od 8 do 21 sat\n<br>\nNo\u0107na \u010ditaonica od 21 do 24 sata \n<br>\nSubotom od 9 do 14 sati <\/p>\n<\/td>\n<\/tr>\n<tr>\n<td><p><strong>Sveu\u010dili\u0161na knji\u017enica u Splitu<\/strong>\n<br>Ru\u0111era Bo\u0161kovi\u0107a 31, 21000 Split\n<br>OIB: 40099344720<br>IBAN: HR7824070001100578497<\/p>\n<\/td>\n<\/tr>\n<\/tbody>\n<\/table>\n<table cellspacing=\"5\" cellpadding=\"5\" border=\"0\">\n<tbody>\n<tr>\n<td><p>Informacije<\/p><\/td>\n<td><p>+ 385 (0) 21 434 808<\/p><\/td>\n<td><p>info@svkst.hr<\/p><\/td>\n<\/tr>\n<tr>\n<td><p>Tajni\u0161tvo<\/p><\/td>\n<td><p>+ 385 (0) 21 434 824<\/p><\/td>\n<td><p>tajnistvo@svkst.hr<\/p><\/td>\n<\/tr>\n<tr>\n<td><p>Ravnateljica<\/p><\/td>\n<td><p>+ 385 (0) 21 434 824<\/p><\/td>\n<td><p>ravnatelj@svkst.hr<\/p><\/td>\n<\/tr>\n<tr>\n<td><p>Ra\u010dunovodstvo<\/p><\/td>\n<td><p>+ 385 (0) 21 434 823; 434 856<\/p><\/td>\n<td><p>mmrdjen@svkst.hr&nbsp; &nbsp; &nbsp; &nbsp; jklaric@svkst.hr<\/p><\/td>\n<\/tr>\n<tr>\n<td><p>Javna nabava<\/p><\/td>\n<td><p>+ 385 (0) 21 434 888<\/p><\/td>\n<td><p>javna.nabava@svkst.hr<\/p><\/td>\n<\/tr>\n<tr>\n<td><p>CIP slu\u017eba<\/p><\/td>\n<td><p>+ 385 (0) 21 434 837<\/p><\/td>\n<td><p>cip@svkst.hr<\/p><\/td>\n<\/tr>\n<tr>\n<td><p>UDK oznake<\/p><\/td>\n<td><p>+ 385 (0) 21 434 816 ; 434 804<\/p><\/td>\n<td><p>ikolak@svkst.hr&nbsp;&nbsp;&nbsp;&nbsp;&nbsp;&nbsp;&nbsp;&nbsp;&nbsp;&nbsp; mazakari@svkst.hr<\/p><\/td>\n<\/tr>\n<tr>\n<td><p>Bibliometrijske usluge<\/p><\/td>\n<td><p>+ 385 (0) 21 434 842; 434 822<\/p><\/td>\n<td><p>bibliometrija@svkst.hr<\/p><\/td>\n<\/tr>\n<tr>\n<td><p>Me\u0111uknji\u017eni\u010dna posudba<\/p><\/td>\n<td><p>+ 385 (0) 21 434 817; 434 850<\/p><\/td>\n<td><p>ill@svkst.hr<\/p><\/td>\n<\/tr>\n<tr>\n<td><p>Nabava gra\u0111e<\/p><\/td>\n<td><p>&#8212;<\/p><\/td>\n<td><p>nabava@svkst.hr<\/p><\/td>\n<\/tr>\n<tr>\n<td><p>Webmaster<\/p><\/td>\n<td><p>&#8212;<\/p><\/td>\n<td><p>www@svkst.hr<\/p><\/td>\n<\/tr>\n<tr>\n<td><p>Slu\u017eba za odr\u017eavanje i sigurnost zgrade<\/p><\/td>\n<td><p>+ 385 (0) 21 434 802<\/p><\/td>\n<td><p>cnus@svkst.hr<\/p><\/td>\n<\/tr>\n<\/tbody>\n<\/table>\n<p><a href=\"https:\/\/www.svkst.unist.hr\/wp-content\/uploads\/2026\/01\/Imenik_20260120.pdf\">Imenik djelatnika Sveu\u010dili\u0161ne knji\u017enice u Splitu<\/a><\/p>\n\n\n\n<p><\/p>\n","protected":false},"excerpt":{"rendered":"<p>Radno vrijeme knji\u017enice: Radnim danom od 8 do 21 sat No\u0107na \u010ditaonica od 21 do 24 sata Subotom od 9 do 14 sati Sveu\u010dili\u0161na knji\u017enica u Splitu Ru\u0111era Bo\u0161kovi\u0107a 31, 21000 Split OIB: 40099344720IBAN: HR7824070001100578497 Informacije + 385 (0) 21 434 808 info@svkst.hr Tajni\u0161tvo + 385 (0) 21 434 824 tajnistvo@svkst.hr Ravnateljica + 385 (0) [&hellip;]<\/p>\n","protected":false},"author":4,"featured_media":0,"parent":246,"menu_order":4,"comment_status":"closed","ping_status":"closed","template":"","meta":{"spay_email":""},"acf":[],"yoast_head":"<!-- This site is optimized with the Yoast SEO plugin v17.8 - https:\/\/yoast.com\/wordpress\/plugins\/seo\/ -->\n<title>Kontakt - Sveu\u010dili\u0161na knji\u017enica u Splitu<\/title>\n<meta name=\"description\" content=\"Radno vrijeme knji\u017enice: Radnim danom od 8 do 21 sat No\u0107na \u010ditaonica od 21 do 24 sata Subotom od 9 do 14 sati Sveu\u010dili\u0161na knji\u017enica u Splitu Ru\u0111era\" \/>\n<meta name=\"robots\" content=\"index, follow, max-snippet:-1, max-image-preview:large, max-video-preview:-1\" \/>\n<link rel=\"canonical\" href=\"https:\/\/www.svkst.unist.hr\/index.php\/o-knjiznici\/djelatnici\/\" \/>\n<meta property=\"og:locale\" content=\"en_GB\" \/>\n<meta property=\"og:type\" content=\"article\" \/>\n<meta property=\"og:title\" content=\"Kontakt - Sveu\u010dili\u0161na knji\u017enica u Splitu\" \/>\n<meta property=\"og:description\" content=\"Radno vrijeme knji\u017enice: Radnim danom od 8 do 21 sat No\u0107na \u010ditaonica od 21 do 24 sata Subotom od 9 do 14 sati Sveu\u010dili\u0161na knji\u017enica u Splitu Ru\u0111era\" \/>\n<meta property=\"og:url\" content=\"https:\/\/www.svkst.unist.hr\/index.php\/o-knjiznici\/djelatnici\/\" \/>\n<meta property=\"og:site_name\" content=\"Sveu\u010dili\u0161na knji\u017enica u Splitu\" \/>\n<meta property=\"article:publisher\" content=\"https:\/\/www.facebook.com\/svkst.unist.hr\/\" \/>\n<meta property=\"article:modified_time\" content=\"2026-01-20T07:55:18+00:00\" \/>\n<meta name=\"twitter:card\" content=\"summary_large_image\" \/>\n<meta name=\"twitter:label1\" content=\"Estimated reading time\" \/>\n\t<meta name=\"twitter:data1\" content=\"1 minute\" \/>\n<script type=\"application\/ld+json\" class=\"yoast-schema-graph\">{\"@context\":\"https:\/\/schema.org\",\"@graph\":[{\"@type\":\"Organization\",\"@id\":\"https:\/\/www.svkst.unist.hr\/#organization\",\"name\":\"Sveu\\u010dili\\u0161na knji\\u017enica u Splitu\",\"url\":\"https:\/\/www.svkst.unist.hr\/\",\"sameAs\":[\"https:\/\/www.facebook.com\/svkst.unist.hr\/\"],\"logo\":{\"@type\":\"ImageObject\",\"@id\":\"https:\/\/www.svkst.unist.hr\/#logo\",\"inLanguage\":\"en-GB\",\"url\":\"https:\/\/i2.wp.com\/www.svkst.unist.hr\/wp-content\/uploads\/2018\/02\/sveucilisna_iskaznica_logo_tisak-1.png?fit=600%2C219&ssl=1\",\"contentUrl\":\"https:\/\/i2.wp.com\/www.svkst.unist.hr\/wp-content\/uploads\/2018\/02\/sveucilisna_iskaznica_logo_tisak-1.png?fit=600%2C219&ssl=1\",\"width\":600,\"height\":219,\"caption\":\"Sveu\\u010dili\\u0161na knji\\u017enica u Splitu\"},\"image\":{\"@id\":\"https:\/\/www.svkst.unist.hr\/#logo\"}},{\"@type\":\"WebSite\",\"@id\":\"https:\/\/www.svkst.unist.hr\/#website\",\"url\":\"https:\/\/www.svkst.unist.hr\/\",\"name\":\"Sveu\\u010dili\\u0161na knji\\u017enica u Splitu\",\"description\":\"\",\"publisher\":{\"@id\":\"https:\/\/www.svkst.unist.hr\/#organization\"},\"potentialAction\":[{\"@type\":\"SearchAction\",\"target\":{\"@type\":\"EntryPoint\",\"urlTemplate\":\"https:\/\/www.svkst.unist.hr\/?s={search_term_string}\"},\"query-input\":\"required name=search_term_string\"}],\"inLanguage\":\"en-GB\"},{\"@type\":\"WebPage\",\"@id\":\"https:\/\/www.svkst.unist.hr\/index.php\/o-knjiznici\/djelatnici\/#webpage\",\"url\":\"https:\/\/www.svkst.unist.hr\/index.php\/o-knjiznici\/djelatnici\/\",\"name\":\"Kontakt - Sveu\\u010dili\\u0161na knji\\u017enica u Splitu\",\"isPartOf\":{\"@id\":\"https:\/\/www.svkst.unist.hr\/#website\"},\"datePublished\":\"2018-01-25T11:37:09+00:00\",\"dateModified\":\"2026-01-20T07:55:18+00:00\",\"description\":\"Radno vrijeme knji\\u017enice: Radnim danom od 8 do 21 sat No\\u0107na \\u010ditaonica od 21 do 24 sata Subotom od 9 do 14 sati Sveu\\u010dili\\u0161na knji\\u017enica u Splitu Ru\\u0111era\",\"breadcrumb\":{\"@id\":\"https:\/\/www.svkst.unist.hr\/index.php\/o-knjiznici\/djelatnici\/#breadcrumb\"},\"inLanguage\":\"en-GB\",\"potentialAction\":[{\"@type\":\"ReadAction\",\"target\":[\"https:\/\/www.svkst.unist.hr\/index.php\/o-knjiznici\/djelatnici\/\"]}]},{\"@type\":\"BreadcrumbList\",\"@id\":\"https:\/\/www.svkst.unist.hr\/index.php\/o-knjiznici\/djelatnici\/#breadcrumb\",\"itemListElement\":[{\"@type\":\"ListItem\",\"position\":1,\"name\":\"Home\",\"item\":\"https:\/\/www.svkst.unist.hr\/\"},{\"@type\":\"ListItem\",\"position\":2,\"name\":\"O KNJI\\u017dNICI\",\"item\":\"https:\/\/www.svkst.unist.hr\/index.php\/o-knjiznici\/\"},{\"@type\":\"ListItem\",\"position\":3,\"name\":\"Kontakt\"}]}]}<\/script>\n<!-- \/ Yoast SEO plugin. -->","yoast_head_json":{"title":"Kontakt - Sveu\u010dili\u0161na knji\u017enica u Splitu","description":"Radno vrijeme knji\u017enice: Radnim danom od 8 do 21 sat No\u0107na \u010ditaonica od 21 do 24 sata Subotom od 9 do 14 sati Sveu\u010dili\u0161na knji\u017enica u Splitu Ru\u0111era","robots":{"index":"index","follow":"follow","max-snippet":"max-snippet:-1","max-image-preview":"max-image-preview:large","max-video-preview":"max-video-preview:-1"},"canonical":"https:\/\/www.svkst.unist.hr\/index.php\/o-knjiznici\/djelatnici\/","og_locale":"en_GB","og_type":"article","og_title":"Kontakt - Sveu\u010dili\u0161na knji\u017enica u Splitu","og_description":"Radno vrijeme knji\u017enice: Radnim danom od 8 do 21 sat No\u0107na \u010ditaonica od 21 do 24 sata Subotom od 9 do 14 sati Sveu\u010dili\u0161na knji\u017enica u Splitu Ru\u0111era","og_url":"https:\/\/www.svkst.unist.hr\/index.php\/o-knjiznici\/djelatnici\/","og_site_name":"Sveu\u010dili\u0161na knji\u017enica u Splitu","article_publisher":"https:\/\/www.facebook.com\/svkst.unist.hr\/","article_modified_time":"2026-01-20T07:55:18+00:00","twitter_card":"summary_large_image","twitter_misc":{"Estimated reading time":"1 minute"},"schema":{"@context":"https:\/\/schema.org","@graph":[{"@type":"Organization","@id":"https:\/\/www.svkst.unist.hr\/#organization","name":"Sveu\u010dili\u0161na knji\u017enica u Splitu","url":"https:\/\/www.svkst.unist.hr\/","sameAs":["https:\/\/www.facebook.com\/svkst.unist.hr\/"],"logo":{"@type":"ImageObject","@id":"https:\/\/www.svkst.unist.hr\/#logo","inLanguage":"en-GB","url":"https:\/\/i2.wp.com\/www.svkst.unist.hr\/wp-content\/uploads\/2018\/02\/sveucilisna_iskaznica_logo_tisak-1.png?fit=600%2C219&ssl=1","contentUrl":"https:\/\/i2.wp.com\/www.svkst.unist.hr\/wp-content\/uploads\/2018\/02\/sveucilisna_iskaznica_logo_tisak-1.png?fit=600%2C219&ssl=1","width":600,"height":219,"caption":"Sveu\u010dili\u0161na knji\u017enica u Splitu"},"image":{"@id":"https:\/\/www.svkst.unist.hr\/#logo"}},{"@type":"WebSite","@id":"https:\/\/www.svkst.unist.hr\/#website","url":"https:\/\/www.svkst.unist.hr\/","name":"Sveu\u010dili\u0161na knji\u017enica u Splitu","description":"","publisher":{"@id":"https:\/\/www.svkst.unist.hr\/#organization"},"potentialAction":[{"@type":"SearchAction","target":{"@type":"EntryPoint","urlTemplate":"https:\/\/www.svkst.unist.hr\/?s={search_term_string}"},"query-input":"required name=search_term_string"}],"inLanguage":"en-GB"},{"@type":"WebPage","@id":"https:\/\/www.svkst.unist.hr\/index.php\/o-knjiznici\/djelatnici\/#webpage","url":"https:\/\/www.svkst.unist.hr\/index.php\/o-knjiznici\/djelatnici\/","name":"Kontakt - Sveu\u010dili\u0161na knji\u017enica u Splitu","isPartOf":{"@id":"https:\/\/www.svkst.unist.hr\/#website"},"datePublished":"2018-01-25T11:37:09+00:00","dateModified":"2026-01-20T07:55:18+00:00","description":"Radno vrijeme knji\u017enice: Radnim danom od 8 do 21 sat No\u0107na \u010ditaonica od 21 do 24 sata Subotom od 9 do 14 sati Sveu\u010dili\u0161na knji\u017enica u Splitu Ru\u0111era","breadcrumb":{"@id":"https:\/\/www.svkst.unist.hr\/index.php\/o-knjiznici\/djelatnici\/#breadcrumb"},"inLanguage":"en-GB","potentialAction":[{"@type":"ReadAction","target":["https:\/\/www.svkst.unist.hr\/index.php\/o-knjiznici\/djelatnici\/"]}]},{"@type":"BreadcrumbList","@id":"https:\/\/www.svkst.unist.hr\/index.php\/o-knjiznici\/djelatnici\/#breadcrumb","itemListElement":[{"@type":"ListItem","position":1,"name":"Home","item":"https:\/\/www.svkst.unist.hr\/"},{"@type":"ListItem","position":2,"name":"O KNJI\u017dNICI","item":"https:\/\/www.svkst.unist.hr\/index.php\/o-knjiznici\/"},{"@type":"ListItem","position":3,"name":"Kontakt"}]}]}},"jetpack_shortlink":"https:\/\/wp.me\/Pan9Re-41","_links":{"self":[{"href":"https:\/\/www.svkst.unist.hr\/index.php\/wp-json\/wp\/v2\/pages\/249"}],"collection":[{"href":"https:\/\/www.svkst.unist.hr\/index.php\/wp-json\/wp\/v2\/pages"}],"about":[{"href":"https:\/\/www.svkst.unist.hr\/index.php\/wp-json\/wp\/v2\/types\/page"}],"author":[{"embeddable":true,"href":"https:\/\/www.svkst.unist.hr\/index.php\/wp-json\/wp\/v2\/users\/4"}],"replies":[{"embeddable":true,"href":"https:\/\/www.svkst.unist.hr\/index.php\/wp-json\/wp\/v2\/comments?post=249"}],"version-history":[{"count":101,"href":"https:\/\/www.svkst.unist.hr\/index.php\/wp-json\/wp\/v2\/pages\/249\/revisions"}],"predecessor-version":[{"id":45458,"href":"https:\/\/www.svkst.unist.hr\/index.php\/wp-json\/wp\/v2\/pages\/249\/revisions\/45458"}],"up":[{"embeddable":true,"href":"https:\/\/www.svkst.unist.hr\/index.php\/wp-json\/wp\/v2\/pages\/246"}],"wp:attachment":[{"href":"https:\/\/www.svkst.unist.hr\/index.php\/wp-json\/wp\/v2\/media?parent=249"}],"curies":[{"name":"wp","href":"https:\/\/api.w.org\/{rel}","templated":true}]}}