{"id":243,"date":"2018-01-25T12:36:19","date_gmt":"2018-01-25T11:36:19","guid":{"rendered":"http:\/\/www.svkst.unist.hr\/?page_id=243"},"modified":"2025-07-16T09:20:56","modified_gmt":"2025-07-16T07:20:56","slug":"povijest-knjiznice","status":"publish","type":"page","link":"https:\/\/www.svkst.unist.hr\/index.php\/o-knjiznici\/povijest-knjiznice\/","title":{"rendered":"Povijest knji\u017enice"},"content":{"rendered":"<p style=\"text-align: justify;\">Split je grad\u00a0 s jednom od najstarijih\u00a0knji\u017eni\u010darskih tradicija u Hrvatskoj. Tu je, tijekom\u00a0 stolje\u0107a, nastao niz vrijednih crkvenih i privatnih knji\u017enica, ali je tek\u00a0sredinom 19. stolje\u0107a, u jeku preporodnih borbi, sna\u017enije razvijena svijesti o potrebi osnivanja knji\u017enice koja \u0107e biti\u00a0otvorena i dostupna svim gra\u0111anima.<\/p>\n<p style=\"text-align: justify;\">Po\u010detkom 20.\u00a0stolje\u0107a, u okrilju Slavjanske narodne \u010ditaonice, ro\u0111ena je zamisao da se njena knji\u017enica pretvori u gradsku knji\u017enicu. U tisku i\u00a0 proglasima\u00a0pozivalo se na darivanje\u00a0knjiga. Zahvaljuju\u0107i iznimnom odazivu gra\u0111ana, me\u0111u njima i brojnih, istaknutih kulturnih djelatnika, prikupljen je fond od nekoliko stotina svezaka knjiga, kojemu je\u00a0pridru\u017eena i knji\u017enica Slavjanske \u010ditaonice.\u00a0Split je time dobio svoju prvu, javnu knji\u017enicu.<\/p>\n<p style=\"text-align: justify;\">Gradska biblioteka zapo\u010dela je s radom 1903. godine u posve skromnim uvjetima jedne od prostorija Slavjanske \u010ditaonice, pod vodstvom mladog gimnazijskog profesora \u00a0<a href=\"https:\/\/upvi.org\/Oq0FTYOcihFVrWx\/preview\">Du\u0161ana Mangera<\/a>. (Slika 1., 2.) Predvodnik misli o osnutku knji\u017enice, Manger je tu funkciju obna\u0161ao vi\u0161e od 30 godina, sve do svoje smrti 1940. O njegovu iznimnom mjestu u povijesti ove ustanove svjedo\u010di i \u010dinjenica da je ve\u0107 1904. godine, njegovim zalaganjem Gradska biblioteka objavila prvu knjigu u vlastitoj nakladi. Drugo izdanje ove ustanove\u00a0uslijedit \u0107e\u00a064 godine kasnije.<\/p>\n<p><a href=\"https:\/\/www.svkst.unist.hr\/wp-content\/uploads\/2018\/09\/Slika_1_2_povijest.png\"><img data-attachment-id=\"2753\" data-permalink=\"https:\/\/www.svkst.unist.hr\/index.php\/o-knjiznici\/povijest-knjiznice\/attachment\/slika_1_2_povijest\/\" data-orig-file=\"https:\/\/www.svkst.unist.hr\/wp-content\/uploads\/2018\/09\/Slika_1_2_povijest.png\" data-orig-size=\"737,314\" data-comments-opened=\"0\" data-image-meta=\"{&quot;aperture&quot;:&quot;0&quot;,&quot;credit&quot;:&quot;&quot;,&quot;camera&quot;:&quot;&quot;,&quot;caption&quot;:&quot;&quot;,&quot;created_timestamp&quot;:&quot;0&quot;,&quot;copyright&quot;:&quot;&quot;,&quot;focal_length&quot;:&quot;0&quot;,&quot;iso&quot;:&quot;0&quot;,&quot;shutter_speed&quot;:&quot;0&quot;,&quot;title&quot;:&quot;&quot;,&quot;orientation&quot;:&quot;0&quot;}\" data-image-title=\"Slika_1_2_povijest\" data-image-description=\"\" data-image-caption=\"\" data-medium-file=\"https:\/\/www.svkst.unist.hr\/wp-content\/uploads\/2018\/09\/Slika_1_2_povijest-300x128.png\" data-large-file=\"https:\/\/www.svkst.unist.hr\/wp-content\/uploads\/2018\/09\/Slika_1_2_povijest.png\" loading=\"lazy\" class=\"alignnone size-full wp-image-2753\" src=\"https:\/\/www.svkst.unist.hr\/wp-content\/uploads\/2018\/09\/Slika_1_2_povijest.png\" alt=\"\" width=\"737\" height=\"314\" srcset=\"https:\/\/www.svkst.unist.hr\/wp-content\/uploads\/2018\/09\/Slika_1_2_povijest.png 737w, https:\/\/www.svkst.unist.hr\/wp-content\/uploads\/2018\/09\/Slika_1_2_povijest-300x128.png 300w\" sizes=\"(max-width: 737px) 100vw, 737px\" \/><\/a><\/p>\n<p align=\"justify\">Ubrzo se pokazala\u00a0potreba za prikladnijim prostorijama za\u00a0knji\u017enicu. Upravo \u0107e ote\u017eani prostorni uvjeti postati zna\u010dajkom koja \u0107e ovu ustanovu\u00a0pratiti tijekom njenog stogodi\u0161njeg postojanja. Godine 1905.\u00a0uz op\u0107insku je potporu za Gradsku biblioteku unajmljen\u00a0 novi prostor u prizemlju ku\u0107e Ili\u0107 na Obali. Kako je stalnim\u00a0donacijama broj knjiga\u00a0u knji\u017enici ubrzano rastao, Op\u0107insko je upraviteljstvo 1910. premjestilo ovu ustanovu u prostorije na prvom katu barokne pala\u010de Bernardi, na Pisturi. (Slika 3., 4.) Gradska biblioteka za posjetitelje je sve\u010dano otvorena u sije\u010dnju 1912. godine.<\/p>\n<p align=\"justify\">Za vrijeme Prvoga svjetskoga rata Gradska biblioteka je bila zatvorena za javnost. Ponovno je otvorena po\u010detkom 1919. godine. Odlukom Pokrajinske uprave tada stje\u010de\u00a0pravo na obvezni primjerak od svih tiskanih publikacija s podru\u010dja Dalmacije i time\u00a0preuzima ulogu gradske i pokrajinske knji\u017enice, s fondom od preko 20.000 svezaka knjiga.<br \/>\nVe\u0107 su tada bile jasno zacrtane njene osnovne funkcije i zadaci: sustavno\u00a0prikupljanje stru\u010dne i znanstvene knji\u017eni\u010dne gra\u0111e, njezino trajno\u00a0pohranjivanje i\u00a0dostupnost korisnicima,\u00a0te sakupljanje one knji\u017eni\u010dne\u00a0gra\u0111e koja je tematski vezanu uz Split i \u0161iri zavi\u010daj. Izgra\u0111ivanje i o\u010duvanje fonda zavi\u010dajne zbirke Dalmatica do danas je ostalo jednim od temeljnih zadataka Sveu\u010dili\u0161ne knji\u017enice.<\/p>\n<p><a href=\"https:\/\/www.svkst.unist.hr\/wp-content\/uploads\/2018\/09\/slika_3_4_povijest.png\"><img data-attachment-id=\"2755\" data-permalink=\"https:\/\/www.svkst.unist.hr\/index.php\/o-knjiznici\/povijest-knjiznice\/attachment\/slika_3_4_povijest\/\" data-orig-file=\"https:\/\/www.svkst.unist.hr\/wp-content\/uploads\/2018\/09\/slika_3_4_povijest.png\" data-orig-size=\"741,313\" data-comments-opened=\"0\" data-image-meta=\"{&quot;aperture&quot;:&quot;0&quot;,&quot;credit&quot;:&quot;&quot;,&quot;camera&quot;:&quot;&quot;,&quot;caption&quot;:&quot;&quot;,&quot;created_timestamp&quot;:&quot;0&quot;,&quot;copyright&quot;:&quot;&quot;,&quot;focal_length&quot;:&quot;0&quot;,&quot;iso&quot;:&quot;0&quot;,&quot;shutter_speed&quot;:&quot;0&quot;,&quot;title&quot;:&quot;&quot;,&quot;orientation&quot;:&quot;0&quot;}\" data-image-title=\"slika_3_4_povijest\" data-image-description=\"\" data-image-caption=\"\" data-medium-file=\"https:\/\/www.svkst.unist.hr\/wp-content\/uploads\/2018\/09\/slika_3_4_povijest-300x127.png\" data-large-file=\"https:\/\/www.svkst.unist.hr\/wp-content\/uploads\/2018\/09\/slika_3_4_povijest.png\" loading=\"lazy\" class=\"alignnone size-full wp-image-2755\" src=\"https:\/\/www.svkst.unist.hr\/wp-content\/uploads\/2018\/09\/slika_3_4_povijest.png\" alt=\"\" width=\"741\" height=\"313\" srcset=\"https:\/\/www.svkst.unist.hr\/wp-content\/uploads\/2018\/09\/slika_3_4_povijest.png 741w, https:\/\/www.svkst.unist.hr\/wp-content\/uploads\/2018\/09\/slika_3_4_povijest-300x127.png 300w\" sizes=\"(max-width: 741px) 100vw, 741px\" \/><\/a><\/p>\n<p align=\"justify\">Zbog stalnog rasta knji\u017eni\u010dnoga fonda i broja korisnika, dvadestih su godina 20. stolje\u0107a za knji\u017enicu ure\u0111ene dodatne prostorije u pala\u010di na Pisturi, \u010dime su\u00a0nakratko rije\u0161ene\u00a0pote\u0161ko\u0107e\u00a0s prostorom.\u00a0Stoga su\u00a0zapo\u010dele\u00a0aktivnosti za trajno rje\u0161enje ovoga\u00a0problema. Od Carnegieve fundacije zatra\u017eena je nov\u010dana pomo\u0107, ali nije odobrena. Ni zahtjevi upu\u0107eni banu Primorske banovine\u00a0Ivanu \u0160uba\u0161i\u0107u krajem tridesetih godina nisu urodili plodom.\u00a0Rat je\u00a0prekinuo\u00a0projekt kojega su 1938. godine pokrenuli Du\u0161an Manger i Josip Bara\u010d o izgradnji nove zgrade knji\u017enice koji bi se\u00a0financirao\u00a0dobrovoljnim prilozima gra\u0111ana.<\/p>\n<p align=\"justify\">Knji\u017enica je nastavila s radom i tijekom Drugoga svjetskoga rata, u te\u0161kim uvjetima okupacije kao uto\u010di\u0161te u kojemu se moglo\u00a0\u010ditati tekstove na\u00a0hrvatskome jeziku. Po\u010detkom 1945. godine Gradska biblioteka seli u biv\u0161e prostorije dru\u0161tva Gabinetto di lettura na Trgu Republike (Slika 5., 6.), prihva\u0107aju\u0107i\u00a0tu\u00a0zate\u010deni\u00a0 fond knjiga i rukopisa. U knji\u017enicu su pristizale zbirke knjiga i drugih ugaslih splitskih ustanova i udruga (Biblioteca Popolare,\u00a0Deutsche Akademie, Sokolsko dru\u0161tvo) te je kraj rata do\u010dekala s vi\u0161e od 45.000 svezaka knjiga. Bogata zbirka muzejskih predmeta, koji su u knji\u017enici\u00a0prikupljani od njenog\u00a0osnutka, izdvojena i darovana\u00a0novoosnovanome Muzeju grada Splita.<\/p>\n<p><a href=\"https:\/\/www.svkst.unist.hr\/wp-content\/uploads\/2018\/09\/Slika_5_Trg-Republike.png\"><img data-attachment-id=\"2762\" data-permalink=\"https:\/\/www.svkst.unist.hr\/index.php\/o-knjiznici\/povijest-knjiznice\/attachment\/slika_5_trg-republike\/\" data-orig-file=\"https:\/\/www.svkst.unist.hr\/wp-content\/uploads\/2018\/09\/Slika_5_Trg-Republike.png\" data-orig-size=\"750,372\" data-comments-opened=\"0\" data-image-meta=\"{&quot;aperture&quot;:&quot;0&quot;,&quot;credit&quot;:&quot;&quot;,&quot;camera&quot;:&quot;&quot;,&quot;caption&quot;:&quot;&quot;,&quot;created_timestamp&quot;:&quot;0&quot;,&quot;copyright&quot;:&quot;&quot;,&quot;focal_length&quot;:&quot;0&quot;,&quot;iso&quot;:&quot;0&quot;,&quot;shutter_speed&quot;:&quot;0&quot;,&quot;title&quot;:&quot;&quot;,&quot;orientation&quot;:&quot;0&quot;}\" data-image-title=\"Slika_5_Trg Republike\" data-image-description=\"\" data-image-caption=\"\" data-medium-file=\"https:\/\/www.svkst.unist.hr\/wp-content\/uploads\/2018\/09\/Slika_5_Trg-Republike-300x149.png\" data-large-file=\"https:\/\/www.svkst.unist.hr\/wp-content\/uploads\/2018\/09\/Slika_5_Trg-Republike.png\" loading=\"lazy\" class=\"alignnone size-full wp-image-2762\" src=\"https:\/\/www.svkst.unist.hr\/wp-content\/uploads\/2018\/09\/Slika_5_Trg-Republike.png\" alt=\"\" width=\"750\" height=\"372\" srcset=\"https:\/\/www.svkst.unist.hr\/wp-content\/uploads\/2018\/09\/Slika_5_Trg-Republike.png 750w, https:\/\/www.svkst.unist.hr\/wp-content\/uploads\/2018\/09\/Slika_5_Trg-Republike-300x149.png 300w\" sizes=\"(max-width: 750px) 100vw, 750px\" \/><\/a><\/p>\n<p align=\"justify\">U novome\u00a0prostoru knji\u017enica je djelovala\u00a0kratko. Ve\u0107 1946. preseljena je\u00a0u neorenesansnu pala\u010du sagra\u0111enu koncem 19. stolje\u0107a, u kojoj je do kraja rata djelovala \u0161kola talijanskog dru\u0161tva Lega Nazionale. Iste je godine, odlukom Ministarstva prosvjete NR Hrvatske, Gradska biblioteka ostvarila pravo\u00a0na\u00a0obvezni primjerak\u00a0od svih publikacija tiskanih u Hrvatskoj, pa je\u00a0\u0161ezdesetih godina u njenom fondu\u00a0bilo preko 130.000 svezaka knjiga i znatan broj <a href=\"https:\/\/www.svkst.unist.hr\/wp-content\/uploads\/2025\/07\/upute_osp.pdf\">periodi\u010dkih publikacija<\/a>. No, kapacitet dodijeljenog prostora ubrzo se pokazao brzo pokazao se nedovoljnim, te je zgradi 1965. godine dogra\u0111en aneks sa spremi\u0161tima u kojim je pohranjena gra\u0111a. (Slika 6.)<\/p>\n<p align=\"justify\">Iako u ote\u017eanim uvjetima, u Gradskoj biblioteci predano su razvijali\u00a0 osnovne djelatnosti, odgovaraju\u0107i intelektualnim zahtjevima svojih korisnika\u00a0 i u\u010dinkovito ostvarivali\u00a0ulogu javne ustanove okrenute kulturnim potrebama\u00a0 grada. U organizaciji knji\u017enice tijekom godina odr\u017eana su brojna predavanja, tribine i knji\u017eevne ve\u010deri, te postavljane zapa\u017eene izlo\u017ebe. Godine 1968.\u00a0ponovno je pokrenuto knji\u017eni\u010dno izdava\u0161tvo, te je od tada svaka prire\u0111ena izlo\u017eba dokumentirana tiskanim katalozima. Tada\u0161nji je ravnatelj, Hrvoje Morovi\u0107, zadu\u017eio ovu ustanovu svojim bogatim opusom s podru\u010dja zavi\u010dajne bibliografije i povijesti knji\u017eni\u010darstva.<\/p>\n<p><a href=\"https:\/\/www.svkst.unist.hr\/wp-content\/uploads\/2018\/09\/slika-6_povijest_stara-zgrada.png\"><img data-attachment-id=\"2760\" data-permalink=\"https:\/\/www.svkst.unist.hr\/index.php\/o-knjiznici\/povijest-knjiznice\/attachment\/slika-6_povijest_stara-zgrada\/\" data-orig-file=\"https:\/\/www.svkst.unist.hr\/wp-content\/uploads\/2018\/09\/slika-6_povijest_stara-zgrada.png\" data-orig-size=\"755,337\" data-comments-opened=\"0\" data-image-meta=\"{&quot;aperture&quot;:&quot;0&quot;,&quot;credit&quot;:&quot;&quot;,&quot;camera&quot;:&quot;&quot;,&quot;caption&quot;:&quot;&quot;,&quot;created_timestamp&quot;:&quot;0&quot;,&quot;copyright&quot;:&quot;&quot;,&quot;focal_length&quot;:&quot;0&quot;,&quot;iso&quot;:&quot;0&quot;,&quot;shutter_speed&quot;:&quot;0&quot;,&quot;title&quot;:&quot;&quot;,&quot;orientation&quot;:&quot;0&quot;}\" data-image-title=\"slika 6_povijest_stara zgrada\" data-image-description=\"\" data-image-caption=\"\" data-medium-file=\"https:\/\/www.svkst.unist.hr\/wp-content\/uploads\/2018\/09\/slika-6_povijest_stara-zgrada-300x134.png\" data-large-file=\"https:\/\/www.svkst.unist.hr\/wp-content\/uploads\/2018\/09\/slika-6_povijest_stara-zgrada.png\" loading=\"lazy\" class=\"alignnone size-full wp-image-2760\" src=\"https:\/\/www.svkst.unist.hr\/wp-content\/uploads\/2018\/09\/slika-6_povijest_stara-zgrada.png\" alt=\"\" width=\"755\" height=\"337\" srcset=\"https:\/\/www.svkst.unist.hr\/wp-content\/uploads\/2018\/09\/slika-6_povijest_stara-zgrada.png 755w, https:\/\/www.svkst.unist.hr\/wp-content\/uploads\/2018\/09\/slika-6_povijest_stara-zgrada-300x134.png 300w\" sizes=\"(max-width: 755px) 100vw, 755px\" \/><\/a><\/p>\n<p align=\"justify\">Godine \u00a01962. Savjet za kulturu Op\u0107ine Split donio je odluku o promjeni\u00a0naziva \u010dime je knji\u017enica\u00a0postala\u00a0Nau\u010dna biblioteka.<\/p>\n<p>Osnivanje Sveu\u010dili\u0161ta u Splitu 1974.\u00a0usmjerilo je njezin daljnji razvoj pa je\u00a0sljede\u0107e godine Nau\u010dna biblioteka postala\u00a0 \u010dlanicom Sveu\u010dili\u0161ta i njegovom sredi\u0161njom\u00a0knji\u017enicom. Od tada je istaknutija\u00a0njena \u00a0zada\u0107a uskla\u0111ivanja nabave izvora informacija za potrebe svih sveu\u010dili\u0161nih studija, osiguravanja nesmetanog pristupa gra\u0111i studentima i profesorima, te pru\u017eanja odgovaraju\u0107ih uvjeta za u\u010denje i studijski rad. Te, dodatne djelatnosti pokazane su promjenom imena knji\u017enice tek\u00a01992. \u00a0godine, od kada se\u00a0zove Sveu\u010dili\u0161na knji\u017enica u Splitu.<\/p>\n<p align=\"justify\">Krajem 20. stolje\u0107a, u doba\u00a0 razvoja informacijskih djelatnosti i implementacije suvremenih tehnologija u sva podru\u010dja ljudskog djelovanja, knji\u017enica dobiva zna\u010dajnu ulogu u organizaciji i funkcioniranju knji\u017eni\u010dno-informacijskog sustava Hrvatske. Od 1990. godine zadu\u017eena je za izradu CIP-zapisa za nakladnike splitsko-dalmatinske \u017eupanije, a uklju\u010denjem u Crolist, integrirani knji\u017eni\u010dni sustav, 1999. godine, njen fond postaje pretra\u017eiv na internetu.<br \/>\nZahvaljuju\u0107i modernizaciji opreme, te br\u017eoj i kvalitetnijoj stru\u010dnoj obradi gra\u0111e, pove\u0107ava se njena proto\u010dnost, no istovremeno se pogor\u0161ava ve\u0107 postoje\u0107i\u00a0 problem prostora za tu gra\u0111u. Kontinuirani apeli za rje\u0161avanje pitanja prostora knji\u017enice \u00a0nisu imali uspjeha. Tri samodoprinosa financijske pomo\u0107i gra\u0111ana, izglasana osamdesetih godina 20. stolje\u0107a,\u00a0\u00a0zaobi\u0161la su\u00a0knji\u017enicu pa su izna\u0111ena\u00a0 polovi\u010dna rje\u0161enja:\u00a0osamdesetih su godina neke knji\u017eni\u010dne slu\u017ebe privremeno premje\u0161tene u prostorije tada biv\u0161e Biskupove pala\u010de, dok je devedesetih godina veliki dio fonda pohranjen u skladi\u0161ta izvan knji\u017enice, u udaljenim dijelovima grada. Dislociranje knji\u017eni\u010dnih fondova znatno je usporio put gra\u0111e do korisnika.<\/p>\n<p align=\"justify\">Po\u010detkom 21. stolje\u0107a, pod vodstvom\u00a0 ravnatelja Petra Krole, ponovno je pokrenuta inicijativa za izgradnju nove zgrade knji\u017enice, ovaj put uz sna\u017enu potporu Sveu\u010dili\u0161ta u Splitu i cijele znanstvene i akademske zajednice. Nakon\u00a0obimnih priprema, 21. listopada 2005. godine polaganjem\u00a0kamena-temeljca \u00a0novoj zgradi\u00a0 unutar sveu\u010dili\u0161nog kampusa, sve\u010dano je obilje\u017een po\u010detak radova.\u00a0Zgrada knji\u017enice otvorena je 19. prosinca 2008. godine u ulici Ru\u0111era Bo\u0161kovi\u0107a. Svoje\u00a0 prostore otvorila je\u00a0korisnicima 30. rujna 2009. godine.<br \/>\nUredni\u0161tvo<\/p>\n","protected":false},"excerpt":{"rendered":"<p>Split je grad\u00a0 s jednom od najstarijih\u00a0knji\u017eni\u010darskih tradicija u Hrvatskoj. Tu je, tijekom\u00a0 stolje\u0107a, nastao niz vrijednih crkvenih i privatnih knji\u017enica, ali je tek\u00a0sredinom 19. stolje\u0107a, u jeku preporodnih borbi, sna\u017enije razvijena svijesti o potrebi osnivanja knji\u017enice koja \u0107e biti\u00a0otvorena i dostupna svim gra\u0111anima. Po\u010detkom 20.\u00a0stolje\u0107a, u okrilju Slavjanske narodne \u010ditaonice, ro\u0111ena je zamisao da [&hellip;]<\/p>\n","protected":false},"author":4,"featured_media":0,"parent":246,"menu_order":3,"comment_status":"closed","ping_status":"closed","template":"","meta":{"spay_email":""},"acf":[],"yoast_head":"<!-- This site is optimized with the Yoast SEO plugin v17.8 - https:\/\/yoast.com\/wordpress\/plugins\/seo\/ -->\n<title>Povijest knji\u017enice - Sveu\u010dili\u0161na knji\u017enica u Splitu<\/title>\n<meta name=\"description\" content=\"Split je grad\u00a0 s jednom od najstarijih\u00a0knji\u017eni\u010darskih tradicija u Hrvatskoj. Tu je, tijekom\u00a0 stolje\u0107a, nastao niz vrijednih crkvenih i privatnih\" \/>\n<meta name=\"robots\" content=\"index, follow, max-snippet:-1, max-image-preview:large, max-video-preview:-1\" \/>\n<link rel=\"canonical\" href=\"https:\/\/www.svkst.unist.hr\/index.php\/o-knjiznici\/povijest-knjiznice\/\" \/>\n<meta property=\"og:locale\" content=\"en_GB\" \/>\n<meta property=\"og:type\" content=\"article\" \/>\n<meta property=\"og:title\" content=\"Povijest knji\u017enice - Sveu\u010dili\u0161na knji\u017enica u Splitu\" \/>\n<meta property=\"og:description\" content=\"Split je grad\u00a0 s jednom od najstarijih\u00a0knji\u017eni\u010darskih tradicija u Hrvatskoj. Tu je, tijekom\u00a0 stolje\u0107a, nastao niz vrijednih crkvenih i privatnih\" \/>\n<meta property=\"og:url\" content=\"https:\/\/www.svkst.unist.hr\/index.php\/o-knjiznici\/povijest-knjiznice\/\" \/>\n<meta property=\"og:site_name\" content=\"Sveu\u010dili\u0161na knji\u017enica u Splitu\" \/>\n<meta property=\"article:publisher\" content=\"https:\/\/www.facebook.com\/svkst.unist.hr\/\" \/>\n<meta property=\"article:modified_time\" content=\"2025-07-16T07:20:56+00:00\" \/>\n<meta property=\"og:image\" content=\"http:\/\/www.svkst.unist.hr\/wp-content\/uploads\/2018\/09\/Slika_1_2_povijest.png\" \/>\n<meta name=\"twitter:card\" content=\"summary_large_image\" \/>\n<meta name=\"twitter:label1\" content=\"Estimated reading time\" \/>\n\t<meta name=\"twitter:data1\" content=\"6 minutes\" \/>\n<script type=\"application\/ld+json\" class=\"yoast-schema-graph\">{\"@context\":\"https:\/\/schema.org\",\"@graph\":[{\"@type\":\"Organization\",\"@id\":\"https:\/\/www.svkst.unist.hr\/#organization\",\"name\":\"Sveu\\u010dili\\u0161na knji\\u017enica u Splitu\",\"url\":\"https:\/\/www.svkst.unist.hr\/\",\"sameAs\":[\"https:\/\/www.facebook.com\/svkst.unist.hr\/\"],\"logo\":{\"@type\":\"ImageObject\",\"@id\":\"https:\/\/www.svkst.unist.hr\/#logo\",\"inLanguage\":\"en-GB\",\"url\":\"https:\/\/i2.wp.com\/www.svkst.unist.hr\/wp-content\/uploads\/2018\/02\/sveucilisna_iskaznica_logo_tisak-1.png?fit=600%2C219&ssl=1\",\"contentUrl\":\"https:\/\/i2.wp.com\/www.svkst.unist.hr\/wp-content\/uploads\/2018\/02\/sveucilisna_iskaznica_logo_tisak-1.png?fit=600%2C219&ssl=1\",\"width\":600,\"height\":219,\"caption\":\"Sveu\\u010dili\\u0161na knji\\u017enica u Splitu\"},\"image\":{\"@id\":\"https:\/\/www.svkst.unist.hr\/#logo\"}},{\"@type\":\"WebSite\",\"@id\":\"https:\/\/www.svkst.unist.hr\/#website\",\"url\":\"https:\/\/www.svkst.unist.hr\/\",\"name\":\"Sveu\\u010dili\\u0161na knji\\u017enica u Splitu\",\"description\":\"\",\"publisher\":{\"@id\":\"https:\/\/www.svkst.unist.hr\/#organization\"},\"potentialAction\":[{\"@type\":\"SearchAction\",\"target\":{\"@type\":\"EntryPoint\",\"urlTemplate\":\"https:\/\/www.svkst.unist.hr\/?s={search_term_string}\"},\"query-input\":\"required name=search_term_string\"}],\"inLanguage\":\"en-GB\"},{\"@type\":\"ImageObject\",\"@id\":\"https:\/\/www.svkst.unist.hr\/index.php\/o-knjiznici\/povijest-knjiznice\/#primaryimage\",\"inLanguage\":\"en-GB\",\"url\":\"http:\/\/www.svkst.unist.hr\/wp-content\/uploads\/2018\/09\/Slika_1_2_povijest.png\",\"contentUrl\":\"http:\/\/www.svkst.unist.hr\/wp-content\/uploads\/2018\/09\/Slika_1_2_povijest.png\"},{\"@type\":\"WebPage\",\"@id\":\"https:\/\/www.svkst.unist.hr\/index.php\/o-knjiznici\/povijest-knjiznice\/#webpage\",\"url\":\"https:\/\/www.svkst.unist.hr\/index.php\/o-knjiznici\/povijest-knjiznice\/\",\"name\":\"Povijest knji\\u017enice - Sveu\\u010dili\\u0161na knji\\u017enica u Splitu\",\"isPartOf\":{\"@id\":\"https:\/\/www.svkst.unist.hr\/#website\"},\"primaryImageOfPage\":{\"@id\":\"https:\/\/www.svkst.unist.hr\/index.php\/o-knjiznici\/povijest-knjiznice\/#primaryimage\"},\"datePublished\":\"2018-01-25T11:36:19+00:00\",\"dateModified\":\"2025-07-16T07:20:56+00:00\",\"description\":\"Split je grad\\u00a0 s jednom od najstarijih\\u00a0knji\\u017eni\\u010darskih tradicija u Hrvatskoj. Tu je, tijekom\\u00a0 stolje\\u0107a, nastao niz vrijednih crkvenih i privatnih\",\"breadcrumb\":{\"@id\":\"https:\/\/www.svkst.unist.hr\/index.php\/o-knjiznici\/povijest-knjiznice\/#breadcrumb\"},\"inLanguage\":\"en-GB\",\"potentialAction\":[{\"@type\":\"ReadAction\",\"target\":[\"https:\/\/www.svkst.unist.hr\/index.php\/o-knjiznici\/povijest-knjiznice\/\"]}]},{\"@type\":\"BreadcrumbList\",\"@id\":\"https:\/\/www.svkst.unist.hr\/index.php\/o-knjiznici\/povijest-knjiznice\/#breadcrumb\",\"itemListElement\":[{\"@type\":\"ListItem\",\"position\":1,\"name\":\"Home\",\"item\":\"https:\/\/www.svkst.unist.hr\/\"},{\"@type\":\"ListItem\",\"position\":2,\"name\":\"O KNJI\\u017dNICI\",\"item\":\"https:\/\/www.svkst.unist.hr\/index.php\/o-knjiznici\/\"},{\"@type\":\"ListItem\",\"position\":3,\"name\":\"Povijest knji\\u017enice\"}]}]}<\/script>\n<!-- \/ Yoast SEO plugin. -->","yoast_head_json":{"title":"Povijest knji\u017enice - Sveu\u010dili\u0161na knji\u017enica u Splitu","description":"Split je grad\u00a0 s jednom od najstarijih\u00a0knji\u017eni\u010darskih tradicija u Hrvatskoj. Tu je, tijekom\u00a0 stolje\u0107a, nastao niz vrijednih crkvenih i privatnih","robots":{"index":"index","follow":"follow","max-snippet":"max-snippet:-1","max-image-preview":"max-image-preview:large","max-video-preview":"max-video-preview:-1"},"canonical":"https:\/\/www.svkst.unist.hr\/index.php\/o-knjiznici\/povijest-knjiznice\/","og_locale":"en_GB","og_type":"article","og_title":"Povijest knji\u017enice - Sveu\u010dili\u0161na knji\u017enica u Splitu","og_description":"Split je grad\u00a0 s jednom od najstarijih\u00a0knji\u017eni\u010darskih tradicija u Hrvatskoj. Tu je, tijekom\u00a0 stolje\u0107a, nastao niz vrijednih crkvenih i privatnih","og_url":"https:\/\/www.svkst.unist.hr\/index.php\/o-knjiznici\/povijest-knjiznice\/","og_site_name":"Sveu\u010dili\u0161na knji\u017enica u Splitu","article_publisher":"https:\/\/www.facebook.com\/svkst.unist.hr\/","article_modified_time":"2025-07-16T07:20:56+00:00","og_image":[{"url":"http:\/\/www.svkst.unist.hr\/wp-content\/uploads\/2018\/09\/Slika_1_2_povijest.png"}],"twitter_card":"summary_large_image","twitter_misc":{"Estimated reading time":"6 minutes"},"schema":{"@context":"https:\/\/schema.org","@graph":[{"@type":"Organization","@id":"https:\/\/www.svkst.unist.hr\/#organization","name":"Sveu\u010dili\u0161na knji\u017enica u Splitu","url":"https:\/\/www.svkst.unist.hr\/","sameAs":["https:\/\/www.facebook.com\/svkst.unist.hr\/"],"logo":{"@type":"ImageObject","@id":"https:\/\/www.svkst.unist.hr\/#logo","inLanguage":"en-GB","url":"https:\/\/i2.wp.com\/www.svkst.unist.hr\/wp-content\/uploads\/2018\/02\/sveucilisna_iskaznica_logo_tisak-1.png?fit=600%2C219&ssl=1","contentUrl":"https:\/\/i2.wp.com\/www.svkst.unist.hr\/wp-content\/uploads\/2018\/02\/sveucilisna_iskaznica_logo_tisak-1.png?fit=600%2C219&ssl=1","width":600,"height":219,"caption":"Sveu\u010dili\u0161na knji\u017enica u Splitu"},"image":{"@id":"https:\/\/www.svkst.unist.hr\/#logo"}},{"@type":"WebSite","@id":"https:\/\/www.svkst.unist.hr\/#website","url":"https:\/\/www.svkst.unist.hr\/","name":"Sveu\u010dili\u0161na knji\u017enica u Splitu","description":"","publisher":{"@id":"https:\/\/www.svkst.unist.hr\/#organization"},"potentialAction":[{"@type":"SearchAction","target":{"@type":"EntryPoint","urlTemplate":"https:\/\/www.svkst.unist.hr\/?s={search_term_string}"},"query-input":"required name=search_term_string"}],"inLanguage":"en-GB"},{"@type":"ImageObject","@id":"https:\/\/www.svkst.unist.hr\/index.php\/o-knjiznici\/povijest-knjiznice\/#primaryimage","inLanguage":"en-GB","url":"http:\/\/www.svkst.unist.hr\/wp-content\/uploads\/2018\/09\/Slika_1_2_povijest.png","contentUrl":"http:\/\/www.svkst.unist.hr\/wp-content\/uploads\/2018\/09\/Slika_1_2_povijest.png"},{"@type":"WebPage","@id":"https:\/\/www.svkst.unist.hr\/index.php\/o-knjiznici\/povijest-knjiznice\/#webpage","url":"https:\/\/www.svkst.unist.hr\/index.php\/o-knjiznici\/povijest-knjiznice\/","name":"Povijest knji\u017enice - Sveu\u010dili\u0161na knji\u017enica u Splitu","isPartOf":{"@id":"https:\/\/www.svkst.unist.hr\/#website"},"primaryImageOfPage":{"@id":"https:\/\/www.svkst.unist.hr\/index.php\/o-knjiznici\/povijest-knjiznice\/#primaryimage"},"datePublished":"2018-01-25T11:36:19+00:00","dateModified":"2025-07-16T07:20:56+00:00","description":"Split je grad\u00a0 s jednom od najstarijih\u00a0knji\u017eni\u010darskih tradicija u Hrvatskoj. Tu je, tijekom\u00a0 stolje\u0107a, nastao niz vrijednih crkvenih i privatnih","breadcrumb":{"@id":"https:\/\/www.svkst.unist.hr\/index.php\/o-knjiznici\/povijest-knjiznice\/#breadcrumb"},"inLanguage":"en-GB","potentialAction":[{"@type":"ReadAction","target":["https:\/\/www.svkst.unist.hr\/index.php\/o-knjiznici\/povijest-knjiznice\/"]}]},{"@type":"BreadcrumbList","@id":"https:\/\/www.svkst.unist.hr\/index.php\/o-knjiznici\/povijest-knjiznice\/#breadcrumb","itemListElement":[{"@type":"ListItem","position":1,"name":"Home","item":"https:\/\/www.svkst.unist.hr\/"},{"@type":"ListItem","position":2,"name":"O KNJI\u017dNICI","item":"https:\/\/www.svkst.unist.hr\/index.php\/o-knjiznici\/"},{"@type":"ListItem","position":3,"name":"Povijest knji\u017enice"}]}]}},"jetpack_shortlink":"https:\/\/wp.me\/Pan9Re-3V","_links":{"self":[{"href":"https:\/\/www.svkst.unist.hr\/index.php\/wp-json\/wp\/v2\/pages\/243"}],"collection":[{"href":"https:\/\/www.svkst.unist.hr\/index.php\/wp-json\/wp\/v2\/pages"}],"about":[{"href":"https:\/\/www.svkst.unist.hr\/index.php\/wp-json\/wp\/v2\/types\/page"}],"author":[{"embeddable":true,"href":"https:\/\/www.svkst.unist.hr\/index.php\/wp-json\/wp\/v2\/users\/4"}],"replies":[{"embeddable":true,"href":"https:\/\/www.svkst.unist.hr\/index.php\/wp-json\/wp\/v2\/comments?post=243"}],"version-history":[{"count":29,"href":"https:\/\/www.svkst.unist.hr\/index.php\/wp-json\/wp\/v2\/pages\/243\/revisions"}],"predecessor-version":[{"id":17252,"href":"https:\/\/www.svkst.unist.hr\/index.php\/wp-json\/wp\/v2\/pages\/243\/revisions\/17252"}],"up":[{"embeddable":true,"href":"https:\/\/www.svkst.unist.hr\/index.php\/wp-json\/wp\/v2\/pages\/246"}],"wp:attachment":[{"href":"https:\/\/www.svkst.unist.hr\/index.php\/wp-json\/wp\/v2\/media?parent=243"}],"curies":[{"name":"wp","href":"https:\/\/api.w.org\/{rel}","templated":true}]}}