{"id":240,"date":"2018-01-25T12:35:52","date_gmt":"2018-01-25T11:35:52","guid":{"rendered":"http:\/\/www.svkst.unist.hr\/?page_id=240"},"modified":"2020-11-23T07:42:58","modified_gmt":"2020-11-23T06:42:58","slug":"misija-vizija-i-strategija","status":"publish","type":"page","link":"https:\/\/www.svkst.unist.hr\/index.php\/o-knjiznici\/misija-vizija-i-strategija\/","title":{"rendered":"Misija, vizija i strategija"},"content":{"rendered":"<h3><a class=\"show_hide\" href=\"#a\">Misija\u00a0<\/a><\/h3>\n<div class=\"slidingDiv\">\n<p>1. Omogu\u0107iti pristup informacijskim izvorima i osigurati knji\u017eni\u010dne usluge sveu\u010dili\u0161noj i \u0161iroj zajednici, podupiru\u0107i dru\u0161tvenu osjetljivost i informacijsku jednakost.<br \/>\n2. Trajno razvijati knji\u017eni\u010dne zbirke i usluge primjerene potrebama zajednice te skrbiti o cjelokupnom knji\u017eni\u010dnom fondu.<br \/>\n3. Poticati uskla\u0111eni razvoj svih knji\u017enica splitskog sveu\u010dili\u0161nog knji\u017eni\u010dnog sustava kao i ostalih visoko\u0161kolskih i specijalnih knji\u017enica u sustavu mati\u010dnosti Sveu\u010dili\u0161ne knji\u017enice u Splitu.\n<\/p><\/div>\n<h3><a class=\"show_hide\" href=\"#a\">Vizija\u00a0<\/a><\/h3>\n<div class=\"slidingDiv\">\n<p style=\"text-align: justify;\">Sveu\u010dili\u0161na knji\u017enica u Splitu sredi\u0161nje je mjesto stvaranja znanja i pristupa organiziranim informacijama, partner u znanstveno-nastavnim istra\u017eiva\u010dkim i umjetni\u010dkim procesima te dinami\u010dna i poticajna sredina za u\u010denje i pou\u010davanje. Sveu\u010dili\u0161na knji\u017enica jedna je od najva\u017enijih knji\u017enica u dr\u017eavi koja svojim fondom, slu\u017ebama i uslugama doprinosi kvaliteti Sveu\u010dili\u0161ta u Splitu i njegovoj vidljivosti u svjetskoj znanstvenoj zajednici. \u010cuvaju\u0107i u svom fondu pisanu ba\u0161tinu kao i djela na drugim medijima, Sveu\u010dili\u0161na knji\u017enica u Splitu pridonosi izgradnji i o\u010duvanju kulturnog identiteta grada i regije.<\/p>\n<\/div>\n<h3><a class=\"show_hide\" href=\"#a\">Strate\u0161ki smjerovi Sveu\u010dili\u0161ne knji\u017enice u Splitu<\/a><\/h3>\n<div class=\"slidingDiv\">\n<p style=\"text-align: justify;\">1.Pove\u0107ati broj, raznolikost i dostupnost informacija<br \/>\n2.Oja\u010dati strukture podr\u0161ke nastavi i istra\u017eiva\u010dkom radu te vidljivosti Sveu\u010dili\u0161ta u Splitu<br \/>\n3.Pobolj\u0161ati kvalitetu knji\u017eni\u010dnog prostora i opreme<br \/>\n4.Osna\u017eiti funkcionalnost knji\u017enice kao organizacije<\/p>\n<\/div>\n","protected":false},"excerpt":{"rendered":"<p>Misija\u00a0 1. Omogu\u0107iti pristup informacijskim izvorima i osigurati knji\u017eni\u010dne usluge sveu\u010dili\u0161noj i \u0161iroj zajednici, podupiru\u0107i dru\u0161tvenu osjetljivost i informacijsku jednakost. 2. Trajno razvijati knji\u017eni\u010dne zbirke i usluge primjerene potrebama zajednice te skrbiti o cjelokupnom knji\u017eni\u010dnom fondu. 3. Poticati uskla\u0111eni razvoj svih knji\u017enica splitskog sveu\u010dili\u0161nog knji\u017eni\u010dnog sustava kao i ostalih visoko\u0161kolskih i specijalnih knji\u017enica u sustavu [&hellip;]<\/p>\n","protected":false},"author":4,"featured_media":0,"parent":246,"menu_order":2,"comment_status":"closed","ping_status":"closed","template":"","meta":{"spay_email":""},"acf":[],"yoast_head":"<!-- This site is optimized with the Yoast SEO plugin v17.8 - https:\/\/yoast.com\/wordpress\/plugins\/seo\/ -->\n<title>Misija, vizija i strategija - Sveu\u010dili\u0161na knji\u017enica u Splitu<\/title>\n<meta name=\"description\" content=\"Misija\u00a0 1. Omogu\u0107iti pristup informacijskim izvorima i osigurati knji\u017eni\u010dne usluge sveu\u010dili\u0161noj i \u0161iroj zajednici, podupiru\u0107i dru\u0161tvenu osjetljivost i\" \/>\n<meta name=\"robots\" content=\"index, follow, max-snippet:-1, max-image-preview:large, max-video-preview:-1\" \/>\n<link rel=\"canonical\" href=\"https:\/\/www.svkst.unist.hr\/index.php\/o-knjiznici\/misija-vizija-i-strategija\/\" \/>\n<meta property=\"og:locale\" content=\"en_GB\" \/>\n<meta property=\"og:type\" content=\"article\" \/>\n<meta property=\"og:title\" content=\"Misija, vizija i strategija - Sveu\u010dili\u0161na knji\u017enica u Splitu\" \/>\n<meta property=\"og:description\" content=\"Misija\u00a0 1. Omogu\u0107iti pristup informacijskim izvorima i osigurati knji\u017eni\u010dne usluge sveu\u010dili\u0161noj i \u0161iroj zajednici, podupiru\u0107i dru\u0161tvenu osjetljivost i\" \/>\n<meta property=\"og:url\" content=\"https:\/\/www.svkst.unist.hr\/index.php\/o-knjiznici\/misija-vizija-i-strategija\/\" \/>\n<meta property=\"og:site_name\" content=\"Sveu\u010dili\u0161na knji\u017enica u Splitu\" \/>\n<meta property=\"article:publisher\" content=\"https:\/\/www.facebook.com\/svkst.unist.hr\/\" \/>\n<meta property=\"article:modified_time\" content=\"2020-11-23T06:42:58+00:00\" \/>\n<meta name=\"twitter:card\" content=\"summary_large_image\" \/>\n<meta name=\"twitter:label1\" content=\"Estimated reading time\" \/>\n\t<meta name=\"twitter:data1\" content=\"1 minute\" \/>\n<script type=\"application\/ld+json\" class=\"yoast-schema-graph\">{\"@context\":\"https:\/\/schema.org\",\"@graph\":[{\"@type\":\"Organization\",\"@id\":\"https:\/\/www.svkst.unist.hr\/#organization\",\"name\":\"Sveu\\u010dili\\u0161na knji\\u017enica u Splitu\",\"url\":\"https:\/\/www.svkst.unist.hr\/\",\"sameAs\":[\"https:\/\/www.facebook.com\/svkst.unist.hr\/\"],\"logo\":{\"@type\":\"ImageObject\",\"@id\":\"https:\/\/www.svkst.unist.hr\/#logo\",\"inLanguage\":\"en-GB\",\"url\":\"https:\/\/i2.wp.com\/www.svkst.unist.hr\/wp-content\/uploads\/2018\/02\/sveucilisna_iskaznica_logo_tisak-1.png?fit=600%2C219&ssl=1\",\"contentUrl\":\"https:\/\/i2.wp.com\/www.svkst.unist.hr\/wp-content\/uploads\/2018\/02\/sveucilisna_iskaznica_logo_tisak-1.png?fit=600%2C219&ssl=1\",\"width\":600,\"height\":219,\"caption\":\"Sveu\\u010dili\\u0161na knji\\u017enica u Splitu\"},\"image\":{\"@id\":\"https:\/\/www.svkst.unist.hr\/#logo\"}},{\"@type\":\"WebSite\",\"@id\":\"https:\/\/www.svkst.unist.hr\/#website\",\"url\":\"https:\/\/www.svkst.unist.hr\/\",\"name\":\"Sveu\\u010dili\\u0161na knji\\u017enica u Splitu\",\"description\":\"\",\"publisher\":{\"@id\":\"https:\/\/www.svkst.unist.hr\/#organization\"},\"potentialAction\":[{\"@type\":\"SearchAction\",\"target\":{\"@type\":\"EntryPoint\",\"urlTemplate\":\"https:\/\/www.svkst.unist.hr\/?s={search_term_string}\"},\"query-input\":\"required name=search_term_string\"}],\"inLanguage\":\"en-GB\"},{\"@type\":\"WebPage\",\"@id\":\"https:\/\/www.svkst.unist.hr\/index.php\/o-knjiznici\/misija-vizija-i-strategija\/#webpage\",\"url\":\"https:\/\/www.svkst.unist.hr\/index.php\/o-knjiznici\/misija-vizija-i-strategija\/\",\"name\":\"Misija, vizija i strategija - Sveu\\u010dili\\u0161na knji\\u017enica u Splitu\",\"isPartOf\":{\"@id\":\"https:\/\/www.svkst.unist.hr\/#website\"},\"datePublished\":\"2018-01-25T11:35:52+00:00\",\"dateModified\":\"2020-11-23T06:42:58+00:00\",\"description\":\"Misija\\u00a0 1. Omogu\\u0107iti pristup informacijskim izvorima i osigurati knji\\u017eni\\u010dne usluge sveu\\u010dili\\u0161noj i \\u0161iroj zajednici, podupiru\\u0107i dru\\u0161tvenu osjetljivost i\",\"breadcrumb\":{\"@id\":\"https:\/\/www.svkst.unist.hr\/index.php\/o-knjiznici\/misija-vizija-i-strategija\/#breadcrumb\"},\"inLanguage\":\"en-GB\",\"potentialAction\":[{\"@type\":\"ReadAction\",\"target\":[\"https:\/\/www.svkst.unist.hr\/index.php\/o-knjiznici\/misija-vizija-i-strategija\/\"]}]},{\"@type\":\"BreadcrumbList\",\"@id\":\"https:\/\/www.svkst.unist.hr\/index.php\/o-knjiznici\/misija-vizija-i-strategija\/#breadcrumb\",\"itemListElement\":[{\"@type\":\"ListItem\",\"position\":1,\"name\":\"Home\",\"item\":\"https:\/\/www.svkst.unist.hr\/\"},{\"@type\":\"ListItem\",\"position\":2,\"name\":\"O KNJI\\u017dNICI\",\"item\":\"https:\/\/www.svkst.unist.hr\/index.php\/o-knjiznici\/\"},{\"@type\":\"ListItem\",\"position\":3,\"name\":\"Misija, vizija i strategija\"}]}]}<\/script>\n<!-- \/ Yoast SEO plugin. -->","yoast_head_json":{"title":"Misija, vizija i strategija - Sveu\u010dili\u0161na knji\u017enica u Splitu","description":"Misija\u00a0 1. Omogu\u0107iti pristup informacijskim izvorima i osigurati knji\u017eni\u010dne usluge sveu\u010dili\u0161noj i \u0161iroj zajednici, podupiru\u0107i dru\u0161tvenu osjetljivost i","robots":{"index":"index","follow":"follow","max-snippet":"max-snippet:-1","max-image-preview":"max-image-preview:large","max-video-preview":"max-video-preview:-1"},"canonical":"https:\/\/www.svkst.unist.hr\/index.php\/o-knjiznici\/misija-vizija-i-strategija\/","og_locale":"en_GB","og_type":"article","og_title":"Misija, vizija i strategija - Sveu\u010dili\u0161na knji\u017enica u Splitu","og_description":"Misija\u00a0 1. Omogu\u0107iti pristup informacijskim izvorima i osigurati knji\u017eni\u010dne usluge sveu\u010dili\u0161noj i \u0161iroj zajednici, podupiru\u0107i dru\u0161tvenu osjetljivost i","og_url":"https:\/\/www.svkst.unist.hr\/index.php\/o-knjiznici\/misija-vizija-i-strategija\/","og_site_name":"Sveu\u010dili\u0161na knji\u017enica u Splitu","article_publisher":"https:\/\/www.facebook.com\/svkst.unist.hr\/","article_modified_time":"2020-11-23T06:42:58+00:00","twitter_card":"summary_large_image","twitter_misc":{"Estimated reading time":"1 minute"},"schema":{"@context":"https:\/\/schema.org","@graph":[{"@type":"Organization","@id":"https:\/\/www.svkst.unist.hr\/#organization","name":"Sveu\u010dili\u0161na knji\u017enica u Splitu","url":"https:\/\/www.svkst.unist.hr\/","sameAs":["https:\/\/www.facebook.com\/svkst.unist.hr\/"],"logo":{"@type":"ImageObject","@id":"https:\/\/www.svkst.unist.hr\/#logo","inLanguage":"en-GB","url":"https:\/\/i2.wp.com\/www.svkst.unist.hr\/wp-content\/uploads\/2018\/02\/sveucilisna_iskaznica_logo_tisak-1.png?fit=600%2C219&ssl=1","contentUrl":"https:\/\/i2.wp.com\/www.svkst.unist.hr\/wp-content\/uploads\/2018\/02\/sveucilisna_iskaznica_logo_tisak-1.png?fit=600%2C219&ssl=1","width":600,"height":219,"caption":"Sveu\u010dili\u0161na knji\u017enica u Splitu"},"image":{"@id":"https:\/\/www.svkst.unist.hr\/#logo"}},{"@type":"WebSite","@id":"https:\/\/www.svkst.unist.hr\/#website","url":"https:\/\/www.svkst.unist.hr\/","name":"Sveu\u010dili\u0161na knji\u017enica u Splitu","description":"","publisher":{"@id":"https:\/\/www.svkst.unist.hr\/#organization"},"potentialAction":[{"@type":"SearchAction","target":{"@type":"EntryPoint","urlTemplate":"https:\/\/www.svkst.unist.hr\/?s={search_term_string}"},"query-input":"required name=search_term_string"}],"inLanguage":"en-GB"},{"@type":"WebPage","@id":"https:\/\/www.svkst.unist.hr\/index.php\/o-knjiznici\/misija-vizija-i-strategija\/#webpage","url":"https:\/\/www.svkst.unist.hr\/index.php\/o-knjiznici\/misija-vizija-i-strategija\/","name":"Misija, vizija i strategija - Sveu\u010dili\u0161na knji\u017enica u Splitu","isPartOf":{"@id":"https:\/\/www.svkst.unist.hr\/#website"},"datePublished":"2018-01-25T11:35:52+00:00","dateModified":"2020-11-23T06:42:58+00:00","description":"Misija\u00a0 1. Omogu\u0107iti pristup informacijskim izvorima i osigurati knji\u017eni\u010dne usluge sveu\u010dili\u0161noj i \u0161iroj zajednici, podupiru\u0107i dru\u0161tvenu osjetljivost i","breadcrumb":{"@id":"https:\/\/www.svkst.unist.hr\/index.php\/o-knjiznici\/misija-vizija-i-strategija\/#breadcrumb"},"inLanguage":"en-GB","potentialAction":[{"@type":"ReadAction","target":["https:\/\/www.svkst.unist.hr\/index.php\/o-knjiznici\/misija-vizija-i-strategija\/"]}]},{"@type":"BreadcrumbList","@id":"https:\/\/www.svkst.unist.hr\/index.php\/o-knjiznici\/misija-vizija-i-strategija\/#breadcrumb","itemListElement":[{"@type":"ListItem","position":1,"name":"Home","item":"https:\/\/www.svkst.unist.hr\/"},{"@type":"ListItem","position":2,"name":"O KNJI\u017dNICI","item":"https:\/\/www.svkst.unist.hr\/index.php\/o-knjiznici\/"},{"@type":"ListItem","position":3,"name":"Misija, vizija i strategija"}]}]}},"jetpack_shortlink":"https:\/\/wp.me\/Pan9Re-3S","_links":{"self":[{"href":"https:\/\/www.svkst.unist.hr\/index.php\/wp-json\/wp\/v2\/pages\/240"}],"collection":[{"href":"https:\/\/www.svkst.unist.hr\/index.php\/wp-json\/wp\/v2\/pages"}],"about":[{"href":"https:\/\/www.svkst.unist.hr\/index.php\/wp-json\/wp\/v2\/types\/page"}],"author":[{"embeddable":true,"href":"https:\/\/www.svkst.unist.hr\/index.php\/wp-json\/wp\/v2\/users\/4"}],"replies":[{"embeddable":true,"href":"https:\/\/www.svkst.unist.hr\/index.php\/wp-json\/wp\/v2\/comments?post=240"}],"version-history":[{"count":9,"href":"https:\/\/www.svkst.unist.hr\/index.php\/wp-json\/wp\/v2\/pages\/240\/revisions"}],"predecessor-version":[{"id":6481,"href":"https:\/\/www.svkst.unist.hr\/index.php\/wp-json\/wp\/v2\/pages\/240\/revisions\/6481"}],"up":[{"embeddable":true,"href":"https:\/\/www.svkst.unist.hr\/index.php\/wp-json\/wp\/v2\/pages\/246"}],"wp:attachment":[{"href":"https:\/\/www.svkst.unist.hr\/index.php\/wp-json\/wp\/v2\/media?parent=240"}],"curies":[{"name":"wp","href":"https:\/\/api.w.org\/{rel}","templated":true}]}}