{"id":2027,"date":"2018-07-30T08:02:55","date_gmt":"2018-07-30T07:02:55","guid":{"rendered":"http:\/\/www.svkst.unist.hr\/?page_id=2027"},"modified":"2024-11-28T09:07:15","modified_gmt":"2024-11-28T08:07:15","slug":"baze-podataka","status":"publish","type":"page","link":"https:\/\/www.svkst.unist.hr\/index.php\/baze-podataka\/","title":{"rendered":"Baze podataka"},"content":{"rendered":"<h3><a class=\"show_hide\" href=\"#a\">Pregled baza po abecedi<\/a><\/h3>\n<div class=\"slidingDiv\">\n<p style=\"text-align: justify;\"><a href=\"https:\/\/www.svkst.unist.hr\/index.php\/baze-podataka\/pregled-baza-po-abecedi\/\">Pregled baza po abecedi<\/a><\/p>\n<\/div>\n<h3><a class=\"show_hide\" href=\"#a\">Novosti o otvorenim i probnim pristupima bazama podataka<\/a><\/h3>\n<div class=\"slidingDiv\">\n<p style=\"text-align: justify;\"><a href=\"https:\/\/www.svkst.unist.hr\/index.php\/category\/novosti-iz-svijeta-baza-podataka\/\">Pogledaj sve novosti<\/a><\/p>\n<p>Najnovije vijesti:<br><li id=\"category-posts-2\" class=\"widget cat-post-widget \"><ul id=\"category-posts-2-internal\" class=\"category-posts-internal\">\n<li class='cat-post-item'><div><a class=\"cat-post-title\" href=\"https:\/\/www.svkst.unist.hr\/index.php\/novosti\/otvoren-probni-pristup-na-econlit-with-full-text\/\" rel=\"bookmark\">Otvoren probni pristup na EconLit with Full Text<\/a><\/div><\/li><li class='cat-post-item'><div><a class=\"cat-post-title\" href=\"https:\/\/www.svkst.unist.hr\/index.php\/novosti\/online-radionica-za-hrvatske-autore-wiley-read-publish-3\/\" rel=\"bookmark\">Online radionica za hrvatske autore: Wiley Read &#038; Publish<\/a><\/div><\/li><li class='cat-post-item'><div><a class=\"cat-post-title\" href=\"https:\/\/www.svkst.unist.hr\/index.php\/novosti\/otvoren-probni-pristup-manchester-university-press-e-books\/\" rel=\"bookmark\">Otvoren probni pristup: Manchester University Press e-books<\/a><\/div><\/li><li class='cat-post-item'><div><a class=\"cat-post-title\" href=\"https:\/\/www.svkst.unist.hr\/index.php\/novosti\/scite-ai-probni-pristup-dostupan-do-1-ozujka-2026\/\" rel=\"bookmark\">Scite.ai \u2013 probni pristup dostupan do 1. o\u017eujka 2026.<\/a><\/div><\/li><\/ul>\n<\/li><\/p>\n<\/div>\n\n\n<p><\/p>\n","protected":false},"excerpt":{"rendered":"<p>Pregled baza po abecedi Pregled baza po abecedi Novosti o otvorenim i probnim pristupima bazama podataka Pogledaj sve novosti Najnovije vijesti:<\/p>\n","protected":false},"author":4,"featured_media":0,"parent":0,"menu_order":1,"comment_status":"closed","ping_status":"closed","template":"","meta":{"spay_email":""},"acf":[],"yoast_head":"<!-- This site is optimized with the Yoast SEO plugin v17.8 - https:\/\/yoast.com\/wordpress\/plugins\/seo\/ -->\n<title>Baze podataka - Sveu\u010dili\u0161na knji\u017enica u Splitu<\/title>\n<meta name=\"description\" content=\"Pregled baza po abecedi Pregled baza po abecedi Novosti o otvorenim i probnim pristupima bazama podataka Pogledaj sve novosti Najnovije vijesti:\" \/>\n<meta name=\"robots\" content=\"index, follow, max-snippet:-1, max-image-preview:large, max-video-preview:-1\" \/>\n<link rel=\"canonical\" href=\"https:\/\/www.svkst.unist.hr\/index.php\/baze-podataka\/\" \/>\n<meta property=\"og:locale\" content=\"en_GB\" \/>\n<meta property=\"og:type\" content=\"article\" \/>\n<meta property=\"og:title\" content=\"Baze podataka - Sveu\u010dili\u0161na knji\u017enica u Splitu\" \/>\n<meta property=\"og:description\" content=\"Pregled baza po abecedi Pregled baza po abecedi Novosti o otvorenim i probnim pristupima bazama podataka Pogledaj sve novosti Najnovije vijesti:\" \/>\n<meta property=\"og:url\" content=\"https:\/\/www.svkst.unist.hr\/index.php\/baze-podataka\/\" \/>\n<meta property=\"og:site_name\" content=\"Sveu\u010dili\u0161na knji\u017enica u Splitu\" \/>\n<meta property=\"article:publisher\" content=\"https:\/\/www.facebook.com\/svkst.unist.hr\/\" \/>\n<meta property=\"article:modified_time\" content=\"2024-11-28T08:07:15+00:00\" \/>\n<meta name=\"twitter:card\" content=\"summary_large_image\" \/>\n<meta name=\"twitter:label1\" content=\"Estimated reading time\" \/>\n\t<meta name=\"twitter:data1\" content=\"1 minute\" \/>\n<script type=\"application\/ld+json\" class=\"yoast-schema-graph\">{\"@context\":\"https:\/\/schema.org\",\"@graph\":[{\"@type\":\"Organization\",\"@id\":\"https:\/\/www.svkst.unist.hr\/#organization\",\"name\":\"Sveu\\u010dili\\u0161na knji\\u017enica u Splitu\",\"url\":\"https:\/\/www.svkst.unist.hr\/\",\"sameAs\":[\"https:\/\/www.facebook.com\/svkst.unist.hr\/\"],\"logo\":{\"@type\":\"ImageObject\",\"@id\":\"https:\/\/www.svkst.unist.hr\/#logo\",\"inLanguage\":\"en-GB\",\"url\":\"https:\/\/i2.wp.com\/www.svkst.unist.hr\/wp-content\/uploads\/2018\/02\/sveucilisna_iskaznica_logo_tisak-1.png?fit=600%2C219&ssl=1\",\"contentUrl\":\"https:\/\/i2.wp.com\/www.svkst.unist.hr\/wp-content\/uploads\/2018\/02\/sveucilisna_iskaznica_logo_tisak-1.png?fit=600%2C219&ssl=1\",\"width\":600,\"height\":219,\"caption\":\"Sveu\\u010dili\\u0161na knji\\u017enica u Splitu\"},\"image\":{\"@id\":\"https:\/\/www.svkst.unist.hr\/#logo\"}},{\"@type\":\"WebSite\",\"@id\":\"https:\/\/www.svkst.unist.hr\/#website\",\"url\":\"https:\/\/www.svkst.unist.hr\/\",\"name\":\"Sveu\\u010dili\\u0161na knji\\u017enica u Splitu\",\"description\":\"\",\"publisher\":{\"@id\":\"https:\/\/www.svkst.unist.hr\/#organization\"},\"potentialAction\":[{\"@type\":\"SearchAction\",\"target\":{\"@type\":\"EntryPoint\",\"urlTemplate\":\"https:\/\/www.svkst.unist.hr\/?s={search_term_string}\"},\"query-input\":\"required name=search_term_string\"}],\"inLanguage\":\"en-GB\"},{\"@type\":\"WebPage\",\"@id\":\"https:\/\/www.svkst.unist.hr\/index.php\/baze-podataka\/#webpage\",\"url\":\"https:\/\/www.svkst.unist.hr\/index.php\/baze-podataka\/\",\"name\":\"Baze podataka - Sveu\\u010dili\\u0161na knji\\u017enica u Splitu\",\"isPartOf\":{\"@id\":\"https:\/\/www.svkst.unist.hr\/#website\"},\"datePublished\":\"2018-07-30T07:02:55+00:00\",\"dateModified\":\"2024-11-28T08:07:15+00:00\",\"description\":\"Pregled baza po abecedi Pregled baza po abecedi Novosti o otvorenim i probnim pristupima bazama podataka Pogledaj sve novosti Najnovije vijesti:\",\"breadcrumb\":{\"@id\":\"https:\/\/www.svkst.unist.hr\/index.php\/baze-podataka\/#breadcrumb\"},\"inLanguage\":\"en-GB\",\"potentialAction\":[{\"@type\":\"ReadAction\",\"target\":[\"https:\/\/www.svkst.unist.hr\/index.php\/baze-podataka\/\"]}]},{\"@type\":\"BreadcrumbList\",\"@id\":\"https:\/\/www.svkst.unist.hr\/index.php\/baze-podataka\/#breadcrumb\",\"itemListElement\":[{\"@type\":\"ListItem\",\"position\":1,\"name\":\"Home\",\"item\":\"https:\/\/www.svkst.unist.hr\/\"},{\"@type\":\"ListItem\",\"position\":2,\"name\":\"Baze podataka\"}]}]}<\/script>\n<!-- \/ Yoast SEO plugin. -->","yoast_head_json":{"title":"Baze podataka - Sveu\u010dili\u0161na knji\u017enica u Splitu","description":"Pregled baza po abecedi Pregled baza po abecedi Novosti o otvorenim i probnim pristupima bazama podataka Pogledaj sve novosti Najnovije vijesti:","robots":{"index":"index","follow":"follow","max-snippet":"max-snippet:-1","max-image-preview":"max-image-preview:large","max-video-preview":"max-video-preview:-1"},"canonical":"https:\/\/www.svkst.unist.hr\/index.php\/baze-podataka\/","og_locale":"en_GB","og_type":"article","og_title":"Baze podataka - Sveu\u010dili\u0161na knji\u017enica u Splitu","og_description":"Pregled baza po abecedi Pregled baza po abecedi Novosti o otvorenim i probnim pristupima bazama podataka Pogledaj sve novosti Najnovije vijesti:","og_url":"https:\/\/www.svkst.unist.hr\/index.php\/baze-podataka\/","og_site_name":"Sveu\u010dili\u0161na knji\u017enica u Splitu","article_publisher":"https:\/\/www.facebook.com\/svkst.unist.hr\/","article_modified_time":"2024-11-28T08:07:15+00:00","twitter_card":"summary_large_image","twitter_misc":{"Estimated reading time":"1 minute"},"schema":{"@context":"https:\/\/schema.org","@graph":[{"@type":"Organization","@id":"https:\/\/www.svkst.unist.hr\/#organization","name":"Sveu\u010dili\u0161na knji\u017enica u Splitu","url":"https:\/\/www.svkst.unist.hr\/","sameAs":["https:\/\/www.facebook.com\/svkst.unist.hr\/"],"logo":{"@type":"ImageObject","@id":"https:\/\/www.svkst.unist.hr\/#logo","inLanguage":"en-GB","url":"https:\/\/i2.wp.com\/www.svkst.unist.hr\/wp-content\/uploads\/2018\/02\/sveucilisna_iskaznica_logo_tisak-1.png?fit=600%2C219&ssl=1","contentUrl":"https:\/\/i2.wp.com\/www.svkst.unist.hr\/wp-content\/uploads\/2018\/02\/sveucilisna_iskaznica_logo_tisak-1.png?fit=600%2C219&ssl=1","width":600,"height":219,"caption":"Sveu\u010dili\u0161na knji\u017enica u Splitu"},"image":{"@id":"https:\/\/www.svkst.unist.hr\/#logo"}},{"@type":"WebSite","@id":"https:\/\/www.svkst.unist.hr\/#website","url":"https:\/\/www.svkst.unist.hr\/","name":"Sveu\u010dili\u0161na knji\u017enica u Splitu","description":"","publisher":{"@id":"https:\/\/www.svkst.unist.hr\/#organization"},"potentialAction":[{"@type":"SearchAction","target":{"@type":"EntryPoint","urlTemplate":"https:\/\/www.svkst.unist.hr\/?s={search_term_string}"},"query-input":"required name=search_term_string"}],"inLanguage":"en-GB"},{"@type":"WebPage","@id":"https:\/\/www.svkst.unist.hr\/index.php\/baze-podataka\/#webpage","url":"https:\/\/www.svkst.unist.hr\/index.php\/baze-podataka\/","name":"Baze podataka - Sveu\u010dili\u0161na knji\u017enica u Splitu","isPartOf":{"@id":"https:\/\/www.svkst.unist.hr\/#website"},"datePublished":"2018-07-30T07:02:55+00:00","dateModified":"2024-11-28T08:07:15+00:00","description":"Pregled baza po abecedi Pregled baza po abecedi Novosti o otvorenim i probnim pristupima bazama podataka Pogledaj sve novosti Najnovije vijesti:","breadcrumb":{"@id":"https:\/\/www.svkst.unist.hr\/index.php\/baze-podataka\/#breadcrumb"},"inLanguage":"en-GB","potentialAction":[{"@type":"ReadAction","target":["https:\/\/www.svkst.unist.hr\/index.php\/baze-podataka\/"]}]},{"@type":"BreadcrumbList","@id":"https:\/\/www.svkst.unist.hr\/index.php\/baze-podataka\/#breadcrumb","itemListElement":[{"@type":"ListItem","position":1,"name":"Home","item":"https:\/\/www.svkst.unist.hr\/"},{"@type":"ListItem","position":2,"name":"Baze podataka"}]}]}},"jetpack_shortlink":"https:\/\/wp.me\/Pan9Re-wH","_links":{"self":[{"href":"https:\/\/www.svkst.unist.hr\/index.php\/wp-json\/wp\/v2\/pages\/2027"}],"collection":[{"href":"https:\/\/www.svkst.unist.hr\/index.php\/wp-json\/wp\/v2\/pages"}],"about":[{"href":"https:\/\/www.svkst.unist.hr\/index.php\/wp-json\/wp\/v2\/types\/page"}],"author":[{"embeddable":true,"href":"https:\/\/www.svkst.unist.hr\/index.php\/wp-json\/wp\/v2\/users\/4"}],"replies":[{"embeddable":true,"href":"https:\/\/www.svkst.unist.hr\/index.php\/wp-json\/wp\/v2\/comments?post=2027"}],"version-history":[{"count":140,"href":"https:\/\/www.svkst.unist.hr\/index.php\/wp-json\/wp\/v2\/pages\/2027\/revisions"}],"predecessor-version":[{"id":16261,"href":"https:\/\/www.svkst.unist.hr\/index.php\/wp-json\/wp\/v2\/pages\/2027\/revisions\/16261"}],"wp:attachment":[{"href":"https:\/\/www.svkst.unist.hr\/index.php\/wp-json\/wp\/v2\/media?parent=2027"}],"curies":[{"name":"wp","href":"https:\/\/api.w.org\/{rel}","templated":true}]}}