{"id":16265,"date":"2024-11-28T14:43:40","date_gmt":"2024-11-28T13:43:40","guid":{"rendered":"https:\/\/www.svkst.unist.hr\/?page_id=16265"},"modified":"2024-11-28T15:58:29","modified_gmt":"2024-11-28T14:58:29","slug":"maticna-sluzba-za-istrazivanje-i-razvoj","status":"publish","type":"page","link":"https:\/\/www.svkst.unist.hr\/index.php\/maticna-sluzba-za-istrazivanje-i-razvoj\/","title":{"rendered":"Mati\u010dna slu\u017eba za istra\u017eivanje i razvoj"},"content":{"rendered":"\n<p style=\"text-align: justify;\"><strong>Sveu\u010dili\u0161na knji\u017enica u Splitu<\/strong> mati\u010dna je knji\u017enica specijalnim i visoko\u0161kolskim knji\u017enicama na podru\u010dju Zadarske, \u0160ibensko-kninske, Splitsko-dalmatinske i Dubrova\u010dko-neretvanske \u017eupanije.<\/p>\n\n\n\n<figure class=\"wp-block-image size-large\"><a href=\"https:\/\/calendly.com\/maticnasvkst\"><img data-attachment-id=\"14491\" data-permalink=\"https:\/\/www.svkst.unist.hr\/maticnost-u-oblaku-zakazi-sastanak1\/\" data-orig-file=\"https:\/\/www.svkst.unist.hr\/wp-content\/uploads\/2023\/04\/MATICNOST-U-OBLAKU-zakazi-sastanak1.png\" data-orig-size=\"1109,257\" data-comments-opened=\"0\" data-image-meta=\"{&quot;aperture&quot;:&quot;0&quot;,&quot;credit&quot;:&quot;&quot;,&quot;camera&quot;:&quot;&quot;,&quot;caption&quot;:&quot;&quot;,&quot;created_timestamp&quot;:&quot;0&quot;,&quot;copyright&quot;:&quot;&quot;,&quot;focal_length&quot;:&quot;0&quot;,&quot;iso&quot;:&quot;0&quot;,&quot;shutter_speed&quot;:&quot;0&quot;,&quot;title&quot;:&quot;&quot;,&quot;orientation&quot;:&quot;0&quot;}\" data-image-title=\"MATICNOST-U-OBLAKU-zakazi-sastanak1\" data-image-description=\"\" data-image-caption=\"\" data-medium-file=\"https:\/\/www.svkst.unist.hr\/wp-content\/uploads\/2023\/04\/MATICNOST-U-OBLAKU-zakazi-sastanak1-300x70.png\" data-large-file=\"https:\/\/www.svkst.unist.hr\/wp-content\/uploads\/2023\/04\/MATICNOST-U-OBLAKU-zakazi-sastanak1-1024x237.png\" loading=\"lazy\" width=\"1024\" height=\"237\" src=\"https:\/\/www.svkst.unist.hr\/wp-content\/uploads\/2023\/04\/MATICNOST-U-OBLAKU-zakazi-sastanak1-1024x237.png\" alt=\"\" class=\"wp-image-14491\" srcset=\"https:\/\/www.svkst.unist.hr\/wp-content\/uploads\/2023\/04\/MATICNOST-U-OBLAKU-zakazi-sastanak1-1024x237.png 1024w, https:\/\/www.svkst.unist.hr\/wp-content\/uploads\/2023\/04\/MATICNOST-U-OBLAKU-zakazi-sastanak1-300x70.png 300w, https:\/\/www.svkst.unist.hr\/wp-content\/uploads\/2023\/04\/MATICNOST-U-OBLAKU-zakazi-sastanak1-768x178.png 768w, https:\/\/www.svkst.unist.hr\/wp-content\/uploads\/2023\/04\/MATICNOST-U-OBLAKU-zakazi-sastanak1.png 1109w\" sizes=\"(max-width: 1024px) 100vw, 1024px\" \/><\/a><\/figure>\n\n\n\n<div class=\"wp-block-columns\">\n<div class=\"wp-block-column\" style=\"flex-basis:100%\">\n<p style=\"text-align: justify;\">\nKontakt:\n<br><br>Ana Matija\u0161evi\u0107 Reni\u0107, knji\u017eni\u010darka\n<br>tel.: (021) 434 822<br>\ne-mail: <a href=\"mailto:iurem@svkst.hr\">amrenic@svkst.hr<\/a><\/p><br>\n<p style=\"text-align: justify;\">Irena Urem, vi\u0161a knji\u017eni\u010darka, voditeljica \n<br>tel.: (021) 434 842; 095 9001 532\n<br>e-mail: <a href=\"mailto:iurem@svkst.hr\">iurem@svkst.hr<\/a><\/p>\n<\/div>\n<\/div>\n\n\n\n<h4><a class=\"show_hide\" href=\"#a\">Organizacija i poslovanje<\/a><\/h4>\n<div class=\"slidingDiv\">\n<p style=\"text-align: justify;\"><strong>Mati\u010dna slu\u017eba za istra\u017eivanje i razvoj<\/strong> funkcionira kao razvojna mati\u010dna slu\u017eba te je dio nacionalne mre\u017ee mati\u010dnih knji\u017enica u Republici Hrvatskoj. Postojanje mati\u010dnih slu\u017ebi je definirano \u010dl. 34 i 43 Zakona o knji\u017enicama i knji\u017eni\u010dnoj djelatnosti (NN 17\/2019, 98\/2019, 114\/2022, 36\/2024), a zada\u0107e Pravilnikom o mati\u010dnoj djelatnosti i sustavu mati\u010dnih knji\u017enica u Republici Hrvatskoj (NN 81\/2021).<\/p>\n<\/div>\n\n\n\n<h4><a class=\"show_hide\" href=\"#a\">Ostali poslovi u Mati\u010dnoj slu\u017ebi za istra\u017eivanje i razvoj<\/a><\/h4>\n<div class=\"slidingDiv\">\n<p style=\"text-align: justify;\">Ostali poslovi u Mati\u010dnoj slu\u017ebi za istra\u017eivanje i razvoj:\n<li>bibliometrijske usluge za potrebe znanstveno-nastavni\u010dkog osoblja Sveu\u010dili\u0161ta u Splitu, znanstvenika instituta te uredni\u0161tva \u010dasopisa Splitsko-dalmatinske \u017eupanije<\/li> &#8211; suradnja s Odjelom rada za korisnike<br><li>aktivnosti na pove\u0107anju vidljivosti znanstvene produkcije Sveu\u010dili\u0161ta u Splitu<\/li><br><li>unos i kontrola repozitorija vi\u0161e sveu\u010dili\u0161nih odjela i repozitorija Sveu\u010dili\u0161ta u Splitu<li>sadr\u017eajno i stilsko ure\u0111ivanje mre\u017enih stranica u suradnji s ostalim odjelima<\/li>\n<\/p>\n<\/div>\n\n\n\n<h4><a class=\"show_hide\" href=\"#a\">Propisi u knji\u017eni\u010darstvu<\/a><\/h4>\n<div class=\"slidingDiv\">\n<p style=\"text-align: justify;\">Sve dokumente (zakone, pravilnike, uredbe i ostalo) mo\u017eete prona\u0107i na <a href=\"http:\/\/maticna.nsk.hr\/strucno-savjetodavna-pomoc-i-strucni-nadzor\/propisi\/\" target=\"_blank\" rel=\"noopener noreferrer\">Portalu mati\u010dne djelatnosti knji\u017enica u Republici Hrvatskoj.<\/a><\/p>\n<\/div>\n\n\n\n<h4><a class=\"show_hide\" href=\"#a\">Izvje\u0161\u0107a, analize, planovi rada i ostali dokumenti<\/a><\/h4>\n<div class=\"slidingDiv\">\n<p style=\"text-align: justify;\">\n<a href=\"https:\/\/www.svkst.unist.hr\/wp-content\/uploads\/2024\/11\/Plan-rada-maticna-djelatnost-SVKST_2024_zaMK.pdf\">Plan rada mati\u010dne djelatnosti Sveu\u010dili\u0161ne knji\u017enice u Splitu za 2024. godinu<\/a><br>\n<a href=\"https:\/\/www.svkst.unist.hr\/wp-content\/uploads\/2023\/04\/Plan-rada_2023_maticna_MK_za-web.pdf\">Plan rada mati\u010dne djelatnosti Sveu\u010dili\u0161ne knji\u017enice u Splitu za 2023. godinu<\/a><br>\n<a href=\"https:\/\/www.svkst.unist.hr\/wp-content\/uploads\/2022\/04\/Plan-rada_2022_MK_IU_ZV.pdf\">Plan rada mati\u010dne djelatnosti Sveu\u010dili\u0161ne knji\u017enice u Splitu za 2022. godinu<\/a><br>\n<a href=\"https:\/\/www.svkst.unist.hr\/wp-content\/uploads\/2021\/01\/Plan-rada_2021ZV-1.pdf\">Plan rada mati\u010dne djelatnosti Sveu\u010dili\u0161ne knji\u017enice u Splitu za 2021. godinu<\/a><br>\n<a href=\"https:\/\/www.svkst.unist.hr\/wp-content\/uploads\/2020\/07\/plan_maticna_2020.pdf\" target=\"_blank\" rel=\"noopener noreferrer\">Plan rada mati\u010dne djelatnosti Sveu\u010dili\u0161ne knji\u017enice u Splitu za 2020. godinu<\/a><br>\n<a href=\"https:\/\/www.svkst.unist.hr\/wp-content\/uploads\/2020\/07\/Plan-rada-Sluzbe-za-istrazivanje-i-razvoj_-2019.-godinu.pdf\" target=\"_blank\" rel=\"noopener noreferrer\">Plan rada mati\u010dne djelatnosti Sveu\u010dili\u0161ne knji\u017enice u Splitu za 2019. godinu<\/a><br><a href=\"https:\/\/www.svkst.unist.hr\/wp-content\/uploads\/2020\/07\/izvje\u0161taj-2017-i-plan-rada-za-2018-za-Zagorku.pdf\" target=\"_blank\" rel=\"noopener noreferrer\">Plan rada mati\u010dne djelatnosti Sveu\u010dili\u0161ne knji\u017enice u Splitu za 2018. godinu<\/a><br><br>\n<a href=\"https:\/\/www.svkst.unist.hr\/wp-content\/uploads\/2024\/11\/Izvjesce-o-radu_maticna_2023_za-slanje.pdf>Izvje\u0161\u0107e o radu mati\u010dne djelatnosti Sveu\u010dili\u0161ne knji\u017enice u Splitu za 2023. godinu<\/a><br>\n<a href=\" https:=\"\" www.svkst.unist.hr=\"\" wp-content=\"\" uploads=\"\" 2023=\"\" 04=\"\" izvjesce-o-radu_maticna_2022_zvp.pdf\"=\"\">Izvje\u0161\u0107e o radu mati\u010dne djelatnosti Sveu\u010dili\u0161ne knji\u017enice u Splitu za 2022. godinu<\/a><br>\n<a href=\"https:\/\/www.svkst.unist.hr\/wp-content\/uploads\/2022\/04\/Izvjesce_SVKSTMD_2021ZV.pdf\" target=\"_blank\" rel=\"noopener noreferrer\">Izvje\u0161taj o radu podru\u010dne Mati\u010dne slu\u017ebe za istra\u017eivanje i razvoj za 2021. godinu<\/a><br>\n<a href=\"https:\/\/www.svkst.unist.hr\/wp-content\/uploads\/2021\/08\/Izvjestaj s-dopisom_SVKST_maticnost_20201.pdf\" target=\"_blank\" rel=\"noopener noreferrer\">Izvje\u0161taj o radu podru\u010dne Mati\u010dne slu\u017ebe za istra\u017eivanje i razvoj za 2020. godinu<\/a><br>\n<a href=\"https:\/\/www.svkst.unist.hr\/wp-content\/uploads\/2020\/07\/Izvjestaj-za-2019_SVKST.pdf\" target=\"_blank\" rel=\"noopener noreferrer\">Izvje\u0161taj o radu podru\u010dne Mati\u010dne slu\u017ebe za istra\u017eivanje i razvoj za 2019. godinu<\/a><br>\n<a href=\"https:\/\/www.svkst.unist.hr\/wp-content\/uploads\/2020\/07\/Izvjestaj-Sluzbe-za-istrazivanje-i-razvoj_2018.docx\" target=\"_blank\" rel=\"noopener noreferrer\">Izvje\u0161taj o radu Slu\u017ebe za istra\u017eivanje i razvoj za 2018. godinu<\/a><br><br>\n<a href=\"https:\/\/www.svkst.unist.hr\/wp-content\/uploads\/2024\/11\/Analiza_statistika_2023.pdf\">Analiza knji\u017enica u sustavu sveu\u010dili\u0161ne mati\u010dne djelatnosti Sveu\u010dili\u0161ne knji\u017enice u Splitu za 2023. godinu prema podacima iz Sustava statisti\u010dkih podataka Nacionalne i sveu\u010dili\u0161ne knji\u017enice u Zagrebu<\/a><br>\n<a href=\"https:\/\/www.svkst.unist.hr\/wp-content\/uploads\/2024\/11\/Analiza_2022_V3_ispravljena-verzija.pdf\">Analiza knji\u017enica u sustavu sveu\u010dili\u0161ne mati\u010dne djelatnosti Sveu\u010dili\u0161ne knji\u017enice u Splitu za 2022. godinu prema podacima iz Sustava statisti\u010dkih podataka Nacionalne i sveu\u010dili\u0161ne knji\u017enice u Zagrebu<\/a><br>\n<a href=\"https:\/\/www.svkst.unist.hr\/wp-content\/uploads\/2022\/06\/Analiza_2021_ZVIU.pdf\">Analiza knji\u017enica u sustavu sveu\u010dili\u0161ne mati\u010dne djelatnosti Sveu\u010dili\u0161ne knji\u017enice u Splitu za 2021. godinu prema podacima iz Sustava statisti\u010dkih podataka Nacionalne i sveu\u010dili\u0161ne knji\u017enice u Zagrebu<\/a><br>\n<a href=\"https:\/\/www.svkst.unist.hr\/wp-content\/uploads\/2021\/08\/Analiza_2020_potpisom-i-pecatom_ZVIU.pdf\">Analiza knji\u017enica u sustavu sveu\u010dili\u0161ne mati\u010dne djelatnosti Sveu\u010dili\u0161ne knji\u017enice u Splitu za 2020. godinu prema podacima iz Sustava statisti\u010dkih podataka Nacionalne i sveu\u010dili\u0161ne knji\u017enice u Zagrebu<\/a><br>\n<a href=\"https:\/\/www.svkst.unist.hr\/wp-content\/uploads\/2024\/11\/Analiza_statistika_2019.pdf\">Analiza knji\u017enica u sustavu sveu\u010dili\u0161ne mati\u010dne djelatnosti Sveu\u010dili\u0161ne knji\u017enice u Splitu za 2019. godinu prema podacima iz Sustava statisti\u010dkih podataka Nacionalne i sveu\u010dili\u0161ne knji\u017enice u Zagrebu<\/a><br>\n<a href=\"https:\/\/www.svkst.unist.hr\/wp-content\/uploads\/2024\/11\/Analiza_statistika_2018.pdf\">Analiza knji\u017enica u sustavu sveu\u010dili\u0161ne mati\u010dne djelatnosti Sveu\u010dili\u0161ne knji\u017enice u Splitu za 2018. godinu prema podacima iz Sustava statisti\u010dkih podataka Nacionalne i sveu\u010dili\u0161ne knji\u017enice u Zagrebu<\/a><\/p><\/div>\n\n\n\n<h4><a class=\"show_hide\" href=\"#a\">Stru\u010dni nadzor knji\u017enica<\/a><\/h4>\n<div class=\"slidingDiv\">\n<p style=\"text-align: justify;\">Sukladno \u010dl. 33., 34., 42.,43. Zakona o knji\u017enicama i knji\u017eni\u010dnoj djelatnosti (NN 17\/2019; 98\/2019; 114\/2022; 36\/2024) i Pravilnikom o mati\u010dnoj djelatnosti i sustavu mati\u010dnih knji\u017enica u Republici Hrvatskoj (NN 81\/2021), Sveu\u010dili\u0161na knji\u017enica u Splitu kao sveu\u010dili\u0161na mati\u010dna knji\u017enica nadle\u017ena je za stru\u010dni nadzor nad radom visoko\u0161kolskih i specijalnih knji\u017enica, pru\u017eanje stru\u010dne pomo\u0107i vezane uz osnivanje i prestanak rada visoko\u0161kolskih i specijalnih knji\u017enica te planiranje i unaprje\u0111ivanje djelatnosti visoko\u0161kolskih i specijalnih knji\u017enica i njihova me\u0111usobnog povezivanja i uklju\u010divanja u jedinstven knji\u017eni\u010dni sustav Republike Hrvatske. \n<br>Sukladno Pravilniku o mati\u010dnoj djelatnosti i sustavu mati\u010dnih knji\u017enica u Republici Hrvatskoj mati\u010dne knji\u017enice nadziru rad knji\u017enica u sustavu svoje mati\u010dne djelatnosti izravnim uvidom u njihov rad i na temelju izvje\u0161\u0107a \u0161to ih knji\u017enice dostavljaju na njezin zahtjev; prati rad knji\u017enica kojima je mati\u010dna, prou\u010dava njihovo stanje i potrebe, njihov ustroj, poslovanje i na\u010din rada; savjetodavno poma\u017ee knji\u017enicama u stru\u010dnom radu, uspostavljanju, organiziranju i obavljanju knji\u017eni\u010dne djelatnosti jedinstvenom poslovanju dostizanja propisanih standarda i drugo.\n<br>Vrste nadzora u knji\u017enicama po u\u010destalosti i cjelovitosti:<br>\n1. <strong>Redoviti nadzori<\/strong> provode se u knji\u017enicama prema procjeni potrebe neposredne sveu\u010dili\u0161ne mati\u010dne knji\u017enice. Nadzor je obuhvatom cjelovit. <br>\n2. <strong>Izvanredni nadzori<\/strong> se provode u slu\u010dajevima preseljenja, poplava i drugih izvanrednih okolnosti. Nadzor  je obuhvatom  cjelovit za  preseljenje  knji\u017enice,  a  za  izvanredne  okolnosti  mo\u017ee  biti djelomi\u010dan (ti\u010de se npr. kod poplava \u2013 dio poplavljene gra\u0111e). <br>\n3. <strong>Nadzor na zahtjev<\/strong> knji\u017enice\/institucije\n<br>\nPopis obavljenih stru\u010dnih nadzora knji\u017enica mo\u017eete prona\u0107i na portalu e-mati\u010dna, na poveznici https:\/\/ematicna.nsk.hr\/ \n\n<\/p><\/div>\n\n\n\n<h4><a class=\"show_hide\" href=\"#a\">Upisnik knji\u017enica Republike Hrvatske<\/a><\/h4>\n\n\n\n<h4><a class=\"show_hide\" href=\"#a\">Adresar specijalnih i visoko\u0161kolskih knji\u017enica u Dalmaciji<\/a><\/h4>\n<div class=\"slidingDiv\">\n<p style=\"text-align: justify;\"><a href=\"https:\/\/www.svkst.unist.hr\/wp-content\/uploads\/2020\/07\/Kopija-Adresar_specijalnih_knji\u017enica_za_2019..xlsx\" target=\"_blank\" rel=\"noopener noreferrer\">Adresar specijalnih knji\u017enica s podru\u010dja mati\u010dnosti Sveu\u010dili\u0161ne knji\u017enice u Splitu<\/a><br><a href=\"https:\/\/www.svkst.unist.hr\/wp-content\/uploads\/2020\/07\/Kopija-Adresar_sveu\u010dili\u0161nih_visoko\u0161kolskih_znanstvenih_knji\u017enica_za_2019..xlsx\" target=\"_blank\" rel=\"noopener noreferrer\">Adresar sveu\u010dili\u0161nih, visoko\u0161kolskih i znanstvenih knji\u017enica za 2019.<\/a><\/p>\n<\/div>\n\n\n\n<h4><a class=\"show_hide\" href=\"#a\">Novosti iz Mati\u010dne slu\u017ebe za istra\u017eivanje i razvoj<\/a><\/h4>\n<div class=\"slidingDiv\">\n<p style=\"text-align: justify;\">\n<li id=\"category-posts-3\" class=\"widget cat-post-widget \"><ul id=\"category-posts-3-internal\" class=\"category-posts-internal\">\n<li class='cat-post-item'><div><a class=\"cat-post-title\" href=\"https:\/\/www.svkst.unist.hr\/index.php\/galerija\/radionice\/odrzana-radionica-kako-napisati-znanstveni-i-ili-strucni-clanak\/\" rel=\"bookmark\">Odr\u017eana radionica Kako napisati znanstveni i\/ili stru\u010dni \u010dlanak<\/a><\/div><\/li><li class='cat-post-item'><div><a class=\"cat-post-title\" href=\"https:\/\/www.svkst.unist.hr\/index.php\/galerija\/radionice\/odrzana-radionica-za-knjiznicare-specijalnih-knjiznica-u-okviru-maticnosti\/\" rel=\"bookmark\">Odr\u017eana radionica za knji\u017eni\u010dare specijalnih knji\u017enica u okviru mati\u010dnosti<\/a><\/div><\/li><li class='cat-post-item'><div><a class=\"cat-post-title\" href=\"https:\/\/www.svkst.unist.hr\/index.php\/novosti\/tecaj-upravljanje-istrazivackim-podacima\/\" rel=\"bookmark\">[Te\u010daj] Upravljanje istra\u017eiva\u010dkim podacima<\/a><\/div><\/li><li class='cat-post-item'><div><a class=\"cat-post-title\" href=\"https:\/\/www.svkst.unist.hr\/index.php\/novosti\/otvoren-probni-pristup-the-lancet\/\" rel=\"bookmark\">Otvoren probni pristup: The Lancet<\/a><\/div><\/li><li class='cat-post-item'><div><a class=\"cat-post-title\" href=\"https:\/\/www.svkst.unist.hr\/index.php\/novosti\/statista-30-dana-probnog-pristupa\/\" rel=\"bookmark\">Statista &#8211; 30 dana probnog pristupa<\/a><\/div><\/li><\/ul>\n<\/li>\n<\/p>\n<\/div>\n","protected":false},"excerpt":{"rendered":"<p>Sveu\u010dili\u0161na knji\u017enica u Splitu mati\u010dna je knji\u017enica specijalnim i visoko\u0161kolskim knji\u017enicama na podru\u010dju Zadarske, \u0160ibensko-kninske, Splitsko-dalmatinske i Dubrova\u010dko-neretvanske \u017eupanije. Kontakt: Ana Matija\u0161evi\u0107 Reni\u0107, knji\u017eni\u010darka tel.: (021) 434 822 e-mail: amrenic@svkst.hr Irena Urem, vi\u0161a knji\u017eni\u010darka, voditeljica tel.: (021) 434 842; 095 9001 532 e-mail: iurem@svkst.hr Organizacija i poslovanje Mati\u010dna slu\u017eba za istra\u017eivanje i razvoj funkcionira kao [&hellip;]<\/p>\n","protected":false},"author":4,"featured_media":0,"parent":0,"menu_order":0,"comment_status":"closed","ping_status":"closed","template":"","meta":{"spay_email":""},"acf":[],"yoast_head":"<!-- This site is optimized with the Yoast SEO plugin v17.8 - https:\/\/yoast.com\/wordpress\/plugins\/seo\/ -->\n<title>Mati\u010dna slu\u017eba za istra\u017eivanje i razvoj - Sveu\u010dili\u0161na knji\u017enica u Splitu<\/title>\n<meta name=\"description\" content=\"Sveu\u010dili\u0161na knji\u017enica u Splitu mati\u010dna je knji\u017enica specijalnim i visoko\u0161kolskim knji\u017enicama na podru\u010dju Zadarske, \u0160ibensko-kninske, Splitsko-dalmatinske\" \/>\n<meta name=\"robots\" content=\"index, follow, max-snippet:-1, max-image-preview:large, max-video-preview:-1\" \/>\n<link rel=\"canonical\" href=\"https:\/\/www.svkst.unist.hr\/index.php\/maticna-sluzba-za-istrazivanje-i-razvoj\/\" \/>\n<meta property=\"og:locale\" content=\"en_GB\" \/>\n<meta property=\"og:type\" content=\"article\" \/>\n<meta property=\"og:title\" content=\"Mati\u010dna slu\u017eba za istra\u017eivanje i razvoj - Sveu\u010dili\u0161na knji\u017enica u Splitu\" \/>\n<meta property=\"og:description\" content=\"Sveu\u010dili\u0161na knji\u017enica u Splitu mati\u010dna je knji\u017enica specijalnim i visoko\u0161kolskim knji\u017enicama na podru\u010dju Zadarske, \u0160ibensko-kninske, Splitsko-dalmatinske\" \/>\n<meta property=\"og:url\" content=\"https:\/\/www.svkst.unist.hr\/index.php\/maticna-sluzba-za-istrazivanje-i-razvoj\/\" \/>\n<meta property=\"og:site_name\" content=\"Sveu\u010dili\u0161na knji\u017enica u Splitu\" \/>\n<meta property=\"article:publisher\" content=\"https:\/\/www.facebook.com\/svkst.unist.hr\/\" \/>\n<meta property=\"article:modified_time\" content=\"2024-11-28T14:58:29+00:00\" \/>\n<meta property=\"og:image\" content=\"https:\/\/www.svkst.unist.hr\/wp-content\/uploads\/2023\/04\/MATICNOST-U-OBLAKU-zakazi-sastanak1-1024x237.png\" \/>\n<meta name=\"twitter:card\" content=\"summary_large_image\" \/>\n<meta name=\"twitter:label1\" content=\"Estimated reading time\" \/>\n\t<meta name=\"twitter:data1\" content=\"4 minutes\" \/>\n<script type=\"application\/ld+json\" class=\"yoast-schema-graph\">{\"@context\":\"https:\/\/schema.org\",\"@graph\":[{\"@type\":\"Organization\",\"@id\":\"https:\/\/www.svkst.unist.hr\/#organization\",\"name\":\"Sveu\\u010dili\\u0161na knji\\u017enica u Splitu\",\"url\":\"https:\/\/www.svkst.unist.hr\/\",\"sameAs\":[\"https:\/\/www.facebook.com\/svkst.unist.hr\/\"],\"logo\":{\"@type\":\"ImageObject\",\"@id\":\"https:\/\/www.svkst.unist.hr\/#logo\",\"inLanguage\":\"en-GB\",\"url\":\"https:\/\/i2.wp.com\/www.svkst.unist.hr\/wp-content\/uploads\/2018\/02\/sveucilisna_iskaznica_logo_tisak-1.png?fit=600%2C219&ssl=1\",\"contentUrl\":\"https:\/\/i2.wp.com\/www.svkst.unist.hr\/wp-content\/uploads\/2018\/02\/sveucilisna_iskaznica_logo_tisak-1.png?fit=600%2C219&ssl=1\",\"width\":600,\"height\":219,\"caption\":\"Sveu\\u010dili\\u0161na knji\\u017enica u Splitu\"},\"image\":{\"@id\":\"https:\/\/www.svkst.unist.hr\/#logo\"}},{\"@type\":\"WebSite\",\"@id\":\"https:\/\/www.svkst.unist.hr\/#website\",\"url\":\"https:\/\/www.svkst.unist.hr\/\",\"name\":\"Sveu\\u010dili\\u0161na knji\\u017enica u Splitu\",\"description\":\"\",\"publisher\":{\"@id\":\"https:\/\/www.svkst.unist.hr\/#organization\"},\"potentialAction\":[{\"@type\":\"SearchAction\",\"target\":{\"@type\":\"EntryPoint\",\"urlTemplate\":\"https:\/\/www.svkst.unist.hr\/?s={search_term_string}\"},\"query-input\":\"required name=search_term_string\"}],\"inLanguage\":\"en-GB\"},{\"@type\":\"ImageObject\",\"@id\":\"https:\/\/www.svkst.unist.hr\/index.php\/maticna-sluzba-za-istrazivanje-i-razvoj\/#primaryimage\",\"inLanguage\":\"en-GB\",\"url\":\"https:\/\/www.svkst.unist.hr\/wp-content\/uploads\/2023\/04\/MATICNOST-U-OBLAKU-zakazi-sastanak1.png\",\"contentUrl\":\"https:\/\/www.svkst.unist.hr\/wp-content\/uploads\/2023\/04\/MATICNOST-U-OBLAKU-zakazi-sastanak1.png\",\"width\":1109,\"height\":257},{\"@type\":\"WebPage\",\"@id\":\"https:\/\/www.svkst.unist.hr\/index.php\/maticna-sluzba-za-istrazivanje-i-razvoj\/#webpage\",\"url\":\"https:\/\/www.svkst.unist.hr\/index.php\/maticna-sluzba-za-istrazivanje-i-razvoj\/\",\"name\":\"Mati\\u010dna slu\\u017eba za istra\\u017eivanje i razvoj - Sveu\\u010dili\\u0161na knji\\u017enica u Splitu\",\"isPartOf\":{\"@id\":\"https:\/\/www.svkst.unist.hr\/#website\"},\"primaryImageOfPage\":{\"@id\":\"https:\/\/www.svkst.unist.hr\/index.php\/maticna-sluzba-za-istrazivanje-i-razvoj\/#primaryimage\"},\"datePublished\":\"2024-11-28T13:43:40+00:00\",\"dateModified\":\"2024-11-28T14:58:29+00:00\",\"description\":\"Sveu\\u010dili\\u0161na knji\\u017enica u Splitu mati\\u010dna je knji\\u017enica specijalnim i visoko\\u0161kolskim knji\\u017enicama na podru\\u010dju Zadarske, \\u0160ibensko-kninske, Splitsko-dalmatinske\",\"breadcrumb\":{\"@id\":\"https:\/\/www.svkst.unist.hr\/index.php\/maticna-sluzba-za-istrazivanje-i-razvoj\/#breadcrumb\"},\"inLanguage\":\"en-GB\",\"potentialAction\":[{\"@type\":\"ReadAction\",\"target\":[\"https:\/\/www.svkst.unist.hr\/index.php\/maticna-sluzba-za-istrazivanje-i-razvoj\/\"]}]},{\"@type\":\"BreadcrumbList\",\"@id\":\"https:\/\/www.svkst.unist.hr\/index.php\/maticna-sluzba-za-istrazivanje-i-razvoj\/#breadcrumb\",\"itemListElement\":[{\"@type\":\"ListItem\",\"position\":1,\"name\":\"Home\",\"item\":\"https:\/\/www.svkst.unist.hr\/\"},{\"@type\":\"ListItem\",\"position\":2,\"name\":\"Mati\\u010dna slu\\u017eba za istra\\u017eivanje i razvoj\"}]}]}<\/script>\n<!-- \/ Yoast SEO plugin. -->","yoast_head_json":{"title":"Mati\u010dna slu\u017eba za istra\u017eivanje i razvoj - Sveu\u010dili\u0161na knji\u017enica u Splitu","description":"Sveu\u010dili\u0161na knji\u017enica u Splitu mati\u010dna je knji\u017enica specijalnim i visoko\u0161kolskim knji\u017enicama na podru\u010dju Zadarske, \u0160ibensko-kninske, Splitsko-dalmatinske","robots":{"index":"index","follow":"follow","max-snippet":"max-snippet:-1","max-image-preview":"max-image-preview:large","max-video-preview":"max-video-preview:-1"},"canonical":"https:\/\/www.svkst.unist.hr\/index.php\/maticna-sluzba-za-istrazivanje-i-razvoj\/","og_locale":"en_GB","og_type":"article","og_title":"Mati\u010dna slu\u017eba za istra\u017eivanje i razvoj - Sveu\u010dili\u0161na knji\u017enica u Splitu","og_description":"Sveu\u010dili\u0161na knji\u017enica u Splitu mati\u010dna je knji\u017enica specijalnim i visoko\u0161kolskim knji\u017enicama na podru\u010dju Zadarske, \u0160ibensko-kninske, Splitsko-dalmatinske","og_url":"https:\/\/www.svkst.unist.hr\/index.php\/maticna-sluzba-za-istrazivanje-i-razvoj\/","og_site_name":"Sveu\u010dili\u0161na knji\u017enica u Splitu","article_publisher":"https:\/\/www.facebook.com\/svkst.unist.hr\/","article_modified_time":"2024-11-28T14:58:29+00:00","og_image":[{"url":"https:\/\/www.svkst.unist.hr\/wp-content\/uploads\/2023\/04\/MATICNOST-U-OBLAKU-zakazi-sastanak1-1024x237.png"}],"twitter_card":"summary_large_image","twitter_misc":{"Estimated reading time":"4 minutes"},"schema":{"@context":"https:\/\/schema.org","@graph":[{"@type":"Organization","@id":"https:\/\/www.svkst.unist.hr\/#organization","name":"Sveu\u010dili\u0161na knji\u017enica u Splitu","url":"https:\/\/www.svkst.unist.hr\/","sameAs":["https:\/\/www.facebook.com\/svkst.unist.hr\/"],"logo":{"@type":"ImageObject","@id":"https:\/\/www.svkst.unist.hr\/#logo","inLanguage":"en-GB","url":"https:\/\/i2.wp.com\/www.svkst.unist.hr\/wp-content\/uploads\/2018\/02\/sveucilisna_iskaznica_logo_tisak-1.png?fit=600%2C219&ssl=1","contentUrl":"https:\/\/i2.wp.com\/www.svkst.unist.hr\/wp-content\/uploads\/2018\/02\/sveucilisna_iskaznica_logo_tisak-1.png?fit=600%2C219&ssl=1","width":600,"height":219,"caption":"Sveu\u010dili\u0161na knji\u017enica u Splitu"},"image":{"@id":"https:\/\/www.svkst.unist.hr\/#logo"}},{"@type":"WebSite","@id":"https:\/\/www.svkst.unist.hr\/#website","url":"https:\/\/www.svkst.unist.hr\/","name":"Sveu\u010dili\u0161na knji\u017enica u Splitu","description":"","publisher":{"@id":"https:\/\/www.svkst.unist.hr\/#organization"},"potentialAction":[{"@type":"SearchAction","target":{"@type":"EntryPoint","urlTemplate":"https:\/\/www.svkst.unist.hr\/?s={search_term_string}"},"query-input":"required name=search_term_string"}],"inLanguage":"en-GB"},{"@type":"ImageObject","@id":"https:\/\/www.svkst.unist.hr\/index.php\/maticna-sluzba-za-istrazivanje-i-razvoj\/#primaryimage","inLanguage":"en-GB","url":"https:\/\/www.svkst.unist.hr\/wp-content\/uploads\/2023\/04\/MATICNOST-U-OBLAKU-zakazi-sastanak1.png","contentUrl":"https:\/\/www.svkst.unist.hr\/wp-content\/uploads\/2023\/04\/MATICNOST-U-OBLAKU-zakazi-sastanak1.png","width":1109,"height":257},{"@type":"WebPage","@id":"https:\/\/www.svkst.unist.hr\/index.php\/maticna-sluzba-za-istrazivanje-i-razvoj\/#webpage","url":"https:\/\/www.svkst.unist.hr\/index.php\/maticna-sluzba-za-istrazivanje-i-razvoj\/","name":"Mati\u010dna slu\u017eba za istra\u017eivanje i razvoj - Sveu\u010dili\u0161na knji\u017enica u Splitu","isPartOf":{"@id":"https:\/\/www.svkst.unist.hr\/#website"},"primaryImageOfPage":{"@id":"https:\/\/www.svkst.unist.hr\/index.php\/maticna-sluzba-za-istrazivanje-i-razvoj\/#primaryimage"},"datePublished":"2024-11-28T13:43:40+00:00","dateModified":"2024-11-28T14:58:29+00:00","description":"Sveu\u010dili\u0161na knji\u017enica u Splitu mati\u010dna je knji\u017enica specijalnim i visoko\u0161kolskim knji\u017enicama na podru\u010dju Zadarske, \u0160ibensko-kninske, Splitsko-dalmatinske","breadcrumb":{"@id":"https:\/\/www.svkst.unist.hr\/index.php\/maticna-sluzba-za-istrazivanje-i-razvoj\/#breadcrumb"},"inLanguage":"en-GB","potentialAction":[{"@type":"ReadAction","target":["https:\/\/www.svkst.unist.hr\/index.php\/maticna-sluzba-za-istrazivanje-i-razvoj\/"]}]},{"@type":"BreadcrumbList","@id":"https:\/\/www.svkst.unist.hr\/index.php\/maticna-sluzba-za-istrazivanje-i-razvoj\/#breadcrumb","itemListElement":[{"@type":"ListItem","position":1,"name":"Home","item":"https:\/\/www.svkst.unist.hr\/"},{"@type":"ListItem","position":2,"name":"Mati\u010dna slu\u017eba za istra\u017eivanje i razvoj"}]}]}},"jetpack_shortlink":"https:\/\/wp.me\/Pan9Re-4el","_links":{"self":[{"href":"https:\/\/www.svkst.unist.hr\/index.php\/wp-json\/wp\/v2\/pages\/16265"}],"collection":[{"href":"https:\/\/www.svkst.unist.hr\/index.php\/wp-json\/wp\/v2\/pages"}],"about":[{"href":"https:\/\/www.svkst.unist.hr\/index.php\/wp-json\/wp\/v2\/types\/page"}],"author":[{"embeddable":true,"href":"https:\/\/www.svkst.unist.hr\/index.php\/wp-json\/wp\/v2\/users\/4"}],"replies":[{"embeddable":true,"href":"https:\/\/www.svkst.unist.hr\/index.php\/wp-json\/wp\/v2\/comments?post=16265"}],"version-history":[{"count":28,"href":"https:\/\/www.svkst.unist.hr\/index.php\/wp-json\/wp\/v2\/pages\/16265\/revisions"}],"predecessor-version":[{"id":16313,"href":"https:\/\/www.svkst.unist.hr\/index.php\/wp-json\/wp\/v2\/pages\/16265\/revisions\/16313"}],"wp:attachment":[{"href":"https:\/\/www.svkst.unist.hr\/index.php\/wp-json\/wp\/v2\/media?parent=16265"}],"curies":[{"name":"wp","href":"https:\/\/api.w.org\/{rel}","templated":true}]}}