{"id":1010,"date":"2018-03-05T15:39:43","date_gmt":"2018-03-05T14:39:43","guid":{"rendered":"http:\/\/www.svkst.unist.hr\/?page_id=1010"},"modified":"2026-03-09T08:40:18","modified_gmt":"2026-03-09T07:40:18","slug":"meduknjiznicna-posudba","status":"publish","type":"page","link":"https:\/\/www.svkst.unist.hr\/index.php\/usluge\/posudba-i-grada\/meduknjiznicna-posudba\/","title":{"rendered":"Me\u0111uknji\u017eni\u010dna posudba"},"content":{"rendered":"<p style=\"text-align: justify;\">Me\u0111uknji\u017eni\u010dna posudba jest usluga kojom Knji\u017enica, na korisni\u010dki zahtjev, od drugih knji\u017enica (doma\u0107ih i inozemnih) pribavlja stru\u010dnu literaturu koju nema ili pak svoju gra\u0111u posu\u0111uje drugim knji\u017enicama.<br \/>\nUsluga je omogu\u0107ena svim godi\u0161njim i kolektivnim \u010dlanovima te splitskim fakultetskim i specijalnim knji\u017enicama za potrebe njihovih korisnika.<\/p>\n<p style=\"text-align: justify;\">Usluga me\u0111uknji\u017eni\u010dne posudbe napla\u0107uje se prema <a href=\"https:\/\/www.svkst.unist.hr\/wp-content\/uploads\/2026\/03\/CJENIK-KNJIZNICNIH-USLUGA-2025-azurirano-2.pdf\">cjeniku<\/a>, i to tek kad naru\u010deni materijali stignu.<\/p>\n<p style=\"text-align: justify;\">Po\u0161to je utvrdio da Sveu\u010dili\u0161na knji\u017enica ne posjeduje publikaciju koja mu je potrebna, korisnik podnosi zahtjev za me\u0111uknji\u017eni\u010dnu posudbu ispunjavanjem posebnog obrasca u knji\u017enici, <a href=\"https:\/\/www.svkst.unist.hr\/index.php\/zahtjev-za-meduknjiznicnu-posudbu\/\">online zahtjeva<\/a> ili e-po\u0161tom na ill@svkst.hr. Zahtjev mora sadr\u017eavati detaljne podatke o publikaciji (autora, naslov, izdava\u010da, godinu izdanja, odnosno autora i naslov \u010dlanka, naslov \u010dasopisa, godi\u0161te, sve\u0161\u010di\u0107 i stranice za pojedina\u010dne radove) te detaljne podatke o naru\u010ditelju (ime i prezime, broj knji\u017eni\u010dne \u010dlanske iskaznice, te telefonske brojeve i adresu e-po\u0161te za kontakt).<\/p>\n<p style=\"text-align: justify;\">Knjige naru\u010dene iz hrvatskih knji\u017enica naj\u010de\u0161\u0107e sti\u017eu u roku od 3 do 7 dana, a iz europskih u roku od 5 do 10 dana. O pristigloj gra\u0111i naru\u010ditelje obavje\u0161tavamo telefonski ili e-po\u0161tom.<br \/>\nKnjige dobivene na posudbu namijenjene su radu u \u010ditaonici, a u ve\u0107ini slu\u010dajeva mogu se zadr\u017eati 3 tjedna, dok fotokopije ili skenovi ostaju u naru\u010diteljevu vlasni\u0161tvu.<br \/>\nNeke se vrste knji\u017eni\u010dne gra\u0111e isklju\u010duju od me\u0111uknji\u017eni\u010dne posudbe, a ve\u0107inom su to stare i rijetke knjige, referentne publikacije, \u010dasopisi te neknji\u017ena gra\u0111a.<\/p>\n<p><a href=\"https:\/\/www.svkst.unist.hr\/index.php\/zahtjev-za-meduknjiznicnu-posudbu\/\">Zahtjev za me\u0111uknji\u017eni\u010dnu posudbu<\/a><br \/>\nImate li dodatnih pitanja i nedoumica, slobodno nam se javite.<\/p>\n<p><strong>Kontakti slu\u017ebe za MKP<\/strong>:<br \/>\ne-po\u0161ta: ill@svkst.hr<br \/>\ntel. + 385 (0) 21 434- 817 i + 385 (0) 21 434- 850<\/p>\n","protected":false},"excerpt":{"rendered":"<p>Me\u0111uknji\u017eni\u010dna posudba jest usluga kojom Knji\u017enica, na korisni\u010dki zahtjev, od drugih knji\u017enica (doma\u0107ih i inozemnih) pribavlja stru\u010dnu literaturu koju nema ili pak svoju gra\u0111u posu\u0111uje drugim knji\u017enicama. Usluga je omogu\u0107ena svim godi\u0161njim i kolektivnim \u010dlanovima te splitskim fakultetskim i specijalnim knji\u017enicama za potrebe njihovih korisnika. Usluga me\u0111uknji\u017eni\u010dne posudbe napla\u0107uje se prema cjeniku, i to tek [&hellip;]<\/p>\n","protected":false},"author":5,"featured_media":0,"parent":273,"menu_order":0,"comment_status":"closed","ping_status":"closed","template":"","meta":{"spay_email":""},"acf":[],"yoast_head":"<!-- This site is optimized with the Yoast SEO plugin v17.8 - https:\/\/yoast.com\/wordpress\/plugins\/seo\/ -->\n<title>Me\u0111uknji\u017eni\u010dna posudba - Sveu\u010dili\u0161na knji\u017enica u Splitu<\/title>\n<meta name=\"description\" content=\"Me\u0111uknji\u017eni\u010dna posudba jest usluga kojom Knji\u017enica, na korisni\u010dki zahtjev, od drugih knji\u017enica (doma\u0107ih i inozemnih) pribavlja stru\u010dnu literaturu koju\" \/>\n<meta name=\"robots\" content=\"index, follow, max-snippet:-1, max-image-preview:large, max-video-preview:-1\" \/>\n<link rel=\"canonical\" href=\"https:\/\/www.svkst.unist.hr\/index.php\/usluge\/posudba-i-grada\/meduknjiznicna-posudba\/\" \/>\n<meta property=\"og:locale\" content=\"en_GB\" \/>\n<meta property=\"og:type\" content=\"article\" \/>\n<meta property=\"og:title\" content=\"Me\u0111uknji\u017eni\u010dna posudba - Sveu\u010dili\u0161na knji\u017enica u Splitu\" \/>\n<meta property=\"og:description\" content=\"Me\u0111uknji\u017eni\u010dna posudba jest usluga kojom Knji\u017enica, na korisni\u010dki zahtjev, od drugih knji\u017enica (doma\u0107ih i inozemnih) pribavlja stru\u010dnu literaturu koju\" \/>\n<meta property=\"og:url\" content=\"https:\/\/www.svkst.unist.hr\/index.php\/usluge\/posudba-i-grada\/meduknjiznicna-posudba\/\" \/>\n<meta property=\"og:site_name\" content=\"Sveu\u010dili\u0161na knji\u017enica u Splitu\" \/>\n<meta property=\"article:publisher\" content=\"https:\/\/www.facebook.com\/svkst.unist.hr\/\" \/>\n<meta property=\"article:modified_time\" content=\"2026-03-09T07:40:18+00:00\" \/>\n<meta name=\"twitter:card\" content=\"summary_large_image\" \/>\n<meta name=\"twitter:label1\" content=\"Estimated reading time\" \/>\n\t<meta name=\"twitter:data1\" content=\"2 minutes\" \/>\n<script type=\"application\/ld+json\" class=\"yoast-schema-graph\">{\"@context\":\"https:\/\/schema.org\",\"@graph\":[{\"@type\":\"Organization\",\"@id\":\"https:\/\/www.svkst.unist.hr\/#organization\",\"name\":\"Sveu\\u010dili\\u0161na knji\\u017enica u Splitu\",\"url\":\"https:\/\/www.svkst.unist.hr\/\",\"sameAs\":[\"https:\/\/www.facebook.com\/svkst.unist.hr\/\"],\"logo\":{\"@type\":\"ImageObject\",\"@id\":\"https:\/\/www.svkst.unist.hr\/#logo\",\"inLanguage\":\"en-GB\",\"url\":\"https:\/\/i2.wp.com\/www.svkst.unist.hr\/wp-content\/uploads\/2018\/02\/sveucilisna_iskaznica_logo_tisak-1.png?fit=600%2C219&ssl=1\",\"contentUrl\":\"https:\/\/i2.wp.com\/www.svkst.unist.hr\/wp-content\/uploads\/2018\/02\/sveucilisna_iskaznica_logo_tisak-1.png?fit=600%2C219&ssl=1\",\"width\":600,\"height\":219,\"caption\":\"Sveu\\u010dili\\u0161na knji\\u017enica u Splitu\"},\"image\":{\"@id\":\"https:\/\/www.svkst.unist.hr\/#logo\"}},{\"@type\":\"WebSite\",\"@id\":\"https:\/\/www.svkst.unist.hr\/#website\",\"url\":\"https:\/\/www.svkst.unist.hr\/\",\"name\":\"Sveu\\u010dili\\u0161na knji\\u017enica u Splitu\",\"description\":\"\",\"publisher\":{\"@id\":\"https:\/\/www.svkst.unist.hr\/#organization\"},\"potentialAction\":[{\"@type\":\"SearchAction\",\"target\":{\"@type\":\"EntryPoint\",\"urlTemplate\":\"https:\/\/www.svkst.unist.hr\/?s={search_term_string}\"},\"query-input\":\"required name=search_term_string\"}],\"inLanguage\":\"en-GB\"},{\"@type\":\"WebPage\",\"@id\":\"https:\/\/www.svkst.unist.hr\/index.php\/usluge\/posudba-i-grada\/meduknjiznicna-posudba\/#webpage\",\"url\":\"https:\/\/www.svkst.unist.hr\/index.php\/usluge\/posudba-i-grada\/meduknjiznicna-posudba\/\",\"name\":\"Me\\u0111uknji\\u017eni\\u010dna posudba - Sveu\\u010dili\\u0161na knji\\u017enica u Splitu\",\"isPartOf\":{\"@id\":\"https:\/\/www.svkst.unist.hr\/#website\"},\"datePublished\":\"2018-03-05T14:39:43+00:00\",\"dateModified\":\"2026-03-09T07:40:18+00:00\",\"description\":\"Me\\u0111uknji\\u017eni\\u010dna posudba jest usluga kojom Knji\\u017enica, na korisni\\u010dki zahtjev, od drugih knji\\u017enica (doma\\u0107ih i inozemnih) pribavlja stru\\u010dnu literaturu koju\",\"breadcrumb\":{\"@id\":\"https:\/\/www.svkst.unist.hr\/index.php\/usluge\/posudba-i-grada\/meduknjiznicna-posudba\/#breadcrumb\"},\"inLanguage\":\"en-GB\",\"potentialAction\":[{\"@type\":\"ReadAction\",\"target\":[\"https:\/\/www.svkst.unist.hr\/index.php\/usluge\/posudba-i-grada\/meduknjiznicna-posudba\/\"]}]},{\"@type\":\"BreadcrumbList\",\"@id\":\"https:\/\/www.svkst.unist.hr\/index.php\/usluge\/posudba-i-grada\/meduknjiznicna-posudba\/#breadcrumb\",\"itemListElement\":[{\"@type\":\"ListItem\",\"position\":1,\"name\":\"Home\",\"item\":\"https:\/\/www.svkst.unist.hr\/\"},{\"@type\":\"ListItem\",\"position\":2,\"name\":\"USLUGE\",\"item\":\"https:\/\/www.svkst.unist.hr\/index.php\/usluge\/\"},{\"@type\":\"ListItem\",\"position\":3,\"name\":\"Posudba i kori\\u0161tenje\",\"item\":\"https:\/\/www.svkst.unist.hr\/index.php\/usluge\/posudba-i-grada\/\"},{\"@type\":\"ListItem\",\"position\":4,\"name\":\"Me\\u0111uknji\\u017eni\\u010dna posudba\"}]}]}<\/script>\n<!-- \/ Yoast SEO plugin. -->","yoast_head_json":{"title":"Me\u0111uknji\u017eni\u010dna posudba - Sveu\u010dili\u0161na knji\u017enica u Splitu","description":"Me\u0111uknji\u017eni\u010dna posudba jest usluga kojom Knji\u017enica, na korisni\u010dki zahtjev, od drugih knji\u017enica (doma\u0107ih i inozemnih) pribavlja stru\u010dnu literaturu koju","robots":{"index":"index","follow":"follow","max-snippet":"max-snippet:-1","max-image-preview":"max-image-preview:large","max-video-preview":"max-video-preview:-1"},"canonical":"https:\/\/www.svkst.unist.hr\/index.php\/usluge\/posudba-i-grada\/meduknjiznicna-posudba\/","og_locale":"en_GB","og_type":"article","og_title":"Me\u0111uknji\u017eni\u010dna posudba - Sveu\u010dili\u0161na knji\u017enica u Splitu","og_description":"Me\u0111uknji\u017eni\u010dna posudba jest usluga kojom Knji\u017enica, na korisni\u010dki zahtjev, od drugih knji\u017enica (doma\u0107ih i inozemnih) pribavlja stru\u010dnu literaturu koju","og_url":"https:\/\/www.svkst.unist.hr\/index.php\/usluge\/posudba-i-grada\/meduknjiznicna-posudba\/","og_site_name":"Sveu\u010dili\u0161na knji\u017enica u Splitu","article_publisher":"https:\/\/www.facebook.com\/svkst.unist.hr\/","article_modified_time":"2026-03-09T07:40:18+00:00","twitter_card":"summary_large_image","twitter_misc":{"Estimated reading time":"2 minutes"},"schema":{"@context":"https:\/\/schema.org","@graph":[{"@type":"Organization","@id":"https:\/\/www.svkst.unist.hr\/#organization","name":"Sveu\u010dili\u0161na knji\u017enica u Splitu","url":"https:\/\/www.svkst.unist.hr\/","sameAs":["https:\/\/www.facebook.com\/svkst.unist.hr\/"],"logo":{"@type":"ImageObject","@id":"https:\/\/www.svkst.unist.hr\/#logo","inLanguage":"en-GB","url":"https:\/\/i2.wp.com\/www.svkst.unist.hr\/wp-content\/uploads\/2018\/02\/sveucilisna_iskaznica_logo_tisak-1.png?fit=600%2C219&ssl=1","contentUrl":"https:\/\/i2.wp.com\/www.svkst.unist.hr\/wp-content\/uploads\/2018\/02\/sveucilisna_iskaznica_logo_tisak-1.png?fit=600%2C219&ssl=1","width":600,"height":219,"caption":"Sveu\u010dili\u0161na knji\u017enica u Splitu"},"image":{"@id":"https:\/\/www.svkst.unist.hr\/#logo"}},{"@type":"WebSite","@id":"https:\/\/www.svkst.unist.hr\/#website","url":"https:\/\/www.svkst.unist.hr\/","name":"Sveu\u010dili\u0161na knji\u017enica u Splitu","description":"","publisher":{"@id":"https:\/\/www.svkst.unist.hr\/#organization"},"potentialAction":[{"@type":"SearchAction","target":{"@type":"EntryPoint","urlTemplate":"https:\/\/www.svkst.unist.hr\/?s={search_term_string}"},"query-input":"required name=search_term_string"}],"inLanguage":"en-GB"},{"@type":"WebPage","@id":"https:\/\/www.svkst.unist.hr\/index.php\/usluge\/posudba-i-grada\/meduknjiznicna-posudba\/#webpage","url":"https:\/\/www.svkst.unist.hr\/index.php\/usluge\/posudba-i-grada\/meduknjiznicna-posudba\/","name":"Me\u0111uknji\u017eni\u010dna posudba - Sveu\u010dili\u0161na knji\u017enica u Splitu","isPartOf":{"@id":"https:\/\/www.svkst.unist.hr\/#website"},"datePublished":"2018-03-05T14:39:43+00:00","dateModified":"2026-03-09T07:40:18+00:00","description":"Me\u0111uknji\u017eni\u010dna posudba jest usluga kojom Knji\u017enica, na korisni\u010dki zahtjev, od drugih knji\u017enica (doma\u0107ih i inozemnih) pribavlja stru\u010dnu literaturu koju","breadcrumb":{"@id":"https:\/\/www.svkst.unist.hr\/index.php\/usluge\/posudba-i-grada\/meduknjiznicna-posudba\/#breadcrumb"},"inLanguage":"en-GB","potentialAction":[{"@type":"ReadAction","target":["https:\/\/www.svkst.unist.hr\/index.php\/usluge\/posudba-i-grada\/meduknjiznicna-posudba\/"]}]},{"@type":"BreadcrumbList","@id":"https:\/\/www.svkst.unist.hr\/index.php\/usluge\/posudba-i-grada\/meduknjiznicna-posudba\/#breadcrumb","itemListElement":[{"@type":"ListItem","position":1,"name":"Home","item":"https:\/\/www.svkst.unist.hr\/"},{"@type":"ListItem","position":2,"name":"USLUGE","item":"https:\/\/www.svkst.unist.hr\/index.php\/usluge\/"},{"@type":"ListItem","position":3,"name":"Posudba i kori\u0161tenje","item":"https:\/\/www.svkst.unist.hr\/index.php\/usluge\/posudba-i-grada\/"},{"@type":"ListItem","position":4,"name":"Me\u0111uknji\u017eni\u010dna posudba"}]}]}},"jetpack_shortlink":"https:\/\/wp.me\/Pan9Re-gi","_links":{"self":[{"href":"https:\/\/www.svkst.unist.hr\/index.php\/wp-json\/wp\/v2\/pages\/1010"}],"collection":[{"href":"https:\/\/www.svkst.unist.hr\/index.php\/wp-json\/wp\/v2\/pages"}],"about":[{"href":"https:\/\/www.svkst.unist.hr\/index.php\/wp-json\/wp\/v2\/types\/page"}],"author":[{"embeddable":true,"href":"https:\/\/www.svkst.unist.hr\/index.php\/wp-json\/wp\/v2\/users\/5"}],"replies":[{"embeddable":true,"href":"https:\/\/www.svkst.unist.hr\/index.php\/wp-json\/wp\/v2\/comments?post=1010"}],"version-history":[{"count":15,"href":"https:\/\/www.svkst.unist.hr\/index.php\/wp-json\/wp\/v2\/pages\/1010\/revisions"}],"predecessor-version":[{"id":45623,"href":"https:\/\/www.svkst.unist.hr\/index.php\/wp-json\/wp\/v2\/pages\/1010\/revisions\/45623"}],"up":[{"embeddable":true,"href":"https:\/\/www.svkst.unist.hr\/index.php\/wp-json\/wp\/v2\/pages\/273"}],"wp:attachment":[{"href":"https:\/\/www.svkst.unist.hr\/index.php\/wp-json\/wp\/v2\/media?parent=1010"}],"curies":[{"name":"wp","href":"https:\/\/api.w.org\/{rel}","templated":true}]}}